{"id":390,"date":"2022-05-06T13:33:20","date_gmt":"2022-05-06T11:33:20","guid":{"rendered":"http:\/\/cocosolis.com\/en\/?post_type=product&#038;p=390"},"modified":"2026-02-25T15:06:23","modified_gmt":"2026-02-25T14:06:23","slug":"skin-collagen-booster-dry-oil","status":"publish","type":"product","link":"https:\/\/cocosolis.com\/nl\/product\/skin-collagen-booster-dry-oil\/","title":{"rendered":"SKIN Collagen Booster Dry Oil"},"content":{"rendered":"","protected":false},"excerpt":{"rendered":"","protected":false},"featured_media":1000004575,"template":"","meta":{"_acf_changed":false},"product_brand":[],"product_cat":[19],"product_tag":[],"product_template":[64],"class_list":{"0":"post-390","1":"product","2":"type-product","3":"status-publish","4":"has-post-thumbnail","6":"product_cat-skin","7":"product_template-v-2024-clean","9":"first","10":"instock","11":"shipping-taxable","12":"purchasable","13":"product-type-simple"},"acf":{"_v2024__listing_and_sharing_info__listing_category":"SKIN","_v2024__listing_and_sharing_info__product_type":"Collagen Booster Dry Oil","_v2024__listing__and_sharing_info__listing_below_title_in_product_page":"Droge olie met natuurlijke anti-verouderingswerking. Vernieuwt en vitaliseert de huid.","_v2024__listing_and_sharing_info__listing_description":"Droge olie met natuurlijke anti-verouderingswerking. Vernieuwt en vitaliseert de huid.","_v2024__listing_and_sharing_info__image":1000000388,"_v2024__product_hero__hero_type":"carousel","_v2024__product_hero__product_slider_gallery":[{"_v2024__product_hero__product_slider_gallery__image":1000006655,"_v2024__product_hero__product_slider_gallery__video_link":""},{"_v2024__product_hero__product_slider_gallery__image":1000006657,"_v2024__product_hero__product_slider_gallery__video_link":""},{"_v2024__product_hero__product_slider_gallery__image":1000006658,"_v2024__product_hero__product_slider_gallery__video_link":""},{"_v2024__product_hero__product_slider_gallery__image":1000006659,"_v2024__product_hero__product_slider_gallery__video_link":""},{"_v2024__product_hero__product_slider_gallery__image":1000006660,"_v2024__product_hero__product_slider_gallery__video_link":""},{"_v2024__product_hero__product_slider_gallery__image":1000006661,"_v2024__product_hero__product_slider_gallery__video_link":""},{"_v2024__product_hero__product_slider_gallery__image":1000006662,"_v2024__product_hero__product_slider_gallery__video_link":"https:\/\/player.vimeo.com\/progressive_redirect\/playback\/1042663906\/rendition\/720p\/file.mp4?loc=external&amp;log_user=0&amp;signature=238d8a957ddf9f4279b519ffa65d3564d72b070ccb832dc58ea158b16d18c32d&amp;user_id=110095091"}],"_v2024__before_and_after_image":1000006537,"_v2024__before_and_after_image_mobile":1000006538,"_v2024__product_hero__quantity":"110 ML","_v2024__product_hero__product_disclamer":"","_v2024__why_use__should_show":"visible","_v2024__why_use__description_text":"Natuurlijke droge olie met antiverouderingseffect. Helpt het collageenniveau hoog te houden en verbetert de elasticiteit.","_v2024__why_use__text_content":"<ul>\r\n \t<li>Vermindert fijne lijntjes en rimpels<\/li>\r\n \t<li>Vernieuwt, hydrateert en revitaliseert de huid uitstekend<\/li>\r\n \t<li>Houdt de huid glad, jong en stevig<\/li>\r\n \t<li>Speciale mix van 6 kostbare biologische superfruitoli\u00ebn en een gepatenteerd natuurlijk actief ingredi\u00ebnt. Veganistisch<\/li>\r\n \t<li>Trekt snel en diep in<\/li>\r\n \t<li>Voor gezicht en lichaam, voor de tere en gevoelige huid<\/li>\r\n \t<li>Met een onvergetelijk aroma van exotisch fruit<\/li>\r\n<\/ul>","_v2024__why_use__product_notes_and_remarks":"","_v2024__why_use__background_color":"#FBF1EB","_v2024__why_use__heading_color":"#816c65","_v2024__why_use__text_color":"#816c65","_v2024__why_use__image_desktop":1000006698,"_v2024__why_use__image_mobile":1000006699,"_v2024__stats_show":false,"_v2024__stats_repeater":null,"_v2024__stats_repeater_disclaimer":null,"_v2024__benefits__icons_repeater":[{"_v2024__benefit__icons_repeater_icon":1000006731,"_v2024__benefit__icons_repeater_text":"ANTIVEROUDERINGSEFFECT"},{"_v2024__benefit__icons_repeater_icon":1000006742,"_v2024__benefit__icons_repeater_text":"GEPATENTEERD NATUURLIJK ACTIEF INGREDI\u00cbNT"},{"_v2024__benefit__icons_repeater_icon":1000006738,"_v2024__benefit__icons_repeater_text":"VOOR GEZICHT EN LICHAAM"},{"_v2024__benefit__icons_repeater_icon":1000006737,"_v2024__benefit__icons_repeater_text":"AROMA VAN EXOTISCH FRUIT"}],"_v2024__image_ingreddients__intro_text":"Ontdek de natuurlijke ingredi\u00ebnten in deze zeer effectieve antiverouderingsformule: een gepatenteerd actief ingredi\u00ebnt en exotische superfruitoli\u00ebn voor een frisse, stralende en soepele huid.","_v2024__image_ingreddients__additional_description":"","_v2024__image_ingreddients__disclamer_inner":"","_v2024__image_ingredients__repeater":[{"_v2024__image_ingredients__ingredient_image":1000006704,"_v2024__image_ingredients__ingredient_title":"ZOETE LUPINE ACTIEF INGREDI\u00cbNT\u00ae ","_v2024__image_ingredients__ingredient_description":"Verhoogt de productie van hoogwaardig collageen, verbetert de elasticiteit en stevigheid van de huid en remodelleert de verslapte huidzones."},{"_v2024__image_ingredients__ingredient_image":1000006726,"_v2024__image_ingredients__ingredient_title":"GRANAATAPPELOLIE","_v2024__image_ingredients__ingredient_description":"Biedt antioxidante bescherming tegen schadelijke milieu-invloeden. Vermindert pori\u00ebn en rimpels."},{"_v2024__image_ingredients__ingredient_image":1000006725,"_v2024__image_ingredients__ingredient_title":"PASSIEVRUCHTOLIE","_v2024__image_ingredients__ingredient_description":"Hydrateert en verzacht, verjongt de vermoeide huid en behoudt een jeugdige glans."},{"_v2024__image_ingredients__ingredient_image":1000006715,"_v2024__image_ingredients__ingredient_title":"GOJIBESSENOLIE","_v2024__image_ingredients__ingredient_description":"Uitzonderlijk rijk aan antioxidanten, voorkomt vroegtijdige veroudering. Stimuleert de collageenproductie en bevordert een stralende huid."},{"_v2024__image_ingredients__ingredient_image":1000006727,"_v2024__image_ingredients__ingredient_title":"ROZENBOTTELOLIE","_v2024__image_ingredients__ingredient_description":"Verheldert en egaliseert de huidskleur, vervaagt littekens. Essentieel voor een gladdere, vlekkeloze huid."},{"_v2024__image_ingredients__ingredient_image":1000006712,"_v2024__image_ingredients__ingredient_title":"KOKOSOLIE","_v2024__image_ingredients__ingredient_description":"Wordt gemakkelijk opgenomen, hydrateert grondig en maakt de huid zacht en soepel."},{"_v2024__image_ingredients__ingredient_image":1000006711,"_v2024__image_ingredients__ingredient_title":"CACAOBOTER","_v2024__image_ingredients__ingredient_description":"Heerlijke \"voeding\" voor de huid. Herstelt de huid en voorkomt striae en fijne rimpels."},{"_v2024__image_ingredients__ingredient_image":1000006705,"_v2024__image_ingredients__ingredient_title":"ACTIEF BESTANDDEEL","_v2024__image_ingredients__ingredient_description":"Wordt gewonnen uit olijfolie van hoge kwaliteit, zorgt ervoor dat de oli\u00ebn snel worden opgenomen door de huid."},{"_v2024__image_ingredients__ingredient_image":1000006730,"_v2024__image_ingredients__ingredient_title":"NATUURLIJKE VITAMINE E","_v2024__image_ingredients__ingredient_description":"Krachtige antioxidant die tekenen van veroudering tegengaat en het natuurlijke helingsproces van de huid ondersteunt."}],"_v2024__image_ingredients__all_ingredients":"CAPRYLIC\/CAPRIC TRIGLYCERIDE, COCOS NUCIFERA OIL*, OCTYLDODECYL OLIVATE, THEOBROMA CACAO SEED BUTTER*, PASSIFLORA EDULIS SEED OIL, HELIANTHUS ANNUUS SEED OIL*, LUPINUS ALBUS SEED EXTRACT, TOCOPHEROL, PUNICA GRANATUM SEED OIL*, ROSA CANINA SEED EXTRACT, LYCIUM BARBARUM SEED OIL*, PARFUM <strong>(NATURAL EMOLLIENT, COCONUT OIL*, OCTYLDODECYL OLIVATE (FROM OLIVE OIL), CACAO SEED BUTTER*, PASSION FRUIT SEED OIL*, SUNFLOWER SEED OIL*, WHITE LUPIN SEED EXTRACT, NATURAL VITAMIN E, POMEGRANATE SEED OIL*, ROSE HIP SEED OIL, GOJI BERRY SEED OIL*, PARFUM) <\/strong>\r\n\r\n<em>* Biologische gecertificeerde ingredi\u00ebnten<\/em>\r\n\r\n<em>Houd er aub. rekening mee dat als gevolg van productverbeteringen de ingredi\u00ebntenlijst in de loop van de tijd enigszins kan vari\u00ebren. Raadpleeg de productverpakking voor de meest actuele informatie.<\/em>","_v2024__usage_content__left_content":"Geschikt voor gezicht en lichaam. Voor de beste resultaten 's ochtends en 's avonds aanbrengen op de gewenste gebieden of op het hele gezicht en lichaam.\r\n\r\nAanbrengen op een droge of vochtige huid. Gemakkelijkst opgenomen onmiddellijk na het douchen, op een nog vochtige huid.","_v2024__usage_content__right_bottom_content":"","_v2024__usage_content__note":"","_v2024__usage_content__storage":"Op een droge en koele plaats bewaren. Niet in de koelkast bewaren. Het product wordt hard als het koud wordt bewaard en de inhoud van de flacon komt niet via de pomp naar buiten. Om vloeibaar te maken, laten staan bij kamertemperatuur boven 25C\u00b0. Open de flacon niet als het product is uitgehard, want dan kunt u de pomp beschadigen.\r\n\r\n&nbsp;\r\n\r\nAlleen voor uitwendig gebruik. Stop het gebruik, als er irritatie optreedt. Niet gebruiken op beschadigde of gebarsten huid. Vermijd contact met de ogen. Buiten bereik van kinderen houden!"},"_links":{"self":[{"href":"https:\/\/cocosolis.com\/nl\/wp-json\/wp\/v2\/product\/390","targetHints":{"allow":["GET"]}}],"collection":[{"href":"https:\/\/cocosolis.com\/nl\/wp-json\/wp\/v2\/product"}],"about":[{"href":"https:\/\/cocosolis.com\/nl\/wp-json\/wp\/v2\/types\/product"}],"wp:featuredmedia":[{"embeddable":true,"href":"https:\/\/cocosolis.com\/nl\/wp-json\/"}],"wp:attachment":[{"href":"https:\/\/cocosolis.com\/nl\/wp-json\/wp\/v2\/media?parent=390"}],"wp:term":[{"taxonomy":"product_brand","embeddable":true,"href":"https:\/\/cocosolis.com\/nl\/wp-json\/wp\/v2\/product_brand?post=390"},{"taxonomy":"product_cat","embeddable":true,"href":"https:\/\/cocosolis.com\/nl\/wp-json\/wp\/v2\/product_cat?post=390"},{"taxonomy":"product_tag","embeddable":true,"href":"https:\/\/cocosolis.com\/nl\/wp-json\/wp\/v2\/product_tag?post=390"},{"taxonomy":"product_template","embeddable":true,"href":"https:\/\/cocosolis.com\/nl\/wp-json\/wp\/v2\/product_template?post=390"}],"curies":[{"name":"wp","href":"https:\/\/api.w.org\/{rel}","templated":true}]}}