{"id":386,"date":"2022-05-06T13:12:09","date_gmt":"2022-05-06T13:12:09","guid":{"rendered":"http:\/\/cocosolis.com\/en\/?post_type=product&#038;p=386"},"modified":"2026-02-25T15:06:19","modified_gmt":"2026-02-25T14:06:19","slug":"skin-anti-cellulite-dry-oil","status":"publish","type":"product","link":"https:\/\/cocosolis.com\/nl\/product\/skin-anti-cellulite-dry-oil\/","title":{"rendered":"SKIN Anti-cellulite Dry Oil"},"content":{"rendered":"","protected":false},"excerpt":{"rendered":"","protected":false},"featured_media":1000004573,"template":"","meta":{"_acf_changed":false},"product_brand":[],"product_cat":[19],"product_tag":[],"product_template":[64],"class_list":{"0":"post-386","1":"product","2":"type-product","3":"status-publish","4":"has-post-thumbnail","6":"product_cat-skin","7":"product_template-v-2024-clean","9":"first","10":"instock","11":"shipping-taxable","12":"purchasable","13":"product-type-variable","14":"has-default-attributes"},"acf":{"_v2024__listing_and_sharing_info__listing_category":"SKIN","_v2024__listing_and_sharing_info__product_type":"Anti-cellulite Dry Oil","_v2024__listing__and_sharing_info__listing_below_title_in_product_page":"Natuurlijke cellulitisbestrijdende droge olie. Hermodelleert het silhouet en geeft het vorm.","_v2024__listing_and_sharing_info__listing_description":"Cellulitisbestrijdende droge olie. Hermodelleert het silhouet en geeft het vorm.","_v2024__listing_and_sharing_info__image":1000000387,"_v2024__product_hero__hero_type":"carousel","_v2024__product_hero__product_slider_gallery":[{"_v2024__product_hero__product_slider_gallery__image":1000006640,"_v2024__product_hero__product_slider_gallery__video_link":""},{"_v2024__product_hero__product_slider_gallery__image":1000006642,"_v2024__product_hero__product_slider_gallery__video_link":""},{"_v2024__product_hero__product_slider_gallery__image":1000006644,"_v2024__product_hero__product_slider_gallery__video_link":""},{"_v2024__product_hero__product_slider_gallery__image":1000006648,"_v2024__product_hero__product_slider_gallery__video_link":""},{"_v2024__product_hero__product_slider_gallery__image":1000006650,"_v2024__product_hero__product_slider_gallery__video_link":""},{"_v2024__product_hero__product_slider_gallery__image":1000006652,"_v2024__product_hero__product_slider_gallery__video_link":""},{"_v2024__product_hero__product_slider_gallery__image":1000006654,"_v2024__product_hero__product_slider_gallery__video_link":"https:\/\/player.vimeo.com\/progressive_redirect\/playback\/1042663347\/rendition\/720p\/file.mp4?loc=external&amp;log_user=0&amp;signature=29fc6b4b2d0e8d5e65fdcdb9fd54acbe00beb382a0e54c015ca4f3f5f9c8c448&amp;user_id=110095091"}],"_v2024__before_and_after_image":1000006535,"_v2024__before_and_after_image_mobile":1000006536,"_v2024__product_hero__quantity":"","_v2024__product_hero__product_disclamer":"","_v2024__why_use__should_show":"visible","_v2024__why_use__description_text":"Natuurlijke cellulitisbestrijdende droge olie. Hermodelleert het silhouet en geeft het vorm.","_v2024__why_use__text_content":"<ul>\r\n \t<li>Vermindert \"sinaasappelhuid\" zichtbaar<\/li>\r\n \t<li>Verstrakt, verstevigt en vernieuwt de huid, verbetert de elasticiteit en textuur<\/li>\r\n \t<li>Effectieve formule met natuurlijke ingredi\u00ebnten, vegan. Met een bewezen gepatenteerd actief bestanddeel, biologische bosbes, druif- en koffie-oli\u00ebn aangevuld met natuurlijke vitamine E<\/li>\r\n \t<li>Wordt snel en grondig opgenomen<\/li>\r\n \t<li>Geschikt voor de kwetsbare en gevoelige huid<\/li>\r\n \t<li>Aroma van bosbessenmuffins<\/li>\r\n<\/ul>","_v2024__why_use__product_notes_and_remarks":"","_v2024__why_use__background_color":"#FBF1EB","_v2024__why_use__heading_color":"#816c65","_v2024__why_use__text_color":"#816c65","_v2024__why_use__image_desktop":1000006696,"_v2024__why_use__image_mobile":1000006697,"_v2024__stats_show":false,"_v2024__stats_repeater":null,"_v2024__stats_repeater_disclaimer":null,"_v2024__benefits__icons_repeater":[{"_v2024__benefit__icons_repeater_icon":1000006750,"_v2024__benefit__icons_repeater_text":"HERMODELLEERT HET SILHOUET EN GEEFT HET VORM"},{"_v2024__benefit__icons_repeater_icon":1000006740,"_v2024__benefit__icons_repeater_text":"WORDT SNEL EN GRONDIG OPGENOMEN"},{"_v2024__benefit__icons_repeater_icon":1000006746,"_v2024__benefit__icons_repeater_text":"BIOLOGISCHE &amp; NATUURLIJKE BESTANDDELEN"},{"_v2024__benefit__icons_repeater_icon":1000006745,"_v2024__benefit__icons_repeater_text":"AROMA VAN BOSBESSENMUFFINS"}],"_v2024__image_ingreddients__intro_text":"Ontdek de krachtige natuurlijke ingredi\u00ebnten die het silhouet vorm geven en cellulitis bestrijden: biologische oli\u00ebn in combinatie met een gepatenteerd actief bestanddeel met bewezen effici\u00ebntie.","_v2024__image_ingreddients__additional_description":"","_v2024__image_ingreddients__disclamer_inner":"","_v2024__image_ingredients__repeater":[{"_v2024__image_ingredients__ingredient_image":1000006705,"_v2024__image_ingredients__ingredient_title":"NATUURLIJK ACTIEF BESTANDDEEL\u00ae","_v2024__image_ingredients__ingredient_description":"Gepatenteerde formule met bewezen effici\u00ebntie: bij regelmatig gebruik corrigeert het \"sinaasappelhuid\", helpt om vetophopingen te verminderen en remt de vorming ervan af."},{"_v2024__image_ingredients__ingredient_image":1000006709,"_v2024__image_ingredients__ingredient_title":"BOSBESSENOLIE","_v2024__image_ingredients__ingredient_description":"Zeer rijk aan antioxidanten en omega-3-vetzuren: vertraagt veroudering, maakt de contouren strakker en verzacht rimpels."},{"_v2024__image_ingredients__ingredient_image":1000006713,"_v2024__image_ingredients__ingredient_title":"KOFFIEBOTER","_v2024__image_ingredients__ingredient_description":"Stimuleert ontgifting en de synthese van collageen en helpt zo om cellulitis te verminderen. Maakt de huid zijdezacht."},{"_v2024__image_ingredients__ingredient_image":1000006716,"_v2024__image_ingredients__ingredient_title":"DRUIVENPITOLIE","_v2024__image_ingredients__ingredient_description":"Helpt de huid strakker maken, regenereert en regelt het vochtgehalte. Verstevigt en verheldert de teint."},{"_v2024__image_ingredients__ingredient_image":1000006717,"_v2024__image_ingredients__ingredient_title":"JOJOBAOLIE","_v2024__image_ingredients__ingredient_description":"Hydrateert de huid grondig, herstelt en verstrakt, legt met zijn unieke samenstelling die op talg lijkt, een beschermend laagje op de huid."},{"_v2024__image_ingredients__ingredient_image":1000006712,"_v2024__image_ingredients__ingredient_title":"KOKOSOLIE","_v2024__image_ingredients__ingredient_description":"Wordt gemakkelijk opgenomen, hydrateert grondig en maakt de huid zacht en soepel. Beschermt tegen de zon en ouderdomsvlekken en zorgt voor een goudbruin kleurtje."},{"_v2024__image_ingredients__ingredient_image":1000006723,"_v2024__image_ingredients__ingredient_title":"ACTIEF BESTANDDEEL","_v2024__image_ingredients__ingredient_description":"Wordt gewonnen uit olijfolie van hoge kwaliteit, zorgt ervoor dat de oli\u00ebn snel worden opgenomen door de huid."},{"_v2024__image_ingredients__ingredient_image":1000006730,"_v2024__image_ingredients__ingredient_title":"NATUURLIJKE VITAMINE E","_v2024__image_ingredients__ingredient_description":"Krachtige antioxidant die tekenen van veroudering tegengaat en het natuurlijke helingsproces van de huid ondersteunt."}],"_v2024__image_ingredients__all_ingredients":"CAPRYLIC\/CAPRIC TRIGLYCERIDE, COCOS NUCIFERA OIL*, SIMMONDSIA CHINENSIS SEED OIL*, OCTYLDODECYL OLIVATE, VITIS VINIFERA SEED OIL*, SORBITAN LAURATE, TOCOPHEROL, LAUROYL PROLINE, HELIANTHUS ANNUUS SEED OIL, VACCINIUM MYRTILLUS SEED OIL, COFFEA ARABICA SEED OIL*, PARFUM, LINALOOL, LINALYL ACETATE, ALPHA-ISOMETHYL IONONE, CITRONELLOL, BENZYL ALCOHOL, VANILLIN <strong>(NATURAL EMOLLIENT, COCONUT OIL*, JOJOBA OIL*, OCTYLDODECYL OLIVATE (FROM OLIVE OIL), GRAPE SEED OIL*, SORBITANE LAUREATE, NATURAL VITAMIN E, LAUROYL PROLINE, SUNFLOWER SEED OIL, BLUEBERRY SEED OIL, COFFEE SEED OIL*, PARFUM, LINALOOL, LINALYL ACETATE, ALPHA-ISOMETHYL IONONE, CITRONELLOL, BENZYL ALCOHOL, VANILLIN)<\/strong>\r\n\r\n<em>* Biologische gecertificeerde ingredi\u00ebnten<\/em>\r\n\r\n<em>Houd er aub. rekening mee dat als gevolg van productverbeteringen de ingredi\u00ebntenlijst in de loop van de tijd enigszins kan vari\u00ebren. Raadpleeg de productverpakking voor de meest actuele informatie.<\/em>","_v2024__usage_content__left_content":"<h4>INTENSIEVE DAGELIJKSE VERZORGING<\/h4>\r\nBreng 's ochtends en 's avonds met masserende bewegingen aan op de gewenste plaatsen of op het gehele lichaam. Gebruik onmiddellijk na het douchen. Voor de beste resultaten raden we aan om een massagetoestel of een zuignap te gebruiken. Je kunt de olie ook bij therapie bij een massagetherapeut gebruiken.\r\n<h4>VOOR DE BESTE RESULTATEN<\/h4>\r\nCombineer de werking van de anticellulitisolie met voldoende hydratatie en fysieke activiteiten.","_v2024__usage_content__right_bottom_content":"","_v2024__usage_content__note":"","_v2024__usage_content__storage":"Op een droge en koele plaats bewaren. Niet in de koelkast bewaren. Het product wordt hard als het koud wordt bewaard en de inhoud van de flacon komt niet via de pomp naar buiten. Om vloeibaar te maken, laten staan bij kamertemperatuur boven 25C\u00b0. Open de flacon niet als het product is uitgehard, want dan kunt u de pomp beschadigen.\r\n\r\n&nbsp;\r\n\r\nAlleen voor uitwendig gebruik. Stop het gebruik, als er irritatie optreedt. Niet gebruiken op beschadigde of gebarsten huid. Vermijd contact met de ogen. Buiten bereik van kinderen houden! Bewaren op een koele, droge plaats."},"_links":{"self":[{"href":"https:\/\/cocosolis.com\/nl\/wp-json\/wp\/v2\/product\/386","targetHints":{"allow":["GET"]}}],"collection":[{"href":"https:\/\/cocosolis.com\/nl\/wp-json\/wp\/v2\/product"}],"about":[{"href":"https:\/\/cocosolis.com\/nl\/wp-json\/wp\/v2\/types\/product"}],"wp:featuredmedia":[{"embeddable":true,"href":"https:\/\/cocosolis.com\/nl\/wp-json\/"}],"wp:attachment":[{"href":"https:\/\/cocosolis.com\/nl\/wp-json\/wp\/v2\/media?parent=386"}],"wp:term":[{"taxonomy":"product_brand","embeddable":true,"href":"https:\/\/cocosolis.com\/nl\/wp-json\/wp\/v2\/product_brand?post=386"},{"taxonomy":"product_cat","embeddable":true,"href":"https:\/\/cocosolis.com\/nl\/wp-json\/wp\/v2\/product_cat?post=386"},{"taxonomy":"product_tag","embeddable":true,"href":"https:\/\/cocosolis.com\/nl\/wp-json\/wp\/v2\/product_tag?post=386"},{"taxonomy":"product_template","embeddable":true,"href":"https:\/\/cocosolis.com\/nl\/wp-json\/wp\/v2\/product_template?post=386"}],"curies":[{"name":"wp","href":"https:\/\/api.w.org\/{rel}","templated":true}]}}