{"id":385,"date":"2022-05-06T13:10:21","date_gmt":"2022-05-06T11:10:21","guid":{"rendered":"http:\/\/cocosolis.com\/en\/?post_type=product&#038;p=385"},"modified":"2026-02-25T15:06:16","modified_gmt":"2026-02-25T14:06:16","slug":"skin-stretch-mark-dry-oil","status":"publish","type":"product","link":"https:\/\/cocosolis.com\/nl\/product\/skin-stretch-mark-dry-oil\/","title":{"rendered":"SKIN Stretch Mark Dry Oil"},"content":{"rendered":"","protected":false},"excerpt":{"rendered":"","protected":false},"featured_media":1000004576,"template":"","meta":{"_acf_changed":false},"product_brand":[],"product_cat":[19],"product_tag":[],"product_template":[64],"class_list":{"0":"post-385","1":"product","2":"type-product","3":"status-publish","4":"has-post-thumbnail","6":"product_cat-skin","7":"product_template-v-2024-clean","9":"first","10":"instock","11":"shipping-taxable","12":"purchasable","13":"product-type-simple"},"acf":{"_v2024__listing_and_sharing_info__listing_category":"SKIN","_v2024__listing_and_sharing_info__product_type":"Stretch Mark Dry Oil","_v2024__listing__and_sharing_info__listing_below_title_in_product_page":"Natuurlijke droge olie tegen striemen. Ook geschikt voor de vochtarme en ouder wordende huid.","_v2024__listing_and_sharing_info__listing_description":"Anti-stretch mark droge olie. Ook geschikt voor de vochtarme en ouder wordende huid.","_v2024__listing_and_sharing_info__image":1000000389,"_v2024__product_hero__hero_type":"carousel","_v2024__product_hero__product_slider_gallery":[{"_v2024__product_hero__product_slider_gallery__image":1000006663,"_v2024__product_hero__product_slider_gallery__video_link":""},{"_v2024__product_hero__product_slider_gallery__image":1000006664,"_v2024__product_hero__product_slider_gallery__video_link":""},{"_v2024__product_hero__product_slider_gallery__image":1000006665,"_v2024__product_hero__product_slider_gallery__video_link":""},{"_v2024__product_hero__product_slider_gallery__image":1000006666,"_v2024__product_hero__product_slider_gallery__video_link":""},{"_v2024__product_hero__product_slider_gallery__image":1000006667,"_v2024__product_hero__product_slider_gallery__video_link":""},{"_v2024__product_hero__product_slider_gallery__image":1000006668,"_v2024__product_hero__product_slider_gallery__video_link":""},{"_v2024__product_hero__product_slider_gallery__image":1000006669,"_v2024__product_hero__product_slider_gallery__video_link":"https:\/\/player.vimeo.com\/progressive_redirect\/playback\/1042663930\/rendition\/540p\/file.mp4?loc=external&amp;log_user=0&amp;signature=78bb01a1fe3d2bf9676ed22a7bfa36db3f77502ecc6f889eb5d9c9c22c6d91f1"}],"_v2024__before_and_after_image":1000006539,"_v2024__before_and_after_image_mobile":1000006540,"_v2024__product_hero__quantity":"110 ML","_v2024__product_hero__product_disclamer":"","_v2024__why_use__should_show":"visible","_v2024__why_use__description_text":"Helpt het risico op striemen tijdens de zwangerschap, plotselinge gewichtsverandering of snelle groei te verminderen. Verbetert het uiterlijk van de huid en verhoogt de elasticiteit.","_v2024__why_use__text_content":"<ul>\r\n \t<li>Helpt een hoog collageenniveau in de huid te behouden<\/li>\r\n \t<li>Heeft een heilzame werking op droge en ouder wordende huid<\/li>\r\n \t<li>Bevat een gepatenteerd natuurlijk actief bestanddeel tegen striae met zoet wit lupinezaadextract<\/li>\r\n \t<li>Speciale natuurlijke, veganistische formule van koudgeperste organische oli\u00ebn van hoge kwaliteit: voedt en herstelt<\/li>\r\n \t<li>Trekt snel en diep in<\/li>\r\n \t<li>Geschikt voor de tere en gevoelige huid<\/li>\r\n \t<li>Aroma van zoete tangerine<\/li>\r\n<\/ul>","_v2024__why_use__product_notes_and_remarks":"","_v2024__why_use__background_color":"#FBF1EB","_v2024__why_use__heading_color":"#816c65","_v2024__why_use__text_color":"#816c65","_v2024__why_use__image_desktop":1000006700,"_v2024__why_use__image_mobile":1000006701,"_v2024__stats_show":false,"_v2024__stats_repeater":null,"_v2024__stats_repeater_disclaimer":null,"_v2024__benefits__icons_repeater":[{"_v2024__benefit__icons_repeater_icon":1000006750,"_v2024__benefit__icons_repeater_text":"VOORKOMT STRIEMEN"},{"_v2024__benefit__icons_repeater_icon":1000006742,"_v2024__benefit__icons_repeater_text":"GEPATENTEERD NATUURLIJK ACTIEF INGREDI\u00cbNT"},{"_v2024__benefit__icons_repeater_icon":1000006746,"_v2024__benefit__icons_repeater_text":"BIOLOGISCHE EN NATUURLIJKE INGREDI\u00cbNTEN"},{"_v2024__benefit__icons_repeater_icon":1000006751,"_v2024__benefit__icons_repeater_text":"TANGERINE-AROMA"}],"_v2024__image_ingreddients__intro_text":"Natuurlijke ingredi\u00ebnten. Herstellende werking, maakt de huid gladder, stimuleert de aanmaak van collageen en omstandigheden die striae voorkomen. De huid blijft elastisch, gehydrateerd en glad.","_v2024__image_ingreddients__additional_description":"","_v2024__image_ingreddients__disclamer_inner":"","_v2024__image_ingredients__repeater":[{"_v2024__image_ingredients__ingredient_image":1000006704,"_v2024__image_ingredients__ingredient_title":"ZOETE LUPINE ACTIEF INGREDI\u00cbNT\u00ae ","_v2024__image_ingredients__ingredient_description":"Verhoogt de productie van hoogwaardig collageen, verbetert de elasticiteit en stevigheid van de huid en remodelleert de verslapte huidzones."},{"_v2024__image_ingredients__ingredient_image":1000006729,"_v2024__image_ingredients__ingredient_title":"ESSENTI\u00cbLE TANGARINEOLIE","_v2024__image_ingredients__ingredient_description":"Herstelt en egaliseert de huid, herstelt het evenwicht en voorkomt de vorming van striae."},{"_v2024__image_ingredients__ingredient_image":1000006727,"_v2024__image_ingredients__ingredient_title":"ROZENBOTTELOLIE","_v2024__image_ingredients__ingredient_description":"Verheldert en egaliseert de huidskleur, vervaagt littekens. Essentieel voor een gladdere, vlekkeloze huid."},{"_v2024__image_ingredients__ingredient_image":1000006719,"_v2024__image_ingredients__ingredient_title":"CALENDULA-EXTRACT","_v2024__image_ingredients__ingredient_description":"Verzorgt en herstelt de huid, waardoor bestaande striae en littekens minder zichtbaar worden."},{"_v2024__image_ingredients__ingredient_image":1000006708,"_v2024__image_ingredients__ingredient_title":"AVOCADO-OLIE","_v2024__image_ingredients__ingredient_description":"Rijk aan essenti\u00eble vetzuren en vitaminen, hydrateert de huid diepgaand en helpt striae voorkomen."},{"_v2024__image_ingredients__ingredient_image":1000006712,"_v2024__image_ingredients__ingredient_title":"KOKOSOLIE","_v2024__image_ingredients__ingredient_description":"Wordt gemakkelijk opgenomen, hydrateert grondig en maakt de huid zacht en soepel."},{"_v2024__image_ingredients__ingredient_image":1000006711,"_v2024__image_ingredients__ingredient_title":"CACAOBOTER","_v2024__image_ingredients__ingredient_description":"Heerlijke \"voeding\" voor de huid. Herstelt de huid en voorkomt striae en fijne rimpels."},{"_v2024__image_ingredients__ingredient_image":1000006706,"_v2024__image_ingredients__ingredient_title":"ZOETE AMANDELOLIE","_v2024__image_ingredients__ingredient_description":"Verzacht en verbetert de huidtextuur en -toon. Vermindert roodheid en ontstekingen."},{"_v2024__image_ingredients__ingredient_image":1000006724,"_v2024__image_ingredients__ingredient_title":"OLIJFOLIE","_v2024__image_ingredients__ingredient_description":"Hydrateert de huid diep, verzacht en voedt de ge\u00efrriteerde huid."},{"_v2024__image_ingredients__ingredient_image":1000006705,"_v2024__image_ingredients__ingredient_title":"ACTIEF BESTANDDEEL","_v2024__image_ingredients__ingredient_description":"Wordt gewonnen uit olijfolie van hoge kwaliteit, zorgt ervoor dat de oli\u00ebn snel worden opgenomen door de huid"},{"_v2024__image_ingredients__ingredient_image":1000006730,"_v2024__image_ingredients__ingredient_title":"NATUURLIJKE VITAMINE E","_v2024__image_ingredients__ingredient_description":"Krachtige antioxidant die tekenen van veroudering tegengaat en het natuurlijke helingsproces van de huid ondersteunt."}],"_v2024__image_ingredients__all_ingredients":"COCOS NUCIFERA OIL*, HELIANTHUS ANNUUS SEED OIL*, CALENDULA OFFICINALIS FLOWER EXTRACT*, SIMMONDSIA CHINENSIS SEED OIL*, PRUNUS AMYGDALUS DULCIS OIL*, THEOBROMA CACAO SEED BUTTER*, CUCUMIS SATIVUS SEED OIL*, ARGANIA SPINOSA KERNEL OIL*, OCTYLDODECYL OLIVATE, CAPRYLIC\/ CAPRIC TRIGLYCERIDE, TOCOPHEROL, MENTHA VIRIDIS LEAF OIL*, LIMONENE <strong>(COCONUT OIL*, SUNFLOWER SEED OIL*, CALENDULA FLOWER EXTRACT*, JOJOBA OIL*, SWEET ALMOND OIL*, CACAO SEED BUTTER*, CUCUMBER OIL*, ARGAN OIL*, OCTYLDODECYL OLIVATE FROM OLIVE OIL, CAPRYLIC CAPRIC TRIGLYCERIDE, NATURAL VITAMIN \u0415, SPEARMINT ESSENTIAL OIL*, LIMONENE)<\/strong>\r\n\r\n<em>* Biologische gecertificeerde ingredi\u00ebnten<\/em>\r\n\r\n<em>Houd er aub. rekening mee dat als gevolg van productverbeteringen de ingredi\u00ebntenlijst in de loop van de tijd enigszins kan vari\u00ebren. Raadpleeg de productverpakking voor de meest actuele informatie.<\/em>","_v2024__usage_content__left_content":"Breng 's ochtends en 's avonds aan met masserende bewegingen op de gewenste zones of over het hele lichaam.\r\n\r\nBreng voor een optimaal effect direct na het douchen aan op een vochtige of droge huid, wanneer de pori\u00ebn open zijn en deze de pure oliebestanddelen maximaal kunnen absorberen.","_v2024__usage_content__right_bottom_content":"","_v2024__usage_content__note":"* <em>*Tijdens de zwangerschap is het belangrijk om het volgende te weten: ondanks de volledig natuurlijke ingredi\u00ebnten die in dit product worden gebruikt, raden we aan om 24 uur v\u00f3\u00f3r gebruik een individuele huidverdraagzaamheidstest uit te voeren op een klein lichaamsdeel.<\/em>","_v2024__usage_content__storage":"Op een droge en koele plaats bewaren. Niet in de koelkast bewaren. Het product wordt hard als het koud wordt bewaard en de inhoud van de flacon komt niet via de pomp naar buiten. Om vloeibaar te maken, laten staan bij kamertemperatuur boven 25C\u00b0. Open de flacon niet als het product is uitgehard, want dan kunt u de pomp beschadigen.\r\n\r\n&nbsp;\r\n\r\nAlleen voor uitwendig gebruik. Stop het gebruik, als er irritatie optreedt. Niet gebruiken op beschadigde of gebarsten huid. Vermijd contact met de ogen. Buiten bereik van kinderen houden!"},"_links":{"self":[{"href":"https:\/\/cocosolis.com\/nl\/wp-json\/wp\/v2\/product\/385","targetHints":{"allow":["GET"]}}],"collection":[{"href":"https:\/\/cocosolis.com\/nl\/wp-json\/wp\/v2\/product"}],"about":[{"href":"https:\/\/cocosolis.com\/nl\/wp-json\/wp\/v2\/types\/product"}],"wp:featuredmedia":[{"embeddable":true,"href":"https:\/\/cocosolis.com\/nl\/wp-json\/"}],"wp:attachment":[{"href":"https:\/\/cocosolis.com\/nl\/wp-json\/wp\/v2\/media?parent=385"}],"wp:term":[{"taxonomy":"product_brand","embeddable":true,"href":"https:\/\/cocosolis.com\/nl\/wp-json\/wp\/v2\/product_brand?post=385"},{"taxonomy":"product_cat","embeddable":true,"href":"https:\/\/cocosolis.com\/nl\/wp-json\/wp\/v2\/product_cat?post=385"},{"taxonomy":"product_tag","embeddable":true,"href":"https:\/\/cocosolis.com\/nl\/wp-json\/wp\/v2\/product_tag?post=385"},{"taxonomy":"product_template","embeddable":true,"href":"https:\/\/cocosolis.com\/nl\/wp-json\/wp\/v2\/product_template?post=385"}],"curies":[{"name":"wp","href":"https:\/\/api.w.org\/{rel}","templated":true}]}}