{"id":1000002382,"date":"2025-07-03T11:16:00","date_gmt":"2025-07-03T09:16:00","guid":{"rendered":"https:\/\/cocosolis.com\/nl\/product\/body-gua-sha-anti-cellulite-sculpting-massager\/"},"modified":"2026-02-25T15:07:45","modified_gmt":"2026-02-25T14:07:45","slug":"body-gua-sha-anti-cellulite-sculpting-massager","status":"publish","type":"product","link":"https:\/\/cocosolis.com\/nl\/product\/body-gua-sha-anti-cellulite-sculpting-massager\/","title":{"rendered":"BODY GUA SHA Anti-cellulite &amp; Sculpting Massager"},"content":{"rendered":"","protected":false},"excerpt":{"rendered":"<p>Naturligt massagev\u00e6rkt\u00f8j i tr\u00e6. Udglatter cellulite og former silhuetten.<\/p>\n","protected":false},"featured_media":1000008683,"template":"","meta":{"_acf_changed":false},"product_brand":[],"product_cat":[19],"product_tag":[],"product_template":[64],"class_list":{"0":"post-1000002382","1":"product","2":"type-product","3":"status-publish","4":"has-post-thumbnail","6":"product_cat-skin","7":"product_template-v-2024-clean","9":"first","10":"instock","11":"shipping-taxable","12":"purchasable","13":"product-type-simple"},"acf":{"_v2024__listing_and_sharing_info__listing_category":"BODY GUA SHA","_v2024__listing_and_sharing_info__product_type":"Anti-cellulite &amp; Sculpting Massager","_v2024__listing__and_sharing_info__listing_below_title_in_product_page":"Naturligt massagev\u00e6rkt\u00f8j i tr\u00e6. Udglatter cellulite og former silhuetten. Stimulerer blodcirkulation og fremmer lymfedr\u00e6nage.","_v2024__listing_and_sharing_info__listing_description":"Naturligt massagev\u00e6rkt\u00f8j i tr\u00e6. Udglatter cellulite og former silhuetten.","_v2024__listing_and_sharing_info__image":1000008683,"_v2024__product_hero__hero_type":"carousel","_v2024__product_hero__product_slider_gallery":[{"_v2024__product_hero__product_slider_gallery__image":1000008055,"_v2024__product_hero__product_slider_gallery__video_link":""},{"_v2024__product_hero__product_slider_gallery__image":1000008148,"_v2024__product_hero__product_slider_gallery__video_link":""},{"_v2024__product_hero__product_slider_gallery__image":1000008056,"_v2024__product_hero__product_slider_gallery__video_link":""},{"_v2024__product_hero__product_slider_gallery__image":1000008149,"_v2024__product_hero__product_slider_gallery__video_link":""},{"_v2024__product_hero__product_slider_gallery__image":1000008150,"_v2024__product_hero__product_slider_gallery__video_link":""},{"_v2024__product_hero__product_slider_gallery__image":1000008151,"_v2024__product_hero__product_slider_gallery__video_link":""}],"_v2024__before_and_after_image":"","_v2024__before_and_after_image_mobile":"","_v2024__product_hero__quantity":"","_v2024__product_hero__product_disclamer":"","_v2024__why_use__should_show":"visible","_v2024__why_use__description_text":"","_v2024__why_use__text_content":"<ul>\r\n \t<li>Reducerer synligt cellulite ved at nedbryde fibr\u00f8se ophobninger<\/li>\r\n \t<li>M\u00e5lretter genstridigt fedt p\u00e5 l\u00e5r, mave og numse<\/li>\r\n \t<li>Former silhuetten og forbedrer hudens elasticitet<\/li>\r\n \t<li>Stimulerer blodcirkulation, lymfedr\u00e6nage og udskillelse af giftstoffer<\/li>\r\n \t<li>Giver maksimal anti-cellulite og lipolytisk effekt sammen med vores popul\u00e6re kropsolie SKIN Anti-cellulite<\/li>\r\n \t<li>Let, ergonomisk og fremstillet i holdbart b\u00f8getr\u00e6 af h\u00f8j kvalitet<\/li>\r\n<\/ul>","_v2024__why_use__product_notes_and_remarks":"","_v2024__why_use__background_color":"#FBF1EB","_v2024__why_use__heading_color":"#816c65","_v2024__why_use__text_color":"#816c65","_v2024__why_use__image_desktop":1000008061,"_v2024__why_use__image_mobile":1000008062,"_v2024__stats_show":false,"_v2024__stats_repeater":null,"_v2024__stats_repeater_disclaimer":null,"_v2024__benefits__icons_repeater":null,"_v2024__image_ingreddients__intro_text":"","_v2024__image_ingreddients__additional_description":"","_v2024__image_ingreddients__disclamer_inner":"","_v2024__image_ingredients__repeater":null,"_v2024__image_ingredients__all_ingredients":"","_v2024__usage_content__left_content":"<strong>HVOR<\/strong>: l\u00e5r, numse, mave, arme og ansigt\r\n\r\n<strong>HVOR OFTE<\/strong>: dagligt eller mindst 4 gange om ugen\r\n<p class=\"product_guaSha_advice\"><strong>TIP: brug altid med en kropsolie \u2013 for bedste resultat anbefaler vi <a href=\"https:\/\/cocosolis.com\/nl\/product\/skin-anti-cellulite-dry-oil\/\" target=\"_blank\" rel=\"noopener\">SKIN Anti-cellulite<\/a><\/strong><\/p>\r\n\r\n<ol>\r\n \t<li>P\u00e5f\u00f8r en rigelig m\u00e6ngde kropsolie fra SKIN-serien p\u00e5 ren, t\u00f8r hud.<\/li>\r\n \t<li>Mass\u00e9r hvert omr\u00e5de i 5\u201310 minutter med bl\u00f8de bev\u00e6gelser i retning mod lymfeflowet \u2013 fra kroppens ydre dele mod midten.<\/li>\r\n \t<li>Reng\u00f8r med en bl\u00f8d, t\u00f8r eller let fugtig klud. Undg\u00e5 at skylle med vand.<\/li>\r\n \t<li>Opbevares t\u00f8rt (helst ikke p\u00e5 badev\u00e6relset) og v\u00e6k fra varmekilder.<\/li>\r\n<\/ol>\r\n<h4 class=\"ingredientsAndUsage_usage_grid_left_title\">MATERIALE<\/h4>\r\n100 % b\u00f8getr\u00e6\r\n\r\n<em>Herbruikbaar. Gebruik met een geschikte lichaamsolie. Niet gebruiken op ge\u00efrriteerde, beschadigde of ontstoken huid. Stop het gebruik als er irritatie of ongemak optreedt. Geen speelgoed. Bewaren op een droge plaats, uit de buurt van vocht en hitte, en buiten het bereik van kinderen. Reinig na gebruik met een zachte, droge of licht vochtige doek. Niet afspoelen met water. Materiaal: 100% beukenhout.<\/em>\r\n\r\n&nbsp;","_v2024__usage_content__right_bottom_content":"","_v2024__usage_content__note":"","_v2024__usage_content__storage":""},"_links":{"self":[{"href":"https:\/\/cocosolis.com\/nl\/wp-json\/wp\/v2\/product\/1000002382","targetHints":{"allow":["GET"]}}],"collection":[{"href":"https:\/\/cocosolis.com\/nl\/wp-json\/wp\/v2\/product"}],"about":[{"href":"https:\/\/cocosolis.com\/nl\/wp-json\/wp\/v2\/types\/product"}],"wp:featuredmedia":[{"embeddable":true,"href":"https:\/\/cocosolis.com\/nl\/wp-json\/"}],"wp:attachment":[{"href":"https:\/\/cocosolis.com\/nl\/wp-json\/wp\/v2\/media?parent=1000002382"}],"wp:term":[{"taxonomy":"product_brand","embeddable":true,"href":"https:\/\/cocosolis.com\/nl\/wp-json\/wp\/v2\/product_brand?post=1000002382"},{"taxonomy":"product_cat","embeddable":true,"href":"https:\/\/cocosolis.com\/nl\/wp-json\/wp\/v2\/product_cat?post=1000002382"},{"taxonomy":"product_tag","embeddable":true,"href":"https:\/\/cocosolis.com\/nl\/wp-json\/wp\/v2\/product_tag?post=1000002382"},{"taxonomy":"product_template","embeddable":true,"href":"https:\/\/cocosolis.com\/nl\/wp-json\/wp\/v2\/product_template?post=1000002382"}],"curies":[{"name":"wp","href":"https:\/\/api.w.org\/{rel}","templated":true}]}}