{"id":390,"date":"2022-05-06T13:33:20","date_gmt":"2022-05-06T13:33:20","guid":{"rendered":"http:\/\/cocosolis.com\/en\/?post_type=product&#038;p=390"},"modified":"2025-10-28T15:42:18","modified_gmt":"2025-10-28T14:42:18","slug":"skin-collagen-booster-dry-oil","status":"publish","type":"product","link":"https:\/\/cocosolis.com\/mc\/product\/skin-collagen-booster-dry-oil\/","title":{"rendered":"SKIN Collagen Booster Dry Oil"},"content":{"rendered":"","protected":false},"excerpt":{"rendered":"","protected":false},"featured_media":1000004575,"template":"","meta":{"_acf_changed":false},"product_brand":[],"product_cat":[19],"product_tag":[],"product_template":[65],"class_list":{"0":"post-390","1":"product","2":"type-product","3":"status-publish","4":"has-post-thumbnail","6":"product_cat-skin","7":"product_template-v-2024-clean","9":"first","10":"instock","11":"shipping-taxable","12":"purchasable","13":"product-type-simple"},"acf":{"_v2024__listing_and_sharing_info__listing_category":"SKIN","_v2024__listing_and_sharing_info__product_type":"Collagen Booster Dry Oil","_v2024__listing__and_sharing_info__listing_below_title_in_product_page":"Huile s\u00e8che \u00e0 effet naturel anti-\u00e2ge. Renouvelle et nourrit la peau en vitamines.","_v2024__listing_and_sharing_info__listing_description":"Huile s\u00e8che \u00e0 effet naturel anti-\u00e2ge. Renouvelle et nourrit la peau en vitamines.","_v2024__listing_and_sharing_info__image":100000388,"_v2024__product_hero__hero_type":"carousel","_v2024__product_hero__product_slider_gallery":[{"_v2024__product_hero__product_slider_gallery__image":1000006655,"_v2024__product_hero__product_slider_gallery__video_link":""},{"_v2024__product_hero__product_slider_gallery__image":1000006657,"_v2024__product_hero__product_slider_gallery__video_link":""},{"_v2024__product_hero__product_slider_gallery__image":1000006658,"_v2024__product_hero__product_slider_gallery__video_link":""},{"_v2024__product_hero__product_slider_gallery__image":1000006659,"_v2024__product_hero__product_slider_gallery__video_link":""},{"_v2024__product_hero__product_slider_gallery__image":1000006660,"_v2024__product_hero__product_slider_gallery__video_link":""},{"_v2024__product_hero__product_slider_gallery__image":1000006661,"_v2024__product_hero__product_slider_gallery__video_link":""},{"_v2024__product_hero__product_slider_gallery__image":1000006662,"_v2024__product_hero__product_slider_gallery__video_link":"https:\/\/player.vimeo.com\/progressive_redirect\/playback\/1042663906\/rendition\/720p\/file.mp4?loc=external&amp;log_user=0&amp;signature=238d8a957ddf9f4279b519ffa65d3564d72b070ccb832dc58ea158b16d18c32d&amp;user_id=110095091"}],"_v2024__before_and_after_image":1000006537,"_v2024__before_and_after_image_mobile":1000006538,"_v2024__product_hero__quantity":"110 ML","_v2024__product_hero__product_disclamer":"","_v2024__why_use__should_show":"visible","_v2024__why_use__description_text":"Huile s\u00e8che naturelle \u00e0 effet anti-\u00e2ge. Aide \u00e0 maintenir des niveaux \u00e9lev\u00e9s de collag\u00e8ne et augmente l'\u00e9lasticit\u00e9.","_v2024__why_use__text_content":"<ul>\r\n \t<li>R\u00e9duit l'apparence des rides et ridules<\/li>\r\n \t<li>Renouvelle, humidifie et revitalise la peau de mani\u00e8re optimale<\/li>\r\n \t<li>Maintient la peau lisse, jeune et ferme<\/li>\r\n \t<li>M\u00e9lange sp\u00e9cial de 6 huiles pr\u00e9cieuses de superfruits bio et d'un ingr\u00e9dient actif naturel brevet\u00e9. V\u00e9gan<\/li>\r\n \t<li>Absorbe rapidement et en profondeur<\/li>\r\n \t<li>Convient au visage et au corps, pour les peaux d\u00e9licates et sensibles<\/li>\r\n \t<li>A l'ar\u00f4me exceptionnel de fruits exotiques<\/li>\r\n<\/ul>","_v2024__why_use__product_notes_and_remarks":"","_v2024__why_use__background_color":"#FBF1EB","_v2024__why_use__heading_color":"#816c65","_v2024__why_use__text_color":"#816c65","_v2024__why_use__image_desktop":1000006698,"_v2024__why_use__image_mobile":1000006699,"_v2024__stats_show":false,"_v2024__stats_repeater":null,"_v2024__stats_repeater_disclaimer":null,"_v2024__benefits__icons_repeater":[{"_v2024__benefit__icons_repeater_icon":1000006731,"_v2024__benefit__icons_repeater_text":""},{"_v2024__benefit__icons_repeater_icon":1000006742,"_v2024__benefit__icons_repeater_text":""},{"_v2024__benefit__icons_repeater_icon":1000006738,"_v2024__benefit__icons_repeater_text":""},{"_v2024__benefit__icons_repeater_icon":1000006737,"_v2024__benefit__icons_repeater_text":""}],"_v2024__image_ingreddients__intro_text":"D\u00e9couvrez les ingr\u00e9dients naturels de cette formule anti-\u00e2ge hautement efficace : un actif brevet\u00e9 et des huiles de superfruits exotiques pour une peau fra\u00eeche, \u00e9clatante et souple.","_v2024__image_ingreddients__additional_description":"","_v2024__image_ingreddients__disclamer_inner":"","_v2024__image_ingredients__repeater":[{"_v2024__image_ingredients__ingredient_image":1000006704,"_v2024__image_ingredients__ingredient_title":"INGR\u00c9DIENT ACTIF DU LUPIN DOUX ","_v2024__image_ingredients__ingredient_description":"Stimule la production de collag\u00e8ne de haute qualit\u00e9, am\u00e9liore l'\u00e9lasticit\u00e9 et la fermet\u00e9 de la peau, remod\u00e8le les zones cutan\u00e9es affaiss\u00e9es."},{"_v2024__image_ingredients__ingredient_image":1000006726,"_v2024__image_ingredients__ingredient_title":"HUILE DE GRENADE","_v2024__image_ingredients__ingredient_description":"Offre une protection antioxydante contre les effets n\u00e9fastes de l'environnement. R\u00e9duit les pores et les rides."},{"_v2024__image_ingredients__ingredient_image":1000006725,"_v2024__image_ingredients__ingredient_title":"HUILE DE FRUIT DE LA PASSION","_v2024__image_ingredients__ingredient_description":"Hydrate et adoucit, rajeunit les peaux fatigu\u00e9es et maintient l'\u00e9clat de la jeunesse."},{"_v2024__image_ingredients__ingredient_image":1000006715,"_v2024__image_ingredients__ingredient_title":"HUILE DE BAIES DE GOJI","_v2024__image_ingredients__ingredient_description":"Exceptionnellement riche en antioxydants, elle pr\u00e9vient le vieillissement pr\u00e9matur\u00e9. Elle stimule la production de collag\u00e8ne et favorise l'\u00e9clat de la peau."},{"_v2024__image_ingredients__ingredient_image":1000006727,"_v2024__image_ingredients__ingredient_title":"HUILE DE ROSIER","_v2024__image_ingredients__ingredient_description":"\u00c9claircit et unifie le teint, estompe les cicatrices. Indispensable pour une peau plus lisse et sans d\u00e9faut."},{"_v2024__image_ingredients__ingredient_image":1000006712,"_v2024__image_ingredients__ingredient_title":"HUILE DE NOIX DE COCO","_v2024__image_ingredients__ingredient_description":"P\u00e9n\u00e8tre facilement, hydrate en profondeur et laisse la peau douce et souple."},{"_v2024__image_ingredients__ingredient_image":1000006711,"_v2024__image_ingredients__ingredient_title":"BEURRE DE CACAO","_v2024__image_ingredients__ingredient_description":"Merveilleuse \"nourriture\" pour la peau. Il la r\u00e9g\u00e9n\u00e8re et pr\u00e9vient l'apparition des vergetures et des ridules."},{"_v2024__image_ingredients__ingredient_image":1000006705,"_v2024__image_ingredients__ingredient_title":"PRINCIPES ACTIFS","_v2024__image_ingredients__ingredient_description":"Extraite d\u2019une huile d\u2019olive de haute qualit\u00e9, elle garantit une p\u00e9n\u00e9tration rapide des huiles dans la peau."},{"_v2024__image_ingredients__ingredient_image":1000006730,"_v2024__image_ingredients__ingredient_title":"VITAMINE E NATURELLE","_v2024__image_ingredients__ingredient_description":"Antioxydant puissant qui combat les signes du vieillissement et qui renforce le processus naturel de gu\u00e9rison de la peau."}],"_v2024__image_ingredients__all_ingredients":"CAPRYLIC\/CAPRIC TRIGLYCERIDE, COCOS NUCIFERA OIL*, OCTYLDODECYL OLIVATE, THEOBROMA CACAO SEED BUTTER*, PASSIFLORA EDULIS SEED OIL, HELIANTHUS ANNUUS SEED OIL*, LUPINUS ALBUS SEED EXTRACT, TOCOPHEROL, PUNICA GRANATUM SEED OIL*, ROSA CANINA SEED EXTRACT, LYCIUM BARBARUM SEED OIL*, PARFUM <strong>(NATURAL EMOLLIENT, COCONUT OIL*, OCTYLDODECYL OLIVATE (FROM OLIVE OIL), CACAO SEED BUTTER*, PASSION FRUIT SEED OIL*, SUNFLOWER SEED OIL*, WHITE LUPIN SEED EXTRACT, NATURAL VITAMIN E, POMEGRANATE SEED OIL*, ROSE HIP SEED OIL, GOJI BERRY SEED OIL*, PARFUM) <\/strong>\r\n\r\n<em>*Ingr\u00e9dients certifi\u00e9s bio<\/em>\r\n\r\n<em>Nous vous prions de bien vouloir noter que la liste des ingr\u00e9dients peut l\u00e9g\u00e8rement varier dans le temps compte-tenu des am\u00e9liorations du produit. Voir sur l'emballage du produit pour l'information actualis\u00e9e.<\/em>","_v2024__usage_content__left_content":"Convient au visage et au corps. Pour un r\u00e9sultat optimal, appliquer matin et soir sur les zones souhait\u00e9es ou sur l'ensemble du visage et du corps.\r\n\r\nAppliquer sur peau s\u00e8che ou humide. Il p\u00e9n\u00e8tre plus facilement imm\u00e9diatement apr\u00e8s la douche, sur une peau encore humide.","_v2024__usage_content__right_bottom_content":"","_v2024__usage_content__note":"","_v2024__usage_content__storage":"Conserver dans un endroit frais et sec. Ne pas r\u00e9frig\u00e9rer. Le produit durcit s'il est conserv\u00e9 dans un endroit frais ce qui emp\u00eache le contenu de sortir de la pompe. Pour le rendre liquide, laissez le flacon \u00e0 temp\u00e9rature ambiante \u00e0 plus de 25\u0421\u00b0. Ne pas ouvrir le flacon lorsque le produit a durci, car vous risquez de casser la pompe.\r\n\r\n&nbsp;\r\n\r\nA usage externe uniquement. Cesser l'utilisation en cas d'irritation. Ne pas utiliser sur une peau endommag\u00e9e ou bless\u00e9e. \u00c9viter le contact avec les yeux. Tenir hors de la port\u00e9e des enfants !"},"_links":{"self":[{"href":"https:\/\/cocosolis.com\/mc\/wp-json\/wp\/v2\/product\/390","targetHints":{"allow":["GET"]}}],"collection":[{"href":"https:\/\/cocosolis.com\/mc\/wp-json\/wp\/v2\/product"}],"about":[{"href":"https:\/\/cocosolis.com\/mc\/wp-json\/wp\/v2\/types\/product"}],"wp:featuredmedia":[{"embeddable":true,"href":"https:\/\/cocosolis.com\/mc\/wp-json\/"}],"wp:attachment":[{"href":"https:\/\/cocosolis.com\/mc\/wp-json\/wp\/v2\/media?parent=390"}],"wp:term":[{"taxonomy":"product_brand","embeddable":true,"href":"https:\/\/cocosolis.com\/mc\/wp-json\/wp\/v2\/product_brand?post=390"},{"taxonomy":"product_cat","embeddable":true,"href":"https:\/\/cocosolis.com\/mc\/wp-json\/wp\/v2\/product_cat?post=390"},{"taxonomy":"product_tag","embeddable":true,"href":"https:\/\/cocosolis.com\/mc\/wp-json\/wp\/v2\/product_tag?post=390"},{"taxonomy":"product_template","embeddable":true,"href":"https:\/\/cocosolis.com\/mc\/wp-json\/wp\/v2\/product_template?post=390"}],"curies":[{"name":"wp","href":"https:\/\/api.w.org\/{rel}","templated":true}]}}