{"id":1000003412,"date":"2025-07-02T05:25:20","date_gmt":"2025-07-02T03:25:20","guid":{"rendered":"https:\/\/cocosolis.com\/mc\/product\/body-gua-sha-anti-cellulite-sculpting-massager\/"},"modified":"2025-10-28T15:41:54","modified_gmt":"2025-10-28T14:41:54","slug":"body-gua-sha-anti-cellulite-sculpting-massager","status":"publish","type":"product","link":"https:\/\/cocosolis.com\/mc\/product\/body-gua-sha-anti-cellulite-sculpting-massager\/","title":{"rendered":"BODY GUA SHA Anti-cellulite &amp; Sculpting Massager"},"content":{"rendered":"","protected":false},"excerpt":{"rendered":"<p>Masseur corporel en bois naturel. Lisse la cellulite et sculpte la silhouette.<\/p>\n","protected":false},"featured_media":1000008683,"template":"","meta":{"_acf_changed":false},"product_brand":[],"product_cat":[19],"product_tag":[],"product_template":[65],"class_list":{"0":"post-1000003412","1":"product","2":"type-product","3":"status-publish","4":"has-post-thumbnail","6":"product_cat-skin","7":"product_template-v-2024-clean","9":"first","10":"instock","11":"shipping-taxable","12":"purchasable","13":"product-type-simple"},"acf":{"_v2024__listing_and_sharing_info__listing_category":"BODY GUA SHA","_v2024__listing_and_sharing_info__product_type":"Anti-cellulite &amp; Sculpting Massager","_v2024__listing__and_sharing_info__listing_below_title_in_product_page":"Masseur corporel en bois naturel. Lisse la cellulite et sculpte la silhouette. Stimule la circulation et favorise le drainage lymphatique.","_v2024__listing_and_sharing_info__listing_description":"Masseur corporel en bois naturel. Lisse la cellulite et sculpte la silhouette.","_v2024__listing_and_sharing_info__image":1000008683,"_v2024__product_hero__hero_type":"carousel","_v2024__product_hero__product_slider_gallery":[{"_v2024__product_hero__product_slider_gallery__image":1000008055,"_v2024__product_hero__product_slider_gallery__video_link":""},{"_v2024__product_hero__product_slider_gallery__image":1000008128,"_v2024__product_hero__product_slider_gallery__video_link":""},{"_v2024__product_hero__product_slider_gallery__image":1000008056,"_v2024__product_hero__product_slider_gallery__video_link":""},{"_v2024__product_hero__product_slider_gallery__image":1000008129,"_v2024__product_hero__product_slider_gallery__video_link":""},{"_v2024__product_hero__product_slider_gallery__image":1000008130,"_v2024__product_hero__product_slider_gallery__video_link":""},{"_v2024__product_hero__product_slider_gallery__image":1000008131,"_v2024__product_hero__product_slider_gallery__video_link":""}],"_v2024__before_and_after_image":"","_v2024__before_and_after_image_mobile":"","_v2024__product_hero__quantity":"","_v2024__product_hero__product_disclamer":"","_v2024__why_use__should_show":"visible","_v2024__why_use__description_text":"","_v2024__why_use__text_content":"<ul>\r\n \t<li>R\u00e9duit visiblement la cellulite en \u00e9liminant les accumulations fibreuses<\/li>\r\n \t<li>Cible les graisses tenaces au niveau des cuisses, du ventre et des fesses<\/li>\r\n \t<li>Remod\u00e8le la silhouette et am\u00e9liore l'\u00e9lasticit\u00e9 de la peau<\/li>\r\n \t<li>Stimule la circulation, le drainage lymphatique et l'\u00e9limination des toxines<\/li>\r\n \t<li>Offre un effet anticellulite et lipolytique maximal lorsqu'il est utilis\u00e9 avec notre best-seller l'huile corporelle SKIN Anti-cellulit\u0435.<\/li>\r\n \t<li>L\u00e9ger, ergonomique et fabriqu\u00e9 en bois de h\u00eatre de haute qualit\u00e9 et durable<\/li>\r\n<\/ul>","_v2024__why_use__product_notes_and_remarks":"","_v2024__why_use__background_color":"#FBF1EB","_v2024__why_use__heading_color":"#816c65","_v2024__why_use__text_color":"#816c65","_v2024__why_use__image_desktop":1000008061,"_v2024__why_use__image_mobile":1000008062,"_v2024__stats_show":false,"_v2024__stats_repeater":null,"_v2024__stats_repeater_disclaimer":null,"_v2024__benefits__icons_repeater":null,"_v2024__image_ingreddients__intro_text":"","_v2024__image_ingreddients__additional_description":"","_v2024__image_ingreddients__disclamer_inner":"","_v2024__image_ingredients__repeater":null,"_v2024__image_ingredients__all_ingredients":"","_v2024__usage_content__left_content":"<strong>O\u00d9<\/strong>: cuisses, fesses, ventre, bras et visage\r\n\r\n<strong>COMMENT<\/strong>: tous les jours ou au moins 4 fois par semaine\r\n<p class=\"product_guaSha_advice\"><strong>CONSEIL: toujours utiliser avec une huile corporelle - pour de meilleurs r\u00e9sultats, nous recommandons <a href=\"https:\/\/cocosolis.com\/fr\/product\/skin-anti-cellulite-dry-oil\/\" target=\"_blank\" rel=\"noopener\">SKIN Anti-cellulite<\/a><\/strong><\/p>\r\n\r\n<ol>\r\n \t<li>Appliquez une quantit\u00e9 g\u00e9n\u00e9reuse d'huile corporelle de la gamme SKIN sur une peau propre et s\u00e8che.<\/li>\r\n \t<li>Massez chaque zone pendant 5 \u00e0 10 minutes en effectuant des mouvements doux dans le sens du flux lymphatique - des parties ext\u00e9rieures du corps vers le centre.<\/li>\r\n \t<li>Nettoyez avec un chiffon doux, sec ou l\u00e9g\u00e8rement humide. \u00c9viter de rincer \u00e0 l'eau.<\/li>\r\n \t<li>Conservez dans un endroit sec (de pr\u00e9f\u00e9rence pas dans la salle de bains) et \u00e0 l'\u00e9cart des sources de chaleur.<\/li>\r\n<\/ol>\r\n<h4 class=\"ingredientsAndUsage_usage_grid_left_title\">MAT\u00c9RIAU<\/h4>\r\n100% bois de h\u00eatre\r\n\r\n<em>R\u00e9utilisable. A utiliser avec une huile corporelle adapt\u00e9e. Ne pas utiliser sur une peau irrit\u00e9e, ab\u00eem\u00e9e ou enflamm\u00e9e. Cesser l'utilisation en cas d'irritation ou d'inconfort. Ce n'est pas un jouet. Conserver dans un endroit sec, \u00e0 l'abri de l'humidit\u00e9 et de la chaleur, hors de port\u00e9e des enfants. Apr\u00e8s utilisation, nettoyer avec un chiffon doux, sec ou l\u00e9g\u00e8rement humide. Ne pas rincer \u00e0 l'eau. 100% h\u00eatre.<\/em>\r\n\r\n&nbsp;","_v2024__usage_content__right_bottom_content":"","_v2024__usage_content__note":"","_v2024__usage_content__storage":""},"_links":{"self":[{"href":"https:\/\/cocosolis.com\/mc\/wp-json\/wp\/v2\/product\/1000003412","targetHints":{"allow":["GET"]}}],"collection":[{"href":"https:\/\/cocosolis.com\/mc\/wp-json\/wp\/v2\/product"}],"about":[{"href":"https:\/\/cocosolis.com\/mc\/wp-json\/wp\/v2\/types\/product"}],"wp:featuredmedia":[{"embeddable":true,"href":"https:\/\/cocosolis.com\/mc\/wp-json\/"}],"wp:attachment":[{"href":"https:\/\/cocosolis.com\/mc\/wp-json\/wp\/v2\/media?parent=1000003412"}],"wp:term":[{"taxonomy":"product_brand","embeddable":true,"href":"https:\/\/cocosolis.com\/mc\/wp-json\/wp\/v2\/product_brand?post=1000003412"},{"taxonomy":"product_cat","embeddable":true,"href":"https:\/\/cocosolis.com\/mc\/wp-json\/wp\/v2\/product_cat?post=1000003412"},{"taxonomy":"product_tag","embeddable":true,"href":"https:\/\/cocosolis.com\/mc\/wp-json\/wp\/v2\/product_tag?post=1000003412"},{"taxonomy":"product_template","embeddable":true,"href":"https:\/\/cocosolis.com\/mc\/wp-json\/wp\/v2\/product_template?post=1000003412"}],"curies":[{"name":"wp","href":"https:\/\/api.w.org\/{rel}","templated":true}]}}