{"id":1000003407,"date":"2025-06-16T05:01:10","date_gmt":"2025-06-16T03:01:10","guid":{"rendered":"https:\/\/cocosolis.com\/mc\/product\/capri-after-sun-tan-extending-lotion\/"},"modified":"2025-10-28T15:41:56","modified_gmt":"2025-10-28T14:41:56","slug":"capri-after-sun-tan-extending-lotion","status":"publish","type":"product","link":"https:\/\/cocosolis.com\/mc\/product\/capri-after-sun-tan-extending-lotion\/","title":{"rendered":"CAPRI After Sun Tan-Extending Lotion"},"content":{"rendered":"","protected":false},"excerpt":{"rendered":"<p>Lotion apr\u00e8s-soleil prolongateur de bronzage au TOSOLIN\u2122. Restaure et hydrate.<\/p>\n","protected":false},"featured_media":1000007980,"template":"","meta":{"_acf_changed":false},"product_brand":[],"product_cat":[15],"product_tag":[],"product_template":[65],"class_list":{"0":"post-1000003407","1":"product","2":"type-product","3":"status-publish","4":"has-post-thumbnail","6":"product_cat-suntan-body","7":"product_template-v-2024-clean","9":"first","10":"instock","11":"shipping-taxable","12":"purchasable","13":"product-type-simple"},"acf":{"_v2024__listing_and_sharing_info__listing_category":"CAPRI","_v2024__listing_and_sharing_info__product_type":"After Sun Tan-Extending Lotion","_v2024__listing__and_sharing_info__listing_below_title_in_product_page":"Lotion apr\u00e8s-soleil prolongateur de bronzage au TOSOLIN\u2122. Restaure et hydrate. Rafra\u00eechit, apaise et hydrate la peau. Prolonge le bronzage jusqu'\u00e0 3 mois avec une application quotidienne.","_v2024__listing_and_sharing_info__listing_description":"Lotion apr\u00e8s-soleil prolongateur de bronzage au TOSOLIN\u2122. Restaure et hydrate.","_v2024__listing_and_sharing_info__image":1000007981,"_v2024__product_hero__hero_type":"carousel","_v2024__product_hero__product_slider_gallery":[{"_v2024__product_hero__product_slider_gallery__image":1000007893,"_v2024__product_hero__product_slider_gallery__video_link":""},{"_v2024__product_hero__product_slider_gallery__image":1000007936,"_v2024__product_hero__product_slider_gallery__video_link":""},{"_v2024__product_hero__product_slider_gallery__image":1000007937,"_v2024__product_hero__product_slider_gallery__video_link":""},{"_v2024__product_hero__product_slider_gallery__image":1000007938,"_v2024__product_hero__product_slider_gallery__video_link":""},{"_v2024__product_hero__product_slider_gallery__image":1000007939,"_v2024__product_hero__product_slider_gallery__video_link":""},{"_v2024__product_hero__product_slider_gallery__image":1000007940,"_v2024__product_hero__product_slider_gallery__video_link":""},{"_v2024__product_hero__product_slider_gallery__image":1000007941,"_v2024__product_hero__product_slider_gallery__video_link":""},{"_v2024__product_hero__product_slider_gallery__image":1000007942,"_v2024__product_hero__product_slider_gallery__video_link":""}],"_v2024__before_and_after_image":1000007863,"_v2024__before_and_after_image_mobile":1000007864,"_v2024__product_hero__quantity":"100 ML","_v2024__product_hero__product_disclamer":"","_v2024__why_use__should_show":"visible","_v2024__why_use__description_text":"Offrez \u00e0 votre peau le soin qu'elle m\u00e9rite apr\u00e8s une journ\u00e9e au soleil et conservez votre bronzage \u00e9clatant longtemps apr\u00e8s la fin des vacances. Tout ce dont vous avez besoin, c'est de cette lotion aux actifs naturels, aux huiles bio, aux vitamines et au parfum d'une escapade estivale italienne.","_v2024__why_use__text_content":"<ul>\r\n \t<li>Bronzage pr\u00e9serv\u00e9 jusqu'\u00e0 3 mois cliniquement prouv\u00e9 avec une utilisation quotidienne<\/li>\r\n \t<li>Rafra\u00eechit instantan\u00e9ment et apaise la peau apr\u00e8s une exposition au soleil<\/li>\r\n \t<li>R\u00e9duit les rougeurs et la sensation de peau tendue et \"br\u00fblante\"<\/li>\r\n \t<li>Hydrate en profondeur, favorise la r\u00e9g\u00e9n\u00e9ration et renforce la barri\u00e8re cutan\u00e9e<\/li>\r\n \t<li>A l'ar\u00f4me m\u00e9diterran\u00e9en Dolce Capri de poire fra\u00eeche et de jasmin<\/li>\r\n \t<li>Id\u00e9ale pour le corps et le visage<\/li>\r\n<\/ul>","_v2024__why_use__product_notes_and_remarks":"","_v2024__why_use__background_color":"#FBF1EB","_v2024__why_use__heading_color":"#816c65","_v2024__why_use__text_color":"#816c65","_v2024__why_use__image_desktop":1000007978,"_v2024__why_use__image_mobile":1000007979,"_v2024__stats_show":false,"_v2024__stats_repeater":null,"_v2024__stats_repeater_disclaimer":null,"_v2024__benefits__icons_repeater":[{"_v2024__benefit__icons_repeater_icon":1000007987,"_v2024__benefit__icons_repeater_text":"APAISE"},{"_v2024__benefit__icons_repeater_icon":1000007985,"_v2024__benefit__icons_repeater_text":"HYDRATE"},{"_v2024__benefit__icons_repeater_icon":1000007984,"_v2024__benefit__icons_repeater_text":"PROLONGE LE BRONZAGE"},{"_v2024__benefit__icons_repeater_icon":1000007986,"_v2024__benefit__icons_repeater_text":"AR\u00d4ME DOLCE CAPRI POIRE ET JASMIN"}],"_v2024__image_ingreddients__intro_text":"Au c\u0153ur des propri\u00e9t\u00e9s uniques de CAPRI se trouve l'ingr\u00e9dient actif naturel TOSOLIN\u2122, qui offre un soin apr\u00e8s-soleil complet et prolonge votre bronzage jusqu'\u00e0 3 mois. Un m\u00e9lange d'humectants puissants, de vitamines et d'huiles bio renforce ses effets, gardant votre peau bronz\u00e9e et radieuse.","_v2024__image_ingreddients__additional_description":"","_v2024__image_ingreddients__disclamer_inner":"","_v2024__image_ingredients__repeater":[{"_v2024__image_ingredients__ingredient_image":1000007983,"_v2024__image_ingredients__ingredient_title":"TOSOLIN\u2122","_v2024__image_ingredients__ingredient_description":"Un ingr\u00e9dient actif naturel, cliniquement prouv\u00e9 pour prolonger le bronzage en stimulant la production de m\u00e9lanine et en stabilisant la pigmentation, m\u00eame sans exposition suppl\u00e9mentaire au soleil. Apaise la peau, r\u00e9duit les rougeurs et l'inflammation. Fournit une protection antioxydante puissante contre les dommages caus\u00e9s par les UV. Renforce la barri\u00e8re cutan\u00e9e, favorise la r\u00e9g\u00e9n\u00e9ration du collag\u00e8ne et assure une hydratation durable."},{"_v2024__image_ingredients__ingredient_image":1000007982,"_v2024__image_ingredients__ingredient_title":"BISABOLOL","_v2024__image_ingredients__ingredient_description":"Poss\u00e8de de puissantes propri\u00e9t\u00e9s anti-inflammatoires, apaisant les rougeurs et les irritations apr\u00e8s une exposition au soleil. Favorise la r\u00e9g\u00e9n\u00e9ration de la barri\u00e8re cutan\u00e9e et prot\u00e8ge contre le stress oxydatif. Renforce l'efficacit\u00e9 des autres ingr\u00e9dients actifs."},{"_v2024__image_ingredients__ingredient_image":1000002911,"_v2024__image_ingredients__ingredient_title":"ACIDE HYALURONIQUE","_v2024__image_ingredients__ingredient_description":"Apr\u00e8s une exposition au soleil, il assure une hydratation profonde et durable de la peau en retenant l'eau. Calme les irritations et favorise la r\u00e9g\u00e9n\u00e9ration de la barri\u00e8re cutan\u00e9e."},{"_v2024__image_ingredients__ingredient_image":1000007074,"_v2024__image_ingredients__ingredient_title":"PANTHENOL","_v2024__image_ingredients__ingredient_description":"R\u00e9hydrate et am\u00e9liore l'\u00e9lasticit\u00e9 de la peau. Apaise et favorise la r\u00e9g\u00e9n\u00e9ration apr\u00e8s une exposition au soleil."},{"_v2024__image_ingredients__ingredient_image":1000006730,"_v2024__image_ingredients__ingredient_title":"VITAMINE E NATURELLE","_v2024__image_ingredients__ingredient_description":"Un antioxydant puissant qui aide \u00e0 prot\u00e9ger la peau des dommages caus\u00e9s par les UV. Nourrit, apaise, r\u00e9duit l'inflammation et prolonge l'\u00e9clat de la peau."},{"_v2024__image_ingredients__ingredient_image":1000002909,"_v2024__image_ingredients__ingredient_title":"GLYCERINE","_v2024__image_ingredients__ingredient_description":"Un humectant puissant qui retient l'humidit\u00e9, gardant la peau douce et lisse. Aide \u00e0 obtenir un bronzage plus uniforme et durable."},{"_v2024__image_ingredients__ingredient_image":1000002906,"_v2024__image_ingredients__ingredient_title":"HUILE DE COCO","_v2024__image_ingredients__ingredient_description":"Humecte et nourrit la peau apr\u00e8s une exposition au soleil. Pr\u00e9vient la desquamation et le dess\u00e8chement, contribuant ainsi \u00e0 prolonger le bronzage."},{"_v2024__image_ingredients__ingredient_image":1000003680,"_v2024__image_ingredients__ingredient_title":"HUILE DE PAST\u00c8QUE","_v2024__image_ingredients__ingredient_description":"Gorg\u00e9e d'antioxydants, de vitamines A et C et d'acides gras essentiels. Hydrate en profondeur, rajeunit et prot\u00e8ge la peau."},{"_v2024__image_ingredients__ingredient_image":1000006717,"_v2024__image_ingredients__ingredient_title":"HUILE DE JOJOBA","_v2024__image_ingredients__ingredient_description":"\u00c9quilibre le s\u00e9bum, apaise la peau et la maintient lisse et saine."}],"_v2024__image_ingredients__all_ingredients":"AQUA*, CAPRYLYL CAPRYLATE\/CAPRATE*, POLYGLYCERYL-6 STEARATE*, CETEARYL ALCOHOL*, PENTYLENE GLYCOL*, 4-T-BUTYLCYCLOHEXANOL, COCOS NUCIFERA OIL*, GLYCERIN*, BISABOLOL*, SODIUMHYALURONATE*, MANNOSE*, GLUCOSE*, BETA-GLUCAN*, PANTHENOL, CITRULLUS LANATUS SEED OIL*, SIMMONDSIA CHINENSIS SEED OIL*, TOCOPHEROL*, HELIANTHUS ANNUUS SEED OIL*, CITRIC ACID*, XANTHAN GUM*, POLYGLYCERYL-6 BEHENATE*, ARACHIDYL ALCOHOL*, BEHENYL ALCOHOL*, ARACHIDYL GLUCOSIDE*, PARFUM, TETRASODIUM GLUTAMATE DIACETATE, PHENOXYETHANOL, BENZYL ALCOHOL, DEHYDROACETIC ACID, DIMETHYL PHENETHYL ACETATE, ROSE KETONES\r\n\r\n<em>* Ingredients from natural origin<\/em>\r\n\r\n<em>Nous vous prions de bien vouloir noter que la liste des ingr\u00e9dients peut l\u00e9g\u00e8rement varier dans le temps compte-tenu des am\u00e9liorations du produit. Voir sur l'emballage du produit pour l'information actualis\u00e9e.<\/em>","_v2024__usage_content__left_content":"<strong>O\u00d9<\/strong> : visage et corps\r\n\r\n<strong>QUAND<\/strong> :\r\n<ul>\r\n \t<li><strong>AVANT LA PLAGE<\/strong> : tous les jours avant l'exposition au soleil pour att\u00e9nuer les rougeurs.<\/li>\r\n \t<li><strong>APR\u00c8S LA PLAGE<\/strong> : tous les jours apr\u00e8s l'exposition au soleil pour apaiser la peau.<\/li>\r\n \t<li><strong>APR\u00c8S LES VACANCES<\/strong> : tous les jours pour prolonger le bronzage jusqu'\u00e0 3 mois.<\/li>\r\n<\/ul>\r\n<strong>COMMENT<\/strong> : appliquez g\u00e9n\u00e9reusement sur une peau propre en massant d\u00e9licatement.\r\n<p class=\"freshIdea\"><strong>ID\u00c9E \u00ab COOL \u00bb\/strong&gt;: conservez votre lotion au r\u00e9frig\u00e9rateur pour un effet rafra\u00eechissant apr\u00e8s une journ\u00e9e de plage.<\/strong><\/p>","_v2024__usage_content__right_bottom_content":"","_v2024__usage_content__note":"<strong>VEUILLEZ NOTER<\/strong>: Conservez dans un endroit frais, sombre et sec. Pour usage ext\u00e9rieur uniquement. Cessez l'utilisation en cas d'irritation. Ne l\u2019utilisez pas sur une peau ab\u00eem\u00e9e ou bless\u00e9e. En raison de sa composition naturelle, la couleur de la lotion peut changer avec le temps, mais cela n\u2019affecte en rien sa qualit\u00e9 et son efficacit\u00e9","_v2024__usage_content__storage":""},"_links":{"self":[{"href":"https:\/\/cocosolis.com\/mc\/wp-json\/wp\/v2\/product\/1000003407","targetHints":{"allow":["GET"]}}],"collection":[{"href":"https:\/\/cocosolis.com\/mc\/wp-json\/wp\/v2\/product"}],"about":[{"href":"https:\/\/cocosolis.com\/mc\/wp-json\/wp\/v2\/types\/product"}],"wp:featuredmedia":[{"embeddable":true,"href":"https:\/\/cocosolis.com\/mc\/wp-json\/"}],"wp:attachment":[{"href":"https:\/\/cocosolis.com\/mc\/wp-json\/wp\/v2\/media?parent=1000003407"}],"wp:term":[{"taxonomy":"product_brand","embeddable":true,"href":"https:\/\/cocosolis.com\/mc\/wp-json\/wp\/v2\/product_brand?post=1000003407"},{"taxonomy":"product_cat","embeddable":true,"href":"https:\/\/cocosolis.com\/mc\/wp-json\/wp\/v2\/product_cat?post=1000003407"},{"taxonomy":"product_tag","embeddable":true,"href":"https:\/\/cocosolis.com\/mc\/wp-json\/wp\/v2\/product_tag?post=1000003407"},{"taxonomy":"product_template","embeddable":true,"href":"https:\/\/cocosolis.com\/mc\/wp-json\/wp\/v2\/product_template?post=1000003407"}],"curies":[{"name":"wp","href":"https:\/\/api.w.org\/{rel}","templated":true}]}}