{"id":371,"date":"2022-05-06T09:28:44","date_gmt":"2022-05-06T09:28:44","guid":{"rendered":"http:\/\/cocosolis.com\/en\/?post_type=product&#038;p=371"},"modified":"2026-02-25T15:08:06","modified_gmt":"2026-02-25T14:08:06","slug":"monoi-suntan-body-oil","status":"publish","type":"product","link":"https:\/\/cocosolis.com\/lu\/product\/monoi-suntan-body-oil\/","title":{"rendered":"MONOI Suntan &amp; Body Oil"},"content":{"rendered":"","protected":false},"excerpt":{"rendered":"","protected":false},"featured_media":1000004565,"template":"","meta":{"_acf_changed":false},"product_brand":[],"product_cat":[15],"product_tag":[],"product_template":[64],"class_list":{"0":"post-371","1":"product","2":"type-product","3":"status-publish","4":"has-post-thumbnail","6":"product_cat-suntan-body","7":"product_template-v-2024-clean","9":"first","10":"instock","11":"shipping-taxable","12":"purchasable","13":"product-type-variable","14":"has-default-attributes"},"acf":{"_v2024__listing_and_sharing_info__listing_category":"MONOI","_v2024__listing_and_sharing_info__product_type":"Suntan &amp; Body Oil","_v2024__listing__and_sharing_info__listing_below_title_in_product_page":"Huile naturelle pour un bronzage rapide et intense au soleil et au solarium. Convient \u00e9galement \u00e0 un usage quotidien pour une peau nourrie et \u00e9clatante. Au Mono\u00ef de Tahiti","_v2024__listing_and_sharing_info__listing_description":"Pour un bronzage rapide et intense et une peau \u00e9clatante. Au Mono\u00ef de Tahiti.","_v2024__listing_and_sharing_info__image":100000383,"_v2024__product_hero__hero_type":"carousel","_v2024__product_hero__product_slider_gallery":[{"_v2024__product_hero__product_slider_gallery__image":1000006625,"_v2024__product_hero__product_slider_gallery__video_link":""},{"_v2024__product_hero__product_slider_gallery__image":1000006627,"_v2024__product_hero__product_slider_gallery__video_link":""},{"_v2024__product_hero__product_slider_gallery__image":1000006630,"_v2024__product_hero__product_slider_gallery__video_link":""},{"_v2024__product_hero__product_slider_gallery__image":1000006632,"_v2024__product_hero__product_slider_gallery__video_link":""},{"_v2024__product_hero__product_slider_gallery__image":1000006634,"_v2024__product_hero__product_slider_gallery__video_link":""},{"_v2024__product_hero__product_slider_gallery__image":1000006636,"_v2024__product_hero__product_slider_gallery__video_link":""}],"_v2024__before_and_after_image":1000006547,"_v2024__before_and_after_image_mobile":1000006548,"_v2024__product_hero__quantity":"","_v2024__product_hero__product_disclamer":"","_v2024__why_use__should_show":"visible","_v2024__why_use__description_text":"Huile naturelle pour un bronzage rapide, intense, uniforme et durable \u00e0 la plage ou au solarium. Acc\u00e9l\u00e9rez votre bronzage ou utilisez-la au quotidien pour nourrir et humecter la peau.","_v2024__why_use__text_content":"<ul>\r\n \t<li>R\u00e9sultats rapides et visibles en moins de temps au soleil<\/li>\r\n \t<li>Formule efficace \u00e0 base d'ingr\u00e9dients naturels et bio, v\u00e9gan<\/li>\r\n \t<li>Convient \u00e0 un usage quotidien<\/li>\r\n \t<li>Convient au visage et au corps, aux peaux d\u00e9licates ou sensibles<\/li>\r\n \t<li>Au parfum floral exotique de fleur de Tiar\u00e9 cultiv\u00e9 sous le soleil de Tahiti<\/li>\r\n<\/ul>","_v2024__why_use__product_notes_and_remarks":"*L'huile de contient pas de filtres anti-UV.","_v2024__why_use__background_color":"#FBF1EB","_v2024__why_use__heading_color":"#816c65","_v2024__why_use__text_color":"#816c65","_v2024__why_use__image_desktop":1000006694,"_v2024__why_use__image_mobile":1000006695,"_v2024__stats_show":false,"_v2024__stats_repeater":null,"_v2024__stats_repeater_disclaimer":null,"_v2024__benefits__icons_repeater":[{"_v2024__benefit__icons_repeater_icon":1000006739,"_v2024__benefit__icons_repeater_text":"BRONZAGE RAPIDE, INTENSE ET DURABLE"},{"_v2024__benefit__icons_repeater_icon":1000006752,"_v2024__benefit__icons_repeater_text":"DES R\u00c9SULTATS VISIBLES RAPIDEMENT AU SOLEIL"},{"_v2024__benefit__icons_repeater_icon":1000006746,"_v2024__benefit__icons_repeater_text":"INGR\u00c9DIENTS BIO &amp; NATURELS"},{"_v2024__benefit__icons_repeater_icon":1000006737,"_v2024__benefit__icons_repeater_text":"AR\u00d4ME FLEUR DE TIAR\u00c9 TAHITI"}],"_v2024__image_ingreddients__intro_text":"Enti\u00e8rement naturel. L'ingr\u00e9dient authentique Mono\u00ef de Tahiti, porteur de l'esprit et de la richesse naturelle de l'\u00eele de Tahiti, est associ\u00e9 \u00e0 des huiles bio et \u00e0 de la vitamine E naturelle pour un magnifique bronzage naturel en moins de temps sous le soleil.","_v2024__image_ingreddients__additional_description":"","_v2024__image_ingreddients__disclamer_inner":"","_v2024__image_ingredients__repeater":[{"_v2024__image_ingredients__ingredient_image":1000006722,"_v2024__image_ingredients__ingredient_title":"MONOI DE TAHITI","_v2024__image_ingredients__ingredient_description":"Un ingr\u00e9dient authentique de l'\u00eele de Tahiti \u00e0 l'ar\u00f4me floral exotique, obtenu par mac\u00e9ration de fleurs de Tiar\u00e9 de Tahiti dans de l'huile de noix de coco. Rend la peau douce, hydrat\u00e9e et rajeunie."},{"_v2024__image_ingredients__ingredient_image":1000006711,"_v2024__image_ingredients__ingredient_title":"BEURRE DE CACAO","_v2024__image_ingredients__ingredient_description":"Excellente \"nourriture\" pour la peau. Il la r\u00e9g\u00e9n\u00e8re et pr\u00e9vient l'apparition des vergetures. Favorise la formation d'un teint uniforme, profond et intense."},{"_v2024__image_ingredients__ingredient_image":1000006712,"_v2024__image_ingredients__ingredient_title":"HUILE DE NOIX DE COCO","_v2024__image_ingredients__ingredient_description":"P\u00e9n\u00e8tre facilement, hydrate en profondeur et laisse la peau douce et souple. Prot\u00e8ge contre les taches de soleil et de vieillesse et cr\u00e9\u00e9 un bronzage dor\u00e9."},{"_v2024__image_ingredients__ingredient_image":1000006717,"_v2024__image_ingredients__ingredient_title":"HUILE DE JOJOBA","_v2024__image_ingredients__ingredient_description":"\u00c9quilibre la production de s\u00e9bum, apaise la peau et la maintient lisse et claire, sans boutons."},{"_v2024__image_ingredients__ingredient_image":1000006706,"_v2024__image_ingredients__ingredient_title":"HUILE D'AMANDE DOUCE","_v2024__image_ingredients__ingredient_description":"Apaise et am\u00e9liore la texture et le teint de la peau. R\u00e9duit les rougeurs et l'inflammation."},{"_v2024__image_ingredients__ingredient_image":1000006730,"_v2024__image_ingredients__ingredient_title":"VITAMINE E NATURELLE","_v2024__image_ingredients__ingredient_description":"Antioxydant puissant qui combat les signes du vieillissement et qui renforce le processus naturel de gu\u00e9rison de la peau."}],"_v2024__image_ingredients__all_ingredients":"COCOS NUCIFERA OIL*, COCONUT ALKANES, SIMMONDSIA CHINENSIS SEED OIL*, PRUNUS AMYGDALUS DULCIS OIL*, PARFUM, TOCOPHEROL, GARDENIA TAITENSIS FLOWER, THEOBROMA CACAO SEED BUTTER*, HELIANTHUS ANNUUS SEED OIL, LINALOOL, LIMONENE, BENZYL BENZOATE, BENZYL SALICYLATE, FARNESOL, GERANIOL <strong>(COCONUT OIL*, EMOLLIENT FROM COCONUT OIL, JOJOBA OIL*, SWEET ALMOND OIL*, PARFUM TIARE FLOWER, NATURAL VITAMIN E, GARDENIA TAITENSIS FLOWER, CACAO BUTTER*, SUNFLOWER SEED OIL, LINALOOL, LIMONENE, BENZYL BENZOATE, BENZYL SALICYLATE, FARNESOL, GERANIOL) <\/strong>\r\n\r\n<em>*Ingr\u00e9dients certifi\u00e9s bio<\/em>\r\n\r\n<em>Nous vous prions de bien vouloir noter que la liste des ingr\u00e9dients peut l\u00e9g\u00e8rement varier dans le temps compte-tenu des am\u00e9liorations du produit. Voir sur l'emballage du produit pour l'information actualis\u00e9e.<\/em>","_v2024__usage_content__left_content":"<h4>POUR BRONZER AU SOLEIL ET AU SOLARIUM<\/h4>\r\nEn cas d'exposition au soleil, il est recommand\u00e9 d'utiliser le produit en combinaison avec un \u00e9cran solaire :\r\n<ol>\r\n \t<li>Appliquez la cr\u00e8me solaire et attendez 15 minutes pour qu'elle p\u00e9n\u00e8tre.<\/li>\r\n \t<li>Appliquez l'huile de bronzage.<\/li>\r\n \t<li>R\u00e9p\u00e9tez l'op\u00e9ration toutes les 2 heures et apr\u00e8s chaque baignade.<\/li>\r\n<\/ol>\r\n<h4>POUR TOUS LES JOURS<\/h4>\r\nUtiliser imm\u00e9diatement apr\u00e8s la douche sur une peau humide ou s\u00e8che, lorsque les pores sont ouverts et absorbent la quantit\u00e9 maximale d'ingr\u00e9dients.\r\n<h4>POUR UN MASSAGE<\/h4>\r\nParfait comme huile de massage.","_v2024__usage_content__right_bottom_content":"","_v2024__usage_content__note":"IMPORTANT: L\u2019huile ne contient pas de filtre UV pour protection solaire. En cas d\u2019exposition directe au soleil, il est recommand\u00e9 de l\u2019utiliser en association avec un produit de protection solaire. Le produit n\u2019est pas un auto-bronzant. Une exposition excessive au soleil repr\u00e9sente une grave menace pour la sant\u00e9.","_v2024__usage_content__storage":"Conserver dans un endroit frais et sec. Ne pas r\u00e9frig\u00e9rer. Le produit durcit s'il est conserv\u00e9 dans un endroit frais ce qui emp\u00eache le contenu de sortir de la pompe. Pour le rendre liquide, laissez le flacon \u00e0 temp\u00e9rature ambiante \u00e0 plus de 25\u0421\u00b0. Ne pas ouvrir le flacon lorsque le produit a durci, car vous risquez de casser la pompe.\r\n\r\n&nbsp;\r\n\r\nA usage externe uniquement. Cesser l'utilisation en cas d'irritation. Ne pas utiliser sur une peau endommag\u00e9e ou bless\u00e9e. \u00c9viter le contact avec les yeux. Tenir hors de la port\u00e9e des enfants !"},"_links":{"self":[{"href":"https:\/\/cocosolis.com\/lu\/wp-json\/wp\/v2\/product\/371","targetHints":{"allow":["GET"]}}],"collection":[{"href":"https:\/\/cocosolis.com\/lu\/wp-json\/wp\/v2\/product"}],"about":[{"href":"https:\/\/cocosolis.com\/lu\/wp-json\/wp\/v2\/types\/product"}],"wp:featuredmedia":[{"embeddable":true,"href":"https:\/\/cocosolis.com\/lu\/wp-json\/"}],"wp:attachment":[{"href":"https:\/\/cocosolis.com\/lu\/wp-json\/wp\/v2\/media?parent=371"}],"wp:term":[{"taxonomy":"product_brand","embeddable":true,"href":"https:\/\/cocosolis.com\/lu\/wp-json\/wp\/v2\/product_brand?post=371"},{"taxonomy":"product_cat","embeddable":true,"href":"https:\/\/cocosolis.com\/lu\/wp-json\/wp\/v2\/product_cat?post=371"},{"taxonomy":"product_tag","embeddable":true,"href":"https:\/\/cocosolis.com\/lu\/wp-json\/wp\/v2\/product_tag?post=371"},{"taxonomy":"product_template","embeddable":true,"href":"https:\/\/cocosolis.com\/lu\/wp-json\/wp\/v2\/product_template?post=371"}],"curies":[{"name":"wp","href":"https:\/\/api.w.org\/{rel}","templated":true}]}}