{"id":1000005230,"date":"2026-05-12T14:15:01","date_gmt":"2026-05-12T12:15:01","guid":{"rendered":"https:\/\/cocosolis.com\/lu\/product\/one-all-in-one-leave-in-conditioner\/"},"modified":"2026-05-12T14:59:36","modified_gmt":"2026-05-12T12:59:36","slug":"one-all-in-one-leave-in-conditioner","status":"publish","type":"product","link":"https:\/\/cocosolis.com\/lu\/product\/one-all-in-one-leave-in-conditioner\/","title":{"rendered":"ONE. ALL IN ONE LEAVE-IN CONDITIONER"},"content":{"rendered":"","protected":false},"excerpt":{"rendered":"","protected":false},"featured_media":10000010295,"template":"","meta":{"_acf_changed":false},"product_brand":[],"product_cat":[17],"product_tag":[],"product_template":[64],"class_list":{"0":"post-1000005230","1":"product","2":"type-product","3":"status-publish","4":"has-post-thumbnail","6":"product_cat-hair","7":"product_template-v-2024-clean","9":"first","10":"instock","11":"shipping-taxable","12":"purchasable","13":"product-type-simple"},"acf":{"_v2024__listing_and_sharing_info__listing_category":"ONE","_v2024__listing_and_sharing_info__product_type":"All-in-one Leave-in Conditioner","_v2024__listing__and_sharing_info__listing_below_title_in_product_page":"Apr\u00e8s-shampoing sans rin\u00e7age aux 12 bienfaits dans une formule ultra-l\u00e9g\u00e8re. Hydrate et r\u00e9pare. Lisse et illumine les cheveux. D\u00e9m\u00ealage et coiffage facilit\u00e9s, frisottis ma\u00eetris\u00e9s, temps de s\u00e9chage r\u00e9duit. Prot\u00e8ge des UV et de la chaleur. Pr\u00e9serve l\u2019\u00e9clat de la couleur.","_v2024__listing_and_sharing_info__listing_description":"Apr\u00e8s-shampoing sans rin\u00e7age aux 12 bienfaits pour les cheveux. Hydrate, r\u00e9pare et prot\u00e8ge sans alourdir.","_v2024__listing_and_sharing_info__image":10000010296,"_v2024__product_hero__hero_type":"carousel","_v2024__product_hero__product_slider_gallery":[{"_v2024__product_hero__product_slider_gallery__image":10000010406,"_v2024__product_hero__product_slider_gallery__video_link":""},{"_v2024__product_hero__product_slider_gallery__image":10000010407,"_v2024__product_hero__product_slider_gallery__video_link":""},{"_v2024__product_hero__product_slider_gallery__image":10000010408,"_v2024__product_hero__product_slider_gallery__video_link":""},{"_v2024__product_hero__product_slider_gallery__image":10000010404,"_v2024__product_hero__product_slider_gallery__video_link":""},{"_v2024__product_hero__product_slider_gallery__image":10000010405,"_v2024__product_hero__product_slider_gallery__video_link":""},{"_v2024__product_hero__product_slider_gallery__image":10000010403,"_v2024__product_hero__product_slider_gallery__video_link":""},{"_v2024__product_hero__product_slider_gallery__image":10000010402,"_v2024__product_hero__product_slider_gallery__video_link":""},{"_v2024__product_hero__product_slider_gallery__image":10000010400,"_v2024__product_hero__product_slider_gallery__video_link":""},{"_v2024__product_hero__product_slider_gallery__image":10000010401,"_v2024__product_hero__product_slider_gallery__video_link":""}],"_v2024__before_and_after_image":10000010294,"_v2024__before_and_after_image_mobile":10000010293,"_v2024__product_hero__quantity":"150ml","_v2024__product_hero__product_disclamer":"","_v2024__why_use__should_show":"visible","_v2024__why_use__description_text":"<p><strong>L\u00e9g\u00e8re comme une cr\u00e8me, puissante comme un soin. Formule nouvelle g\u00e9n\u00e9ration. Absorption instantan\u00e9e, sans alourdir les cheveux. L\u2019indispensable pour tous les types de cheveux :<\/strong><\/p>","_v2024__why_use__text_content":"<ol><li><strong>Hydratation :<\/strong> jusqu\u2019\u00e0 30 % de r\u00e9tention d\u2019hydratation en plus*<\/li><li><strong>\u00c9clat soyeux :<\/strong> jusqu'\u00e0 51 % de brillance en plus apr\u00e8s 5 applications*<\/li><li><strong>D\u00e9m\u00ealage facile :<\/strong> jusqu\u2019\u00e0 83 % de facilit\u00e9 en plus pour coiffer et brosser*<\/li><li><strong>Contr\u00f4le des frisottis :<\/strong> dompte les m\u00e8ches rebelles et l\u2019\u00e9lectricit\u00e9 statique*<\/li><li><strong>Effet s\u00e9chage express :<\/strong> jusqu\u2019\u00e0 42 % de s\u00e9chage plus rapide*<\/li><li>Scelle les pointes fourchues avec un film protecteur*<\/li><li><strong>R\u00e9pare :<\/strong> restaure les micro-dommages et la structure du cheveu, nourrit*<\/li><li><strong>Douceur et lissage :<\/strong> lisse la fibre capillaire, adoucit*<\/li><li><strong>Solidit\u00e9 :<\/strong> r\u00e9sistance \u00e0 la casse augment\u00e9e de 21 %*<\/li><li><strong>Protection thermique :<\/strong> prot\u00e8ge les cheveux jusqu\u2019\u00e0 220\u00b0C*<\/li><li><strong>Bouclier UV & antioxydant :<\/strong> protection active jusqu\u2019\u00e0 3 jours*<\/li><li><strong>Protection couleur :<\/strong> jusqu\u2019\u00e0 50 % de tenue en plus, prot\u00e8ge de la d\u00e9coloration*<\/li><\/ol>","_v2024__why_use__product_notes_and_remarks":"*Selon des tests en laboratoire et des tests instrumentaux sur les ingr\u00e9dients actifs.","_v2024__why_use__background_color":"#FBF1EB","_v2024__why_use__heading_color":"#816c65","_v2024__why_use__text_color":"#816c65","_v2024__why_use__image_desktop":10000010297,"_v2024__why_use__image_mobile":10000010298,"_v2024__stats_show":true,"_v2024__stats_repeater":[{"_v2024__stats_repeater_id":"hydration","_v2024__stats_repeater_number":30,"_v2024__stats_repeater_description_title":"HYDRATATION*","_v2024__stats_repeater_description":"","_v2024__stats_repeater_asterisks":"*"},{"_v2024__stats_repeater_id":"shine","_v2024__stats_repeater_number":51,"_v2024__stats_repeater_description_title":"\u00c9CLAT*","_v2024__stats_repeater_description":"","_v2024__stats_repeater_asterisks":"*"},{"_v2024__stats_repeater_id":"easier_detangling","_v2024__stats_repeater_number":83,"_v2024__stats_repeater_description_title":"D\u00e9m\u00ealage facilit\u00e9*","_v2024__stats_repeater_description":"","_v2024__stats_repeater_asterisks":"*"},{"_v2024__stats_repeater_id":"faster_drying","_v2024__stats_repeater_number":42,"_v2024__stats_repeater_description_title":"S\u00e9chage plus rapide*","_v2024__stats_repeater_description":"","_v2024__stats_repeater_asterisks":"*"}],"_v2024__stats_repeater_disclaimer":[{"_v2024__stats_repeater_disclaimer_text":"Selon des tests en laboratoire et des analyses instrumentales des ingr\u00e9dients actifs."}],"_v2024__benefits__icons_repeater":[{"_v2024__benefit__icons_repeater_icon":10000010291,"_v2024__benefit__icons_repeater_text":"FORCE & HYDRATATION"},{"_v2024__benefit__icons_repeater_icon":10000010289,"_v2024__benefit__icons_repeater_text":"CONTR\u00d4LE DES CHEVEUX"},{"_v2024__benefit__icons_repeater_icon":10000010290,"_v2024__benefit__icons_repeater_text":"\u00c9CLAT & DOUCEUR"},{"_v2024__benefit__icons_repeater_icon":10000010288,"_v2024__benefit__icons_repeater_text":"PROTECTION TOTALE"}],"_v2024__image_ingreddients__intro_text":"<strong>Formule naturelle intelligente. 4 actifs nouvelle g\u00e9n\u00e9ration associ\u00e9s \u00e0 de l\u2019huile de coco bio renforcent la fibre capillaire de l\u2019int\u00e9rieur, forment un film protecteur \u00e0 l\u2019ext\u00e9rieur et laissent les cheveux visiblement plus lisses et brillants.<\/strong>","_v2024__image_ingreddients__additional_description":"","_v2024__image_ingreddients__disclamer_inner":"","_v2024__image_ingredients__repeater":[{"_v2024__image_ingredients__ingredient_image":1000008646,"_v2024__image_ingredients__ingredient_title":"BIO-STRUCTURE PRO","_v2024__image_ingredients__ingredient_description":"<p>Ingr\u00e9dient actif issu de noix vertes, extrait gr\u00e2ce \u00e0 une technologie brevet\u00e9e pour une biodisponibilit\u00e9 maximale des nutriments. Riche en ph\u00e9nols structuraux, il agit comme un v\u00e9ritable bouclier antioxydant contre les radicaux libres et les rayons UV nocifs. Efficacit\u00e9 cliniquement prouv\u00e9e pour pr\u00e9server l\u2019\u00e9clat de la couleur. R\u00e9sultat : des cheveux faciles \u00e0 d\u00e9m\u00ealer, doux et ultra-brillants.<\/p>"},{"_v2024__image_ingredients__ingredient_image":10000010286,"_v2024__image_ingredients__ingredient_title":"HYDRO-SAVE BIO","_v2024__image_ingredients__ingredient_description":"<p>Ingr\u00e9dient actif issu de ch\u00e2taignes bio, extrait gr\u00e2ce \u00e0 un proc\u00e9d\u00e9 enzymatique brevet\u00e9 pour une absorption optimale. Riche en prot\u00e9ines, acides gras et sucres, il cr\u00e9e un film invisible qui scelle la cuticule et enveloppe la fibre capillaire. Offre une protection thermique puissante, pr\u00e9vient le dess\u00e8chement et les dommages caus\u00e9s par le lisseur ou le s\u00e8che-cheveux. R\u00e9pare les pointes ab\u00eem\u00e9es, nourrit intens\u00e9ment et am\u00e9liore l\u2019hydratation, efficacit\u00e9 cliniquement prouv\u00e9e. R\u00e9sultat : des cheveux soyeux, ultra-doux au toucher.<\/p>"},{"_v2024__image_ingredients__ingredient_image":10000010287,"_v2024__image_ingredients__ingredient_title":"QUINOA GLOSS","_v2024__image_ingredients__ingredient_description":"<p>Ingr\u00e9dient actif issu des graines de quinoa : une prot\u00e9ine naturelle au profil complet d\u2019acides amin\u00e9s. Gr\u00e2ce \u00e0 la technologie innovante NPNF\u2122 de prot\u00e9ine hydrolys\u00e9e, elle p\u00e9n\u00e8tre au c\u0153ur de la fibre capillaire et r\u00e9pare m\u00eame les cheveux tr\u00e8s ab\u00eem\u00e9s. Forme un film protecteur qui lisse la chevelure, apporte brillance naturelle et douceur. Facilite le d\u00e9m\u00ealage et sublime la d\u00e9finition des boucles.<\/p>"},{"_v2024__image_ingredients__ingredient_image":10000010285,"_v2024__image_ingredients__ingredient_title":"AMARANTH-SHIELD 3D","_v2024__image_ingredients__ingredient_description":"<p>Ingr\u00e9dient actif issu des graines d\u2019amarante, avec technologie 3D Matrix pour une lib\u00e9ration progressive au c\u0153ur de la fibre capillaire. Renforce la structure interne du cheveu et am\u00e9liore son \u00e9lasticit\u00e9 et sa r\u00e9sistance \u2013 efficacit\u00e9 cliniquement prouv\u00e9e. Lisse la surface, r\u00e9duit les frottements pour une douceur irr\u00e9sistible, une brillance \u00e9clatante et un d\u00e9m\u00ealage facile. Acc\u00e9l\u00e8re le s\u00e9chage, limite les dommages caus\u00e9s par la chaleur et maintient une hydratation optimale.<\/p>"},{"_v2024__image_ingredients__ingredient_image":1000006712,"_v2024__image_ingredients__ingredient_title":"NOIX DE COCO","_v2024__image_ingredients__ingredient_description":"<p>Huile bio press\u00e9e \u00e0 froid, riche en acide laurique : elle p\u00e9n\u00e8tre au c\u0153ur de la fibre capillaire et limite la perte de prot\u00e9ines. Hydrate intens\u00e9ment, prot\u00e8ge de la s\u00e9cheresse et laisse les cheveux plus doux, plus lisses et ultra brillants.<\/p>"}],"_v2024__image_ingredients__all_ingredients":"<p>AQUA*, MYRISTYL ALCOHOL*, COCONUT ALKANES*, BEHENTRIMONIUM CHLORIDE, COCOS NUCIFERA OIL*, PARFUM, HYDROLYZED CHESTNUT EXTRACT*, HYDROLYZED QUINOA*, HYDROLYZED WALNUT EXTRACT*, AMARANTHUS CAUDATUS SEED EXTRACT*, LYSINE*, LEVULINIC ACID*, GLYCERIN*, CETRIMONIUM CHLORIDE, SCLEROTIUM GUM*, PCA GLYCERYL OLEATE*, GLYCERYL CAPRYLATE*, ZEA MAYS STARCH*, CETYL ALCOHOL*, LAURYL ALCOHOL*, CITRIC ACID*, SODIUM LEVULINATE*, PENTYLENE GLYCOL*, SODIUM BENZOATE, POTASSIUM SORBATE, BENZYL ALCOHOL, CI 14720, BENZYL SALICYLATE<\/p><p>Nous vous prions de bien vouloir noter que la liste des ingr\u00e9dients peut l\u00e9g\u00e8rement varier dans le temps compte-tenu des am\u00e9liorations du produit. Voir sur l'emballage du produit pour l'information actualis\u00e9e.<\/p>","_v2024__usage_content__left_content":"<p><strong>O\u00d9 :<\/strong> sur les longueurs des cheveux<\/p><p><strong>COMBIEN :<\/strong><\/p><p><strong>COMMENT :<\/strong> applique sur cheveux propres et humides, d\u00e9m\u00eale puis coiffe selon tes envies<\/p><p><strong>\u00c0 QUELLE FR\u00c9QUENCE :<\/strong> apr\u00e8s chaque lavage de cheveux ; peut s\u2019utiliser au quotidien<\/p>","_v2024__usage_content__right_bottom_content":"","_v2024__usage_content__note":"<p><strong>IMPORTANT :<\/strong> A usage externe uniquement. Cesser l'utilisation en cas d'irritation. \u00c9viter le contact avec les yeux. Tenir hors de la port\u00e9e des enfants ! Conserver dans un endroit frais et sec.<\/p>","_v2024__usage_content__storage":""},"_links":{"self":[{"href":"https:\/\/cocosolis.com\/lu\/wp-json\/wp\/v2\/product\/1000005230","targetHints":{"allow":["GET"]}}],"collection":[{"href":"https:\/\/cocosolis.com\/lu\/wp-json\/wp\/v2\/product"}],"about":[{"href":"https:\/\/cocosolis.com\/lu\/wp-json\/wp\/v2\/types\/product"}],"wp:featuredmedia":[{"embeddable":true,"href":"https:\/\/cocosolis.com\/lu\/wp-json\/"}],"wp:attachment":[{"href":"https:\/\/cocosolis.com\/lu\/wp-json\/wp\/v2\/media?parent=1000005230"}],"wp:term":[{"taxonomy":"product_brand","embeddable":true,"href":"https:\/\/cocosolis.com\/lu\/wp-json\/wp\/v2\/product_brand?post=1000005230"},{"taxonomy":"product_cat","embeddable":true,"href":"https:\/\/cocosolis.com\/lu\/wp-json\/wp\/v2\/product_cat?post=1000005230"},{"taxonomy":"product_tag","embeddable":true,"href":"https:\/\/cocosolis.com\/lu\/wp-json\/wp\/v2\/product_tag?post=1000005230"},{"taxonomy":"product_template","embeddable":true,"href":"https:\/\/cocosolis.com\/lu\/wp-json\/wp\/v2\/product_template?post=1000005230"}],"curies":[{"name":"wp","href":"https:\/\/api.w.org\/{rel}","templated":true}]}}