{"id":1000005123,"date":"2026-04-01T12:51:26","date_gmt":"2026-04-01T10:51:26","guid":{"rendered":"https:\/\/cocosolis.com\/lu\/product\/solis-gradual-tan-body-milk\/"},"modified":"2026-04-20T12:50:22","modified_gmt":"2026-04-20T10:50:22","slug":"solis-gradual-tan-body-milk","status":"publish","type":"product","link":"https:\/\/cocosolis.com\/lu\/product\/solis-gradual-tan-body-milk\/","title":{"rendered":"SOLIS Gradual Tan Body Milk"},"content":{"rendered":"","protected":false},"excerpt":{"rendered":"","protected":false},"featured_media":10000010273,"template":"","meta":{"_acf_changed":false},"product_brand":[],"product_cat":[43],"product_tag":[],"product_template":[64],"class_list":{"0":"post-1000005123","1":"product","2":"type-product","3":"status-publish","4":"has-post-thumbnail","6":"product_cat-self-tanner","7":"product_template-v-2024-clean","9":"first","10":"instock","11":"shipping-taxable","12":"purchasable","13":"product-type-simple"},"acf":{"_v2024__listing_and_sharing_info__listing_category":"SOLIS","_v2024__listing_and_sharing_info__product_type":"Gradual Tan Body Milk","_v2024__listing__and_sharing_info__listing_below_title_in_product_page":"Lait autobronzant naturel pour le corps. Pour une hydratation quotidienne et un bronzage progressif.Formule l\u00e9g\u00e8re \u00e0 absorption rapide.","_v2024__listing_and_sharing_info__listing_description":"Lait naturel autobronzant pour le corps. Pour une hydratation quotidienne et un bronzage progressif.","_v2024__listing_and_sharing_info__image":1000009847,"_v2024__product_hero__hero_type":"carousel","_v2024__product_hero__product_slider_gallery":[{"_v2024__product_hero__product_slider_gallery__image":1000009890,"_v2024__product_hero__product_slider_gallery__video_link":""},{"_v2024__product_hero__product_slider_gallery__image":1000009891,"_v2024__product_hero__product_slider_gallery__video_link":""},{"_v2024__product_hero__product_slider_gallery__image":1000009892,"_v2024__product_hero__product_slider_gallery__video_link":""},{"_v2024__product_hero__product_slider_gallery__image":1000009893,"_v2024__product_hero__product_slider_gallery__video_link":""},{"_v2024__product_hero__product_slider_gallery__image":1000009894,"_v2024__product_hero__product_slider_gallery__video_link":""},{"_v2024__product_hero__product_slider_gallery__image":1000009895,"_v2024__product_hero__product_slider_gallery__video_link":""},{"_v2024__product_hero__product_slider_gallery__image":1000009896,"_v2024__product_hero__product_slider_gallery__video_link":""},{"_v2024__product_hero__product_slider_gallery__image":1000009897,"_v2024__product_hero__product_slider_gallery__video_link":""}],"_v2024__before_and_after_image":1000009963,"_v2024__before_and_after_image_mobile":1000009962,"_v2024__product_hero__quantity":"200ml","_v2024__product_hero__product_disclamer":"","_v2024__why_use__should_show":"visible","_v2024__why_use__description_text":"<strong>Une formule pure, ax\u00e9e sur les soins de la peau, qui combine du DHA naturel, de l'huile de cacay bio, appr\u00e9ci\u00e9e comme r\u00e9tinol naturel, de l'huile de marula bio pour un effet anti-\u00e2ge, et de l'acide hyaluronique. Laisse ta peau douce et soyeuse, avec un bronzage qui se d\u00e9veloppe en 8 heures et que tu peux intensifier jour apr\u00e8s jour.<\/strong>","_v2024__why_use__text_content":"<ul>\r\n \t<li>Donne un bronzage naturel qui s'intensifie \u00e0 chaque application<\/li>\r\n \t<li>Hydratation en profondeur et soins anti-\u00e2ge gr\u00e2ce au pouvoir du r\u00e9tinol naturel issu de l'huile de cacay<\/li>\r\n \t<li>Formule innovante qui s'adapte au teint de la peau<\/li>\r\n \t<li>\u00c9mulsion l\u00e9g\u00e8re \u00e0 absorption rapide qui ne tache pas<\/li>\r\n \t<li>\u0410pplication uniforme, sans taches<\/li>\r\n \t<li>Id\u00e9al pour les d\u00e9butants en mati\u00e8re d'autobronzants<\/li>\r\n \t<li>Pour de meilleurs r\u00e9sultats, appliquer avec le gant pour autobronzant<\/li>\r\n \t<li>Ar\u00f4me caramel latte<\/li>\r\n<\/ul>","_v2024__why_use__product_notes_and_remarks":"","_v2024__why_use__background_color":"#eddacd","_v2024__why_use__heading_color":"#816c65","_v2024__why_use__text_color":"#816c65","_v2024__why_use__image_desktop":1000009848,"_v2024__why_use__image_mobile":1000009849,"_v2024__stats_show":false,"_v2024__stats_repeater":null,"_v2024__stats_repeater_disclaimer":null,"_v2024__benefits__icons_repeater":[{"_v2024__benefit__icons_repeater_icon":10000010005,"_v2024__benefit__icons_repeater_text":"BRONZAGE D'ASPECT NATUREL"},{"_v2024__benefit__icons_repeater_icon":10000010004,"_v2024__benefit__icons_repeater_text":"D\u00c9VELOPPEMENT PROGRESSIF"},{"_v2024__benefit__icons_repeater_icon":10000010003,"_v2024__benefit__icons_repeater_text":"HYDRATATION QUOTIDIENNE"},{"_v2024__benefit__icons_repeater_icon":10000010002,"_v2024__benefit__icons_repeater_text":"PARFUM CARAMEL LATTE"}],"_v2024__image_ingreddients__intro_text":"<strong>Combinaison d'un booster de bronzage naturel , d'acide hyaluronique et d'huiles bio press\u00e9es \u00e0 froid qui humectent en profondeur. Formule l\u00e9g\u00e8re pour un bronzage uniforme et d'aspect naturel qui s'accumule progressivement et s'estompe uniform\u00e9ment.<\/strong>","_v2024__image_ingreddients__additional_description":"","_v2024__image_ingreddients__disclamer_inner":"","_v2024__image_ingredients__repeater":[{"_v2024__image_ingredients__ingredient_image":1000009843,"_v2024__image_ingredients__ingredient_title":"DHA NATUREL","_v2024__image_ingredients__ingredient_description":"Ingr\u00e9dient actif d'origine v\u00e9g\u00e9tale obtenue par fermentation. R\u00e9agit avec les acides amin\u00e9s de la peau pour obtenir un bronzage naturel sans exposition au soleil."},{"_v2024__image_ingredients__ingredient_image":1000009842,"_v2024__image_ingredients__ingredient_title":"ACIDE HYALURONIQUE","_v2024__image_ingredients__ingredient_description":"Humectant puissant d'origine naturelle. Assure une hydratation en profondeur qui aide le bronzage \u00e0 se d\u00e9velopper plus uniform\u00e9ment et \u00e0 durer plus longtemps. Prot\u00e8ge contre l'apparition de taches et de stries."},{"_v2024__image_ingredients__ingredient_image":1000009841,"_v2024__image_ingredients__ingredient_title":"MARULA","_v2024__image_ingredients__ingredient_description":"Huile l\u00e9g\u00e8re et profond\u00e9ment hydratante, riche en antioxydants et en acides gras essentiels. Elle p\u00e9n\u00e8tre rapidement et en profondeur et pr\u00e9pare la peau \u00e0 un bronzage uniforme. Elle maintient la barri\u00e8re cutan\u00e9e en bonne sant\u00e9, ce qui permet au bronzage de s'estomper progressivement."},{"_v2024__image_ingredients__ingredient_image":1000009844,"_v2024__image_ingredients__ingredient_title":"CACAY","_v2024__image_ingredients__ingredient_description":"Surnomm\u00e9 \u00ab l'or de l'Amazonie \u00bb, cette huile poss\u00e8de de puissantes propri\u00e9t\u00e9s anti-\u00e2ge et hydratantes. Extr\u00eamement riche en vitamine A, elle est consid\u00e9r\u00e9e comme un r\u00e9tinol naturel. Elle cr\u00e9e une base lisse et rafra\u00eechie pour un bronzage uniforme."},{"_v2024__image_ingredients__ingredient_image":1000006712,"_v2024__image_ingredients__ingredient_title":"NOIX DE COCO","_v2024__image_ingredients__ingredient_description":"P\u00e9n\u00e8tre facilement, humecte en profondeur et retient l'humidit\u00e9 dans la peau. Elle cr\u00e9e une barri\u00e8re protectrice et pr\u00e9vient l'apparition de taches sombres dans les zones s\u00e8ches telles que les coudes et les genoux."}],"_v2024__image_ingredients__all_ingredients":"INCI: AQUA*, CAPRYLIC\/CAPRIC TRIGLYCERIDE*, COCO-CAPRYLATE\/CAPRATE*, DIHYDROXYACETONE*, PENTYLENE GLYCOL*, MAGNESIUM SULFATE, POLYGLYCERYL-6 STEARATE*, XANTHAN GUM*, COCOS NUCIFERA OIL*, SCLEROCARYA BIRREA SEED OIL*, CARYODENDRON ORINOCENSE SEED OIL*, SODIUM HYALURONATE*, LECITHIN*, PULLULAN*, CITRIC ACID*, C14-22 ALCOHOLS*, C12-20 ALKYL GLUCOSIDE*, MICROCRYSTALLINE CELLULOSE*, CELLULOSE GUM*, SCLEROTIUM GUM*, POLYGLYCERYL-6 BEHENATE*, POLYGLYCERYL-4 DIISOSTEARATE\/POLYHYDROXYSTEARATE\/SEBACATE*, POLYGLYCERYL-3 OLEATE*, DIISOSTEAROYL POLYGLYCERYL-3 DIMER DILINOLEATE*, HYDRATED SILICA*, TETRASODIUM GLUTAMATE DIACETATE, PARFUM*, VANILLIN, LINALOOL, CITRAL, BENZALDEHYDE\r\n\r\n*Ingr\u00e9dients d\u2018origine naturelle\r\n\r\nNous vous prions de bien vouloir noter que la liste des ingr\u00e9dients peut l\u00e9g\u00e8rement varier dans le temps compte-tenu des am\u00e9liorations du produit. Voir sur l'emballage du produit pour l'information actualis\u00e9e.","_v2024__usage_content__left_content":"<strong>O\u00d9 :<\/strong> tout le corps\r\n\r\n<strong>\u00c0 QUELLE FR\u00c9QUENCE :<\/strong> Chaque jour, comme un lait hydratant pour le corps, jusqu'\u00e0 obtenir l'intensit\u00e9 du bronzage souhait\u00e9e.\r\n\r\nPlus tu appliques SOLIS Gradual Tan Body Milk souvent, plus ton bronzage sera intense.\r\n\r\n<strong>COMMENT :<\/strong>\r\n<ul>\r\n \t<li>1. Pour de meilleurs r\u00e9sultats, exfolie le corps avec le Exfoliating Mitt 24 heures avant la premi\u00e8re application.<\/li>\r\n \t<li>2. Sur une peau propre et s\u00e8che, applique le lait avec le Self-tanning Mitt en effectuant de l\u00e9gers mouvements de massage. Applique avec parcimonie sur les coudes, les genoux, les chevilles, les pieds et les mains.<\/li>\r\n \t<li>3. Si tu l'appliques sans gant, lave-toi bien les mains. Pour prot\u00e9ger les mains d\u2019une \u00e9ventuelle coloration, nous recommandons d\u2019utiliser un Self-tanning Mitt.<\/li>\r\n \t<li>4. Attends que le produit soit compl\u00e8tement absorb\u00e9 avant de t'habiller.<\/li>\r\n<\/ul>","_v2024__usage_content__right_bottom_content":"","_v2024__usage_content__note":"<strong>IMPORTANT:<\/strong> Conserver dans un endroit frais, sombre et sec. En raison de sa composition naturelle, la couleur de la lotion peut changer avec le temps, mais cela n\u2019affecte en rien sa qualit\u00e9 et son efficacit\u00e9. A usage externe uniquement. Tester pour des r\u00e9actions allergiques 24 heures avant utilisation. Cesser l'utilisation en cas d'irritation. Ne pas utiliser sur une peau endommag\u00e9e ou bless\u00e9e. \u00c9viter le contact visuel. Ce produit ne contient pas de cr\u00e8me solaire et ne prot\u00e8ge pas des coups de soleil. Tenir hors de la port\u00e9e des enfants !","_v2024__usage_content__storage":""},"_links":{"self":[{"href":"https:\/\/cocosolis.com\/lu\/wp-json\/wp\/v2\/product\/1000005123","targetHints":{"allow":["GET"]}}],"collection":[{"href":"https:\/\/cocosolis.com\/lu\/wp-json\/wp\/v2\/product"}],"about":[{"href":"https:\/\/cocosolis.com\/lu\/wp-json\/wp\/v2\/types\/product"}],"wp:featuredmedia":[{"embeddable":true,"href":"https:\/\/cocosolis.com\/lu\/wp-json\/"}],"wp:attachment":[{"href":"https:\/\/cocosolis.com\/lu\/wp-json\/wp\/v2\/media?parent=1000005123"}],"wp:term":[{"taxonomy":"product_brand","embeddable":true,"href":"https:\/\/cocosolis.com\/lu\/wp-json\/wp\/v2\/product_brand?post=1000005123"},{"taxonomy":"product_cat","embeddable":true,"href":"https:\/\/cocosolis.com\/lu\/wp-json\/wp\/v2\/product_cat?post=1000005123"},{"taxonomy":"product_tag","embeddable":true,"href":"https:\/\/cocosolis.com\/lu\/wp-json\/wp\/v2\/product_tag?post=1000005123"},{"taxonomy":"product_template","embeddable":true,"href":"https:\/\/cocosolis.com\/lu\/wp-json\/wp\/v2\/product_template?post=1000005123"}],"curies":[{"name":"wp","href":"https:\/\/api.w.org\/{rel}","templated":true}]}}