{"id":1000004732,"date":"2025-07-07T15:12:12","date_gmt":"2025-07-07T13:12:12","guid":{"rendered":"https:\/\/cocosolis.com\/lu\/product\/hot-fat-burning-serum\/"},"modified":"2026-02-25T15:10:02","modified_gmt":"2026-02-25T14:10:02","slug":"hot-fat-burning-serum","status":"publish","type":"product","link":"https:\/\/cocosolis.com\/lu\/product\/hot-fat-burning-serum\/","title":{"rendered":"HOT+ Fat-burning Serum"},"content":{"rendered":"","protected":false},"excerpt":{"rendered":"","protected":false},"featured_media":1000008635,"template":"","meta":{"_acf_changed":false},"product_brand":[],"product_cat":[19],"product_tag":[],"product_template":[64],"class_list":{"0":"post-1000004732","1":"product","2":"type-product","3":"status-publish","4":"has-post-thumbnail","6":"product_cat-skin","7":"product_template-v-2024-clean","9":"first","10":"instock","11":"shipping-taxable","12":"purchasable","13":"product-type-simple"},"acf":{"_v2024__listing_and_sharing_info__listing_category":"HOT+","_v2024__listing_and_sharing_info__product_type":"Fat-burning Serum","_v2024__listing__and_sharing_info__listing_below_title_in_product_page":"S\u00e9rum amincissant thermoactif. Formule contenant des ingr\u00e9dients cliniquement prouv\u00e9s pour br\u00fbler les graisses, raffermir et lisser.<br><strong>Zone cible : fesses et cuisses<br>Action chauffante<\/strong>","_v2024__listing_and_sharing_info__listing_description":"S\u00e9rum amincissant thermoactif pour perte de poids. Une formule contenant des ingr\u00e9dients cliniquement prouv\u00e9s pour faire fondre les graisses.<br><strong>Zone : fesses et cuisses<\/strong>","_v2024__listing_and_sharing_info__image":1000008636,"_v2024__product_hero__hero_type":"carousel","_v2024__product_hero__product_slider_gallery":[{"_v2024__product_hero__product_slider_gallery__image":1000008241,"_v2024__product_hero__product_slider_gallery__video_link":""},{"_v2024__product_hero__product_slider_gallery__image":1000008280,"_v2024__product_hero__product_slider_gallery__video_link":""},{"_v2024__product_hero__product_slider_gallery__image":"","_v2024__product_hero__product_slider_gallery__video_link":""},{"_v2024__product_hero__product_slider_gallery__image":1000008281,"_v2024__product_hero__product_slider_gallery__video_link":""},{"_v2024__product_hero__product_slider_gallery__image":1000008282,"_v2024__product_hero__product_slider_gallery__video_link":""},{"_v2024__product_hero__product_slider_gallery__image":1000008283,"_v2024__product_hero__product_slider_gallery__video_link":""},{"_v2024__product_hero__product_slider_gallery__image":1000008284,"_v2024__product_hero__product_slider_gallery__video_link":""},{"_v2024__product_hero__product_slider_gallery__image":1000008242,"_v2024__product_hero__product_slider_gallery__video_link":""}],"_v2024__before_and_after_image":"","_v2024__before_and_after_image_mobile":"","_v2024__product_hero__quantity":"100 ML","_v2024__product_hero__product_disclamer":"","_v2024__why_use__should_show":"visible","_v2024__why_use__description_text":"S\u00e9rum intensif \u00e0 effet chauffant pour br\u00fbler les graisses et sculpter. 11 ingr\u00e9dients naturels puissants en haute concentration remod\u00e8lent les fesses et les cuisses en un mois seulement.","_v2024__why_use__text_content":"<ul>\r\n \t<li><strong>Effet transformateur<\/strong> : fait fondre les graisses et r\u00e9duit les mensurations<\/li>\r\n \t<li><strong>Action compl\u00e9mentaire<\/strong> : limite l'accumulation de graisse, r\u00e9duit la cellulite, raffermit et remod\u00e8le<\/li>\r\n \t<li><strong>Ar\u00f4me<\/strong> : mandarine rouge<\/li>\r\n \t<li><strong>Zone cible<\/strong> : fesses et cuisses<\/li>\r\n<\/ul>","_v2024__why_use__product_notes_and_remarks":"","_v2024__why_use__background_color":"#FBF1EB","_v2024__why_use__heading_color":"#816c65","_v2024__why_use__text_color":"#816c65","_v2024__why_use__image_desktop":1000008627,"_v2024__why_use__image_mobile":1000008628,"_v2024__stats_show":false,"_v2024__stats_repeater":null,"_v2024__stats_repeater_disclaimer":null,"_v2024__benefits__icons_repeater":[{"_v2024__benefit__icons_repeater_icon":1000008665,"_v2024__benefit__icons_repeater_text":"BR\u00dbLE LES GRAISSES"},{"_v2024__benefit__icons_repeater_icon":1000008667,"_v2024__benefit__icons_repeater_text":"R\u00c9DUIT LES MENSURATIONS"},{"_v2024__benefit__icons_repeater_icon":1000008673,"_v2024__benefit__icons_repeater_text":"RAFFERMIT"},{"_v2024__benefit__icons_repeater_icon":1000008672,"_v2024__benefit__icons_repeater_text":"SENT LA MANDARINE ROUGE"}],"_v2024__image_ingreddients__intro_text":"Une formule naturelle puissante dot\u00e9e des derni\u00e8res innovations scientifiques pour br\u00fbler les graisses par thermogen\u00e8se, pr\u00e9venir leur r\u00e9-accumulation et r\u00e9duire la cellulite. Principes actifs, extraits de plantes et agents hydratants pour une action synergique et un fini \u00e9clatant.","_v2024__image_ingreddients__additional_description":"","_v2024__image_ingreddients__disclamer_inner":"","_v2024__image_ingredients__repeater":[{"_v2024__image_ingredients__ingredient_image":1000008649,"_v2024__image_ingredients__ingredient_title":"PINK PEPPERSLIM\u2122","_v2024__image_ingredients__ingredient_description":"Ajout\u00e9 en double dose, il permet une combustion active des graisses et une microcirculation. Limite le stockage des d\u00e9p\u00f4ts graisseux, draine."},{"_v2024__image_ingredients__ingredient_image":1000008642,"_v2024__image_ingredients__ingredient_title":"CONCENTRE CORALLINE\u2122","_v2024__image_ingredients__ingredient_description":"Sp\u00e9cialement con\u00e7u pour br\u00fbler efficacement les graisses au niveau des fesses et des cuisses. La nuit, il r\u00e9duit l'app\u00e9tit des cellules graisseuses et le jour, il br\u00fble les graisses. Il stimule la synth\u00e8se du collag\u00e8ne dans la peau pour une apparence plus ferme et des courbes remodel\u00e9es."},{"_v2024__image_ingredients__ingredient_image":1000008637,"_v2024__image_ingredients__ingredient_title":"ACTIPORINE 8G\u2122","_v2024__image_ingredients__ingredient_description":"L'innovation contre la cellulite en concentration maximale. R\u00e9duit visiblement la cellulite en l'attaquant en profondeur. Agit comme un puissant booster de collag\u00e8ne, resserre les zones \u00e0 probl\u00e8mes et lisse la surface de la peau."},{"_v2024__image_ingredients__ingredient_image":1000002902,"_v2024__image_ingredients__ingredient_title":"AQUAXYL\u2122 + GLYCERIN","_v2024__image_ingredients__ingredient_description":"Combinaison pour une hydratation puissante. Synth\u00e8se de c\u00e9ramides et action anti-\u00e2ge. La peau reste \u00e9clatante, lisse et hydrat\u00e9e pendant plus de 24 heures."},{"_v2024__image_ingredients__ingredient_image":1000006713,"_v2024__image_ingredients__ingredient_title":"CAFFEINE","_v2024__image_ingredients__ingredient_description":"Stimule la d\u00e9composition des graisses, am\u00e9liore la microcirculation et draine les liquides exc\u00e9dentaires. R\u00e9sultat : moins de bouffissures, moins de cellulite visible et une peau plus lisse."},{"_v2024__image_ingredients__ingredient_image":1000008647,"_v2024__image_ingredients__ingredient_title":"GUARANA","_v2024__image_ingredients__ingredient_description":"Un extrait riche en caf\u00e9ine qui stimule la combustion des graisses et am\u00e9liore la microcirculation. R\u00e9duit la r\u00e9tention d'eau."},{"_v2024__image_ingredients__ingredient_image":1000008641,"_v2024__image_ingredients__ingredient_title":"PIMENT DE CAYENNE","_v2024__image_ingredients__ingredient_description":"Cet extrait contient de la capsa\u00efcine, qui stimule la thermogen\u00e8se (processus consistant \u00e0 br\u00fbler davantage de calories en produisant de la chaleur). Il am\u00e9liore la circulation, acc\u00e9l\u00e8re le m\u00e9tabolisme et aide \u00e0 \u00e9liminer les d\u00e9p\u00f4ts de graisse."},{"_v2024__image_ingredients__ingredient_image":1000008645,"_v2024__image_ingredients__ingredient_title":"CAF\u00c9 VERT","_v2024__image_ingredients__ingredient_description":"Extrait qui stimule la thermogen\u00e8se, acc\u00e9l\u00e8re le m\u00e9tabolisme de la peau et favorise la d\u00e9gradation des graisses. Riche en acide chlorog\u00e9nique qui am\u00e9liore la microcirculation et r\u00e9duit la cellulite visible."},{"_v2024__image_ingredients__ingredient_image":1000008678,"_v2024__image_ingredients__ingredient_title":"MANDARINE ROUGE","_v2024__image_ingredients__ingredient_description":"Extrait qui stimule la circulation lymphatique, favorise l'\u00e9limination des graisses et tonifie la peau. Procure un effet anticellulite."},{"_v2024__image_ingredients__ingredient_image":1000006712,"_v2024__image_ingredients__ingredient_title":"COCONUT","_v2024__image_ingredients__ingredient_description":"Extrait profond\u00e9ment hydratant, nourrissant et \u00e9mollient. Soutient la barri\u00e8re cutan\u00e9e, am\u00e9liore l'\u00e9lasticit\u00e9 et donne un aspect lisse et ferme."},{"_v2024__image_ingredients__ingredient_image":1000008640,"_v2024__image_ingredients__ingredient_title":"BOOSTER DES INGR\u00c9DIENTS ACTIFS","_v2024__image_ingredients__ingredient_description":"Doux pour la peau, il favorise l'absorption des principes actifs, assure une hydratation en profondeur et renforce leur efficacit\u00e9."}],"_v2024__image_ingredients__all_ingredients":"AQUA, GLYCERIN*, PROPANEDIOL*, CAFFEINE, POLYSORBATE 20, CORALLINA OFFICINALIS EXTRACT*, SCHINUS TEREBINTHIFOLIA SEED EXTRACT*, JANIA RUBENS EXTRACT*, VACCINIUM MYRTILLUS FRUIT EXTRACT*, COFFEA ARABICA SEED EXTRACT*, OPUNTIA FICUS-INDICA FLOWER EXTRACT*, HYLOCEREUS UNDATUS FRUIT EXTRACT*, COCOS NUCIFERA FRUIT EXTRACT*, CAPSICUM FRUTESCENS FRUIT EXTRACT*, PAULLINIA CUPANA SEED EXTRACT*, XYLITYLGLUCOSIDE*, ANHYDROXYLITOL*, XYLITOL*, CITRUS NOBILIS PEEL OIL*, ACACIA SENEGAL GUM*, XANTHAN GUM*, LACTIC ACID*, CITRIC ACID*, SODIUM PHYTATE*, SODIUM LEVULINATE*, VANILLYL BUTYL ETHER, SODIUM BENZOATE, POTASSIUM SORBATE, LIMONENE, PINENE, TERPINOLENE, LINALOOL\r\n\r\n<em>*Ingr\u00e9dients d\u2019origine naturelle<\/em>\r\n\r\n<em>Nous vous prions de bien vouloir noter que la liste des ingr\u00e9dients peut l\u00e9g\u00e8rement varier dans le temps compte-tenu des am\u00e9liorations du produit. Voir sur l'emballage du produit pour l'information actualis\u00e9e.<\/em>","_v2024__usage_content__left_content":"<strong>O\u00d9<\/strong> : fesses et cuisses\r\n\r\n<strong>QUAND<\/strong> : matin et soir\r\n\r\n<strong>COMMENT<\/strong> : appliquer sur une peau propre et s\u00e8che en massant jusqu'\u00e0 absorption compl\u00e8te\r\n\r\n<strong>N'OUBLIEZ PAS<\/strong> : lavez-vous les mains apr\u00e8s utilisation\r\n\r\n<strong>RENFORCEZ L'EFFET<\/strong> :\r\n<ul>\r\n \t<li>apr\u00e8s HOT+, appliquez l'huile s\u00e8che SKIN Anti-cellulite \u00e0 l'aide du masseur BODY GUA SHA<\/li>\r\n \t<li>pour des r\u00e9sultats encore meilleurs, associez HOT+ \u00e0 un autre s\u00e9rum cibl\u00e9 de la gamme, adapt\u00e9 \u00e0 la zone et \u00e0 l'objectif sp\u00e9cifiques<\/li>\r\n<\/ul>","_v2024__usage_content__right_bottom_content":"","_v2024__usage_content__note":"<strong>AVERTISSEMENTS :<\/strong>\r\n\r\nCe produit a un effet chauffant qui fait partie int\u00e9grante de son action. La sensation de chaleur peut varier en fonction de la sensibilit\u00e9 de la peau et peut changer au cours de l\u2019utilisation. Ne pas utiliser sur une peau ab\u00eem\u00e9e, irrit\u00e9e ou sensible. \u00c9viter le contact avec les yeux ou les muqueuses. Faire un essai sur une petite surface avant l\u2019utilisation compl\u00e8te et cesser l\u2019utilisation en cas d\u2019irritation. Ne convient pas \u00e0 une utilisation pendant la grossesse ou l\u2019allaitement. Tenir hors de la port\u00e9e et de la vue des enfants. Pour usage externe uniquement. \u00c0 conserver dans un endroit frais, sombre et sec.","_v2024__usage_content__storage":""},"_links":{"self":[{"href":"https:\/\/cocosolis.com\/lu\/wp-json\/wp\/v2\/product\/1000004732","targetHints":{"allow":["GET"]}}],"collection":[{"href":"https:\/\/cocosolis.com\/lu\/wp-json\/wp\/v2\/product"}],"about":[{"href":"https:\/\/cocosolis.com\/lu\/wp-json\/wp\/v2\/types\/product"}],"wp:featuredmedia":[{"embeddable":true,"href":"https:\/\/cocosolis.com\/lu\/wp-json\/"}],"wp:attachment":[{"href":"https:\/\/cocosolis.com\/lu\/wp-json\/wp\/v2\/media?parent=1000004732"}],"wp:term":[{"taxonomy":"product_brand","embeddable":true,"href":"https:\/\/cocosolis.com\/lu\/wp-json\/wp\/v2\/product_brand?post=1000004732"},{"taxonomy":"product_cat","embeddable":true,"href":"https:\/\/cocosolis.com\/lu\/wp-json\/wp\/v2\/product_cat?post=1000004732"},{"taxonomy":"product_tag","embeddable":true,"href":"https:\/\/cocosolis.com\/lu\/wp-json\/wp\/v2\/product_tag?post=1000004732"},{"taxonomy":"product_template","embeddable":true,"href":"https:\/\/cocosolis.com\/lu\/wp-json\/wp\/v2\/product_template?post=1000004732"}],"curies":[{"name":"wp","href":"https:\/\/api.w.org\/{rel}","templated":true}]}}