{"id":1000004512,"date":"2025-03-20T10:02:26","date_gmt":"2025-03-20T09:02:26","guid":{"rendered":"https:\/\/cocosolis.com\/lu\/product\/grow-hair-growth-massager\/"},"modified":"2026-02-25T15:09:53","modified_gmt":"2026-02-25T14:09:53","slug":"grow-hair-growth-massager","status":"publish","type":"product","link":"https:\/\/cocosolis.com\/lu\/product\/grow-hair-growth-massager\/","title":{"rendered":"GROW Scalp Massager"},"content":{"rendered":"","protected":false},"excerpt":{"rendered":"<p>Masseur de cuir chevelu. Stimule la croissance des cheveux. Nettoie en douceur et en profondeur.<\/p>\n","protected":false},"featured_media":1000007069,"template":"","meta":{"_acf_changed":false},"product_brand":[],"product_cat":[17],"product_tag":[],"product_template":[64],"class_list":{"0":"post-1000004512","1":"product","2":"type-product","3":"status-publish","4":"has-post-thumbnail","6":"product_cat-hair","7":"product_template-v-2024-clean","9":"first","10":"instock","11":"shipping-taxable","12":"purchasable","13":"product-type-simple"},"acf":{"_v2024__listing_and_sharing_info__listing_category":"GROW","_v2024__listing_and_sharing_info__product_type":"Scalp Massager","_v2024__listing__and_sharing_info__listing_below_title_in_product_page":"Masseur de cuir chevelu. Stimule la croissance des cheveux. Fait mousser le shampooing pour un nettoyage en profondeur et en douceur. Exfolie.","_v2024__listing_and_sharing_info__listing_description":"Masseur de cuir chevelu. Stimule la croissance des cheveux. Nettoie en douceur et en profondeur.","_v2024__listing_and_sharing_info__image":1000007068,"_v2024__product_hero__hero_type":"carousel","_v2024__product_hero__product_slider_gallery":[{"_v2024__product_hero__product_slider_gallery__image":1000007047,"_v2024__product_hero__product_slider_gallery__video_link":""},{"_v2024__product_hero__product_slider_gallery__image":1000007171,"_v2024__product_hero__product_slider_gallery__video_link":""},{"_v2024__product_hero__product_slider_gallery__image":1000007048,"_v2024__product_hero__product_slider_gallery__video_link":""},{"_v2024__product_hero__product_slider_gallery__image":1000007049,"_v2024__product_hero__product_slider_gallery__video_link":""},{"_v2024__product_hero__product_slider_gallery__image":1000007050,"_v2024__product_hero__product_slider_gallery__video_link":""},{"_v2024__product_hero__product_slider_gallery__image":1000007172,"_v2024__product_hero__product_slider_gallery__video_link":""}],"_v2024__before_and_after_image":"","_v2024__before_and_after_image_mobile":"","_v2024__product_hero__quantity":"","_v2024__product_hero__product_disclamer":"","_v2024__why_use__should_show":"visible","_v2024__why_use__description_text":"","_v2024__why_use__text_content":"<ul>\r\n \t<li>Cr\u00e9e une mousse abondante pour un nettoyage en profondeur et uniforme<\/li>\r\n \t<li>Exfolie en douceur et \u00e9limine les accumulations d'autres produits et les cellules mortes de la peau<\/li>\r\n \t<li>Stimule la circulation sanguine au niveau du cuir chevelu<\/li>\r\n \t<li>Favorise l'absorption des produits appliqu\u00e9s par la suite, tel que le s\u00e9rum<\/li>\r\n \t<li>Acc\u00e9l\u00e8re la croissance des cheveux<\/li>\r\n \t<li>Convient \u00e0 tous les types de cheveux, qu'ils soient fins, \u00e9pais ou boucl\u00e9s, ainsi qu'aux enfants et aux hommes<\/li>\r\n \t<li>Fabriqu\u00e9 en silicone doux au toucher de haute qualit\u00e9, avec un design ergonomique et des embouts ultra-doux<\/li>\r\n<\/ul>","_v2024__why_use__product_notes_and_remarks":"","_v2024__why_use__background_color":"#FBF1EB","_v2024__why_use__heading_color":"#816c65","_v2024__why_use__text_color":"#816c65","_v2024__why_use__image_desktop":1000007062,"_v2024__why_use__image_mobile":1000007063,"_v2024__stats_show":false,"_v2024__stats_repeater":null,"_v2024__stats_repeater_disclaimer":null,"_v2024__benefits__icons_repeater":null,"_v2024__image_ingreddients__intro_text":"","_v2024__image_ingreddients__additional_description":"","_v2024__image_ingreddients__disclamer_inner":"","_v2024__image_ingredients__repeater":null,"_v2024__image_ingredients__all_ingredients":"","_v2024__usage_content__left_content":"<ol>\r\n \t<li>Humidifiez les cheveux et le cuir chevelu.<\/li>\r\n \t<li>Appliquez le <a href=\"\/lu\/product\/grow-hair-growth-shampoo\/\">shampooing GROW<\/a> en effectuant de l\u00e9gers mouvements de massage.<\/li>\r\n \t<li>Utilisez le masseur de cuir chevelu GROW. Massez doucement en faisant de petits cercles pendant 2 \u00e0 3 minutes.<\/li>\r\n \t<li>Rincez bien le shampooing.<\/li>\r\n \t<li>Appliquez <a href=\"\/lu\/product\/grow-hair-growth-conditioner\">l'apr\u00e8s-shampoing GROW<\/a> sur le cuir chevelu (si vous n'avez pas les cheveux gras) et les longueurs et rincez apr\u00e8s 5 minutes de pause.<\/li>\r\n<\/ol>\r\n<h4>MAT\u00c9RIEL<\/h4>\r\n100% silicone doux au toucher, sans BPA (bisph\u00e9nol A)","_v2024__usage_content__right_bottom_content":"","_v2024__usage_content__note":"","_v2024__usage_content__storage":""},"_links":{"self":[{"href":"https:\/\/cocosolis.com\/lu\/wp-json\/wp\/v2\/product\/1000004512","targetHints":{"allow":["GET"]}}],"collection":[{"href":"https:\/\/cocosolis.com\/lu\/wp-json\/wp\/v2\/product"}],"about":[{"href":"https:\/\/cocosolis.com\/lu\/wp-json\/wp\/v2\/types\/product"}],"wp:featuredmedia":[{"embeddable":true,"href":"https:\/\/cocosolis.com\/lu\/wp-json\/"}],"wp:attachment":[{"href":"https:\/\/cocosolis.com\/lu\/wp-json\/wp\/v2\/media?parent=1000004512"}],"wp:term":[{"taxonomy":"product_brand","embeddable":true,"href":"https:\/\/cocosolis.com\/lu\/wp-json\/wp\/v2\/product_brand?post=1000004512"},{"taxonomy":"product_cat","embeddable":true,"href":"https:\/\/cocosolis.com\/lu\/wp-json\/wp\/v2\/product_cat?post=1000004512"},{"taxonomy":"product_tag","embeddable":true,"href":"https:\/\/cocosolis.com\/lu\/wp-json\/wp\/v2\/product_tag?post=1000004512"},{"taxonomy":"product_template","embeddable":true,"href":"https:\/\/cocosolis.com\/lu\/wp-json\/wp\/v2\/product_template?post=1000004512"}],"curies":[{"name":"wp","href":"https:\/\/api.w.org\/{rel}","templated":true}]}}