{"id":464,"date":"2022-05-06T15:55:17","date_gmt":"2022-05-06T13:55:17","guid":{"rendered":"http:\/\/cocosolis.com\/en\/?page_id=464"},"modified":"2022-06-17T13:22:46","modified_gmt":"2022-06-17T11:22:46","slug":"terms-of-use","status":"publish","type":"page","link":"https:\/\/cocosolis.com\/lu\/terms-of-use\/","title":{"rendered":"Conditions d\u2019utilisation du site"},"content":{"rendered":"\n<h2 class=\"wp-block-heading\">Conditions d\u2019utilisation du site<\/h2>\n\n\n\n<p>Bienvenue sur notre site ( \u201ecocosolis.com\u201d). Ces \u00ab&nbsp;Conditions d\u2019utilisation&nbsp;\u00bb r\u00e9gissent l\u2019acc\u00e8s et l\u2019utilisation de COCOSOLIS.COM.<br>L\u2019acc\u00e8s au site et son utilisation, ainsi que l\u2019achat de produits au COCOSOLIS.COM sont bas\u00e9s sur l\u2019hypoth\u00e8se qu\u2019avec le fait de charger le Site depuis un terminal, l\u2019Utilisateur s\u2019engage \u00e0 lire les pr\u00e9sentes Conditions G\u00e9n\u00e9rales d\u2019utilisation et leurs applications.<br>Ces conditions constituent un accord qui r\u00e9git la relation entre PURMERUL OOD en sa qualit\u00e9 d\u2019administrateur du site www.cocosolis.com et ses utilisateurs finaux.<\/p>\n\n\n\n<p>Cet accord s\u2019applique aux services et syst\u00e8mes d\u2019information disponibles via le Site, ses versions mobiles, ainsi que toute autre application et service associ\u00e9s ou susceptibles d\u2019\u00eatre associ\u00e9s au Site. Cet accord est valable jusqu\u2019\u00e0 ce que l\u2019utilisateur mette fin \u00e0 l\u2019utilisation des services disponibles sur le Site.<\/p>\n\n\n\n<p>PURMERUL OOD est une soci\u00e9t\u00e9 commerciale avec si\u00e8ge social et adresse d\u2019administration: ville de Plovdiv, 4002, r\u00e9gion Centrale, 22 rue Luleburgas, 4e \u00e9tage, app. 9. L\u2019entreprise est inscrite au registre du commerce et au registre des organisations \u00e0 but non lucratif (OBNL)de l\u2019Agence d\u2019enregistrement aupr\u00e8s de l\u2019UIC 201172065.<\/p>\n\n\n\n<p>Pour d\u2019autres informations l\u00e9gales, veuillez lire les sections:&nbsp;<a href=\"https:\/\/cocosolis.com\/lu\/terms-of-sale\/\" target=\"_blank\" rel=\"noreferrer noopener\">Conditions g\u00e9n\u00e9rales de vente<\/a>,&nbsp;<a href=\"https:\/\/cocosolis.com\/lu\/return-policy\/\" target=\"_blank\" rel=\"noreferrer noopener\">Politique de retour<\/a>&nbsp;et&nbsp;<a href=\"https:\/\/cocosolis.com\/lu\/privacy-policy\/\" target=\"_blank\" rel=\"noreferrer noopener\">Politique de donn\u00e9es \u00e0 caract\u00e8re personnel<\/a>&nbsp;sur COCOSOLIS.COM.<br>Le but du site est exprim\u00e9 dans les directions principales suivantes:<\/p>\n\n\n\n<ol class=\"wp-block-list\"><li>Informer les Utilisateurs sur l\u2019activit\u00e9 de l\u2019entreprise, son histoire, sa vision, sa mission, ses valeurs, sa responsabilit\u00e9 sociale et les produits et services qu\u2019elle propose.<\/li><li>Fournir un acc\u00e8s \u00e0 une plate-forme via laquelle les Utilisateurs peuvent passer des commandes en ligne de biens, conclure des contrats de vente de biens propos\u00e9s par l\u2019Entreprise et partager des avis et des \u00e9valuations de biens propos\u00e9s.<\/li><li>Informer les Utilisateurs du site sur les d\u00e9tails du contact avec l\u2019Entreprise, s\u2019ils ont besoin d\u2019informations compl\u00e9mentaires, des questions sur les produits et services propos\u00e9s, ils souhaitent envoyer des commentaires ou des recommandations, ainsi que recevoir des informations sur leurs droits et la mani\u00e8re de les exercer.<\/li><\/ol>\n\n\n\n<p>L\u2019acc\u00e8s et l\u2019utilisation de COCOSOLIS.COM, y compris l\u2019affichage de pages Web, la communication avec COCOSOLIS.COM et les sites Web et ressources de m\u00e9dias sociaux associ\u00e9s, les achats sur le site Web, sont effectu\u00e9s par nos utilisateurs enti\u00e8rement \u00e0 des fins personnelles, qui ne doivent en aucun cas \u00eatre associ\u00e9e \u00e0 une quelconque activit\u00e9 commerciale, \u00e9conomique ou professionnelle.<\/p>\n\n\n\n<p>COCOSOLIS.COM ne doit \u00eatre pas consid\u00e9r\u00e9 comme responsable de toute utilisation du site et de son contenu par un utilisateur quelconque, qui n\u2019est pas conforme aux lois et r\u00e9glementations l\u00e9gales. En particulier, vous pouvez \u00eatre tenu responsable de la fourniture des informations ou donn\u00e9es informations fausses et falsifi\u00e9es concernant des tiers (dans le cas o\u00f9 le tiers n\u2019a pas donn\u00e9 son consentement), ainsi que de toute utilisation abusive de ces donn\u00e9es ou informations.<\/p>\n\n\n\n<h5 class=\"wp-block-heading\">1. Inscription et communication<\/h5>\n\n\n\n<p>Si vous souhaitez utiliser nos services, vous devez \u00eatre majeur et accepter pr\u00e9sentes Conditions. En acceptant pr\u00e9sentes Conditions, l\u2019Utilisateur accepte la communication avec lui d\u2019\u00eatre effectuer par le biais des canaux de communication \u00e9lectroniques fournis \u2013 t\u00e9l\u00e9phone, e-mail, SMS et autres canaux \u00e9lectroniques. L\u2019utilisateur s\u2019engage \u00e0 \u00eatre le destinataire et \u00e0 recevoir des messages \u00e9lectroniques du Site et de son administrateur.<\/p>\n\n\n\n<p>Les parties conviennent que les messages par courrier \u00e9lectronique constituent des d\u00e9clarations \u00e9lectroniques et que les informations qui les accompagnent constituent l\u2019identification de l\u2019auteur en tant que titulaire de ces d\u00e9clarations \u00e9lectroniques et repr\u00e9sentent une signature \u00e9lectronique \u00e0 laquelle les parties reconnaissent la valeur d\u2019une signature manuscrite dans leur relation.<\/p>\n\n\n\n<p>Pour utiliser nos services, vous pouvez \u00e9galement acheter les produits en vous inscrivant sur le site. L\u2019inscription est gratuite. L\u2019utilisateur peut renoncer \u00e0 l\u2019inscription \u00e0 tout moment. L\u2019utilisateur s\u2019engage \u00e0 fournir des informations compl\u00e8tes, sinc\u00e8res et exactes, \u00e0 la fois lors de son inscription et lors de sa commande sans cr\u00e9er de profil. Les droits d\u2019acc\u00e8s sont personnels et ne peuvent \u00eatre transf\u00e9r\u00e9s \u00e0 des tiers. Nous ne sommes pas responsables de l\u2019acc\u00e8s non autoris\u00e9 \u00e0 votre compte.<\/p>\n\n\n\n<h5 class=\"wp-block-heading\">2. Droits de propri\u00e9t\u00e9 intellectuelle<\/h5>\n\n\n\n<p>L\u2019utilisateur a le droit d\u2019acc\u00e8s en temps r\u00e9el (en ligne) aux Services fournis via le Site conform\u00e9ment aux conditions d\u2019acc\u00e8s.<\/p>\n\n\n\n<p>Le droit d\u2019acc\u00e8s accord\u00e9 \u00e0 l\u2019Utilisateur ne comprend pas le droit de copier ou de reproduire des informations, ou d\u2019utiliser la propri\u00e9t\u00e9 intellectuelle ou industrielle prot\u00e9g\u00e9e, \u00e0 l\u2019exception d\u2019une petite quantit\u00e9 d\u2019informations destin\u00e9es \u00e0 un usage personnel uniquement, \u00e0 condition que cette utilisation ne porte pas atteinte aux int\u00e9r\u00eats l\u00e9gitimes des auteurs ou d\u2019autres titulaires de droits de propri\u00e9t\u00e9 intellectuelle ou industrielle, et la copie ou la reproduction est effectu\u00e9e \u00e0 des fins non commerciales.<\/p>\n\n\n\n<p>Le contenu de COCOSOLIS.COM, y compris, mais sans s\u2019y limiter, les \u0153uvres, les photos, les images, les dialogues, la musique, les sons, les vid\u00e9os, les documents, les dessins, les figures, les logos et tout autre mat\u00e9riel publi\u00e9 dans COCOSOLIS.COM en n\u2019importe quel format, y compris les menus, les pages Web, les graphiques, les couleurs, les diagrammes, les outils, les polices d\u2019\u00e9criture, la conception de sites Web, les diagrammes, les plans, les m\u00e9thodes, les processus, les fonctions et les logiciels qui font partie de COCOSOLIS.COM, sont prot\u00e9g\u00e9s par le droit d\u2019auteur et tout autre droit de propri\u00e9t\u00e9 intellectuelle de COCOSOLIS.COM et des titulaires des droits respectifs. La reproduction, totale ou partielle, sous quelque forme que ce soit, de COCOSOLIS.COM et de son contenu n\u2019est pas autoris\u00e9e sans l\u2019accord \u00e9crit de COCOSOLIS.COM.<\/p>\n\n\n\n<p>COCOSOLIS.COM a le droit exclusif d\u2019autoriser ou d\u2019interdire toute reproduction (qu\u2019elle soit directe ou indirecte, temporaire ou permanente, ou pour toute autre raison ou sous quelque forme que ce soit, en tout ou en partie) de COCOSOLIS.COM et de son contenu.<br>Les auteurs d\u2019\u0153uvres publi\u00e9es dans COCOSOLIS.COM ont le droit \u00e0 tout moment de revendiquer la paternit\u00e9 de leurs \u0153uvres et de s\u2019opposer \u00e0 toute distorsion ou autre modification de leur \u0153uvre, y compris toute modification de leurs \u0153uvres qui pourrait \u00eatre porter atteinte \u00e0 l\u2019honneur et \u00e0 la r\u00e9putation des auteurs concern\u00e9s.<\/p>\n\n\n\n<p>Les utilisateurs de notre site sont oblig\u00e9s de respecter les droits d\u2019auteur des auteurs qui ont choisi de publier leur travail sur COCOSOLIS.COM ou qui ont collabor\u00e9 avec COCOSOLIS.COM dans la cr\u00e9ation de nouvelles \u0153uvres expressives et artistiques destin\u00e9es \u00e0 \u00eatre publi\u00e9es, non seulement sur le site, ou qui font partie int\u00e9grante du site.<\/p>\n\n\n\n<p>En tous cas, le contenu du site ou de toute \u0153uvre individuelle prot\u00e9g\u00e9e par un droit d\u2019auteur ou tout autre droit de propri\u00e9t\u00e9 intellectuelle ne peut \u00eatre utilis\u00e9 de quelque mani\u00e8re que ce soit.<\/p>\n\n\n\n<h5 class=\"wp-block-heading\">3. Marques commerciales et noms de domaine<\/h5>\n\n\n\n<p>PURMERUL OOD est le propri\u00e9taire exclusif des logos et de la marque d\u00e9pos\u00e9e \u00abCOCOSOLIS\u00bb et de toute autre caract\u00e9ristique comprenant le mot \u00abCOCOSOLIS\u00bb et le nom de domaine \u00abCOCOSOLIS.COM\u00bb.<\/p>\n\n\n\n<p>PURMERUL OOD a le droit \u00e0 l\u2019usage exclusif de ses propres marques.<\/p>\n\n\n\n<p>Il est interdit d\u2019utiliser ces marques pour d\u2019autres produits ou services sans le consentement de PURMERUL OOD.<\/p>\n\n\n\n<h5 class=\"wp-block-heading\">4. Liens vers d\u2019autres sites<\/h5>\n\n\n\n<p>Cocosolis.com contient des liens vers d\u2019autres sites qui ne sont en aucun cas li\u00e9s \u00e0 COCOSOLIS.COM.<\/p>\n\n\n\n<p>COCOSOLIS.COM ne contr\u00f4le pas ces sites Web ou leur contenu. COCOSOLIS.COM n\u2019est pas responsable du contenu de ces sites et\/ou des r\u00e8gles qu\u2019ils adoptent concernant, mais sans s\u2019y limiter, vos informations \u00e0 caract\u00e8re personnel lorsque vous visitez ces sites. Il est probable que ces tiers collectent des donn\u00e9es \u00e0 caract\u00e8re personnel des utilisateurs, dont le r\u00e9gime est r\u00e9glement\u00e9 selon les conditions g\u00e9n\u00e9rales d\u2019utilisation et de protection des donn\u00e9es \u00e0 caract\u00e8re personnel accept\u00e9es par eux. Lorsque vous acc\u00e9dez \u00e0 ces sites via les liens fournis \u00e0 COCOSOLIS.COM, veuillez lire attentivement leurs conditions d\u2019utilisation, ainsi que leurs r\u00e8gles de confidentialit\u00e9. Nos conditions d\u2019utilisation et notre Politique de donn\u00e9es \u00e0 caract\u00e8re personnel ne s\u2019appliquent pas aux sites tiers.<\/p>\n\n\n\n<h5 class=\"wp-block-heading\">5. Conditions d\u2019utilisation du contenu<\/h5>\n\n\n\n<p>COCOSOLIS.COM met tout en \u0153uvre pour emp\u00eacher la publication sur son site Internet de contenus qui pourraient \u00eatre consid\u00e9r\u00e9s comme violant les convictions civiles ou les droits de l\u2019homme et la dignit\u00e9 sous toutes ses formes et manifestations. Cependant, COCOSOLIS.COM ne garantit pas que le contenu du site est appropri\u00e9 ou l\u00e9gal pour tout public ou est l\u00e9gal dans tous les pays.<\/p>\n\n\n\n<p>Dans le cas o\u00f9 un tel contenu est consid\u00e9r\u00e9s comme illicite dans l\u2019un de ces pays, nous ne sommes pas responsables de votre d\u00e9cision de visiter et d\u2019utiliser notre site. Si vous d\u00e9cidez pourtant de l\u2019utiliser, nous vous informons que l\u2019utilisation des services, fournis par COCOSOLIS. COM, est enti\u00e8rement de votre responsabilit\u00e9 personnelle.<\/p>\n\n\n\n<p>COCOSOLIS.COM prends des mesures pour s\u2019assurer que le contenu de COCOSOLIS.COM est correct et ne contient pas d\u2019informations inexactes ou non actualis\u00e9es. Cependant, COCOSOLIS.COM ne peut pas \u00eatre tenu responsable de l\u2019exactitude et de l\u2019exhaustivit\u00e9 du contenu publi\u00e9 sur son site Internet.<br>COCOSOLIS.COM ne peut pas garantir que le site fonctionnera en continu sans interruption, ni erreur, due \u00e0 la connexion Internet. En cas de probl\u00e8me d\u2019utilisation de notre site, veuillez nous contacter, s\u2019il-vous plat. Un repr\u00e9sentant de COCOSOLIS.COM sera \u00e0 votre disposition pour vous assister et vous aider \u00e0 restaurer votre acc\u00e8s au site, si et dans la mesure du possible.<\/p>\n\n\n\n<p>COCOSOLIS.COM adopte des mesures techniques et organisationnelles ad\u00e9quates pour assurer la s\u00e9curit\u00e9 des services de COCOSOLIS.COM afin d\u2019emp\u00eacher l\u2019utilisation ou l\u2019acc\u00e8s non autoris\u00e9 aux donn\u00e9es, ainsi que pour pr\u00e9venir les risques de diffusion, de destruction et de perte de donn\u00e9es et d\u2019informations confidentielles concernant les utilisateurs de COCOSOLIS.COM, et pour emp\u00eacher l\u2019acc\u00e8s non autoris\u00e9 ou illicite \u00e0 ces donn\u00e9es et informations<\/p>\n\n\n\n<h5 class=\"wp-block-heading\">6. Droits et obligations de l\u2019utilisateur<\/h5>\n\n\n\n<p>L\u2019utilisateur a le droit d\u2019utiliser le site sous les restrictions d\u00e9crites ci-dessus au point 2 Droits de propri\u00e9t\u00e9 intellectuelle.<\/p>\n\n\n\n<p>Lors de l\u2019utilisation des Services fournis, l\u2019utilisateur s\u2019engage:<\/p>\n\n\n\n<p>1. de ne pas commettre d\u2019actes malveillants au sens des pr\u00e9sentes Conditions d\u2019utilisation;<br>2. de ne pas extraire par des moyens techniques ou de mani\u00e8re technique des ressources d\u2019information ou des parties de celles-ci, incluses dans les bases de donn\u00e9es accessibles via le Site, et ainsi cr\u00e9er sa propre base de donn\u00e9es sous forme \u00e9lectronique ou sous toute autre forme.<br>3. de ne pas se faire passer pour une autre personne ou pour un repr\u00e9sentant d\u2019une personne qui n\u2019est pas autoris\u00e9e \u00e0 repr\u00e9senter, ou autrement induire en erreur le Site ou des tiers sur leur identit\u00e9 ou leur appartenance \u00e0 un certain groupe de personnes;<br>4. d\u2019informer imm\u00e9diatement l\u2019Entreprise de tout cas de violation commise ou d\u00e9couverte lors de l\u2019utilisation des Services fournis;<br>5. de ne pas effectuer d\u2019activit\u00e9 impliquant l\u2019utilisation de virus, de robots, de vers ou d\u2019autres codes, fichiers ou programmes informatiques qui interrompent, d\u00e9truisent ou limitent la fonctionnalit\u00e9 des logiciels ou du mat\u00e9riel informatique ou des appareils de t\u00e9l\u00e9communications, ou autorisent d\u2019une autre mani\u00e8re une utilisation non autoris\u00e9e ou un acc\u00e8s \u00e0 un ordinateur ou \u00e0 un r\u00e9seau informatique.<\/p>\n\n\n\n<h5 class=\"wp-block-heading\">7. Limitation de la responsabilit\u00e9 de l\u2019Entreprise<\/h5>\n\n\n\n<p>L\u2019entreprise fournit les Services via le Site pour \u00eatre utilis\u00e9es par l\u2019Utilisateur \u00abtelles quelles\u00bb et \u00abselon acc\u00e8s\u00bb. L\u2019entreprise ne garantit ni ne promet des r\u00e9sultats sp\u00e9cifiques de l\u2019utilisation ou de la possibilit\u00e9 \u00e0 long terme d\u2019utiliser les Services.<\/p>\n\n\n\n<p>L\u2019entreprise ne garantit pas que:<br>1. l\u2019utilisation des Services par l\u2019utilisateur sera continue, en temps opportun, assur\u00e9e et s\u00fbre ou sans d\u00e9fauts;<br>2. des d\u00e9fauts \u00e9ventuels dans les Services seront r\u00e9par\u00e9s;<br>3. les Services fournis ou les services sur lesquels ces derniers sont construits seront exempts de virus ou d\u2019autres composants nuisibles;<\/p>\n\n\n\n<p>L\u2019entreprise ne sera en aucun cas responsable de toute perte, dommage ou d\u00e9g\u00e2t r\u00e9sultant de:<br>1. l\u2019utilisation des Services;<br>2. probl\u00e8mes ou non-fonctionnement technique li\u00e9s \u00e0 l\u2019utilisation des Services;<br>3. documents t\u00e9l\u00e9charg\u00e9s via ou en relation avec les Services;<br>4. contenu utilisateur<br>5. comportement des Utilisateurs dans le cadre des Services, que ce soit en temps r\u00e9el (en ligne) ou non (hors ligne).<\/p>\n\n\n\n<p>L\u2019entreprise n\u2019est pas responsable si l\u2019Utilisateur ne peut acc\u00e9der au site en raison de probl\u00e8mes ind\u00e9pendants de la volont\u00e9 du Site \u2013 logiciels, mat\u00e9riel, probl\u00e8me de connexion Internet ou force majeure.<\/p>\n\n\n\n<p>L\u2019utilisateur accepte d\u2019\u00eatre responsable de tous les frais de maintenance, de service ou de connexion de son syst\u00e8me informatique ou d\u2019autres biens n\u00e9cessaires \u00e0 l\u2019utilisation des Services par l\u2019Utilisateur.<\/p>\n\n\n\n<p>L\u2019entreprise se r\u00e9serve le droit d\u2019interf\u00e9rer syst\u00e9matiquement toutes les fonctionnalit\u00e9s du Site, y compris, mais sans s\u2019y limiter, de suspendre l\u2019acc\u00e8s \u00e0 celui-ci, s\u2019il existe une bonne raison.<\/p>\n\n\n\n<h5 class=\"wp-block-heading\">8. P\u00e9nalit\u00e9<\/h5>\n\n\n\n<p>Jusqu\u2019\u00e0 la totalit\u00e9 du montant autoris\u00e9 par la loi applicable, l\u2019Entreprise ne sera pas responsable des dommages subis par l\u2019Utilisateur, qui sont: 1. indirect; 2. ult\u00e9rieure; 3. occasionnels; 4. punitif, y compris pour les dommages et int\u00e9r\u00eats pour perte d\u2019avantages r\u00e9sultant de l\u2019utilisation ou de l\u2019impossibilit\u00e9 d\u2019utiliser les Services.<\/p>\n\n\n\n<p>Sans pr\u00e9judice de ce qui pr\u00e9c\u00e8de, la responsabilit\u00e9 de l\u2019Entreprise envers l\u2019Utilisateur pour toute action ou omission li\u00e9e et en relation avec l\u2019utilisation des Services sera toujours limit\u00e9e \u00e0 une p\u00e9nalit\u00e9 d\u2019un montant correspondant \u00e0 la valeur de l\u2019achat. En l\u2019absence d\u2019achat, l\u2019Entreprise n\u2019est responsable d\u2019aucune de ses actions ou omissions.<\/p>\n\n\n\n<h5 class=\"wp-block-heading\">9. Modification<\/h5>\n\n\n\n<p>COCOSOLIS.COM peut modifier ou mettre \u00e0 jour tout ou partie de ces \u00abConditions d\u2019utilisation\u00bb. Dans ce cas, des informations \u00e0 jour seront publi\u00e9es dans cette section. Les nouvelles \u00abConditions d\u2019utilisation\u00bb doivent entrer en vigueur \u00e0 la date de leur publication sur COCOSOLIS.COM.<br>Si vous n\u2019\u00eates pas d\u2019accord avec tout ou partie des \u00abConditions d\u2019utilisation \u00bb de COCOSOLIS.COM, nous ne sommes pas responsables de votre d\u00e9cision de visiter et d\u2019utiliser notre site.<\/p>\n\n\n\n<h5 class=\"wp-block-heading\">10. Dur\u00e9e et d\u00e9nonciation<\/h5>\n\n\n\n<p>Cet accord entre en vigueur d\u00e8s son acceptation par l\u2019Utilisateur et est valable jusqu\u2019\u00e0 la fin de l\u2019utilisation des services.<\/p>\n\n\n\n<h5 class=\"wp-block-heading\">11. L\u00e9gislation applicable<\/h5>\n\n\n\n<p>En tant que principe g\u00e9n\u00e9ral de la mise en \u0153uvre de cet accord, les parties per\u00e7oivent une compr\u00e9hension mutuelle et des concessions tol\u00e9rables. En ce sens, les parties conviennent de r\u00e9soudre les litiges qui ont surgi entre elles, dans un esprit de bonne volont\u00e9 et par voie de n\u00e9gociations.<\/p>\n\n\n\n<p>Tout litige, d\u00e9saccord ou r\u00e9clamation d\u00e9coulant de ou en relation avec l\u2019ex\u00e9cution ou l\u2019inex\u00e9cution du pr\u00e9sent accord sera r\u00e9solu par les parties par voie de n\u00e9gociation et de la bonne volont\u00e9 de chacune d\u2019elles.<\/p>\n\n\n\n<p>En cas d\u2019impossibilit\u00e9 de r\u00e9soudre les litiges survenant dans le cadre et en relation avec ce contrat, sa mise en \u0153uvre, respectivement l\u2019inex\u00e9cution, les parties conviennent de r\u00e9soudre celui-ci devant le tribunal comp\u00e9tent, d\u00e9termin\u00e9 conform\u00e9ment aux r\u00e8gles de comp\u00e9tence. En cas de litige priv\u00e9 comportant un \u00e9l\u00e9ment international, le tribunal comp\u00e9tent pour conna\u00eetre du litige devrait \u00eatre d\u00e9termin\u00e9 par les r\u00e8gles du droit international priv\u00e9.<\/p>\n\n\n\n<p>La loi applicable en vertu de cet accord est la loi de l\u2019\u00c9tat dans lequel le responsable du traitement est enregistr\u00e9, en ce cas c\u2019est la R\u00e9publique de Bulgarie.<\/p>\n\n\n\n<p>Date de publication: Le 8 juillet 2020<\/p>\n","protected":false},"excerpt":{"rendered":"<p>Conditions d\u2019utilisation du site Bienvenue sur notre site ( \u201ecocosolis.com\u201d). Ces \u00ab&nbsp;Conditions d\u2019utilisation&nbsp;\u00bb r\u00e9gissent l\u2019acc\u00e8s et l\u2019utilisation de COCOSOLIS.COM.L\u2019acc\u00e8s au site et son utilisation, ainsi que l\u2019achat de produits au COCOSOLIS.COM sont bas\u00e9s sur l\u2019hypoth\u00e8se qu\u2019avec le fait de charger le Site depuis un terminal, l\u2019Utilisateur s\u2019engage \u00e0 lire les pr\u00e9sentes Conditions G\u00e9n\u00e9rales d\u2019utilisation et &hellip; <a href=\"https:\/\/cocosolis.com\/lu\/terms-of-use\/\">Continued<\/a><\/p>\n","protected":false},"author":1,"featured_media":0,"parent":0,"menu_order":0,"comment_status":"closed","ping_status":"closed","template":"","meta":{"_acf_changed":false,"footnotes":""},"page_roles":[36],"class_list":["post-464","page","type-page","status-publish","hentry","page_roles-legal"],"acf":[],"_links":{"self":[{"href":"https:\/\/cocosolis.com\/lu\/wp-json\/wp\/v2\/pages\/464","targetHints":{"allow":["GET"]}}],"collection":[{"href":"https:\/\/cocosolis.com\/lu\/wp-json\/wp\/v2\/pages"}],"about":[{"href":"https:\/\/cocosolis.com\/lu\/wp-json\/wp\/v2\/types\/page"}],"author":[{"embeddable":true,"href":"https:\/\/cocosolis.com\/lu\/wp-json\/wp\/v2\/users\/1"}],"replies":[{"embeddable":true,"href":"https:\/\/cocosolis.com\/lu\/wp-json\/wp\/v2\/comments?post=464"}],"version-history":[{"count":4,"href":"https:\/\/cocosolis.com\/lu\/wp-json\/wp\/v2\/pages\/464\/revisions"}],"predecessor-version":[{"id":534,"href":"https:\/\/cocosolis.com\/lu\/wp-json\/wp\/v2\/pages\/464\/revisions\/534"}],"wp:attachment":[{"href":"https:\/\/cocosolis.com\/lu\/wp-json\/wp\/v2\/media?parent=464"}],"wp:term":[{"taxonomy":"page_roles","embeddable":true,"href":"https:\/\/cocosolis.com\/lu\/wp-json\/wp\/v2\/page_roles?post=464"}],"curies":[{"name":"wp","href":"https:\/\/api.w.org\/{rel}","templated":true}]}}