{"id":408,"date":"2022-05-06T14:49:07","date_gmt":"2022-05-06T12:49:07","guid":{"rendered":"http:\/\/cocosolis.com\/en\/?post_type=product&#038;p=408"},"modified":"2026-04-15T10:22:26","modified_gmt":"2026-04-15T08:22:26","slug":"hair-oil-mask-3in1","status":"publish","type":"product","link":"https:\/\/cocosolis.com\/it\/product\/hair-oil-mask-3in1\/","title":{"rendered":"HAIR Oil Mask 3in1"},"content":{"rendered":"","protected":false},"excerpt":{"rendered":"","protected":false},"featured_media":1000004562,"template":"","meta":{"_acf_changed":false},"product_brand":[],"product_cat":[17],"product_tag":[],"product_template":[67],"class_list":{"0":"post-408","1":"product","2":"type-product","3":"status-publish","4":"has-post-thumbnail","6":"product_cat-hair","7":"product_template-v-2024-clean","9":"first","10":"instock","11":"shipping-taxable","12":"purchasable","13":"product-type-simple"},"acf":{"_v2024__listing_and_sharing_info__listing_category":"HAIR","_v2024__listing_and_sharing_info__product_type":"Oil Mask 3in1","_v2024__listing__and_sharing_info__listing_below_title_in_product_page":"Maschera all'olio naturale 3in1 per uso intensivo nutrimento e riparazione dei capelli.","_v2024__listing_and_sharing_info__listing_description":"Maschera all'olio naturale 3in1 per uso intensivo nutrimento e riparazione dei capelli.","_v2024__listing_and_sharing_info__image":1000000381,"_v2024__product_hero__hero_type":"carousel","_v2024__product_hero__product_slider_gallery":[{"_v2024__product_hero__product_slider_gallery__image":1000006601,"_v2024__product_hero__product_slider_gallery__video_link":""},{"_v2024__product_hero__product_slider_gallery__image":1000006602,"_v2024__product_hero__product_slider_gallery__video_link":""},{"_v2024__product_hero__product_slider_gallery__image":1000006603,"_v2024__product_hero__product_slider_gallery__video_link":""},{"_v2024__product_hero__product_slider_gallery__image":1000006604,"_v2024__product_hero__product_slider_gallery__video_link":""},{"_v2024__product_hero__product_slider_gallery__image":1000006605,"_v2024__product_hero__product_slider_gallery__video_link":""},{"_v2024__product_hero__product_slider_gallery__image":1000006606,"_v2024__product_hero__product_slider_gallery__video_link":""},{"_v2024__product_hero__product_slider_gallery__image":1000006608,"_v2024__product_hero__product_slider_gallery__video_link":"https:\/\/player.vimeo.com\/progressive_redirect\/playback\/1042811052\/rendition\/720p\/file.mp4?loc=external&amp;log_user=0&amp;signature=1e1e1234864906e9ad76f138662e55a80e2d35e118f9237bdd1d5fd362317634&amp;user_id=110095091"}],"_v2024__before_and_after_image":1000006531,"_v2024__before_and_after_image_mobile":1000006532,"_v2024__product_hero__quantity":"110 ML","_v2024__product_hero__product_disclamer":"","_v2024__why_use__should_show":"visible","_v2024__why_use__description_text":"Cura e ripristina i capelli danneggiati. Previene l'effetto crespo, le doppie punte e i grovigli. Dona lucentezza e morbidezza setosa.","_v2024__why_use__text_content":"<ul>\r\n \t<li>Utilizzare settimanalmente per un trattamento pre-lavaggio con oliatura profonda del cuoio capelluto e dei capelli per guarire e riparare intensamente<\/li>\r\n \t<li>Utilizzare una goccia dopo la doccia per le punte molto secche - In spiaggia, previene che i capelli si secchino e si disidratino mentre li nutre<\/li>\r\n \t<li>Contiene una speciale miscela di sette oli biologici naturali arricchiti con vitamina E naturale<\/li>\r\n \t<li>Un distributore naturale di vitamine, minerali, sostanze bioattive e antiossidanti<\/li>\r\n \t<li>Con un aroma di latte di cocco<\/li>\r\n<\/ul>","_v2024__why_use__product_notes_and_remarks":"","_v2024__why_use__background_color":"#FBF1EB","_v2024__why_use__heading_color":"#816c65","_v2024__why_use__text_color":"#816c65","_v2024__why_use__image_desktop":1000006690,"_v2024__why_use__image_mobile":1000006691,"_v2024__stats_show":false,"_v2024__stats_repeater":null,"_v2024__stats_repeater_disclaimer":null,"_v2024__benefits__icons_repeater":[{"_v2024__benefit__icons_repeater_icon":1000006749,"_v2024__benefit__icons_repeater_text":"RENDE I CAPELLI LUCIDI E MORBIDI COME LA SETA"},{"_v2024__benefit__icons_repeater_icon":1000006740,"_v2024__benefit__icons_repeater_text":"NUTRE E RIPARA INTENSIVAMENTE"},{"_v2024__benefit__icons_repeater_icon":1000006746,"_v2024__benefit__icons_repeater_text":"INGREDIENTI ORGANICI E NATURALI"},{"_v2024__benefit__icons_repeater_icon":1000006734,"_v2024__benefit__icons_repeater_text":"AROMA DELICATO DI COCCO"}],"_v2024__image_ingreddients__intro_text":"Una combinazione di oli biologici che completano le loro propriet\u00e0, donando una notevole lucentezza, morbidezza e vitalit\u00e0 ai capelli fin dal primo utilizzo.","_v2024__image_ingreddients__additional_description":"","_v2024__image_ingreddients__disclamer_inner":"","_v2024__image_ingredients__repeater":[{"_v2024__image_ingredients__ingredient_image":1000006710,"_v2024__image_ingredients__ingredient_title":"OLIO DI CAMELIA","_v2024__image_ingredients__ingredient_description":"Un olio nutriente che penetra facilmente nei capelli, donando volume, morbidezza e protezione a lunga durata."},{"_v2024__image_ingredients__ingredient_image":1000006728,"_v2024__image_ingredients__ingredient_title":"OLIO DI TAMAN\u00d9","_v2024__image_ingredients__ingredient_description":"Lenisce le irritazioni del cuoio capelluto, si assorbe rapidamente senza lasciare residui grassi e migliora la gestibilit\u00e0 dei capelli"},{"_v2024__image_ingredients__ingredient_image":1000006717,"_v2024__image_ingredients__ingredient_title":"OLIO DI JOJOBA","_v2024__image_ingredients__ingredient_description":"Forti propriet\u00e0 rigeneranti e seboequilibranti per un cuoio capelluto sano e capelli lucenti."},{"_v2024__image_ingredients__ingredient_image":1000006707,"_v2024__image_ingredients__ingredient_title":"OLIO DI ARGAN","_v2024__image_ingredients__ingredient_description":"Fornisce vitamine e acidi grassi ai capelli e al cuoio capelluto e li protegge dagli effetti dannosi del sole e del vento."},{"_v2024__image_ingredients__ingredient_image":1000006712,"_v2024__image_ingredients__ingredient_title":"OLIO DI COCCO","_v2024__image_ingredients__ingredient_description":"Nutre e idrata, protegge dai danni del sole e rende i capelli setosi, lisci e resistenti."},{"_v2024__image_ingredients__ingredient_image":1000006724,"_v2024__image_ingredients__ingredient_title":"OLIO D'OLIVA","_v2024__image_ingredients__ingredient_description":"Idrata, rinforza e nutre i capelli. Lo protegge dal sole e dagli effetti dei trattamenti termici come la stiratura e l'arricciatura"},{"_v2024__image_ingredients__ingredient_image":1000006706,"_v2024__image_ingredients__ingredient_title":"OLIO DI MANDORLE DOLCI","_v2024__image_ingredients__ingredient_description":"Promuove la crescita dei capelli e ne riduce la caduta, grazie al suo ricco contenuto di vitamine e acidi grassi essenziali."},{"_v2024__image_ingredients__ingredient_image":1000006730,"_v2024__image_ingredients__ingredient_title":"VITAMINA E NATURALE","_v2024__image_ingredients__ingredient_description":"Potente antiossidante che promuove la crescita dei capelli e la salute del cuoio capelluto."}],"_v2024__image_ingredients__all_ingredients":"COCOS NUCIFERA OIL*, PRUNUS AMYGDALUS DULCIS OIL*, OLEA EUROPAEA FRUIT OIL*, SIMMONDSIA CHINENSIS SEED OIL*, CAMELLIA OLEIFERA SEED OIL*, ARGANIA SPINOSA KERNEL OIL*, CALOPHYLLUM INOPHYLLUM SEED OIL*, TOCOPHEROL, HELIANTHUS ANNUUS SEED OIL, PARFUM <strong>(COCONUT OIL*, SWEET ALMOND OIL*, OLIVE OIL*, JOJOBA OIL*, CAMELLIA OIL*, ARGAN OIL*, TAMANU OIL*, NATURAL VITAMIN E, SUNFLOWER SEED OIL, PARFUM)<\/strong>\r\n\r\n<em>* Ingredienti Biologici Certificati<\/em>\r\n\r\n<em>Si prega di notare che la lista degli ingredienti potrebbe leggermente variare nel tempo a seguito di miglioramenti del prodotto. Si raccomanda di fare riferimento alla confezione del prodotto per informazioni aggiornate.<\/em>","_v2024__usage_content__left_content":"<h4>TRATTAMENTO PRELAVAGGIO DI OLIATURA PROFONDA<\/h4>\r\n<ol>\r\n \t<li>Applicare una generosa quantit\u00e0 di olio sui capelli e sul cuoio capelluto.<\/li>\r\n \t<li>Avvolgilo con un foglio di pellicola elastica e coprilo con un asciugamano caldo.<\/li>\r\n \t<li>Attendere almeno 40 minuti o durante la notte.<\/li>\r\n \t<li>Risciacquare con lo shampoo.<\/li>\r\n<\/ol>\r\n<h4>NUTRIENTE DOPO LA DOCCIA<\/h4>\r\nPer ulteriore nutrimento e lucentezza, applicare una quantit\u00e0 molto piccola (una goccia) di olio sulle punte dei capelli.\r\n<h4>AL SOLE E IN SPIAGGIA<\/h4>\r\nApplicare una piccola quantit\u00e0 di olio sulle punte o su tutti i capelli e il cuoio capelluto. Non applicare eccessivamente per non lubrificare eccessivamente. Alla fine della giornata, lava accuratamente i capelli.","_v2024__usage_content__right_bottom_content":"","_v2024__usage_content__note":"L'olio non contiene un filtro UV.","_v2024__usage_content__storage":"Conservare in un luogo fresco e asciutto. Non refrigerare. Il prodotto si indurisce se conservato a freddo e il contenuto della bottiglia non pu\u00f2 fuoriuscire attraverso la pompa. Affinch\u00e9 diventi liquido, lasciare a temperatura ambiente superiore a 25\u00b0C. Si prega di non aprire la bottiglia quando il prodotto si \u00e8 indurito, poich\u00e9 ci\u00f2 potrebbe danneggiare la pompa.\r\n\r\n&nbsp;\r\n\r\nSolo per uso esterno. Interrompere l'uso in caso di irritazione. Non utilizzare sul cuoio capelluto danneggiato o ferito. Evitare il contatto con gli occhi. Tenere lontano dalla portata dei bambini! Conservare in un luogo fresco e asciutto."},"_links":{"self":[{"href":"https:\/\/cocosolis.com\/it\/wp-json\/wp\/v2\/product\/408","targetHints":{"allow":["GET"]}}],"collection":[{"href":"https:\/\/cocosolis.com\/it\/wp-json\/wp\/v2\/product"}],"about":[{"href":"https:\/\/cocosolis.com\/it\/wp-json\/wp\/v2\/types\/product"}],"wp:featuredmedia":[{"embeddable":true,"href":"https:\/\/cocosolis.com\/it\/wp-json\/"}],"wp:attachment":[{"href":"https:\/\/cocosolis.com\/it\/wp-json\/wp\/v2\/media?parent=408"}],"wp:term":[{"taxonomy":"product_brand","embeddable":true,"href":"https:\/\/cocosolis.com\/it\/wp-json\/wp\/v2\/product_brand?post=408"},{"taxonomy":"product_cat","embeddable":true,"href":"https:\/\/cocosolis.com\/it\/wp-json\/wp\/v2\/product_cat?post=408"},{"taxonomy":"product_tag","embeddable":true,"href":"https:\/\/cocosolis.com\/it\/wp-json\/wp\/v2\/product_tag?post=408"},{"taxonomy":"product_template","embeddable":true,"href":"https:\/\/cocosolis.com\/it\/wp-json\/wp\/v2\/product_template?post=408"}],"curies":[{"name":"wp","href":"https:\/\/api.w.org\/{rel}","templated":true}]}}