{"id":390,"date":"2022-05-06T13:33:20","date_gmt":"2022-05-06T11:33:20","guid":{"rendered":"http:\/\/cocosolis.com\/en\/?post_type=product&#038;p=390"},"modified":"2026-04-06T15:25:41","modified_gmt":"2026-04-06T13:25:41","slug":"skin-collagen-booster-dry-oil","status":"publish","type":"product","link":"https:\/\/cocosolis.com\/it\/product\/skin-collagen-booster-dry-oil\/","title":{"rendered":"SKIN Collagen Booster Dry Oil"},"content":{"rendered":"","protected":false},"excerpt":{"rendered":"","protected":false},"featured_media":1000004575,"template":"","meta":{"_acf_changed":false},"product_brand":[],"product_cat":[19],"product_tag":[],"product_template":[67],"class_list":{"0":"post-390","1":"product","2":"type-product","3":"status-publish","4":"has-post-thumbnail","6":"product_cat-skin","7":"product_template-v-2024-clean","9":"first","10":"instock","11":"shipping-taxable","12":"purchasable","13":"product-type-simple"},"acf":{"_v2024__listing_and_sharing_info__listing_category":"SKIN","_v2024__listing_and_sharing_info__product_type":"Collagen Booster Dry Oil","_v2024__listing__and_sharing_info__listing_below_title_in_product_page":"Olio secco ad azione antiet\u00e0 naturale. Rigenera e nutre la pelle.","_v2024__listing_and_sharing_info__listing_description":"Olio secco ad azione antiet\u00e0 naturale. Rigenera e nutre la pelle.","_v2024__listing_and_sharing_info__image":1000000388,"_v2024__product_hero__hero_type":"carousel","_v2024__product_hero__product_slider_gallery":[{"_v2024__product_hero__product_slider_gallery__image":1000006655,"_v2024__product_hero__product_slider_gallery__video_link":""},{"_v2024__product_hero__product_slider_gallery__image":1000006657,"_v2024__product_hero__product_slider_gallery__video_link":""},{"_v2024__product_hero__product_slider_gallery__image":1000006658,"_v2024__product_hero__product_slider_gallery__video_link":""},{"_v2024__product_hero__product_slider_gallery__image":1000006659,"_v2024__product_hero__product_slider_gallery__video_link":""},{"_v2024__product_hero__product_slider_gallery__image":1000006660,"_v2024__product_hero__product_slider_gallery__video_link":""},{"_v2024__product_hero__product_slider_gallery__image":1000006661,"_v2024__product_hero__product_slider_gallery__video_link":""},{"_v2024__product_hero__product_slider_gallery__image":1000006662,"_v2024__product_hero__product_slider_gallery__video_link":"https:\/\/player.vimeo.com\/progressive_redirect\/playback\/1042663906\/rendition\/720p\/file.mp4?loc=external&amp;log_user=0&amp;signature=238d8a957ddf9f4279b519ffa65d3564d72b070ccb832dc58ea158b16d18c32d&amp;user_id=110095091"}],"_v2024__before_and_after_image":1000006537,"_v2024__before_and_after_image_mobile":1000006538,"_v2024__product_hero__quantity":"110 ML","_v2024__product_hero__product_disclamer":"","_v2024__why_use__should_show":"visible","_v2024__why_use__description_text":"Olio secco naturale con effetto antiet\u00e0. Aiuta a mantenere alti livelli di collagene e aumenta l'elasticit\u00e0.","_v2024__why_use__text_content":"<ul>\r\n \t<li>Riduce la comparsa di linee sottili e rughe<\/li>\r\n \t<li>Rinnova, idrata e rivitalizza ottimamente la pelle<\/li>\r\n \t<li>Mantiene la pelle liscia, giovane e compatta<\/li>\r\n \t<li>Speciale mix di 6 preziosi oli di superfrutti biologici e un principio attivo naturale brevettato. Vegano<\/li>\r\n \t<li>Si assorbe rapidamente e in profondit\u00e0<\/li>\r\n \t<li>Adatto per viso e corpo, per pelli delicate e sensibili<\/li>\r\n \t<li>Con un aroma indimenticabile di frutti esotici<\/li>\r\n<\/ul>","_v2024__why_use__product_notes_and_remarks":"","_v2024__why_use__background_color":"#FBF1EB","_v2024__why_use__heading_color":"#816c65","_v2024__why_use__text_color":"#816c65","_v2024__why_use__image_desktop":1000006698,"_v2024__why_use__image_mobile":1000006699,"_v2024__stats_show":false,"_v2024__stats_repeater":null,"_v2024__stats_repeater_disclaimer":null,"_v2024__benefits__icons_repeater":[{"_v2024__benefit__icons_repeater_icon":1000006731,"_v2024__benefit__icons_repeater_text":"EFFETTO ANTI-ET\u00c0"},{"_v2024__benefit__icons_repeater_icon":1000006742,"_v2024__benefit__icons_repeater_text":"PRINCIPIO ATTIVO NATURALE BREVETTATO"},{"_v2024__benefit__icons_repeater_icon":1000006738,"_v2024__benefit__icons_repeater_text":"PER VISO E CORPO"},{"_v2024__benefit__icons_repeater_icon":1000006737,"_v2024__benefit__icons_repeater_text":"AROMA DI FRUTTA ESOTICA"}],"_v2024__image_ingreddients__intro_text":"Scopri gli ingredienti naturali di questa formula antiet\u00e0 altamente efficace: un principio attivo brevettato e oli esotici di superfrutti per una pelle fresca, luminosa ed elastica.","_v2024__image_ingreddients__additional_description":"","_v2024__image_ingreddients__disclamer_inner":"","_v2024__image_ingredients__repeater":[{"_v2024__image_ingredients__ingredient_image":1000006704,"_v2024__image_ingredients__ingredient_title":"PRINCIPIO ATTIVO LUPIN DOLCE\u00ae","_v2024__image_ingredients__ingredient_description":"Aumenta la produzione di collagene di alta qualit\u00e0, migliora l'elasticit\u00e0 e la compattezza della pelle, rimodella le aree cutanee cadenti."},{"_v2024__image_ingredients__ingredient_image":1000006726,"_v2024__image_ingredients__ingredient_title":"OLIO DI MELOGRANO","_v2024__image_ingredients__ingredient_description":"Fornisce protezione antiossidante contro gli effetti ambientali dannosi. Riduce i pori e le rughe."},{"_v2024__image_ingredients__ingredient_image":1000006725,"_v2024__image_ingredients__ingredient_title":"OLIO DI FRUTTO DELLA PASSIONE","_v2024__image_ingredients__ingredient_description":"Idrata e ammorbidisce, ringiovanisce la pelle dall'aspetto stanco, mantenendo una luminosit\u00e0 giovanile."},{"_v2024__image_ingredients__ingredient_image":1000006715,"_v2024__image_ingredients__ingredient_title":"OLIO DI BACCHE DI GOJI","_v2024__image_ingredients__ingredient_description":"Eccezionalmente ricco di antiossidanti, previene l'invecchiamento precoce. Aumenta la produzione di collagene e favorisce la pelle luminosa."},{"_v2024__image_ingredients__ingredient_image":1000006727,"_v2024__image_ingredients__ingredient_title":"OLIO DI ROSA CANINA","_v2024__image_ingredients__ingredient_description":"Illumina e uniforma il tono della pelle, attenua le cicatrici. Essenziale per una pelle pi\u00f9 liscia e impeccabile."},{"_v2024__image_ingredients__ingredient_image":1000006712,"_v2024__image_ingredients__ingredient_title":"OLIO DI COCCO","_v2024__image_ingredients__ingredient_description":"Si assorbe facilmente, idrata in profondit\u00e0 e lascia la pelle morbida ed elastica."},{"_v2024__image_ingredients__ingredient_image":1000006711,"_v2024__image_ingredients__ingredient_title":"BURRO DI CACAO","_v2024__image_ingredients__ingredient_description":"Meraviglioso \u201ccibo\u201d per la pelle. La rigenera e previene la comparsa di smagliature e rughe sottili."},{"_v2024__image_ingredients__ingredient_image":1000006705,"_v2024__image_ingredients__ingredient_title":"PRINCIPIO ATTIVO","_v2024__image_ingredients__ingredient_description":"Estratto di olio di oliva di alta qualit\u00e0, garantisce un rapido assorbimento di oli dalla pelle."},{"_v2024__image_ingredients__ingredient_image":1000006730,"_v2024__image_ingredients__ingredient_title":"VITAMINA E NATURALE","_v2024__image_ingredients__ingredient_description":"Potente antiossidante che combatte i segni dell\u2019et\u00e0 e supporta il naturale processo di guarigione della pelle."}],"_v2024__image_ingredients__all_ingredients":"CAPRYLIC\/CAPRIC TRIGLYCERIDE, COCOS NUCIFERA OIL*, OCTYLDODECYL OLIVATE, THEOBROMA CACAO SEED BUTTER*, PASSIFLORA EDULIS SEED OIL, HELIANTHUS ANNUUS SEED OIL*, LUPINUS ALBUS SEED EXTRACT, TOCOPHEROL, PUNICA GRANATUM SEED OIL*, ROSA CANINA SEED EXTRACT, LYCIUM BARBARUM SEED OIL*, PARFUM <strong>(NATURAL EMOLLIENT, COCONUT OIL*, OCTYLDODECYL OLIVATE (FROM OLIVE OIL), CACAO SEED BUTTER*, PASSION FRUIT SEED OIL*, SUNFLOWER SEED OIL*, WHITE LUPIN SEED EXTRACT, NATURAL VITAMIN E, POMEGRANATE SEED OIL*, ROSE HIP SEED OIL, GOJI BERRY SEED OIL*, PARFUM) <\/strong>\r\n\r\n<em>* Ingredienti Biologici Certificati<\/em>\r\n\r\n<em>Si prega di notare che la lista degli ingredienti potrebbe leggermente variare nel tempo a seguito di miglioramenti del prodotto. Si raccomanda di fare riferimento alla confezione del prodotto per informazioni aggiornate.<\/em>","_v2024__usage_content__left_content":"Adatto per viso e corpo. Per ottenere i migliori risultati, applicare mattina e sera sulle aree desiderate o su tutto il viso e il corpo.\r\n\r\nApplicare sulla pelle asciutta o umida. Si assorbe pi\u00f9 facilmente subito dopo la doccia, sulla pelle ancora umida.","_v2024__usage_content__right_bottom_content":"","_v2024__usage_content__note":"","_v2024__usage_content__storage":"Conservare in un luogo fresco e asciutto. Non refrigerare. Il prodotto si indurisce se conservato a freddo e il contenuto della bottiglia non pu\u00f2 fuoriuscire attraverso la pompa. Affinch\u00e9 diventi liquido, lasciare a temperatura ambiente superiore a 25\u00b0C. Si prega di non aprire la bottiglia quando il prodotto si \u00e8 indurito, poich\u00e9 ci\u00f2 potrebbe danneggiare la pompa.\r\n\r\n&nbsp;\r\n\r\nSolo per uso esterno. Interrompere l'uso in caso di irritazione. Non utilizzare su pelle danneggiata o lacerata. Evitare il contatto con gli occhi. Tenere lontano dalla portata dei bambini!"},"_links":{"self":[{"href":"https:\/\/cocosolis.com\/it\/wp-json\/wp\/v2\/product\/390","targetHints":{"allow":["GET"]}}],"collection":[{"href":"https:\/\/cocosolis.com\/it\/wp-json\/wp\/v2\/product"}],"about":[{"href":"https:\/\/cocosolis.com\/it\/wp-json\/wp\/v2\/types\/product"}],"wp:featuredmedia":[{"embeddable":true,"href":"https:\/\/cocosolis.com\/it\/wp-json\/"}],"wp:attachment":[{"href":"https:\/\/cocosolis.com\/it\/wp-json\/wp\/v2\/media?parent=390"}],"wp:term":[{"taxonomy":"product_brand","embeddable":true,"href":"https:\/\/cocosolis.com\/it\/wp-json\/wp\/v2\/product_brand?post=390"},{"taxonomy":"product_cat","embeddable":true,"href":"https:\/\/cocosolis.com\/it\/wp-json\/wp\/v2\/product_cat?post=390"},{"taxonomy":"product_tag","embeddable":true,"href":"https:\/\/cocosolis.com\/it\/wp-json\/wp\/v2\/product_tag?post=390"},{"taxonomy":"product_template","embeddable":true,"href":"https:\/\/cocosolis.com\/it\/wp-json\/wp\/v2\/product_template?post=390"}],"curies":[{"name":"wp","href":"https:\/\/api.w.org\/{rel}","templated":true}]}}