{"id":385,"date":"2022-05-06T13:10:21","date_gmt":"2022-05-06T11:10:21","guid":{"rendered":"http:\/\/cocosolis.com\/en\/?post_type=product&#038;p=385"},"modified":"2026-04-06T15:25:37","modified_gmt":"2026-04-06T13:25:37","slug":"skin-stretch-mark-dry-oil","status":"publish","type":"product","link":"https:\/\/cocosolis.com\/it\/product\/skin-stretch-mark-dry-oil\/","title":{"rendered":"SKIN Stretch Mark Dry Oil"},"content":{"rendered":"","protected":false},"excerpt":{"rendered":"","protected":false},"featured_media":1000004576,"template":"","meta":{"_acf_changed":false},"product_brand":[],"product_cat":[19],"product_tag":[],"product_template":[67],"class_list":{"0":"post-385","1":"product","2":"type-product","3":"status-publish","4":"has-post-thumbnail","6":"product_cat-skin","7":"product_template-v-2024-clean","9":"first","10":"instock","11":"shipping-taxable","12":"purchasable","13":"product-type-simple"},"acf":{"_v2024__listing_and_sharing_info__listing_category":"SKIN","_v2024__listing_and_sharing_info__product_type":"Stretch Mark Dry Oil","_v2024__listing__and_sharing_info__listing_below_title_in_product_page":"Olio secco contro le smagliature. Adatto anche per la pelle disidratata e invecchiata.","_v2024__listing_and_sharing_info__listing_description":"Olio secco naturale contro le smagliature. Adatto anche per pelli disidratate e invecchiate.","_v2024__listing_and_sharing_info__image":1000000389,"_v2024__product_hero__hero_type":"carousel","_v2024__product_hero__product_slider_gallery":[{"_v2024__product_hero__product_slider_gallery__image":1000006663,"_v2024__product_hero__product_slider_gallery__video_link":""},{"_v2024__product_hero__product_slider_gallery__image":1000006664,"_v2024__product_hero__product_slider_gallery__video_link":""},{"_v2024__product_hero__product_slider_gallery__image":1000006665,"_v2024__product_hero__product_slider_gallery__video_link":""},{"_v2024__product_hero__product_slider_gallery__image":1000006666,"_v2024__product_hero__product_slider_gallery__video_link":""},{"_v2024__product_hero__product_slider_gallery__image":1000006667,"_v2024__product_hero__product_slider_gallery__video_link":""},{"_v2024__product_hero__product_slider_gallery__image":1000006668,"_v2024__product_hero__product_slider_gallery__video_link":""},{"_v2024__product_hero__product_slider_gallery__image":1000006669,"_v2024__product_hero__product_slider_gallery__video_link":"https:\/\/player.vimeo.com\/progressive_redirect\/playback\/1042663930\/rendition\/540p\/file.mp4?loc=external&amp;log_user=0&amp;signature=78bb01a1fe3d2bf9676ed22a7bfa36db3f77502ecc6f889eb5d9c9c22c6d91f1"}],"_v2024__before_and_after_image":1000006539,"_v2024__before_and_after_image_mobile":1000006540,"_v2024__product_hero__quantity":"110 ML","_v2024__product_hero__product_disclamer":"","_v2024__why_use__should_show":"visible","_v2024__why_use__description_text":"Aiuta a ridurre il rischio di smagliature durante la gravidanza, cambiamenti improvvisi di peso o crescita rapida. Migliora l'aspetto della pelle e ne aumenta l'elasticit\u00e0.","_v2024__why_use__text_content":"<ul>\r\n \t<li>Aiuta a mantenere alti livelli di collagene nella pelle<\/li>\r\n \t<li>Ha un effetto benefico sulla pelle secca e invecchiata<\/li>\r\n \t<li>Contiene un principio attivo naturale brevettato contro le smagliature con estratto di semi di lupino bianco dolce<\/li>\r\n \t<li>Speciale formula naturale e vegana di oli biologici spremuti a freddo di alta qualit\u00e0: nutre e ripristina<\/li>\r\n \t<li>Si assorbe rapidamente e in profondit\u00e0<\/li>\r\n \t<li>Adatto per pelli delicate e sensibili<\/li>\r\n \t<li>Dolce aroma di mandarino<\/li>\r\n<\/ul>","_v2024__why_use__product_notes_and_remarks":"","_v2024__why_use__background_color":"#FBF1EB","_v2024__why_use__heading_color":"#816c65","_v2024__why_use__text_color":"#816c65","_v2024__why_use__image_desktop":1000006700,"_v2024__why_use__image_mobile":1000006701,"_v2024__stats_show":false,"_v2024__stats_repeater":null,"_v2024__stats_repeater_disclaimer":null,"_v2024__benefits__icons_repeater":[{"_v2024__benefit__icons_repeater_icon":1000006750,"_v2024__benefit__icons_repeater_text":"PREVIENE LE SMAGLIATURE"},{"_v2024__benefit__icons_repeater_icon":1000006742,"_v2024__benefit__icons_repeater_text":"PRINCIPIO ATTIVO NATURALE BREVETTATO"},{"_v2024__benefit__icons_repeater_icon":1000006746,"_v2024__benefit__icons_repeater_text":"INGREDIENTI ORGANICI E NATURALI"},{"_v2024__benefit__icons_repeater_icon":1000006751,"_v2024__benefit__icons_repeater_text":"AROMA DI MANDARINO"}],"_v2024__image_ingreddients__intro_text":"Tutti gli ingredienti naturali. Ha un effetto riparatore, leviga la pelle, stimola la produzione di collagene - condizioni che prevengono la comparsa di smagliature e la pelle rimane elastica, idratata e liscia.","_v2024__image_ingreddients__additional_description":"","_v2024__image_ingreddients__disclamer_inner":"","_v2024__image_ingredients__repeater":[{"_v2024__image_ingredients__ingredient_image":1000006704,"_v2024__image_ingredients__ingredient_title":"PRINCIPIO ATTIVO LUPIN DOLCE\u00ae","_v2024__image_ingredients__ingredient_description":"Aumenta la produzione di collagene di alta qualit\u00e0, migliora l'elasticit\u00e0 e la compattezza della pelle, rimodella le aree cutanee cadenti."},{"_v2024__image_ingredients__ingredient_image":1000006729,"_v2024__image_ingredients__ingredient_title":"OLIO ESSENZIALE DI MANDARINO","_v2024__image_ingredients__ingredient_description":"Rigenera e leviga la pelle, ripristina il suo equilibrio e previene la formazione di smagliature."},{"_v2024__image_ingredients__ingredient_image":1000006727,"_v2024__image_ingredients__ingredient_title":"OLIO DI ROSA CANINA","_v2024__image_ingredients__ingredient_description":"Illumina e uniforma il tono della pelle, attenua le cicatrici. Essenziale per una pelle pi\u00f9 liscia e impeccabile."},{"_v2024__image_ingredients__ingredient_image":1000006719,"_v2024__image_ingredients__ingredient_title":"ESTRATTO DI CALENDULA","_v2024__image_ingredients__ingredient_description":"Lenisce e rigenera la pelle, rendendo meno visibili le smagliature e le cicatrici esistenti."},{"_v2024__image_ingredients__ingredient_image":1000006708,"_v2024__image_ingredients__ingredient_title":"OLIO DI AVOCADO","_v2024__image_ingredients__ingredient_description":"Ricco di acidi grassi essenziali e vitamine, idrata in profondit\u00e0 la pelle e aiuta a prevenire la comparsa delle smagliature."},{"_v2024__image_ingredients__ingredient_image":1000006712,"_v2024__image_ingredients__ingredient_title":"OLIO DI COCCO","_v2024__image_ingredients__ingredient_description":"Si assorbe facilmente, idrata in profondit\u00e0 e lascia la pelle morbida ed elastica."},{"_v2024__image_ingredients__ingredient_image":1000006711,"_v2024__image_ingredients__ingredient_title":"BURRO DI CACAO","_v2024__image_ingredients__ingredient_description":"Meraviglioso \u201ccibo\u201d per la pelle. La rigenera e previene la comparsa di smagliature e rughe sottili."},{"_v2024__image_ingredients__ingredient_image":1000006706,"_v2024__image_ingredients__ingredient_title":"OLIO DI MANDORLE DOLCI","_v2024__image_ingredients__ingredient_description":"Calma e migliora la consistenza e il tono della pelle. Riduce arrossamenti e infiammazioni."},{"_v2024__image_ingredients__ingredient_image":1000006724,"_v2024__image_ingredients__ingredient_title":"OLIO D'OLIVA","_v2024__image_ingredients__ingredient_description":"Idrata la pelle in profondit\u00e0, lenisce e nutre la pelle irritata."},{"_v2024__image_ingredients__ingredient_image":1000006705,"_v2024__image_ingredients__ingredient_title":"PRINCIPIO ATTIVO","_v2024__image_ingredients__ingredient_description":"Estratto di olio di oliva di alta qualit\u00e0, garantisce un rapido assorbimento di oli dalla pelle."},{"_v2024__image_ingredients__ingredient_image":1000006730,"_v2024__image_ingredients__ingredient_title":"VITAMINA E NATURALE","_v2024__image_ingredients__ingredient_description":"Potente antiossidante che combatte i segni dell\u2019et\u00e0 e supporta il naturale processo di guarigione della pelle."}],"_v2024__image_ingredients__all_ingredients":"COCOS NUCIFERA OIL*, HELIANTHUS ANNUUS SEED OIL*, CALENDULA OFFICINALIS FLOWER EXTRACT*, SIMMONDSIA CHINENSIS SEED OIL*, PRUNUS AMYGDALUS DULCIS OIL*, THEOBROMA CACAO SEED BUTTER*, CUCUMIS SATIVUS SEED OIL*, ARGANIA SPINOSA KERNEL OIL*, OCTYLDODECYL OLIVATE, CAPRYLIC\/ CAPRIC TRIGLYCERIDE, TOCOPHEROL, MENTHA VIRIDIS LEAF OIL*, LIMONENE <strong>(COCONUT OIL*, SUNFLOWER SEED OIL*, CALENDULA FLOWER EXTRACT*, JOJOBA OIL*, SWEET ALMOND OIL*, CACAO SEED BUTTER*, CUCUMBER OIL*, ARGAN OIL*, OCTYLDODECYL OLIVATE FROM OLIVE OIL, CAPRYLIC CAPRIC TRIGLYCERIDE, NATURAL VITAMIN \u0415, SPEARMINT ESSENTIAL OIL*, LIMONENE)<\/strong>\r\n\r\n<em>* Ingredienti Biologici Certificati<\/em>\r\n\r\n<em>Si prega di notare che la lista degli ingredienti potrebbe leggermente variare nel tempo a seguito di miglioramenti del prodotto. Si raccomanda di fare riferimento alla confezione del prodotto per informazioni aggiornate.<\/em>","_v2024__usage_content__left_content":"Applicare mattina e sera sulle zone desiderate o su tutto il corpo con movimenti massaggianti.\r\n\r\nPer un effetto ottimale, applicare subito dopo la doccia sulla pelle umida o asciutta, quando i pori sono aperti e possono assorbire al massimo gli ingredienti dell'olio puro.","_v2024__usage_content__right_bottom_content":"","_v2024__usage_content__note":"* <em>*Durante la gravidanza: \u00e8 importante sapere: nonostante gli ingredienti interamente naturali utilizzati in questo prodotto, consigliamo un test individuale di compatibilit\u00e0 cutanea su una piccola area del corpo 24 ore prima dell'uso.<\/em>","_v2024__usage_content__storage":"Conservare in un luogo fresco e asciutto. Non refrigerare. Il prodotto si indurisce se conservato a freddo e il contenuto della bottiglia non pu\u00f2 fuoriuscire attraverso la pompa. Affinch\u00e9 diventi liquido, lasciare a temperatura ambiente superiore a 25\u00b0C. Si prega di non aprire la bottiglia quando il prodotto si \u00e8 indurito, poich\u00e9 ci\u00f2 potrebbe danneggiare la pompa.\r\n\r\n&nbsp;\r\n\r\nSolo per uso esterno. Interrompere l'uso in caso di irritazione. Non utilizzare su pelle danneggiata o lacerata. Evitare il contatto con gli occhi. Tenere lontano dalla portata dei bambini!"},"_links":{"self":[{"href":"https:\/\/cocosolis.com\/it\/wp-json\/wp\/v2\/product\/385","targetHints":{"allow":["GET"]}}],"collection":[{"href":"https:\/\/cocosolis.com\/it\/wp-json\/wp\/v2\/product"}],"about":[{"href":"https:\/\/cocosolis.com\/it\/wp-json\/wp\/v2\/types\/product"}],"wp:featuredmedia":[{"embeddable":true,"href":"https:\/\/cocosolis.com\/it\/wp-json\/"}],"wp:attachment":[{"href":"https:\/\/cocosolis.com\/it\/wp-json\/wp\/v2\/media?parent=385"}],"wp:term":[{"taxonomy":"product_brand","embeddable":true,"href":"https:\/\/cocosolis.com\/it\/wp-json\/wp\/v2\/product_brand?post=385"},{"taxonomy":"product_cat","embeddable":true,"href":"https:\/\/cocosolis.com\/it\/wp-json\/wp\/v2\/product_cat?post=385"},{"taxonomy":"product_tag","embeddable":true,"href":"https:\/\/cocosolis.com\/it\/wp-json\/wp\/v2\/product_tag?post=385"},{"taxonomy":"product_template","embeddable":true,"href":"https:\/\/cocosolis.com\/it\/wp-json\/wp\/v2\/product_template?post=385"}],"curies":[{"name":"wp","href":"https:\/\/api.w.org\/{rel}","templated":true}]}}