{"id":378,"date":"2022-05-06T10:01:23","date_gmt":"2022-05-06T10:01:23","guid":{"rendered":"http:\/\/cocosolis.com\/en\/?post_type=product&#038;p=378"},"modified":"2026-04-06T15:25:32","modified_gmt":"2026-04-06T13:25:32","slug":"cool-after-sun-oil","status":"publish","type":"product","link":"https:\/\/cocosolis.com\/it\/product\/cool-after-sun-oil\/","title":{"rendered":"COOL After Sun Oil"},"content":{"rendered":"","protected":false},"excerpt":{"rendered":"","protected":false},"featured_media":1000004556,"template":"","meta":{"_acf_changed":false},"product_brand":[],"product_cat":[15],"product_tag":[],"product_template":[67],"class_list":{"0":"post-378","1":"product","2":"type-product","3":"status-publish","4":"has-post-thumbnail","6":"product_cat-suntan-body","7":"product_template-v-2024-clean","9":"first","10":"instock","11":"shipping-taxable","12":"purchasable","13":"product-type-variable","14":"has-default-attributes"},"acf":{"_v2024__listing_and_sharing_info__listing_category":"COOL","_v2024__listing_and_sharing_info__product_type":"After Sun Oil","_v2024__listing__and_sharing_info__listing_below_title_in_product_page":"Olio doposole. Rivitalizza e lenisce. Con menta rinfrescante.","_v2024__listing_and_sharing_info__listing_description":"Olio doposole. Rivitalizza e lenisce. Con menta rinfrescante.","_v2024__listing_and_sharing_info__image":1000000378,"_v2024__product_hero__hero_type":"carousel","_v2024__product_hero__product_slider_gallery":[{"_v2024__product_hero__product_slider_gallery__image":1000006581,"_v2024__product_hero__product_slider_gallery__video_link":""},{"_v2024__product_hero__product_slider_gallery__image":1000006582,"_v2024__product_hero__product_slider_gallery__video_link":""},{"_v2024__product_hero__product_slider_gallery__image":1000006583,"_v2024__product_hero__product_slider_gallery__video_link":""},{"_v2024__product_hero__product_slider_gallery__image":1000006584,"_v2024__product_hero__product_slider_gallery__video_link":""},{"_v2024__product_hero__product_slider_gallery__image":1000006585,"_v2024__product_hero__product_slider_gallery__video_link":""},{"_v2024__product_hero__product_slider_gallery__image":1000006586,"_v2024__product_hero__product_slider_gallery__video_link":""},{"_v2024__product_hero__product_slider_gallery__image":1000006587,"_v2024__product_hero__product_slider_gallery__video_link":""},{"_v2024__product_hero__product_slider_gallery__image":1000006588,"_v2024__product_hero__product_slider_gallery__video_link":"https:\/\/player.vimeo.com\/progressive_redirect\/playback\/1040390492\/rendition\/720p\/file.mp4?loc=external&amp;log_user=0&amp;signature=0f42e81c06d95987b1c9e3bdcba84d571579cbd174ca8cf161166ad5f2402e2a&amp;user_id=110095091"}],"_v2024__before_and_after_image":1000006527,"_v2024__before_and_after_image_mobile":1000006528,"_v2024__product_hero__quantity":"","_v2024__product_hero__product_disclamer":"","_v2024__why_use__should_show":"visible","_v2024__why_use__description_text":"Lenisce la pelle dopo l'esposizione al sole o dopo una seduta sul lettino abbronzante. Ripristina, idrata e nutre in profondit\u00e0.","_v2024__why_use__text_content":"<ul>\r\n \t<li>Usato quotidianamente, rende la pelle pi\u00f9 morbida, liscia ed elastica<\/li>\r\n \t<li>Formula tutta naturale con ingredienti biologici, vegani<\/li>\r\n \t<li>Adatto per viso e corpo, pelli delicate o sensibili<\/li>\r\n \t<li>Con un delizioso aroma di menta<\/li>\r\n<\/ul>","_v2024__why_use__product_notes_and_remarks":"","_v2024__why_use__background_color":"#FBF1EB","_v2024__why_use__heading_color":"#816c65","_v2024__why_use__text_color":"#816c65","_v2024__why_use__image_desktop":1000006686,"_v2024__why_use__image_mobile":1000006687,"_v2024__stats_show":false,"_v2024__stats_repeater":null,"_v2024__stats_repeater_disclaimer":null,"_v2024__benefits__icons_repeater":[{"_v2024__benefit__icons_repeater_icon":1000006736,"_v2024__benefit__icons_repeater_text":"RINFRESCANTE E LENITIVO DOPO L'ESPOSIZIONE AL SOLE"},{"_v2024__benefit__icons_repeater_icon":1000006740,"_v2024__benefit__icons_repeater_text":"NUTRE E IDRATA"},{"_v2024__benefit__icons_repeater_icon":1000006746,"_v2024__benefit__icons_repeater_text":"INGREDIENTI ORGANICI E NATURALI"},{"_v2024__benefit__icons_repeater_icon":1000006743,"_v2024__benefit__icons_repeater_text":"DELIZIOSO AROMA DI MENTA"}],"_v2024__image_ingreddients__intro_text":"Prodotto completamente naturale, fonte di vitamine, minerali, principi bioattivi e antiossidanti. Combinazione di 9 oli biologici noti per i loro effetti lenitivi e rinfrescanti. Arricchito con vitamina E naturale.","_v2024__image_ingreddients__additional_description":"","_v2024__image_ingreddients__disclamer_inner":"","_v2024__image_ingredients__repeater":[{"_v2024__image_ingredients__ingredient_image":1000006721,"_v2024__image_ingredients__ingredient_title":"OLIO ESSENZIALE DI MENTA","_v2024__image_ingredients__ingredient_description":"Lenisce e rinfresca la pelle, riduce l'infiammazione. Il suo aroma fresco rinvigorisce i sensi."},{"_v2024__image_ingredients__ingredient_image":1000006711,"_v2024__image_ingredients__ingredient_title":"BURRO DI CACAO","_v2024__image_ingredients__ingredient_description":"Meraviglioso \u201cnutrimento\u201d per la pelle. Lo rigenera e previene la comparsa delle smagliature. Favorisce la formazione di un'abbronzatura uniforme, profonda e scura."},{"_v2024__image_ingredients__ingredient_image":1000006719,"_v2024__image_ingredients__ingredient_title":"ESTRATTO DI CALENDULA","_v2024__image_ingredients__ingredient_description":"Ha forti effetti lenitivi e rivitalizzanti sulla pelle dopo una lunga esposizione al sole."},{"_v2024__image_ingredients__ingredient_image":1000006714,"_v2024__image_ingredients__ingredient_title":"OLIO DI SEMI DI CETRIOLO","_v2024__image_ingredients__ingredient_description":"Intensamente idratante: si assorbe rapidamente, rinfresca e rivitalizza. Calma la pelle scottata dal sole."},{"_v2024__image_ingredients__ingredient_image":1000006707,"_v2024__image_ingredients__ingredient_title":"OLIO DI ARGAN","_v2024__image_ingredients__ingredient_description":"\"L'oro liquido del Marocco\" per una pelle liscia come la seta. Protegge dagli effetti dannosi del sole e del vento."},{"_v2024__image_ingredients__ingredient_image":1000006705,"_v2024__image_ingredients__ingredient_title":"PRINCIPIO ATTIVO","_v2024__image_ingredients__ingredient_description":"Estratto di olio di oliva di alta qualit\u00e0, garantisce un rapido assorbimento di oli dalla pelle."},{"_v2024__image_ingredients__ingredient_image":1000006712,"_v2024__image_ingredients__ingredient_title":"OLIO DI COCCO","_v2024__image_ingredients__ingredient_description":"Si assorbe facilmente, idrata in profondit\u00e0 e lascia la pelle morbida ed elastica. Protegge da macchie solari e dell'et\u00e0 e rende l'abbronzatura dorata."},{"_v2024__image_ingredients__ingredient_image":1000006717,"_v2024__image_ingredients__ingredient_title":"OLIO DI JOJOBA","_v2024__image_ingredients__ingredient_description":"Equilibra il sebo, lenisce la pelle e favorisce una carnagione liscia e chiara."},{"_v2024__image_ingredients__ingredient_image":1000006730,"_v2024__image_ingredients__ingredient_title":"VITAMINA E NATURALE","_v2024__image_ingredients__ingredient_description":"Potente antiossidante che combatte i segni dell\u2019et\u00e0 e supporta il naturale processo di guarigione della pelle."}],"_v2024__image_ingredients__all_ingredients":"COCOS NUCIFERA OIL*, HELIANTHUS ANNUUS SEED OIL*, CALENDULA OFFICINALIS FLOWER EXTRACT*, SIMMONDSIA CHINENSIS SEED OIL*, PRUNUS AMYGDALUS DULCIS OIL*, THEOBROMA CACAO SEED BUTTER*, CUCUMIS SATIVUS SEED OIL*, ARGANIA SPINOSA KERNEL OIL*, OCTYLDODECYL OLIVATE, CAPRYLIC\/ CAPRIC TRIGLYCERIDE, TOCOPHEROL, MENTHA VIRIDIS LEAF OIL*, LIMONENE <strong>(COCONUT OIL*, SUNFLOWER SEED OIL*, CALENDULA FLOWER EXTRACT*, JOJOBA OIL*, SWEET ALMOND OIL*, CACAO SEED BUTTER*, CUCUMBER OIL*, ARGAN OIL*, OCTYLDODECYL OLIVATE FROM OLIVE OIL, CAPRYLIC CAPRIC TRIGLYCERIDE, NATURAL VITAMIN \u0415, SPEARMINT ESSENTIAL OIL*, LIMONENE)<\/strong>\r\n\r\n<em>* Ingredienti Biologici Certificati<\/em>\r\n\r\n<em>Si prega di notare che la lista degli ingredienti potrebbe leggermente variare nel tempo a seguito di miglioramenti del prodotto. Si raccomanda di fare riferimento alla confezione del prodotto per informazioni aggiornate.<\/em>","_v2024__usage_content__left_content":"<h4>DOPO SOLE E LETTINI<\/h4>\r\nPer un effetto ottimale, applicare subito dopo la doccia sulla pelle umida o asciutta, quando i pori sono aperti e possono assorbire al massimo gli ingredienti dell'olio puro.\r\n<h4>OGNI GIORNO<\/h4>\r\nUtilizzare quotidianamente dopo la doccia per una pelle liscia ed elastica.\r\n<h4>UTILIZZO PER IL MASSAGGIO<\/h4>\r\nPerfetto da usare come olio da massaggio.","_v2024__usage_content__right_bottom_content":"","_v2024__usage_content__note":"<strong>NOTARE CHE<\/strong>: L'olio non contiene un filtro UV. Evitare il contatto con gli occhi.","_v2024__usage_content__storage":"Conservare in un luogo fresco e asciutto. Non refrigerare. Il prodotto si indurisce se conservato a freddo e il contenuto della bottiglia non pu\u00f2 fuoriuscire attraverso la pompa. Affinch\u00e9 diventi liquido, lasciare a temperatura ambiente superiore a 25\u00b0C. Si prega di non aprire la bottiglia quando il prodotto si \u00e8 indurito, poich\u00e9 ci\u00f2 potrebbe danneggiare la pompa.\r\n\r\n&nbsp;\r\n\r\nSolo per uso esterno. Interrompere l'uso in caso di irritazione. Non utilizzare su pelle danneggiata o lacerata. Evitare il contatto con gli occhi. Tenere lontano dalla portata dei bambini!"},"_links":{"self":[{"href":"https:\/\/cocosolis.com\/it\/wp-json\/wp\/v2\/product\/378","targetHints":{"allow":["GET"]}}],"collection":[{"href":"https:\/\/cocosolis.com\/it\/wp-json\/wp\/v2\/product"}],"about":[{"href":"https:\/\/cocosolis.com\/it\/wp-json\/wp\/v2\/types\/product"}],"wp:featuredmedia":[{"embeddable":true,"href":"https:\/\/cocosolis.com\/it\/wp-json\/"}],"wp:attachment":[{"href":"https:\/\/cocosolis.com\/it\/wp-json\/wp\/v2\/media?parent=378"}],"wp:term":[{"taxonomy":"product_brand","embeddable":true,"href":"https:\/\/cocosolis.com\/it\/wp-json\/wp\/v2\/product_brand?post=378"},{"taxonomy":"product_cat","embeddable":true,"href":"https:\/\/cocosolis.com\/it\/wp-json\/wp\/v2\/product_cat?post=378"},{"taxonomy":"product_tag","embeddable":true,"href":"https:\/\/cocosolis.com\/it\/wp-json\/wp\/v2\/product_tag?post=378"},{"taxonomy":"product_template","embeddable":true,"href":"https:\/\/cocosolis.com\/it\/wp-json\/wp\/v2\/product_template?post=378"}],"curies":[{"name":"wp","href":"https:\/\/api.w.org\/{rel}","templated":true}]}}