{"id":1000073683,"date":"2026-04-01T12:51:25","date_gmt":"2026-04-01T10:51:25","guid":{"rendered":"https:\/\/cocosolis.com\/it\/product\/solis-gradual-tan-body-milk\/"},"modified":"2026-04-20T12:48:38","modified_gmt":"2026-04-20T10:48:38","slug":"solis-gradual-tan-body-milk","status":"publish","type":"product","link":"https:\/\/cocosolis.com\/it\/product\/solis-gradual-tan-body-milk\/","title":{"rendered":"SOLIS Gradual Tan Body Milk"},"content":{"rendered":"","protected":false},"excerpt":{"rendered":"","protected":false},"featured_media":0,"template":"","meta":{"_acf_changed":false},"product_brand":[],"product_cat":[43],"product_tag":[],"product_template":[67],"class_list":{"0":"post-1000073683","1":"product","2":"type-product","3":"status-publish","5":"product_cat-self-tanner","6":"product_template-v-2024-clean","8":"first","9":"instock","10":"shipping-taxable","11":"purchasable","12":"product-type-simple"},"acf":{"_v2024__listing_and_sharing_info__listing_category":"SOLIS","_v2024__listing_and_sharing_info__product_type":"Gradual Tan Body Milk","_v2024__listing__and_sharing_info__listing_below_title_in_product_page":"Latte corpo autoabbronzante naturale. Idrata la pelle e ti regala un\u2019abbronzatura bronzo modulabile, da intensificare a tuo piacimento.Formula leggera, si assorbe in fretta.","_v2024__listing_and_sharing_info__listing_description":"Latte corpo autoabbronzante naturale. Per idratarti ogni giorno e ottenere un\u2019abbronzatura bronzo graduale.","_v2024__listing_and_sharing_info__image":1000009847,"_v2024__product_hero__hero_type":"carousel","_v2024__product_hero__product_slider_gallery":[{"_v2024__product_hero__product_slider_gallery__image":1000009922,"_v2024__product_hero__product_slider_gallery__video_link":""},{"_v2024__product_hero__product_slider_gallery__image":1000009923,"_v2024__product_hero__product_slider_gallery__video_link":""},{"_v2024__product_hero__product_slider_gallery__image":1000009924,"_v2024__product_hero__product_slider_gallery__video_link":""},{"_v2024__product_hero__product_slider_gallery__image":1000009925,"_v2024__product_hero__product_slider_gallery__video_link":""},{"_v2024__product_hero__product_slider_gallery__image":1000009926,"_v2024__product_hero__product_slider_gallery__video_link":""},{"_v2024__product_hero__product_slider_gallery__image":1000009927,"_v2024__product_hero__product_slider_gallery__video_link":""},{"_v2024__product_hero__product_slider_gallery__image":1000009928,"_v2024__product_hero__product_slider_gallery__video_link":""},{"_v2024__product_hero__product_slider_gallery__image":1000009929,"_v2024__product_hero__product_slider_gallery__video_link":""}],"_v2024__before_and_after_image":1000009963,"_v2024__before_and_after_image_mobile":1000009962,"_v2024__product_hero__quantity":"200ml","_v2024__product_hero__product_disclamer":"","_v2024__why_use__should_show":"visible","_v2024__why_use__description_text":"<strong>Formula skincare-first, pensata per la cura della pelle, che combina DHA naturale, olio di cocay biologico, considerato un retinolo naturale, olio di marula biologico per un effetto anti-et\u00e0 e acido ialuronico. Lascia la pelle setosa e liscia, con un'abbronzatura che si sviluppa in 8 ore e pu\u00f2 essere intensificata giorno dopo giorno.<\/strong>","_v2024__why_use__text_content":"<ul>\r\n \t<li>Dona un'abbronzatura naturale che si intensifica a ogni applicazione<\/li>\r\n \t<li>Idratazione profonda e trattamento anti-et\u00e0 potenziati dal retinolo naturale contenuto nell'olio di cocay<\/li>\r\n \t<li>Formula innovativa che si adatta al tono della pelle<\/li>\r\n \t<li>Emulsione leggera e ad assorbimento rapido che non macchia<\/li>\r\n \t<li>Si applica in modo uniforme, senza macchie<\/li>\r\n \t<li>Ideale per chi si avvicina per la prima volta all'autoabbronzatura<\/li>\r\n \t<li>Per risultati ottimali, applicare con un guanto autoabbronzante<\/li>\r\n \t<li>Fragranza caramello e latte<\/li>\r\n<\/ul>","_v2024__why_use__product_notes_and_remarks":"","_v2024__why_use__background_color":"#eddacd","_v2024__why_use__heading_color":"#816c65","_v2024__why_use__text_color":"#816c65","_v2024__why_use__image_desktop":1000009848,"_v2024__why_use__image_mobile":1000009849,"_v2024__stats_show":false,"_v2024__stats_repeater":null,"_v2024__stats_repeater_disclaimer":null,"_v2024__benefits__icons_repeater":[{"_v2024__benefit__icons_repeater_icon":10000010005,"_v2024__benefit__icons_repeater_text":"ABBRONZATURA DALL\u2019ASPETTO NATURALE"},{"_v2024__benefit__icons_repeater_icon":10000010004,"_v2024__benefit__icons_repeater_text":"SVILUPPO GRADUALE"},{"_v2024__benefit__icons_repeater_icon":10000010003,"_v2024__benefit__icons_repeater_text":"IDRATAZIONE QUOTIDIANA"},{"_v2024__benefit__icons_repeater_icon":10000010002,"_v2024__benefit__icons_repeater_text":"FRAGRANZA CARAMELLO E LATTE"}],"_v2024__image_ingreddients__intro_text":"<strong>Una miscela di un booster di abbronzatura naturale, acido ialuronico e oli biologici spremuti a freddo profondamente idratanti. Una formula leggera per un'abbronzatura uniforme e naturale che si sviluppa gradualmente e poi svanisce dolcemente.<\/strong>","_v2024__image_ingreddients__additional_description":"","_v2024__image_ingreddients__disclamer_inner":"","_v2024__image_ingredients__repeater":[{"_v2024__image_ingredients__ingredient_image":1000009843,"_v2024__image_ingredients__ingredient_title":"DHA NATURALE","_v2024__image_ingredients__ingredient_description":"Principio attivo di origine vegetale, derivato dalla fermentazione. Reagisce con gli aminoacidi della pelle per ottenere un'abbronzatura dall'aspetto naturale senza esposizione al sole."},{"_v2024__image_ingredients__ingredient_image":1000009842,"_v2024__image_ingredients__ingredient_title":"ACIDO IALURONICO","_v2024__image_ingredients__ingredient_description":"Potente umettante di origine naturale. Fornisce un'idratazione profonda che aiuta l'abbronzatura a svilupparsi in modo pi\u00f9 uniforme e a durare pi\u00f9 a lungo. Previene la comparsa di macchie e striature."},{"_v2024__image_ingredients__ingredient_image":1000009841,"_v2024__image_ingredients__ingredient_title":"MARULA","_v2024__image_ingredients__ingredient_description":"Olio leggero e profondamente idratante, ricco di antiossidanti e acidi grassi essenziali. Si assorbe rapidamente e in profondit\u00e0, preparando la pelle per un'abbronzatura uniforme. Supporta una barriera cutanea sana per uno sbiadimento uniforme."},{"_v2024__image_ingredients__ingredient_image":1000009844,"_v2024__image_ingredients__ingredient_title":"CACAY","_v2024__image_ingredients__ingredient_description":"Soprannominato \"l'oro dell'Amazzonia\", quest'olio ha potenti effetti anti-et\u00e0 e idratanti. Estremamente ricco di vitamina A e apprezzato come retinolo naturale. Crea una base liscia e rinfrescante per un'abbronzatura uniforme."},{"_v2024__image_ingredients__ingredient_image":1000006712,"_v2024__image_ingredients__ingredient_title":"COCCO","_v2024__image_ingredients__ingredient_description":"Si assorbe facilmente, idratando in profondit\u00e0 e trattenendo l'idratazione. Forma una barriera protettiva e aiuta a prevenire l'accumulo di macchie scure nelle zone secche come gomiti e ginocchia."}],"_v2024__image_ingredients__all_ingredients":"INCI: AQUA*, CAPRYLIC\/CAPRIC TRIGLYCERIDE*, COCO-CAPRYLATE\/CAPRATE*, DIHYDROXYACETONE*, PENTYLENE GLYCOL*, MAGNESIUM SULFATE, POLYGLYCERYL-6 STEARATE*, XANTHAN GUM*, COCOS NUCIFERA OIL*, SCLEROCARYA BIRREA SEED OIL*, CARYODENDRON ORINOCENSE SEED OIL*, SODIUM HYALURONATE*, LECITHIN*, PULLULAN*, CITRIC ACID*, C14-22 ALCOHOLS*, C12-20 ALKYL GLUCOSIDE*, MICROCRYSTALLINE CELLULOSE*, CELLULOSE GUM*, SCLEROTIUM GUM*, POLYGLYCERYL-6 BEHENATE*, POLYGLYCERYL-4 DIISOSTEARATE\/POLYHYDROXYSTEARATE\/SEBACATE*, POLYGLYCERYL-3 OLEATE*, DIISOSTEAROYL POLYGLYCERYL-3 DIMER DILINOLEATE*, HYDRATED SILICA*, TETRASODIUM GLUTAMATE DIACETATE, PARFUM*, VANILLIN, LINALOOL, CITRAL, BENZALDEHYDE\r\n\r\n*Ingredienti di origine naturale\r\n\r\nSi prega di notare che la lista degli ingredienti potrebbe leggermente variare nel tempo a seguito di miglioramenti del prodotto. Si raccomanda di fare riferimento alla confezione del prodotto per informazioni aggiornate.","_v2024__usage_content__left_content":"<strong>DOVE:<\/strong> su tutto il corpo\r\n\r\n<strong>QUANTO FREQUENTE<\/strong>: Ogni giorno come latte corpo idratante fino a raggiungere l'intensit\u00e0 di abbronzatura desiderata.\r\n\r\nPi\u00f9 spesso si applica SOLIS Gradual Tan Body Milk, pi\u00f9 intensa sar\u00e0 l'abbronzatura.\r\n\r\n<strong>COME<\/strong>:\r\n<ul>\r\n \t<li>1. Per risultati ottimali, esfoliare il corpo con Exfoliating Mitt 24 ore prima della prima applicazione.<\/li>\r\n \t<li>2. Applicare il latte sulla pelle pulita e asciutta utilizzando i Self-tanning Mitt con leggeri movimenti circolari. Usare con parsimonia su gomiti, ginocchia, caviglie, piedi e mani.<\/li>\r\n \t<li>3. Se si applica senza guanto, lavarsi accuratamente le mani. Per proteggere le mani da una possibile colorazione, consigliamo di utilizzare un Self-tanning Mitt.<\/li>\r\n \t<li>4. Lasciare assorbire completamente prima di vestirsi.<\/li>\r\n<\/ul>","_v2024__usage_content__right_bottom_content":"","_v2024__usage_content__note":"<strong>NOTA BENE:<\/strong> Conservare in un luogo fresco, buio e asciutto. A causa della sua composizione naturale, il colore della lozione pu\u00f2 variare nel tempo, ma ci\u00f2 non influisce sulla sua qualit\u00e0 o effetto. Solo per uso esterno. Patch test per l'allergia 24 ore prima dell'uso. Interrompere l'uso in caso di irritazione. Non usarlo su pelle danneggiata o ferita. Evitare il contatto con gli occhi. Questo prodotto non contiene filtri solari e non protegge dalle scottature. Tenere lontano dalla portata dei bambini!","_v2024__usage_content__storage":""},"_links":{"self":[{"href":"https:\/\/cocosolis.com\/it\/wp-json\/wp\/v2\/product\/1000073683","targetHints":{"allow":["GET"]}}],"collection":[{"href":"https:\/\/cocosolis.com\/it\/wp-json\/wp\/v2\/product"}],"about":[{"href":"https:\/\/cocosolis.com\/it\/wp-json\/wp\/v2\/types\/product"}],"wp:attachment":[{"href":"https:\/\/cocosolis.com\/it\/wp-json\/wp\/v2\/media?parent=1000073683"}],"wp:term":[{"taxonomy":"product_brand","embeddable":true,"href":"https:\/\/cocosolis.com\/it\/wp-json\/wp\/v2\/product_brand?post=1000073683"},{"taxonomy":"product_cat","embeddable":true,"href":"https:\/\/cocosolis.com\/it\/wp-json\/wp\/v2\/product_cat?post=1000073683"},{"taxonomy":"product_tag","embeddable":true,"href":"https:\/\/cocosolis.com\/it\/wp-json\/wp\/v2\/product_tag?post=1000073683"},{"taxonomy":"product_template","embeddable":true,"href":"https:\/\/cocosolis.com\/it\/wp-json\/wp\/v2\/product_template?post=1000073683"}],"curies":[{"name":"wp","href":"https:\/\/api.w.org\/{rel}","templated":true}]}}