{"id":1000060779,"date":"2025-07-07T15:11:15","date_gmt":"2025-07-07T13:11:15","guid":{"rendered":"https:\/\/cocosolis.com\/it\/product\/hot-fat-burning-serum\/"},"modified":"2026-04-06T15:26:40","modified_gmt":"2026-04-06T13:26:40","slug":"hot-fat-burning-serum","status":"publish","type":"product","link":"https:\/\/cocosolis.com\/it\/product\/hot-fat-burning-serum\/","title":{"rendered":"HOT+ Fat-burning Serum"},"content":{"rendered":"","protected":false},"excerpt":{"rendered":"","protected":false},"featured_media":1000008635,"template":"","meta":{"_acf_changed":false},"product_brand":[],"product_cat":[19],"product_tag":[],"product_template":[67],"class_list":{"0":"post-1000060779","1":"product","2":"type-product","3":"status-publish","4":"has-post-thumbnail","6":"product_cat-skin","7":"product_template-v-2024-clean","9":"first","10":"instock","11":"shipping-taxable","12":"purchasable","13":"product-type-simple"},"acf":{"_v2024__listing_and_sharing_info__listing_category":"HOT+","_v2024__listing_and_sharing_info__product_type":"Fat-burning Serum","_v2024__listing__and_sharing_info__listing_below_title_in_product_page":"Siero snellente termogenico. Formula con ingredienti clinicamente testati per bruciare i grassi, rassodare e levigare.<br><strong>Area target: glutei e cosce<br>Effetto riscaldante<\/strong>","_v2024__listing_and_sharing_info__listing_description":"Siero snellente termogenico.<br>Formula con ingredienti brucia-grassi clinicamente testati.<br><strong>Area target: glutei e cosce<\/strong>","_v2024__listing_and_sharing_info__image":1000008636,"_v2024__product_hero__hero_type":"carousel","_v2024__product_hero__product_slider_gallery":[{"_v2024__product_hero__product_slider_gallery__image":1000008241,"_v2024__product_hero__product_slider_gallery__video_link":""},{"_v2024__product_hero__product_slider_gallery__image":1000008303,"_v2024__product_hero__product_slider_gallery__video_link":""},{"_v2024__product_hero__product_slider_gallery__image":1000008304,"_v2024__product_hero__product_slider_gallery__video_link":""},{"_v2024__product_hero__product_slider_gallery__image":1000008305,"_v2024__product_hero__product_slider_gallery__video_link":""},{"_v2024__product_hero__product_slider_gallery__image":1000008306,"_v2024__product_hero__product_slider_gallery__video_link":""},{"_v2024__product_hero__product_slider_gallery__image":1000008307,"_v2024__product_hero__product_slider_gallery__video_link":""},{"_v2024__product_hero__product_slider_gallery__image":1000008308,"_v2024__product_hero__product_slider_gallery__video_link":""},{"_v2024__product_hero__product_slider_gallery__image":1000008242,"_v2024__product_hero__product_slider_gallery__video_link":""}],"_v2024__before_and_after_image":"","_v2024__before_and_after_image_mobile":"","_v2024__product_hero__quantity":"100 ML","_v2024__product_hero__product_disclamer":"","_v2024__why_use__should_show":"visible","_v2024__why_use__description_text":"Siero intensivo con effetto riscaldante per bruciare i grassi e scolpire. 11 potenti ingredienti naturali ad alta concentrazione rimodellano glutei e cosce in appena un mese.","_v2024__why_use__text_content":"<ul>\r\n \t<li><strong>Effetto trasformativo<\/strong>: scioglie i grassi e riduce la circonferenza<\/li>\r\n \t<li><strong>Benefici aggiuntivi<\/strong>: limita l\u2019ulteriore accumulo di grasso, riduce la cellulite, rassoda e scolpisce<\/li>\r\n \t<li><strong>Profumazione<\/strong>: mandarino rosso<\/li>\r\n \t<li><strong>Area target<\/strong>: glutei e cosce<\/li>\r\n<\/ul>","_v2024__why_use__product_notes_and_remarks":"","_v2024__why_use__background_color":"#FBF1EB","_v2024__why_use__heading_color":"#816c65","_v2024__why_use__text_color":"#816c65","_v2024__why_use__image_desktop":1000008627,"_v2024__why_use__image_mobile":1000008628,"_v2024__stats_show":false,"_v2024__stats_repeater":null,"_v2024__stats_repeater_disclaimer":null,"_v2024__benefits__icons_repeater":[{"_v2024__benefit__icons_repeater_icon":1000008665,"_v2024__benefit__icons_repeater_text":"BRUCIA I GRASSI"},{"_v2024__benefit__icons_repeater_icon":1000008667,"_v2024__benefit__icons_repeater_text":"RIDUCE LE CIRCONFERENZE"},{"_v2024__benefit__icons_repeater_icon":1000008673,"_v2024__benefit__icons_repeater_text":"RASSODA"},{"_v2024__benefit__icons_repeater_icon":1000008672,"_v2024__benefit__icons_repeater_text":"PROFUMA DI MANDARINO ROSSO"}],"_v2024__image_ingreddients__intro_text":"Una potente formula naturale arricchita con le pi\u00f9 recenti innovazioni scientifiche per bruciare i grassi attraverso la termogenesi, prevenirne il riaccumulo e ridurre la cellulite. Ingredienti attivi, estratti vegetali e agenti idratanti per un\u2019azione sinergica e un finish luminoso.","_v2024__image_ingreddients__additional_description":"","_v2024__image_ingreddients__disclamer_inner":"","_v2024__image_ingredients__repeater":[{"_v2024__image_ingredients__ingredient_image":1000008649,"_v2024__image_ingredients__ingredient_title":"PINK PEPPERSLIM\u2122","_v2024__image_ingredients__ingredient_description":"Incluso in doppia dose, favorisce attivamente la combustione dei grassi e la microcircolazione. Limita l\u2019accumulo di grasso e drena i liquidi in eccesso."},{"_v2024__image_ingredients__ingredient_image":1000008642,"_v2024__image_ingredients__ingredient_title":"CONCENTRE CORALLINE\u2122","_v2024__image_ingredients__ingredient_description":"Specificamente sviluppato per un\u2019efficace azione brucia-grassi su glutei e cosce. Di notte riduce \u201cl\u2019appetito\u201d delle cellule adipose, mentre di giorno brucia i grassi. Stimola la sintesi di collagene nella pelle per un aspetto pi\u00f9 tonico e curve scolpite."},{"_v2024__image_ingredients__ingredient_image":1000008637,"_v2024__image_ingredients__ingredient_title":"ACTIPORINE 8G\u2122","_v2024__image_ingredients__ingredient_description":"L'innovazione contro la cellulite nella sua massima concentrazione. Riduce visibilmente la cellulite agendo in profondit\u00e0. Agisce come un potente booster di collagene, rassoda le zone critiche e leviga la superficie della pelle."},{"_v2024__image_ingredients__ingredient_image":1000002902,"_v2024__image_ingredients__ingredient_title":"AQUAXYL\u2122 + GLYCERIN","_v2024__image_ingredients__ingredient_description":"Una combinazione per un\u2019idratazione potente. Stimola la sintesi di ceramidi e ha effetti anti-et\u00e0. La pelle rimane luminosa, levigata e idratata per oltre 24 ore."},{"_v2024__image_ingredients__ingredient_image":1000006713,"_v2024__image_ingredients__ingredient_title":"CAFFEINA","_v2024__image_ingredients__ingredient_description":"Stimola la degradazione dei grassi, migliora la microcircolazione e drena i liquidi in eccesso. Il risultato \u00e8: meno gonfiore, cellulite visibile ridotta e pelle pi\u00f9 levigata."},{"_v2024__image_ingredients__ingredient_image":1000008647,"_v2024__image_ingredients__ingredient_title":"GUARAN\u00c0","_v2024__image_ingredients__ingredient_description":"Ricco di estratto di caffeina, stimola la degradazione dei grassi e migliora la microcircolazione. Riduce la ritenzione idrica."},{"_v2024__image_ingredients__ingredient_image":1000008641,"_v2024__image_ingredients__ingredient_title":"PEPERONCINO DI CAYENNA","_v2024__image_ingredients__ingredient_description":"Questo estratto contiene capsaicina, che stimola la termogenesi (il processo di combustione delle calorie attraverso la produzione di calore). Migliora la circolazione, accelera il metabolismo e favorisce la degradazione dei depositi di grasso."},{"_v2024__image_ingredients__ingredient_image":1000008645,"_v2024__image_ingredients__ingredient_title":"CAFF\u00c8 VERDE","_v2024__image_ingredients__ingredient_description":"Estratto che stimola la termogenesi, accelera il metabolismo cutaneo e supporta la degradazione dei grassi. Ricco di acido clorogenico, migliora la microcircolazione e riduce la cellulite visibile."},{"_v2024__image_ingredients__ingredient_image":1000008678,"_v2024__image_ingredients__ingredient_title":"MANDARINO ROSSO","_v2024__image_ingredients__ingredient_description":"Estratto che stimola la circolazione linfatica, favorisce la degradazione dei grassi e tonifica la pelle. Offre un effetto anticellulite."},{"_v2024__image_ingredients__ingredient_image":1000006712,"_v2024__image_ingredients__ingredient_title":"COCCO","_v2024__image_ingredients__ingredient_description":"Estratto profondamente idratante, nutriente e ammorbidente. Supporta la barriera cutanea, migliora l\u2019elasticit\u00e0 e dona un aspetto levigato e compatto."},{"_v2024__image_ingredients__ingredient_image":1000008640,"_v2024__image_ingredients__ingredient_title":"BOOSTER DI INGREDIENTI ATTIVI","_v2024__image_ingredients__ingredient_description":"Delicato sulla pelle, migliora l\u2019assorbimento degli ingredienti attivi, offrendo un\u2019idratazione profonda e potenziandone l\u2019efficacia."}],"_v2024__image_ingredients__all_ingredients":"AQUA, GLYCERIN*, PROPANEDIOL*, CAFFEINE, POLYSORBATE 20, CORALLINA OFFICINALIS EXTRACT*, SCHINUS TEREBINTHIFOLIA SEED EXTRACT*, JANIA RUBENS EXTRACT*, VACCINIUM MYRTILLUS FRUIT EXTRACT*, COFFEA ARABICA SEED EXTRACT*, OPUNTIA FICUS-INDICA FLOWER EXTRACT*, HYLOCEREUS UNDATUS FRUIT EXTRACT*, COCOS NUCIFERA FRUIT EXTRACT*, CAPSICUM FRUTESCENS FRUIT EXTRACT*, PAULLINIA CUPANA SEED EXTRACT*, XYLITYLGLUCOSIDE*, ANHYDROXYLITOL*, XYLITOL*, CITRUS NOBILIS PEEL OIL*, ACACIA SENEGAL GUM*, XANTHAN GUM*, LACTIC ACID*, CITRIC ACID*, SODIUM PHYTATE*, SODIUM LEVULINATE*, VANILLYL BUTYL ETHER, SODIUM BENZOATE, POTASSIUM SORBATE, LIMONENE, PINENE, TERPINOLENE, LINALOOL\r\n\r\n<em>*Ingredienti di origine naturale<\/em>\r\n\r\n<em>Tenere presente che l'elenco degli ingredienti potrebbe variare leggermente nel tempo a causa dei miglioramenti del prodotto. Fare riferimento alla confezione del prodotto per le informazioni pi\u00f9 aggiornate.<\/em>","_v2024__usage_content__left_content":"<strong>DOVE<\/strong>: glutei e cosce\r\n\r\n<strong>QUANDO<\/strong>: mattina e sera\r\n\r\n<strong>COME<\/strong>: massaggiare su pelle pulita e asciutta fino a completo assorbimento\r\n\r\n<strong>NON DIMENTICARE<\/strong>: lavare le mani dopo l\u2019uso\r\n\r\n<strong>POTENZIA L\u2019EFFETTO<\/strong>:\r\n<ul>\r\n \t<li>dopo HOT+, applica l\u2019olio secco anticellulite SKIN utilizzando il massaggiatore BODY GUA SHA<\/li>\r\n \t<li>per risultati ancora migliori, abbina HOT+ a un altro siero mirato della linea, in base alla zona e all\u2019obiettivo desiderato<\/li>\r\n<\/ul>","_v2024__usage_content__right_bottom_content":"","_v2024__usage_content__note":"<strong>AVVERTENZE<\/strong>\r\n\r\nQuesto prodotto ha un effetto riscaldante, che fa parte della sua normale azione. La sensazione di calore pu\u00f2 variare a seconda della sensibilit\u00e0 della pelle e pu\u00f2 cambiare nel corso dell'uso. Non applicare su pelle lesa, irritata o sensibile. Evitare il contatto con gli occhi o le mucose. Testare su una piccola area prima dell'uso completo e interrompere se si dovesse verificare un'irritazione. Non adatto all'uso durante la gravidanza o l'allattamento. Tenere fuori dalla portata dei bambini. Solo per uso esterno. Conservare in un luogo fresco, buio e asciutto.","_v2024__usage_content__storage":""},"_links":{"self":[{"href":"https:\/\/cocosolis.com\/it\/wp-json\/wp\/v2\/product\/1000060779","targetHints":{"allow":["GET"]}}],"collection":[{"href":"https:\/\/cocosolis.com\/it\/wp-json\/wp\/v2\/product"}],"about":[{"href":"https:\/\/cocosolis.com\/it\/wp-json\/wp\/v2\/types\/product"}],"wp:featuredmedia":[{"embeddable":true,"href":"https:\/\/cocosolis.com\/it\/wp-json\/"}],"wp:attachment":[{"href":"https:\/\/cocosolis.com\/it\/wp-json\/wp\/v2\/media?parent=1000060779"}],"wp:term":[{"taxonomy":"product_brand","embeddable":true,"href":"https:\/\/cocosolis.com\/it\/wp-json\/wp\/v2\/product_brand?post=1000060779"},{"taxonomy":"product_cat","embeddable":true,"href":"https:\/\/cocosolis.com\/it\/wp-json\/wp\/v2\/product_cat?post=1000060779"},{"taxonomy":"product_tag","embeddable":true,"href":"https:\/\/cocosolis.com\/it\/wp-json\/wp\/v2\/product_tag?post=1000060779"},{"taxonomy":"product_template","embeddable":true,"href":"https:\/\/cocosolis.com\/it\/wp-json\/wp\/v2\/product_template?post=1000060779"}],"curies":[{"name":"wp","href":"https:\/\/api.w.org\/{rel}","templated":true}]}}