{"id":1000056178,"date":"2025-06-02T14:09:34","date_gmt":"2025-06-02T12:09:34","guid":{"rendered":"https:\/\/cocosolis.com\/it\/product\/capri-after-sun-tan-extending-lotion\/"},"modified":"2026-04-06T15:26:39","modified_gmt":"2026-04-06T13:26:39","slug":"capri-after-sun-tan-extending-lotion","status":"publish","type":"product","link":"https:\/\/cocosolis.com\/it\/product\/capri-after-sun-tan-extending-lotion\/","title":{"rendered":"CAPRI After Sun Tan-Extending Lotion"},"content":{"rendered":"","protected":false},"excerpt":{"rendered":"<p>Lozione doposole che prolunga l&#8217;abbronzatura con TOSOLIN\u2122. Rigenera e idrata.<\/p>\n","protected":false},"featured_media":1000007980,"template":"","meta":{"_acf_changed":false},"product_brand":[],"product_cat":[15],"product_tag":[],"product_template":[67],"class_list":{"0":"post-1000056178","1":"product","2":"type-product","3":"status-publish","4":"has-post-thumbnail","6":"product_cat-suntan-body","7":"product_template-v-2024-clean","9":"first","10":"instock","11":"shipping-taxable","12":"purchasable","13":"product-type-simple"},"acf":{"_v2024__listing_and_sharing_info__listing_category":"CAPRI","_v2024__listing_and_sharing_info__product_type":"After Sun Tan-Extending Lotion","_v2024__listing__and_sharing_info__listing_below_title_in_product_page":"Lozione doposole che prolunga l'abbronzatura con TOSOLIN\u2122. Rinfresca, lenisce e idrata la pelle. Prolunga l'abbronzatura fino a 3 mesi se applicata quotidianamente.","_v2024__listing_and_sharing_info__listing_description":"Lozione doposole che prolunga l'abbronzatura con TOSOLIN\u2122. Rigenera e idrata.","_v2024__listing_and_sharing_info__image":1000007981,"_v2024__product_hero__hero_type":"carousel","_v2024__product_hero__product_slider_gallery":[{"_v2024__product_hero__product_slider_gallery__image":1000007893,"_v2024__product_hero__product_slider_gallery__video_link":""},{"_v2024__product_hero__product_slider_gallery__image":1000007964,"_v2024__product_hero__product_slider_gallery__video_link":""},{"_v2024__product_hero__product_slider_gallery__image":1000007965,"_v2024__product_hero__product_slider_gallery__video_link":""},{"_v2024__product_hero__product_slider_gallery__image":1000007966,"_v2024__product_hero__product_slider_gallery__video_link":""},{"_v2024__product_hero__product_slider_gallery__image":1000007967,"_v2024__product_hero__product_slider_gallery__video_link":""},{"_v2024__product_hero__product_slider_gallery__image":1000007968,"_v2024__product_hero__product_slider_gallery__video_link":""},{"_v2024__product_hero__product_slider_gallery__image":1000007969,"_v2024__product_hero__product_slider_gallery__video_link":""},{"_v2024__product_hero__product_slider_gallery__image":1000007970,"_v2024__product_hero__product_slider_gallery__video_link":""}],"_v2024__before_and_after_image":1000007863,"_v2024__before_and_after_image_mobile":1000007864,"_v2024__product_hero__quantity":"100 ML","_v2024__product_hero__product_disclamer":"","_v2024__why_use__should_show":"visible","_v2024__why_use__description_text":"Dona alla tua pelle la cura che merita dopo una giornata al sole e mantieni un'abbronzatura radiosa a lungo anche dopo le vacanze. Tutto ci\u00f2 di cui hai bisogno \u00e8 questa lozione con principi attivi naturali, oli biologici, vitamine e il profumo di una fuga estiva italiana.","_v2024__why_use__text_content":"<ul>\r\n \t<li>Clinicamente testata per mantenere l'abbronzatura fino a 3 mesi con l'uso quotidiano<\/li>\r\n \t<li>Rinfresca e lenisce istantaneamente la pelle dopo l'esposizione al sole<\/li>\r\n \t<li>Riduce il rossore e la sensazione di pelle tirata e \"calda\"<\/li>\r\n \t<li>Idrata in profondit\u00e0, favorisce la rigenerazione e rafforza la barriera cutanea<\/li>\r\n \t<li>Con una fragranza mediterranea Dolce Capri di pera fresca e gelsomino<\/li>\r\n \t<li>Ideale per corpo e viso<\/li>\r\n<\/ul>","_v2024__why_use__product_notes_and_remarks":"","_v2024__why_use__background_color":"#FBF1EB","_v2024__why_use__heading_color":"#816c65","_v2024__why_use__text_color":"#816c65","_v2024__why_use__image_desktop":1000007978,"_v2024__why_use__image_mobile":1000007979,"_v2024__stats_show":false,"_v2024__stats_repeater":null,"_v2024__stats_repeater_disclaimer":null,"_v2024__benefits__icons_repeater":[{"_v2024__benefit__icons_repeater_icon":1000007987,"_v2024__benefit__icons_repeater_text":"LENISCE"},{"_v2024__benefit__icons_repeater_icon":1000007985,"_v2024__benefit__icons_repeater_text":"IDRATA"},{"_v2024__benefit__icons_repeater_icon":1000007984,"_v2024__benefit__icons_repeater_text":"PROLUNGA L'ABBRONZATURA"},{"_v2024__benefit__icons_repeater_icon":1000007986,"_v2024__benefit__icons_repeater_text":"DOLCE CAPRI PROFUMA DI PERA E GELSOMINO"}],"_v2024__image_ingreddients__intro_text":"Il cuore delle propriet\u00e0 uniche di CAPRI \u00e8 il principio attivo naturale TOSOLIN\u2122, che offre un trattamento doposole completo e prolunga l'abbronzatura fino a 3 mesi. Una miscela di potenti umettanti, vitamine e oli biologici ne potenzia l'efficacia, mantenendo la pelle abbronzata e radiosa.","_v2024__image_ingreddients__additional_description":"","_v2024__image_ingreddients__disclamer_inner":"","_v2024__image_ingredients__repeater":[{"_v2024__image_ingredients__ingredient_image":7983,"_v2024__image_ingredients__ingredient_title":"TOSOLIN\u2122","_v2024__image_ingredients__ingredient_description":"<p>Un principio attivo naturale, clinicamente testato per prolungare l'abbronzatura stimolando la produzione di melanina e stabilizzando la pigmentazione. Lenisce la pelle, riducendo rossori e infiammazioni. Offre una potente protezione antiossidante contro i danni dei raggi UV. Rafforza la barreira cutanea, favorisce la rigenerazione del collagene e garantisce un'idratazione a lunga durata.<\/p>"},{"_v2024__image_ingredients__ingredient_image":7982,"_v2024__image_ingredients__ingredient_title":"BISABOLOLO","_v2024__image_ingredients__ingredient_description":"<p>Ha potenti propriet\u00e0 antinfiammatorie, lenisce rossori e irritazioni dopo l&#8217;esposizione al sole. Favorisce la rigenerazione della barriera cutanea e protegge dallo stress ossidativo. Potenzia l&#8217;efficacia degli altri principi attivi.<\/p>\n"},{"_v2024__image_ingredients__ingredient_image":2911,"_v2024__image_ingredients__ingredient_title":"ACIDO IALURONICO","_v2024__image_ingredients__ingredient_description":"<p>Dopo l&#8217;esposizione al sole, idrata la pelle in profondit\u00e0 e a lungo, trattenendo l&#8217;acqua. Lenisce le irritazioni e favorisce la rigenerazione della barriera cutanea.<\/p>\n"},{"_v2024__image_ingredients__ingredient_image":7074,"_v2024__image_ingredients__ingredient_title":"PANTENOLO","_v2024__image_ingredients__ingredient_description":"<p>Reintegra l&#8217;idratazione e migliora l&#8217;elasticit\u00e0 della pelle. Lenisce e favorisce la rigenerazione dopo l&#8217;esposizione al sole.<\/p>\n"},{"_v2024__image_ingredients__ingredient_image":6730,"_v2024__image_ingredients__ingredient_title":"VITAMINA E NATURALE","_v2024__image_ingredients__ingredient_description":"<p>Un potente antiossidante che aiuta a proteggere la pelle dai danni dei raggi UV. Nutre, lenisce, riduce l&#8217;infiammazione e prolunga la luminosit\u00e0 della pelle.<\/p>\n"},{"_v2024__image_ingredients__ingredient_image":2909,"_v2024__image_ingredients__ingredient_title":"GLICERINA","_v2024__image_ingredients__ingredient_description":"<p>Un potente umettante che trattiene l&#8217;idratazione, mantenendo la pelle morbida e liscia. Aiuta a ottenere un&#8217;abbronzatura pi\u00f9 uniforme e duratura.<\/p>\n"},{"_v2024__image_ingredients__ingredient_image":2906,"_v2024__image_ingredients__ingredient_title":"OLIO DI COCCO","_v2024__image_ingredients__ingredient_description":"<p>Idrata e nutre la pelle dopo l&#8217;esposizione al sole. Previene desquamazione e secchezza, contribuendo a prolungare l&#8217;abbronzatura.<\/p>\n"},{"_v2024__image_ingredients__ingredient_image":3680,"_v2024__image_ingredients__ingredient_title":"OLIO DI ANGURIA","_v2024__image_ingredients__ingredient_description":"<p>Ricco di antiossidanti, vitamine A, C e acidi grassi essenziali. Idrata in profondit\u00e0, ringiovanisce e protegge la pelle.<\/p>\n"},{"_v2024__image_ingredients__ingredient_image":6717,"_v2024__image_ingredients__ingredient_title":"OLIO DI JOJOBA","_v2024__image_ingredients__ingredient_description":"<p>Equilibra il sebo, lenisce la pelle e favorisce un incarnato liscio e uniforme<\/p>\n"}],"_v2024__image_ingredients__all_ingredients":"AQUA*, CAPRYLYL CAPRYLATE\/CAPRATE*, POLYGLYCERYL-6 STEARATE*, CETEARYL ALCOHOL*, PENTYLENE GLYCOL*, 4-T-BUTYLCYCLOHEXANOL, COCOS NUCIFERA OIL*, GLYCERIN*, BISABOLOL*, SODIUMHYALURONATE*, MANNOSE*, GLUCOSE*, BETA-GLUCAN*, PANTHENOL, CITRULLUS LANATUS SEED OIL*, SIMMONDSIA CHINENSIS SEED OIL*, TOCOPHEROL*, HELIANTHUS ANNUUS SEED OIL*, CITRIC ACID*, XANTHAN GUM*, POLYGLYCERYL-6 BEHENATE*, ARACHIDYL ALCOHOL*, BEHENYL ALCOHOL*, ARACHIDYL GLUCOSIDE*, PARFUM, TETRASODIUM GLUTAMATE DIACETATE, PHENOXYETHANOL, BENZYL ALCOHOL, DEHYDROACETIC ACID, DIMETHYL PHENETHYL ACETATE, ROSE KETONES\r\n\r\n<em>* Ingredients from natural origin<\/em>\r\n\r\n<em>Tenere presente che l'elenco degli ingredienti potrebbe variare leggermente nel tempo a causa dei miglioramenti del prodotto. Fare riferimento alla confezione del prodotto per le informazioni pi\u00f9 aggiornate.<\/em>","_v2024__usage_content__left_content":"<strong>DOVE<\/strong>: viso e corpo\r\n\r\n<strong>QUANDO<\/strong>:\r\n<ul>\r\n \t<li><strong>PRIMA DELLA SPIAGGIA<\/strong>: applicare quotidianamente prima dell\u2019esposizione al sole per ridurre rossori<\/li>\r\n \t<li><strong>DOPO LA SPIAGGIA<\/strong>: applicare quotidianamente dopo l\u2019esposizione al sole per lenire la pelle<\/li>\r\n \t<li><strong>DOPO LE VACANZE<\/strong>: applicare quotidianamente per prolungare l\u2019abbronzatura fino a 3 mesi<\/li>\r\n<\/ul>\r\n<strong>COME<\/strong>: applicare generosamente sulla pelle detersa, massaggiando delicatamente\r\n<p class=\"freshIdea\"><strong>CONSIGLIO \u2018FRESCO\u2019<\/strong>: conserva la lozione in frigorifero per un effetto rinfrescante dopo una giornata di sole<\/p>","_v2024__usage_content__right_bottom_content":"","_v2024__usage_content__note":"<strong>ATTENZIONE<\/strong>: Conservare in un luogo fresco e asciutto. Solo per uso esterno. Interrompere l'uso in caso di irritazione. Non utilizzare su pelle danneggiata o lesa. A causa della sua composizione naturale, il colore della lozione pu\u00f2 variare nel tempo, ma ci\u00f2 non influisce sulla sua qualit\u00e0 o effetto.","_v2024__usage_content__storage":""},"_links":{"self":[{"href":"https:\/\/cocosolis.com\/it\/wp-json\/wp\/v2\/product\/1000056178","targetHints":{"allow":["GET"]}}],"collection":[{"href":"https:\/\/cocosolis.com\/it\/wp-json\/wp\/v2\/product"}],"about":[{"href":"https:\/\/cocosolis.com\/it\/wp-json\/wp\/v2\/types\/product"}],"wp:featuredmedia":[{"embeddable":true,"href":"https:\/\/cocosolis.com\/it\/wp-json\/"}],"wp:attachment":[{"href":"https:\/\/cocosolis.com\/it\/wp-json\/wp\/v2\/media?parent=1000056178"}],"wp:term":[{"taxonomy":"product_brand","embeddable":true,"href":"https:\/\/cocosolis.com\/it\/wp-json\/wp\/v2\/product_brand?post=1000056178"},{"taxonomy":"product_cat","embeddable":true,"href":"https:\/\/cocosolis.com\/it\/wp-json\/wp\/v2\/product_cat?post=1000056178"},{"taxonomy":"product_tag","embeddable":true,"href":"https:\/\/cocosolis.com\/it\/wp-json\/wp\/v2\/product_tag?post=1000056178"},{"taxonomy":"product_template","embeddable":true,"href":"https:\/\/cocosolis.com\/it\/wp-json\/wp\/v2\/product_template?post=1000056178"}],"curies":[{"name":"wp","href":"https:\/\/api.w.org\/{rel}","templated":true}]}}