{"id":1000054364,"date":"2025-05-08T17:08:32","date_gmt":"2025-05-08T15:08:32","guid":{"rendered":"https:\/\/cocosolis.com\/it\/product\/peach-suntan-body-oil\/"},"modified":"2026-04-06T15:26:37","modified_gmt":"2026-04-06T13:26:37","slug":"peach-suntan-body-oil","status":"publish","type":"product","link":"https:\/\/cocosolis.com\/it\/product\/peach-suntan-body-oil\/","title":{"rendered":"PEACH Suntan &amp; Body Oil"},"content":{"rendered":"","protected":false},"excerpt":{"rendered":"<p>Per un&#8217;abbronzatura rapida, profonda e una pelle luminosa. Con aroma succoso di pesca.<\/p>\n","protected":false},"featured_media":1000007778,"template":"","meta":{"_acf_changed":false},"product_brand":[],"product_cat":[15],"product_tag":[],"product_template":[67],"class_list":{"0":"post-1000054364","1":"product","2":"type-product","3":"status-publish","4":"has-post-thumbnail","6":"product_cat-suntan-body","7":"product_template-v-2024-clean","9":"first","10":"instock","11":"shipping-taxable","12":"purchasable","13":"product-type-simple"},"acf":{"_v2024__listing_and_sharing_info__listing_category":"PEACH","_v2024__listing_and_sharing_info__product_type":"Suntan &amp; Body Oil","_v2024__listing__and_sharing_info__listing_below_title_in_product_page":"Olio naturale per un'abbronzatura profonda e veloce sotto il sole e nel lettino abbronzante. Adatto anche per l'uso quotidiano per una pelle nutrita e luminosa. Con aroma succoso di pesca.","_v2024__listing_and_sharing_info__listing_description":"Per un'abbronzatura rapida, profonda e una pelle luminosa. Con aroma succoso di pesca.","_v2024__listing_and_sharing_info__image":1000007779,"_v2024__product_hero__hero_type":"carousel","_v2024__product_hero__product_slider_gallery":[{"_v2024__product_hero__product_slider_gallery__image":1000007768,"_v2024__product_hero__product_slider_gallery__video_link":""},{"_v2024__product_hero__product_slider_gallery__image":1000007769,"_v2024__product_hero__product_slider_gallery__video_link":""},{"_v2024__product_hero__product_slider_gallery__image":1000007770,"_v2024__product_hero__product_slider_gallery__video_link":""},{"_v2024__product_hero__product_slider_gallery__image":1000007771,"_v2024__product_hero__product_slider_gallery__video_link":""},{"_v2024__product_hero__product_slider_gallery__image":1000007772,"_v2024__product_hero__product_slider_gallery__video_link":""},{"_v2024__product_hero__product_slider_gallery__image":1000007773,"_v2024__product_hero__product_slider_gallery__video_link":""}],"_v2024__before_and_after_image":1000007766,"_v2024__before_and_after_image_mobile":1000007767,"_v2024__product_hero__quantity":"100 ML","_v2024__product_hero__product_disclamer":"","_v2024__why_use__should_show":"visible","_v2024__why_use__description_text":"Olio naturale per un'abbronzatura veloce, profonda, uniforme e duratura in spiaggia o sul lettino abbronzante. Accelera l'abbronzatura o usalo quotidianamente per nutrire e idratare la pelle.","_v2024__why_use__text_content":"<ul>\r\n \t<li>Risultati rapidi e visibili in meno tempo da passare sotto il sole<\/li>\r\n \t<li>Formula efficace con ingredienti naturali e biologici, vegani<\/li>\r\n \t<li>Adatto per l'uso quotidiano<\/li>\r\n \t<li>Adatto per viso e corpo, pelli delicate o sensibili<\/li>\r\n \t<li>Con aroma succoso di pesca<\/li>\r\n<\/ul>","_v2024__why_use__product_notes_and_remarks":"* L'olio non contiene filtro UV.","_v2024__why_use__background_color":"#FBF1EB","_v2024__why_use__heading_color":"#816c65","_v2024__why_use__text_color":"#816c65","_v2024__why_use__image_desktop":1000007774,"_v2024__why_use__image_mobile":1000007775,"_v2024__stats_show":false,"_v2024__stats_repeater":null,"_v2024__stats_repeater_disclaimer":null,"_v2024__benefits__icons_repeater":[{"_v2024__benefit__icons_repeater_icon":1000006739,"_v2024__benefit__icons_repeater_text":"ABBRONZATURA VELOCE, PROFONDA E DI LUNGA DURATA"},{"_v2024__benefit__icons_repeater_icon":1000003691,"_v2024__benefit__icons_repeater_text":"RISULTATI VISIBILI IN MENO TEMPO SOTTO IL SOLE"},{"_v2024__benefit__icons_repeater_icon":1000002892,"_v2024__benefit__icons_repeater_text":"INGREDIENTI ORGANICI E NATURALI"},{"_v2024__benefit__icons_repeater_icon":1000007780,"_v2024__benefit__icons_repeater_text":"AROMA SUCCOSO DI PESCA"}],"_v2024__image_ingreddients__intro_text":"Una combinazione di oli organici e vitamina E naturale fornisce una ricchezza di nutrienti alla pelle e garantisce i massimi risultati in spiaggia e sul lettino abbronzante.","_v2024__image_ingreddients__additional_description":"","_v2024__image_ingreddients__disclamer_inner":"","_v2024__image_ingredients__repeater":[{"_v2024__image_ingredients__ingredient_image":1000007776,"_v2024__image_ingredients__ingredient_title":"OLIO DI PESCA","_v2024__image_ingredients__ingredient_description":"Idrata in profondit\u00e0, migliora l'elasticit\u00e0 e ammorbidisce. Aiuta a ottenere un'abbronzatura uniforme e duratura."},{"_v2024__image_ingredients__ingredient_image":1000006712,"_v2024__image_ingredients__ingredient_title":"OLIO DI COCCO","_v2024__image_ingredients__ingredient_description":"Si assorbe facilmente, idrata in profondit\u00e0 e lascia la pelle morbida ed elastica. Protegge dal sole e dalle macchie senili e rende dorata l'abbronzatura."},{"_v2024__image_ingredients__ingredient_image":1000006711,"_v2024__image_ingredients__ingredient_title":"BURRO DI CACAO","_v2024__image_ingredients__ingredient_description":"Meraviglioso \u201cnutrimento\u201d per la pelle. Lo rigenera e previene la comparsa delle smagliature. Favorisce la formazione di un'abbronzatura uniforme, profonda e scura."},{"_v2024__image_ingredients__ingredient_image":1000003242,"_v2024__image_ingredients__ingredient_title":"OLIO DI JOJOBA","_v2024__image_ingredients__ingredient_description":"Equilibra il sebo, lenisce la pelle e favorisce una carnagione liscia e chiara."},{"_v2024__image_ingredients__ingredient_image":1000006706,"_v2024__image_ingredients__ingredient_title":"OLIO DI MANDORLE DOLCI","_v2024__image_ingredients__ingredient_description":"Calma e migliora la consistenza e il tono della pelle. Riduce arrossamenti e infiammazioni."},{"_v2024__image_ingredients__ingredient_image":1000006730,"_v2024__image_ingredients__ingredient_title":"VITAMINA E NATURALE","_v2024__image_ingredients__ingredient_description":"Potente antiossidante che combatte i segni dell'invecchiamento e supporta il naturale processo di guarigione della pelle."}],"_v2024__image_ingredients__all_ingredients":"COCOS NUCIFERA OIL*, CAPRYLIC\/CAPRIC TRIGLYCERIDE, COCONUT ALKANES, PRUNUS AMYGDALUS DULCIS OIL*, SIMMONDSIA CHINENSIS SEED OIL*, AROMA, TOCOPHEROL, PRUNUS PERSICA KERNEL OIL*, THEOBROMA CACAO SEED BUTTER*, HELIANTHUS ANNUUS SEED OIL, LINALOOL, LIMONENE, CITRONELLOL, TERPINEOL, CITRAL, CITRUS LIMON PEEL OIL, PINENE, TERPINOLENE, BENZALDEHYDE <strong>(COCONUT OIL*, PLANT-DERIVED EMOLLIENT, EMOLLIENT FROM COCONUT OIL, SWEET ALMOND OIL*, JOJOBA OIL*, AROMA, VITAMIN E, PEACH OIL*, CACAO BUTTER*, SUNFLOWER OIL, LINALOOL, LIMONENE, CITRONELLOL, TERPINEOL, CITRAL, CITRUS LIMON PEEL OIL, PINENE, TERPINOLENE, BENZALDEHYDE)<\/strong>\r\n\r\n<em>* Ingredienti Biologici Certificati<\/em>\r\n\r\n<em>Tenere presente che l'elenco degli ingredienti potrebbe variare leggermente nel tempo a causa dei miglioramenti del prodotto. Fare riferimento alla confezione del prodotto per le informazioni pi\u00f9 aggiornate.<\/em>","_v2024__usage_content__left_content":"<h4>ABBRONZATURA SOTTO IL SOLE O SUL LETTINO ABBRONZANTE<\/h4>\r\nIn caso di esposizione al sole, si consiglia l'uso in combinazione con un prodotto solare:\r\n<ol>\r\n \t<li>Applicare la protezione solare e attendere 15 minuti affinch\u00e9 venga assorbita.<\/li>\r\n \t<li>Applicare l'olio solare.<\/li>\r\n \t<li>Riapplicare ogni 2 ore e dopo aver nuotato.<\/li>\r\n<\/ol>\r\n<h4>UTILIZZARE TUTTI I GIORNI<\/h4>\r\nUtilizzare immediatamente dopo la doccia sulla pelle umida o asciutta quando i pori sono aperti e pronti ad assorbire la massima quantit\u00e0 di ingredienti.\r\n<h4>UTILIZZO PER IL MASSAGGIO<\/h4>\r\nPerfetto da usare come olio da massaggio.","_v2024__usage_content__right_bottom_content":"","_v2024__usage_content__note":"<strong>NOTARE CHE<\/strong>: L\u2019olio non contiene filtri UV protettivi. Se ci si espone direttamente al sole, si raccomanda di usarlo in combinazione con una protezione solare. Il prodotto non \u00e8 un autoabbronzante. L\u2019eccessiva esposizione al sole pu\u00f2 seriamente minacciare la salute.","_v2024__usage_content__storage":"Conservare in un luogo fresco e asciutto. Non refrigerare. Il prodotto si indurisce se conservato a freddo e il contenuto della bottiglia non pu\u00f2 fuoriuscire attraverso la pompa. Affinch\u00e9 diventi liquido, lasciare a temperatura ambiente superiore a 25\u00b0C. Si prega di non aprire la bottiglia quando il prodotto si \u00e8 indurito, poich\u00e9 ci\u00f2 potrebbe danneggiare la pompa.\r\n\r\n&nbsp;\r\n\r\nSolo per uso esterno. Interrompere l'uso in caso di irritazione. Non utilizzare su pelle danneggiata o lacerata. Evitare il contatto con gli occhi. Tenere lontano dalla portata dei bambini!"},"_links":{"self":[{"href":"https:\/\/cocosolis.com\/it\/wp-json\/wp\/v2\/product\/1000054364","targetHints":{"allow":["GET"]}}],"collection":[{"href":"https:\/\/cocosolis.com\/it\/wp-json\/wp\/v2\/product"}],"about":[{"href":"https:\/\/cocosolis.com\/it\/wp-json\/wp\/v2\/types\/product"}],"wp:featuredmedia":[{"embeddable":true,"href":"https:\/\/cocosolis.com\/it\/wp-json\/"}],"wp:attachment":[{"href":"https:\/\/cocosolis.com\/it\/wp-json\/wp\/v2\/media?parent=1000054364"}],"wp:term":[{"taxonomy":"product_brand","embeddable":true,"href":"https:\/\/cocosolis.com\/it\/wp-json\/wp\/v2\/product_brand?post=1000054364"},{"taxonomy":"product_cat","embeddable":true,"href":"https:\/\/cocosolis.com\/it\/wp-json\/wp\/v2\/product_cat?post=1000054364"},{"taxonomy":"product_tag","embeddable":true,"href":"https:\/\/cocosolis.com\/it\/wp-json\/wp\/v2\/product_tag?post=1000054364"},{"taxonomy":"product_template","embeddable":true,"href":"https:\/\/cocosolis.com\/it\/wp-json\/wp\/v2\/product_template?post=1000054364"}],"curies":[{"name":"wp","href":"https:\/\/api.w.org\/{rel}","templated":true}]}}