{"id":464,"date":"2022-05-06T15:55:17","date_gmt":"2022-05-06T13:55:17","guid":{"rendered":"http:\/\/cocosolis.com\/en\/?page_id=464"},"modified":"2022-06-17T11:17:37","modified_gmt":"2022-06-17T09:17:37","slug":"terms-of-use","status":"publish","type":"page","link":"https:\/\/cocosolis.com\/it\/terms-of-use\/","title":{"rendered":"Condizione di utilizzo del sito"},"content":{"rendered":"\n<h2 class=\"wp-block-heading\">Condizione di utilizzo del sito<\/h2>\n\n\n\n<p>Benvenuti sul nostro sito Web (\u201ccocosolis.com\u201d). Queste \u201cCondizioni di utilizzo\u201d regolano l\u2019accesso e l\u2019uso di COCOSOLIS.COM.<br>L\u2019accesso al sito e il suo utilizzo, nonch\u00e9 l\u2019acquisto dei prodotti COCOSOLIS.COM si basano sul presupposto che, caricando il Sito da un dispositivo terminale, l\u2019Utente si impegna a leggere le presenti Condizioni generali di utilizzo e le relative applicazioni. .<\/p>\n\n\n\n<p>Le presenti Condizioni costituiscono un accordo che regola il rapporto tra PURMERUL OOD nella sua qualit\u00e0 di amministratore del sito Web www.cocosolis.com e i suoi utenti finali.<br>Il presente accordo si applica ai servizi e ai sistemi di informazione disponibili attraverso il Sito, le sue versioni mobili, nonch\u00e9 a qualsiasi altra applicazione e servizio che sono o potrebbero essere associati al Sito. Il presente accordo \u00e8 valido fino a quando l\u2019Utente non termina l\u2019utilizzo dei Servizi disponibili attraverso il Sito.<\/p>\n\n\n\n<p>PURMERUL OOD \u00e8 una societ\u00e0 commerciale con sede legale e indirizzo amministrativo: Plovdiv, 4002, distretto Centrale, via Lyuleburgaz 22, piano 4, app. 9. La societ\u00e0 \u00e8 iscritta nel registro delle imprese e nel registro delle persone giuridiche senza scopo di lucro presso l\u2019Agenzia delle iscrizioni con CF 201172065.<br>Per altre informazioni legali, leggere le sezioni:&nbsp;<a href=\"https:\/\/cocosolis.com\/it\/terms-of-sale\/\" target=\"_blank\" rel=\"noreferrer noopener\">Condizioni generali di vendita<\/a>,&nbsp;<a href=\"https:\/\/cocosolis.com\/it\/return-policy\/\" target=\"_blank\" rel=\"noreferrer noopener\">Politica di restituzione<\/a>&nbsp;e&nbsp;<a href=\"https:\/\/cocosolis.com\/it\/privacy-policy\/\" target=\"_blank\" rel=\"noreferrer noopener\">Politica per il trattamento di dati personali<\/a>&nbsp;di COCOSOLIS.COM.<\/p>\n\n\n\n<p>Lo scopo del sito \u00e8 espresso nelle seguenti direzioni principali:<br>1. Informare gli utenti sull\u2019attivit\u00e0 dell\u2019azienda, sulla sua storia, visione, missione, valori, responsabilit\u00e0 sociale e aziendale e sui prodotti e servizi offerti da essa.<br>2. Fornire l\u2019accesso a una piattaforma attraverso la quale gli Utenti possono effettuare ordini online di beni, stipulare contratti di compravendita di beni offerti dalla Societ\u00e0 e condividere recensioni e valutazioni per i beni offerti.<br>3. Informare gli utenti del sito sui dettagli di contatto con la Societ\u00e0, nel caso in cui necessitino di ulteriori informazioni, abbiano domande sui prodotti e servizi offerti, desiderano inviare commenti o raccomandazioni, nonch\u00e9 ricevere informazioni sui loro diritti e sul modo di esercitare gli stessi.<\/p>\n\n\n\n<p>L\u2019accesso e l\u2019utilizzo di COCOSOLIS.COM, compresa la visualizzazione di pagine Web, la comunicazione con COCOSOLIS.COM e i relativi siti Web e risorse di social media, gli acquisti sul sito Web, sono effettuati dai nostri utenti interamente per scopi personali, che non possono in alcun modo essere associati ad alcuna attivit\u00e0 commerciale, economica o professionale.<br>COCOSOLIS.COM non \u00e8 responsabile per qualsiasi utilizzo del sito e dei suoi contenuti da parte di nessuno dei suoi utenti, il quale non \u00e8 conforme alle leggi e alle normative. In particolare, si pu\u00f2 essere ritenuti responsabili per la fornitura di informazioni false o inesatte o dati riguardanti terze parti (nel caso in cui la terza parte non abbia dato il proprio consenso), nonch\u00e9 per qualsiasi uso improprio di tali dati o informazioni.<\/p>\n\n\n\n<h5 class=\"wp-block-heading\">1. Registrazione e comunicazione<\/h5>\n\n\n\n<p>Se desideri utilizzare i nostri servizi, devi essere maggiorenne e accettare questi Termini. Accettando questi Termini, l\u2019Utente si impegna a comunicare con lui attraverso i canali di comunicazione elettronica forniti \u2013 telefono, e-mail, SMS e altri canali elettronici. L\u2019Utente accetta di essere destinatario e di ricevere dichiarazioni elettroniche dal Sito e dal suo amministratore.<\/p>\n\n\n\n<p>Le parti convengono che le e-mail costituiscono dichiarazioni elettroniche e che le informazioni complementari costituiscono l\u2019identificazione dell\u2019autore come titolare di tali dichiarazioni elettroniche ed \u00e8 una firma elettronica a cui le parti riconoscono il valore di una firma apposta manualmente nei loro rapporti.<\/p>\n\n\n\n<p>Per utilizzare i nostri servizi, potete acquistare i prodotti anche registrandovi sul sito. La registrazione \u00e8 gratuita. L\u2019utente pu\u00f2 cancellare l\u2019iscrizione in qualsiasi momento. L\u2019utente si impegna a fornire informazioni complete, vere e accurate, sia al momento della registrazione sia quando effettua un ordine senza registrare un account. I diritti di accesso sono personali e non possono essere trasferiti a terzi. Non siamo responsabili per l\u2019accesso non autorizzato al vostro account.<\/p>\n\n\n\n<h5 class=\"wp-block-heading\">2. Diritti di propriet\u00e0 intellettuale<\/h5>\n\n\n\n<p>L\u2019utente ha il diritto di accedere in tempo reale (online) ai servizi forniti attraverso il sito in conformit\u00e0 con i requisiti di accesso.<\/p>\n\n\n\n<p>Il diritto di accesso concesso all\u2019Utente non include il diritto di copiare o riprodurre informazioni o di utilizzare propriet\u00e0 intellettuale o industriale protetta, ad eccezione di una piccola quantit\u00e0 di informazioni destinate esclusivamente all\u2019uso personale, a condizione che tale uso non danneggi gli interessi legittimi degli autori o altri detentori di diritti di propriet\u00e0 intellettuale o industriale e la copia o la riproduzione \u00e8 effettuata per scopi non commerciali.<\/p>\n\n\n\n<p>Il contenuto di COCOSOLIS.COM, inclusi a titolo esemplificativo- opere, foto, immagini, dialoghi, musica, suoni, video, documenti, disegni, figure, loghi e qualsiasi altro materiale pubblicato in COCOSOLIS.COM in qualsiasi formato, inclusi i menu, pagine Web, grafiche, colori, diagrammi, strumenti, caratteri, progettazione di siti Web, diagrammi, piani, metodi, processi, funzioni e software che fanno parte di COCOSOLIS.COM, sono protetti da copyright e qualsiasi altro diritto di propriet\u00e0 intellettuale di COCOSOLIS.COM e dei rispettivi titolari dei diritti. La riproduzione, totale o parziale, in qualunque forma, di COCOSOLIS.COM e dei suoi contenuti non \u00e8 consentita senza il consenso scritto di COCOSOLIS.COM.<\/p>\n\n\n\n<p>COCOSOLIS.COM ha il diritto esclusivo di autorizzare o vietare qualsiasi riproduzione (diretta o indiretta, temporanea o permanente, o per qualsiasi altra ragione o in qualsiasi forma, in tutto o in parte) di COCOSOLIS.COM e dei suoi contenuti.<\/p>\n\n\n\n<p>Gli autori delle opere pubblicate su COCOSOLIS.COM hanno il diritto in qualsiasi momento di rivendicare la paternit\u00e0 delle loro opere e di opporsi a qualsiasi deformazione o altra modifica delle loro opere, comprese eventuali modifiche alle loro opere che potrebbero incidere negativamente sull\u2019onore e sulla reputazione degli autori interessati.<\/p>\n\n\n\n<p>Gli utenti del nostro sito sono obbligati a rispettare i diritti d\u2019autore degli autori che hanno scelto di pubblicare le loro opere espressive e artistiche destinate alla pubblicazione, non solo sul sito o che sono parte integrante del sito.<\/p>\n\n\n\n<p>In ogni caso, il contenuto del sito o ogni singola opera protetta da copyright o qualsiasi altro diritto di propriet\u00e0 intellettuale non possono essere utilizzati in alcun modo o sotto alcuna forma.<\/p>\n\n\n\n<h5 class=\"wp-block-heading\">3. Marchi commerciali e nomi di dominio<\/h5>\n\n\n\n<p>PURMERULOOD \u00e8 il proprietario esclusivo del logo e del marchio commerciale registrato \u201cCOCOSOLIS\u201d e di qualsiasi altra caratteristica che include la parola \u201cCOCOSOLIS\u201d e il nome di dominio \u201cCOCOSOLIS.COM\u201d.<\/p>\n\n\n\n<p>PURMERUL OOD ha il diritto all\u2019uso esclusivo dei propri marchi commerciali.<br>Non \u00e8 consentito utilizzare questi marchi commerciali per altri prodotti o servizi, senza il consenso di PURMERUL OOD.<\/p>\n\n\n\n<h5 class=\"wp-block-heading\">4. Collegamenti ad altri siti<\/h5>\n\n\n\n<p>Cocosolis.com contiene collegamenti ad altri siti che non sono in alcun modo correlati a COCOSOLIS.COM.<br>COCOSOLIS.COM non controlla questi siti Web o il loro contenuto. COCOSOLIS.COM non \u00e8 responsabile del contenuto di questi siti e \/ o delle regole da essi adottate in relazione, ma non solo, ai dati personali dell\u2019utente durante la visita di questi siti. \u00c8 probabile che queste terze parti raccolgano dati personali dell\u2019utente, il cui regime \u00e8 regolato dalle condizioni generali di utilizzo e protezione dei dati personali da essi accettati. Si chiede, quando accedete a questi siti attraverso i link forniti a COCOSOLIS.COM, di leggere attentamente i termini e condizioni d\u2019uso, nonch\u00e9 la loro politica sulla privacy. Le nostre Condizioni d\u2019uso e Informativa sulla privacy non si applicano ai siti di terze parti.<\/p>\n\n\n\n<h5 class=\"wp-block-heading\">5. Termini di utilizzo del contenuto<\/h5>\n\n\n\n<p>COCOSOLIS.COM compie ogni sforzo per impedire la pubblicazione sul proprio sito Web di contenuti che potrebbero essere considerati una violazione delle convinzioni civili o dei diritti umani e della dignit\u00e0 in tutte le sue forme e manifestazioni. COCOSOLIS.COM, tuttavia, non garantisce che il contenuto del sito sia appropriato o legale per qualsiasi pubblico o sia legale in tutti i paesi.<\/p>\n\n\n\n<p>Nel caso in cui tali contenuti siano considerati illegali in uno di questi paesi, non saremo responsabili per la vostra decisione di visitare e utilizzare il nostro sito. Se tuttavia decidete di utilizzarlo, vi informiamo che utilizzando i servizi forniti da COCOSOLIS. COM \u00e8 interamente una vostra responsabilit\u00e0 personale.<br>COCOSOLIS.COM adotta misure per garantire che il contenuto di COCOSOLIS.COM sia corretto e non contenga informazioni false o obsolete. Tuttavia, COCOSOLIS.COM non pu\u00f2 essere ritenuta responsabile per l\u2019accuratezza e la completezza dei contenuti pubblicati sul suo sito Web.<\/p>\n\n\n\n<p>COCOSOLIS.COM non pu\u00f2 garantire che il sito funzioner\u00e0 continuamente senza interruzioni ed errori dovuti alla connessione a Internet. In caso di problemi durante l\u2019utilizzo del nostro sito, vi preghiamo di contattarci. Un rappresentante di COCOSOLIS.COM sar\u00e0 a vostra disposizione per assistere e aiutare a ripristinare l\u2019accesso al sito, se e per quanto possibile.<br>COCOSOLIS.COM adotta adeguate misure tecniche e organizzative per garantire la sicurezza dei servizi COCOSOLIS.COM al fine di prevenire l\u2019uso o l\u2019accesso non autorizzati ai dati, nonch\u00e9 per prevenire i rischi di diffusione, distruzione e perdita di dati e informazioni riservate riguardanti gli utenti di COCOSOLIS.COM, nonch\u00e9 per evitare l\u2019accesso non autorizzato o illegale a tali dati e informazioni.<\/p>\n\n\n\n<h5 class=\"wp-block-heading\">6. Diritti e doveri del consumatore<\/h5>\n\n\n\n<p>L\u2019utente ha il diritto di utilizzare il sito secondo le restrizioni sopra descritte al punto 2 Diritti di propriet\u00e0 intellettuale.<\/p>\n\n\n\n<p>Durante l\u2019utilizzo dei servizi forniti l\u2019utente si impegna:<br>1. non eseguire azioni dannose ai sensi delle presenti Condizioni d\u2019uso;<br>2. non estrarre con mezzi tecnici o in modo tecnico qualsiasi risorsa di informazione o parte di essi, inclusa nelle banche dati, accessibile attraverso il Sito e quindi creare il proprio database in formato elettronico o in qualsiasi altra forma.<br>3. non impersonare un\u2019altra persona o un rappresentante di una persona che non \u00e8 autorizzata a rappresentare o in qualche altro modo indurre in errore il Sito o terze parti sulla sua identit\u00e0 o appartenenza a un determinato gruppo di persone;<br>4. notificare immediatamente alla Societ\u00e0 qualsiasi caso di violazione commessa o scoperta durante l\u2019utilizzo dei Servizi forniti;<br>5. non svolgere attivit\u00e0 che include l\u2019uso di virus, bot, worm o altri codici informatici, file o programmi che interrompano, distruggano o limitino la funzionalit\u00e0 di software o hardware o il dispositivo di telecomunicazione o consentano in altro modo l\u2019uso non autorizzato o l\u2019accesso a un dispositivo o una rete informatica.<\/p>\n\n\n\n<h5 class=\"wp-block-heading\">7. Limitazione della responsabilit\u00e0 della Societ\u00e0<\/h5>\n\n\n\n<p>La Societ\u00e0 fornisce i Servizi attraverso il Sito per l\u2019uso da parte dell\u2019utente \u201ccos\u00ec come sono\u201d e \u201ccome sono disponibili\u201d. La Societ\u00e0 non garantisce n\u00e9 promette risultati concreti dall\u2019uso o dalla possibilit\u00e0 di utilizzare a lungo termine i Servizi.<\/p>\n\n\n\n<p>La Societ\u00e0 non fornisce garanzie che:<br>1. l\u2019uso dei Servizi da parte dell\u2019utente sar\u00e0 continuo, tempestivo, protetto e sicuro o impeccabile;<br>2. eventuali difetti nei Servizi saranno riparati;<br>3. i Servizi forniti o i servizi su cui sono costruiti questi ultimi saranno privi di virus o altri componenti dannosi;<\/p>\n\n\n\n<p>In nessun caso la Societ\u00e0 sar\u00e0 responsabile per eventuali perdite, danni o guasti derivanti da:<br>1. l\u2019uso dei Servizi;<br>2. problemi o non funzionante dal punto di vista tecnico in relazione all\u2019uso dei Servizi;<br>3. materiali scaricati attraverso o in connessione con i Servizi;<br>4. contenuto dell\u2019utente;<br>5. comportamento degli Utenti in relazione ai Servizi, indipendentemente dal fatto che sia in tempo reale (online) o meno (offline).<\/p>\n\n\n\n<p>La Societ\u00e0 non \u00e8 responsabile se l\u2019Utente non pu\u00f2 accedere al sito a causa di problemi al di fuori del controllo del Sito: software, hardware, problemi di connessione a Internet o forza maggiore.<\/p>\n\n\n\n<p>L\u2019Utente accetta di essere responsabile di tutti i costi per la manutenzione, l\u2019assistenza o la connessione del proprio sistema informatico o di altri beni necessari per l\u2019utilizzo dei Servizi da parte dell\u2019Utente.<br>La Societ\u00e0 si riserva il diritto di interferire sistematicamente nell\u2019intera funzionalit\u00e0 del Sito, incluso, ma non limitato a, per la sospensione dell\u2019accesso ad esso, se vi \u00e8 una buona ragione per farlo.<\/p>\n\n\n\n<h5 class=\"wp-block-heading\">8. Sanzioni<\/h5>\n\n\n\n<p>Fino all\u2019intero importo consentito dalla legge applicabile, la Societ\u00e0 non sar\u00e0 responsabile per i danni subiti dall\u2019Utente, che sono: 1. indiretti; 2. successivi; 3. incidentali; 4. punitivi, anche per danni e profitti persi, derivanti dall\u2019uso o dall\u2019impossibilit\u00e0 di uso dei Servizi.<br>Nonostante quanto sopra, la responsabilit\u00e0 della Societ\u00e0 nei confronti dell\u2019Utente per qualsiasi azione o omissione relativa e in connessione con l\u2019uso dei Servizi sar\u00e0 sempre limitata a una penale di importo pari al prezzo di acquisto.. In assenza di un acquisto, la Societ\u00e0 non \u00e8 responsabile per nessuna delle sue azioni o omissioni.<\/p>\n\n\n\n<h5 class=\"wp-block-heading\">9. Modifica<\/h5>\n\n\n\n<p>COCOSOLIS.COM pu\u00f2 modificare o aggiornare in tutto o in parte le presenti \u201cCondizioni d\u2019uso\u201d. In questo caso, le informazioni aggiornate saranno pubblicate in questa sezione. Le nuove \u201cCondizioni d\u2019uso\u201d dovrebbero essere efficaci dalla data della loro pubblicazione su COCOSOLIS.COM.<br>Se non siete d\u2019accordo del tutto o parzialmente con i \u201cTermini d\u2019uso\u201d di COCOSOLIS.COM, non siamo responsabili della vostra decisione di visitare e utilizzare il nostro sito.<\/p>\n\n\n\n<h5 class=\"wp-block-heading\">10. Durata e risoluzione<\/h5>\n\n\n\n<p>Il presente accordo entra in vigore immediatamente dopo la sua accettazione da parte dell\u2019Utente ed \u00e8 valido fino alla cessazione dell\u2019uso dei servizi.<\/p>\n\n\n\n<h5 class=\"wp-block-heading\">11. Legge applicabile<\/h5>\n\n\n\n<p>Come principio di base per l\u2019attuazione di questo accordo, le parti percepiscono una comprensione reciproca e compromessi tollerabili. In questo senso, le parti concordano di risolvere le controversie che sono sorte tra di loro, in uno spirito di buona volont\u00e0 e attraverso negoziati.<\/p>\n\n\n\n<p>Qualsiasi controversia, disaccordo o reclamo derivante da o in connessione con l\u2019attuazione o il mancato rispetto del presente Accordo sar\u00e0 risolto dalle Parti mediante negoziazione e con la buona volont\u00e0 di ciascuna di esse.<\/p>\n\n\n\n<p>In caso di impossibilit\u00e0 di risolvere controversie derivanti da e in connessione con il presente contratto, la sua attuazione, rispettivamente l\u2019inadempimento, le parti concordano di risolvere lo stesso dinanzi al tribunale competente, determinato in conformit\u00e0 con il regolamento di giurisdizione. In caso di controversia di diritto privato con un elemento internazionale, il tribunale competente ad esaminare la controversia dovrebbe essere determinato dalle norme di diritto internazionale privato.<\/p>\n\n\n\n<p>La legge applicabile ai sensi del presente Accordo \u00e8 la legge del Paese in cui l\u2019amministratore \u00e8 iscritto, in questo caso la Repubblica di Bulgaria.<\/p>\n\n\n\n<p>Data di pubblicazione: 9.07.2020<\/p>\n","protected":false},"excerpt":{"rendered":"<p>Condizione di utilizzo del sito Benvenuti sul nostro sito Web (\u201ccocosolis.com\u201d). Queste \u201cCondizioni di utilizzo\u201d regolano l\u2019accesso e l\u2019uso di COCOSOLIS.COM.L\u2019accesso al sito e il suo utilizzo, nonch\u00e9 l\u2019acquisto dei prodotti COCOSOLIS.COM si basano sul presupposto che, caricando il Sito da un dispositivo terminale, l\u2019Utente si impegna a leggere le presenti Condizioni generali di utilizzo &hellip; <a href=\"https:\/\/cocosolis.com\/it\/terms-of-use\/\">Continua<\/a><\/p>\n","protected":false},"author":1,"featured_media":0,"parent":0,"menu_order":0,"comment_status":"closed","ping_status":"closed","template":"","meta":{"_acf_changed":false,"footnotes":""},"page_roles":[36],"class_list":["post-464","page","type-page","status-publish","hentry","page_roles-legal"],"acf":[],"_links":{"self":[{"href":"https:\/\/cocosolis.com\/it\/wp-json\/wp\/v2\/pages\/464","targetHints":{"allow":["GET"]}}],"collection":[{"href":"https:\/\/cocosolis.com\/it\/wp-json\/wp\/v2\/pages"}],"about":[{"href":"https:\/\/cocosolis.com\/it\/wp-json\/wp\/v2\/types\/page"}],"author":[{"embeddable":true,"href":"https:\/\/cocosolis.com\/it\/wp-json\/wp\/v2\/users\/1"}],"replies":[{"embeddable":true,"href":"https:\/\/cocosolis.com\/it\/wp-json\/wp\/v2\/comments?post=464"}],"version-history":[{"count":4,"href":"https:\/\/cocosolis.com\/it\/wp-json\/wp\/v2\/pages\/464\/revisions"}],"predecessor-version":[{"id":523,"href":"https:\/\/cocosolis.com\/it\/wp-json\/wp\/v2\/pages\/464\/revisions\/523"}],"wp:attachment":[{"href":"https:\/\/cocosolis.com\/it\/wp-json\/wp\/v2\/media?parent=464"}],"wp:term":[{"taxonomy":"page_roles","embeddable":true,"href":"https:\/\/cocosolis.com\/it\/wp-json\/wp\/v2\/page_roles?post=464"}],"curies":[{"name":"wp","href":"https:\/\/api.w.org\/{rel}","templated":true}]}}