{"id":461,"date":"2022-05-06T15:54:55","date_gmt":"2022-05-06T13:54:55","guid":{"rendered":"http:\/\/cocosolis.com\/en\/?page_id=461"},"modified":"2022-06-17T11:17:29","modified_gmt":"2022-06-17T09:17:29","slug":"terms-of-sale","status":"publish","type":"page","link":"https:\/\/cocosolis.com\/it\/terms-of-sale\/","title":{"rendered":"Termini di acquisto"},"content":{"rendered":"\n<h2 class=\"wp-block-heading\">Termini di acquisto<\/h2>\n\n\n\n<p>Le seguenti Condizioni di vendita regolano l\u2019offerta e la vendita di prodotti sul nostro sito web (\u201d cocosolis.com \u201c). I prodotti acquistati su COCOSOLIS.COM sono venduti direttamente da PURMERUL OOD, che \u00e8 registrata in Bulgaria, 4002 Plovdiv, 22 Liuleburgas Str., Piano 4, appartamento 9. Numero di registrazione dell\u2019impresa: 201172065. Codice fiscale e partita IVA: BG201172065.<\/p>\n\n\n\n<h5 class=\"wp-block-heading\">1. La nostra politica aziendale<\/h5>\n\n\n\n<p>1.1 COCOSOLIS offre prodotti in vendita su \u201ccocosolis.com\u201d.<br>1.2 COCOSOLIS si riserva il diritto di non elaborare ordini che non rispettano la sua politica commerciale.<br>1.3 Le presenti Condizioni Generali di Vendita regolano esclusivamente l\u2019offerta, la trasmissione e l\u2019accettazione degli ordini di acquisto relativi ai prodotti su COCOSOLIS.COM tra gli utenti di COCOSOLIS.COM e COCOSOLIS.<\/p>\n\n\n\n<h5 class=\"wp-block-heading\">2. Come eseguire un contratto con COCOSOLIS<\/h5>\n\n\n\n<p>2.1 Per effettuare un ordine per l\u2019acquisto di uno o pi\u00f9 prodotti su COCOSOLIS.COM, \u00e8 necessario compilare il modulo d\u2019ordine online e inviarlo elettronicamente a COCOSOLIS, seguendo le relative istruzioni.<br>2.2 Il modulo d\u2019ordine contiene informazioni sulle principali caratteristiche di ciascun prodotto ordinato e il relativo prezzo unitario (comprese tutte le tasse e imposte applicabili), il tipo di pagamento che \u00e8 possibile utilizzare per acquistare ciascun prodotto, i termini di spedizione per i prodotti acquistati, il metodo di spedizione e i costi di spedizione. Sul sito web \u00e8 possibile trovare riferimenti ai termini e alle condizioni per la restituzione dei prodotti acquistati, ai costi di spedizione e consegna, nonch\u00e9 ai dettagli del venditore, agli indirizzi postali e di posta elettronica e al termine entro il quale il venditore promette di consegnare la merce. \u00c8 inoltre possibile trovare informazioni su termini e condizioni per l\u2019esercizio del diritto di recesso e le procedure e i termini per la restituzione dei prodotti acquistati, nonch\u00e9 informazioni sulle circostanze in cui si perder\u00e0 il diritto di recesso dal contratto, in conformit\u00e0 con la legislazione sulla protezione del consumatore. 2.3 Un ordine deve essere considerato inoltrato quando COCOSOLIS riceve il modulo d\u2019ordine elettronicamente e l\u2019ordine \u00e8 stato verificato come corretto.<br>2.4 La trasmissione del modulo d\u2019ordine costituisce l\u2019obbligo di pagare il prezzo indicato. Il modulo d\u2019ordine sar\u00e0 archiviato nel nostro database per il tempo necessario per evadere l\u2019ordine e secondo quanto previsto dalla legge.<br>2.5 Una volta inviato il modulo d\u2019ordine, COCOSOLIS elaborer\u00e0 il tuo ordine.<br>2.6 COCOSOLIS non pu\u00f2 elaborare gli ordini quando sono incompleti o errati. In questi casi, ti informeremo via email che il contratto non \u00e8 stato eseguito e che COCOSOLIS non ha eseguito il tuo ordine d\u2019acquisto, specificandone i motivi.<br>2.7 Inviando un modulo d\u2019ordine a COCOSOLIS, accetti incondizionatamente e ti impegni ad osservare le disposizioni delle presenti Condizioni Generali di Vendita nel tuo contratto con COCOSOLIS. Se non sei d\u2019accordo con alcune disposizioni delle presenti Condizioni Generali di Vendita, ti preghiamo di non inviare il tuo modulo d\u2019ordine per l\u2019acquisto di prodotti su COCOSOLIS.COM.<br>2.8 Una volta che il contratto \u00e8 stato stipulato, il venditore ti invier\u00e0 via e-mail una ricevuta per l\u2019ordine d\u2019acquisto. Inviando un modulo d\u2019ordine, l\u2019utente \u00e8 d\u2019accordo e accetta le presenti Condizioni generali di vendita e le ulteriori condizioni contenute in COCOSOLIS.COM, anche attraverso collegamenti, inclusi i Termini d\u2019Utilizzo, l\u2019Informativa sulla privacy e la Politica di Reso.<br>2.9 Vorremmo ricordarti che tutti gli articoli acquistati sono destinati all\u2019uso nel paese da cui sono stati ordinati. Se, tuttavia, decidi di portare gli articoli in un altro Paese, sarai responsabile del rispetto sia della legislazione di esportazione del Paese dell\u2019ordine che della legislazione di importazione del Paese di destinazione. COCOSOLIS non \u00e8 responsabile.<\/p>\n\n\n\n<h5 class=\"wp-block-heading\">3. Garanzie e indicazione del prezzo del prodotto<\/h5>\n\n\n\n<p>3.1 Su COCOSOLIS.COM, offriamo in vendita prodotti di lusso e di alta qualit\u00e0.<br>3.2 Le caratteristiche principali dei prodotti sono visualizzate su COCOSOLIS.COM su ogni pagina di prodotto.<br>3.3 I prezzi sono soggetti a modifiche. Verifica il prezzo finale di vendita prima di inviare il relativo modulo d\u2019ordine.<br>3.4 Gli ordini effettuati da un paese diverso da quello verso cui si effettua la spedizione o verso indirizzi a cui COCOSOLIS non pu\u00f2 spedire, verranno automaticamente annullati.<br>3.5 In conformit\u00e0 con la legislazione sulla protezione dei consumatori, l\u2019utente sar\u00e0 responsabile della diminuzione del valore dei prodotti acquistati su COCOSOLIS.COM derivanti da qualsiasi utilizzo degli stessi prodotti diverso da quello necessario per verificarne la natura, le caratteristiche e la funzionalit\u00e0. Pertanto, qualora decidessi di esercitare il diritto di restituzione dei prodotti acquistati, COCOSOLIS ha il diritto di non accettare i prodotti restituiti o di non rimborsare integralmente le somme pagate per i prodotti acquistati che sono stati alterati dal loro stato originale o danneggiati.<\/p>\n\n\n\n<h5 class=\"wp-block-heading\">4. Pagamenti<\/h5>\n\n\n\n<p>4.1 Il pagamento dei prezzi dei prodotti e dei relativi costi di spedizione e consegna deve essere effettuato utilizzando una delle procedure indicate nel modulo d\u2019ordine. In nessun caso verranno addebitati costi superiori a quelli effettivamente sostenuti dal Venditore, in relazione al metodo di pagamento selezionato in precedenza.<br>4.2 In caso di pagamento con carta di credito o di debito, tutti i dettagli (ad esempio, numero di carta o data di scadenza) saranno inviati tramite protocollo crittografato alla banca corrispondente che fornisce servizi di pagamento elettronico a distanza, senza che terzi possano accedervi. Tali dettagli non verranno utilizzati da COCOSOLIS ad eccezione dell\u2019esecuzione della procedura relativa all\u2019acquisto o al rimborso in caso di resi, in conformit\u00e0 con l\u2019esercizio del diritto di restituire i prodotti acquistati o per segnalare casi di frode alla polizia. Il prezzo per l\u2019acquisto dei prodotti e i relativi costi di spedizione e consegna, come indicato nel modulo d\u2019ordine, saranno addebitati sul tuo account quando i prodotti acquistati saranno effettivamente spediti.<\/p>\n\n\n\n<h5 class=\"wp-block-heading\">5. Codici sconto<\/h5>\n\n\n\n<p>5.1 I codici sconto sono codici personalizzati che ti consentono di usufruire di uno sconto sul tuo acquisto su COCOSOLIS.COM.<br>5.2 La casella Codice Sconto viene visualizzata sulla prima pagina del Pagamento.<br>5.3 I codici sconto non possono in nessun caso essere scambiati con denaro.<br>5.4 Non \u00e8 possibile utilizzare pi\u00f9 di un codice di sconto per ordine.<\/p>\n\n\n\n<h5 class=\"wp-block-heading\">6. Spedizione e consegna dei prodotti<\/h5>\n\n\n\n<p>6.1 Per le specifiche procedure di consegna e consegna dei prodotti, si prega di leggere i termini di spedizione di ciascun prodotto.<\/p>\n\n\n\n<h5 class=\"wp-block-heading\">7. Privacy<\/h5>\n\n\n\n<p>7.1 Troverai informazioni su come trattiamo i tuoi dati personali facendo clic sulla nostra Informativa sulla Privacy.<\/p>\n\n\n\n<h5 class=\"wp-block-heading\">8. Responsabilit\u00e0 (indennizzo)<\/h5>\n\n\n\n<p>Le informazioni sugli ingredienti utilizzati nei prodotti cosmetici di COCOSOLIS.COM che appaiono sul Sito non intendono essere, n\u00e9 dovrebbero essere interpretate come consigli o raccomandazioni sull\u2019uso di un prodotto cosmetico. Se avete delle domande sull\u2019uso di un prodotto cosmetico, leggete l\u2019etichetta che appare sul prodotto, contattateci o consultate un medico.<\/p>\n\n\n\n<p>Utilizzando il Sito, riconoscete e accettate che le informazioni visualizzate sul Sito, incluse le informazioni fornite da esperti o professionisti medici, sono solo a scopo di istruzione generale. I nostri prodotti non possono causare problemi di salute. A vostra discrezione, chiedete sempre il parere di un medico o altro aiuto qualificato in caso di domande su qualsiasi condizione medica.<\/p>\n\n\n\n<p>Affidarsi a qualsiasi informazione fornita dal Sito \u00e8 solo a proprio rischio.<\/p>\n\n\n\n<h5 class=\"wp-block-heading\">9. Legge applicabile<\/h5>\n\n\n\n<p>9.1 Le presenti Condizioni Generali di Vendita sono regolate dalla legge europea.<br>Si noti che la Commissione europea fornisce una piattaforma per la risoluzione extragiudiziale delle controversie, disponibile sul sito http:\/\/ec.europa.eu\/odr<\/p>\n\n\n\n<h5 class=\"wp-block-heading\">10. Modifiche e aggiornamenti<\/h5>\n\n\n\n<p>Le Condizioni Generali di Vendita possono essere modificate di volta in volta a causa di nuove leggi e regolamenti o altri motivi. Le nuove Condizioni Generali di Vendita saranno effettive dalla data di pubblicazione su COCOSOLIS.COM.<\/p>\n\n\n\n<p>Data di pubblicazione: 9.07.2020<\/p>\n","protected":false},"excerpt":{"rendered":"<p>Termini di acquisto Le seguenti Condizioni di vendita regolano l\u2019offerta e la vendita di prodotti sul nostro sito web (\u201d cocosolis.com \u201c). I prodotti acquistati su COCOSOLIS.COM sono venduti direttamente da PURMERUL OOD, che \u00e8 registrata in Bulgaria, 4002 Plovdiv, 22 Liuleburgas Str., Piano 4, appartamento 9. Numero di registrazione dell\u2019impresa: 201172065. Codice fiscale e &hellip; <a href=\"https:\/\/cocosolis.com\/it\/terms-of-sale\/\">Continua<\/a><\/p>\n","protected":false},"author":1,"featured_media":0,"parent":0,"menu_order":0,"comment_status":"closed","ping_status":"closed","template":"","meta":{"_acf_changed":false,"footnotes":""},"page_roles":[36],"class_list":["post-461","page","type-page","status-publish","hentry","page_roles-legal"],"acf":[],"_links":{"self":[{"href":"https:\/\/cocosolis.com\/it\/wp-json\/wp\/v2\/pages\/461","targetHints":{"allow":["GET"]}}],"collection":[{"href":"https:\/\/cocosolis.com\/it\/wp-json\/wp\/v2\/pages"}],"about":[{"href":"https:\/\/cocosolis.com\/it\/wp-json\/wp\/v2\/types\/page"}],"author":[{"embeddable":true,"href":"https:\/\/cocosolis.com\/it\/wp-json\/wp\/v2\/users\/1"}],"replies":[{"embeddable":true,"href":"https:\/\/cocosolis.com\/it\/wp-json\/wp\/v2\/comments?post=461"}],"version-history":[{"count":4,"href":"https:\/\/cocosolis.com\/it\/wp-json\/wp\/v2\/pages\/461\/revisions"}],"predecessor-version":[{"id":522,"href":"https:\/\/cocosolis.com\/it\/wp-json\/wp\/v2\/pages\/461\/revisions\/522"}],"wp:attachment":[{"href":"https:\/\/cocosolis.com\/it\/wp-json\/wp\/v2\/media?parent=461"}],"wp:term":[{"taxonomy":"page_roles","embeddable":true,"href":"https:\/\/cocosolis.com\/it\/wp-json\/wp\/v2\/page_roles?post=461"}],"curies":[{"name":"wp","href":"https:\/\/api.w.org\/{rel}","templated":true}]}}