{"id":408,"date":"2022-05-06T14:49:07","date_gmt":"2022-05-06T12:49:07","guid":{"rendered":"http:\/\/cocosolis.com\/en\/?post_type=product&#038;p=408"},"modified":"2026-04-06T15:27:11","modified_gmt":"2026-04-06T13:27:11","slug":"hair-oil-mask-3in1","status":"publish","type":"product","link":"https:\/\/cocosolis.com\/hu\/product\/hair-oil-mask-3in1\/","title":{"rendered":"HAIR Oil Mask 3in1"},"content":{"rendered":"","protected":false},"excerpt":{"rendered":"","protected":false},"featured_media":1000004562,"template":"","meta":{"_acf_changed":false},"product_brand":[],"product_cat":[17],"product_tag":[],"product_template":[67],"class_list":{"0":"post-408","1":"product","2":"type-product","3":"status-publish","4":"has-post-thumbnail","6":"product_cat-hair","7":"product_template-v-2024-clean","9":"first","10":"instock","11":"shipping-taxable","12":"purchasable","13":"product-type-simple"},"acf":{"_v2024__listing_and_sharing_info__listing_category":"HAIR","_v2024__listing_and_sharing_info__product_type":"Oil Mask 3in1","_v2024__listing__and_sharing_info__listing_below_title_in_product_page":"Term\u00e9szetes olajos maszk 3 az 1-ben a haj intenz\u00edv t\u00e1pl\u00e1l\u00e1s\u00e1hoz \u00e9s helyre\u00e1ll\u00edt\u00e1s\u00e1hoz.","_v2024__listing_and_sharing_info__listing_description":"Term\u00e9szetes olajos maszk 3 az 1-ben a haj intenz\u00edv t\u00e1pl\u00e1l\u00e1s\u00e1hoz \u00e9s helyre\u00e1ll\u00edt\u00e1s\u00e1hoz.","_v2024__listing_and_sharing_info__image":1000000381,"_v2024__product_hero__hero_type":"carousel","_v2024__product_hero__product_slider_gallery":[{"_v2024__product_hero__product_slider_gallery__image":1000006601,"_v2024__product_hero__product_slider_gallery__video_link":""},{"_v2024__product_hero__product_slider_gallery__image":1000006602,"_v2024__product_hero__product_slider_gallery__video_link":""},{"_v2024__product_hero__product_slider_gallery__image":1000006603,"_v2024__product_hero__product_slider_gallery__video_link":""},{"_v2024__product_hero__product_slider_gallery__image":1000006604,"_v2024__product_hero__product_slider_gallery__video_link":""},{"_v2024__product_hero__product_slider_gallery__image":1000006605,"_v2024__product_hero__product_slider_gallery__video_link":""},{"_v2024__product_hero__product_slider_gallery__image":1000006606,"_v2024__product_hero__product_slider_gallery__video_link":""},{"_v2024__product_hero__product_slider_gallery__image":1000006608,"_v2024__product_hero__product_slider_gallery__video_link":"https:\/\/player.vimeo.com\/progressive_redirect\/playback\/1042811037\/rendition\/720p\/file.mp4?loc=external&amp;log_user=0&amp;signature=340ae0010b3a09771cb5562413188a9fedc6610da458dc1e7a1352f6f8acb544&amp;user_id=110095091"}],"_v2024__before_and_after_image":1000006531,"_v2024__before_and_after_image_mobile":1000006532,"_v2024__product_hero__quantity":"110 ML","_v2024__product_hero__product_disclamer":"","_v2024__why_use__should_show":"visible","_v2024__why_use__description_text":"Er\u0151s\u00edti \u00e9s helyre\u00e1ll\u00edtja a s\u00e9r\u00fclt hajat. Megakad\u00e1lyozza a t\u00f6redez\u00e9st, \u00e9s \u00f6sszegabalyod\u00e1st. F\u00e9nyt \u00e9s selymes puhas\u00e1got ad.","_v2024__why_use__text_content":"<ul>\r\n \t<li>Haszn\u00e1lja hetente a fejb\u0151r \u00e9s a haj m\u00e9lyen beolajoz\u00e1s\u00e1hoz mos\u00e1s el\u0151tt, hogy intenz\u00edven er\u0151s\u00edtse \u00e9s helyre\u00e1ll\u00edtsa<\/li>\r\n \t<li>Haszn\u00e1ljon egy cseppet zuhanyoz\u00e1s ut\u00e1n a nagyon sz\u00e1raz v\u00e9gekre<\/li>\r\n \t<li>A strandon v\u00e9di a hajat a kisz\u00e1rad\u00e1st\u00f3l \u00e9s a kimer\u00fcl\u00e9st\u0151l, mik\u00f6zben t\u00e1pl\u00e1lja<\/li>\r\n \t<li>H\u00e9t term\u00e9szetes bioolaj k\u00fcl\u00f6nleges kever\u00e9ke, term\u00e9szetes E-vitaminnal d\u00fas\u00edtva<\/li>\r\n \t<li>Vitaminok, \u00e1sv\u00e1nyi anyagok, biol\u00f3giailag akt\u00edv anyagok \u00e9s antioxid\u00e1nsok term\u00e9szetes sz\u00e1ll\u00edt\u00f3ja<\/li>\r\n \t<li>K\u00f3kusztej illattal<\/li>\r\n<\/ul>","_v2024__why_use__product_notes_and_remarks":"","_v2024__why_use__background_color":"#FBF1EB","_v2024__why_use__heading_color":"#816c65","_v2024__why_use__text_color":"#816c65","_v2024__why_use__image_desktop":1000006690,"_v2024__why_use__image_mobile":1000006691,"_v2024__stats_show":false,"_v2024__stats_repeater":null,"_v2024__stats_repeater_disclaimer":null,"_v2024__benefits__icons_repeater":[{"_v2024__benefit__icons_repeater_icon":1000006749,"_v2024__benefit__icons_repeater_text":"F\u00c9NYT \u00c9S SELYMES PUHAS\u00c1GOT AD"},{"_v2024__benefit__icons_repeater_icon":1000006740,"_v2024__benefit__icons_repeater_text":"INTENZ\u00cdVEN T\u00c1PL\u00c1L \u00c9S HELYRE\u00c1LL\u00cdT"},{"_v2024__benefit__icons_repeater_icon":1000006746,"_v2024__benefit__icons_repeater_text":"BIO \u00c9S TERM\u00c9SZETES \u00d6SSZETEV\u0150K"},{"_v2024__benefit__icons_repeater_icon":1000006734,"_v2024__benefit__icons_repeater_text":"FINOM K\u00d3KUSZ ILLAT"}],"_v2024__image_ingreddients__intro_text":"Bio olajok kombin\u00e1ci\u00f3ja, amelyek kieg\u00e9sz\u00edtik tulajdons\u00e1gaikat, l\u00e1that\u00f3an f\u00e9nyesebb, puh\u00e1bb \u00e9s \u00e9lettel teltebb haj\u00e9rt az els\u0151 haszn\u00e1lat ut\u00e1n.","_v2024__image_ingreddients__additional_description":"","_v2024__image_ingreddients__disclamer_inner":"","_v2024__image_ingredients__repeater":[{"_v2024__image_ingredients__ingredient_image":1000006710,"_v2024__image_ingredients__ingredient_title":"KAM\u00c9LIA OLAJ","_v2024__image_ingredients__ingredient_description":"T\u00e1pl\u00e1l\u00f3 olaj, amely k\u00f6nnyen behatol a hajba, \u00e9s t\u00e9rfogatot, puhas\u00e1got \u00e9s hosszan tart\u00f3 v\u00e9delmet biztos\u00edt"},{"_v2024__image_ingredients__ingredient_image":1000006728,"_v2024__image_ingredients__ingredient_title":"TAMANU OLAJ","_v2024__image_ingredients__ingredient_description":"Csillap\u00edtja a fejb\u0151r irrit\u00e1ci\u00f3it, gyorsan felsz\u00edv\u00f3dik, nem zs\u00edros\u00edtja a hajat \u00e9s k\u00f6nnyen f\u00e9s\u00fclhet\u0151v\u00e9 teszi a hajat."},{"_v2024__image_ingredients__ingredient_image":1000006717,"_v2024__image_ingredients__ingredient_title":"JOJOBA OLAJ","_v2024__image_ingredients__ingredient_description":"Er\u0151s regener\u00e1l\u00f3 \u00e9s faggy\u00fa kiegyens\u00falyoz\u00f3 tulajdons\u00e1gok az eg\u00e9szs\u00e9ges fejb\u0151r\u00e9rt \u00e9s a f\u00e9nyes haj\u00e9rt."},{"_v2024__image_ingredients__ingredient_image":1000006707,"_v2024__image_ingredients__ingredient_title":"ARG\u00c1N OLAJ","_v2024__image_ingredients__ingredient_description":"Vitaminokkal \u00e9s zs\u00edrsavakkal l\u00e1tja el a hajat \u00e9s a fejb\u0151rt, valamint v\u00e9d a nap \u00e9s a sz\u00e9l k\u00e1ros hat\u00e1sait\u00f3l."},{"_v2024__image_ingredients__ingredient_image":1000006712,"_v2024__image_ingredients__ingredient_title":"K\u00d3KUSZOLAJ","_v2024__image_ingredients__ingredient_description":"T\u00e1pl\u00e1l \u00e9s hidrat\u00e1l, v\u00e9d a napsug\u00e1rz\u00e1s okozta k\u00e1rokt\u00f3l, \u00e9s selymesen sim\u00e1v\u00e1 \u00e9s rugalmass\u00e1 var\u00e1zsolja a hajat."},{"_v2024__image_ingredients__ingredient_image":1000006724,"_v2024__image_ingredients__ingredient_title":"OLIVAOLAJ","_v2024__image_ingredients__ingredient_description":"Hidrat\u00e1lja, er\u0151s\u00edti \u00e9s t\u00e1pl\u00e1lja a hajat. Megv\u00e9di a napsug\u00e1rz\u00e1st\u00f3l \u00e9s a h\u0151kezel\u00e9sek, p\u00e9ld\u00e1ul a hajs\u00fct\u0151vas hat\u00e1sait\u00f3l."},{"_v2024__image_ingredients__ingredient_image":1000006706,"_v2024__image_ingredients__ingredient_title":"\u00c9DES MANDULAOLAJ","_v2024__image_ingredients__ingredient_description":"Gazdag vitamin- \u00e9s esszenci\u00e1lis zs\u00edrsavtartalm\u00e1nak k\u00f6sz\u00f6nhet\u0151en t\u00e1mogatja a hajn\u00f6veked\u00e9st \u00e9s cs\u00f6kkenti a hajhull\u00e1st."},{"_v2024__image_ingredients__ingredient_image":1000006730,"_v2024__image_ingredients__ingredient_title":"TERM\u00c9SZETES E-VITAMIN","_v2024__image_ingredients__ingredient_description":"Er\u0151teljes antioxid\u00e1ns, amely serkenti a haj n\u00f6veked\u00e9s\u00e9t \u00e9s gondoskodik a fejb\u0151r eg\u00e9szs\u00e9g\u00e9r\u0151l."}],"_v2024__image_ingredients__all_ingredients":"COCOS NUCIFERA OIL*, PRUNUS AMYGDALUS DULCIS OIL*, OLEA EUROPAEA FRUIT OIL*, SIMMONDSIA CHINENSIS SEED OIL*, CAMELLIA OLEIFERA SEED OIL*, ARGANIA SPINOSA KERNEL OIL*, CALOPHYLLUM INOPHYLLUM SEED OIL*, TOCOPHEROL, HELIANTHUS ANNUUS SEED OIL, PARFUM <strong>(COCONUT OIL*, SWEET ALMOND OIL*, OLIVE OIL*, JOJOBA OIL*, CAMELLIA OIL*, ARGAN OIL*, TAMANU OIL*, NATURAL VITAMIN E, SUNFLOWER SEED OIL, PARFUM)<\/strong>\r\n\r\n<em>* Bio tan\u00fas\u00edtott \u00f6sszetev\u0151k<\/em>\r\n\r\n<em>Felh\u00edvjuk figyelm\u00e9t, hogy az \u00f6sszetev\u0151k list\u00e1ja a term\u00e9kfejleszt\u00e9sek miatt id\u0151vel kiss\u00e9 v\u00e1ltozhat. Tekintse meg a term\u00e9k csomagol\u00e1s\u00e1t a legfrissebb inform\u00e1ci\u00f3val kapcsolatban.<\/em>","_v2024__usage_content__left_content":"<h4>INTENZ\u00cdV MASZK ZUHANYOZ\u00c1S EL\u0150TT<\/h4>\r\n<ol>\r\n \t<li>Vidd fel b\u0151s\u00e9ges mennyis\u00e9g\u0171 olajat a hajra \u00e9s a fejb\u0151rre.<\/li>\r\n \t<li>Tekerd be f\u00f3li\u00e1val \u00e9s meleg frott\u00edr t\u00f6r\u00f6lk\u00f6z\u0151vel.<\/li>\r\n \t<li>V\u00e1rj legal\u00e1bb 40 percet vagy egy \u00e9jszak\u00e1t.<\/li>\r\n \t<li>Mosd le samponnal.<\/li>\r\n<\/ol>\r\n<h4>T\u00c1PL\u00c1L\u00c1S ZUHANYOZ\u00c1S UT\u00c1N<\/h4>\r\nTov\u00e1bbi t\u00e1pl\u00e1l\u00e1s \u00e9s f\u00e9nyess\u00e9g \u00e9rdek\u00e9ben - vigy\u00e9l fel nagyon kis mennyis\u00e9g\u0171 (egy csepp) olajat a hajv\u00e9gekre.\r\n<h4>A NAP ALATT \u00c9S A STRANDON<\/h4>\r\nVigy\u00e9l fel egy kis mennyis\u00e9g\u0171 olajat a hajv\u00e9gekre vagy az eg\u00e9sz hajra \u00e9s fejb\u0151rre. Ne vigy\u00fck t\u00falz\u00e1sba a mennyis\u00e9get, nehogy t\u00falolajozzuk. A nap v\u00e9g\u00e9n alaposan mosd meg a hajadat.","_v2024__usage_content__right_bottom_content":"","_v2024__usage_content__note":"Az olaj nem tartalmaz napv\u00e9d\u0151 UV sz\u0171r\u0151t.","_v2024__usage_content__storage":"T\u00e1rolja sz\u00e1raz \u00e9s h\u0171v\u00f6s helyen. Ne t\u00e1rolja h\u0171t\u0151szekr\u00e9nyben. A term\u00e9k hidegen t\u00e1rolva megkem\u00e9nyedik, \u00e9s a kiszerel\u00e9s tartalma nem ker\u00fcl ki a pump\u00e1n kereszt\u00fcl. Ahhoz, hogy foly\u00e9kony legyen hagyja szobah\u0151m\u00e9rs\u00e9kleten 25 \u00b0 C felett. K\u00e9rj\u00fck, ne nyissa fel az kiszerel\u00e9st, amikor a term\u00e9k megszil\u00e1rdult, mert ez k\u00e1ros\u00edthatja a pump\u00e1t.\r\n\r\n&nbsp;\r\n\r\nCsak k\u00fcls\u0151leg. Hagyja abba a haszn\u00e1lat\u00e1t, ha irrit\u00e1ci\u00f3 l\u00e9p fel. Ne haszn\u00e1lja s\u00e9r\u00fclt vagy sebes fejb\u0151r\u00f6n. Ker\u00fclje a szembe jut\u00e1st. Gyerekekt\u0151l t\u00e1vol tartand\u00f3! T\u00e1rolja sz\u00e1raz \u00e9s h\u0171v\u00f6s helyen."},"_links":{"self":[{"href":"https:\/\/cocosolis.com\/hu\/wp-json\/wp\/v2\/product\/408","targetHints":{"allow":["GET"]}}],"collection":[{"href":"https:\/\/cocosolis.com\/hu\/wp-json\/wp\/v2\/product"}],"about":[{"href":"https:\/\/cocosolis.com\/hu\/wp-json\/wp\/v2\/types\/product"}],"wp:featuredmedia":[{"embeddable":true,"href":"https:\/\/cocosolis.com\/hu\/wp-json\/"}],"wp:attachment":[{"href":"https:\/\/cocosolis.com\/hu\/wp-json\/wp\/v2\/media?parent=408"}],"wp:term":[{"taxonomy":"product_brand","embeddable":true,"href":"https:\/\/cocosolis.com\/hu\/wp-json\/wp\/v2\/product_brand?post=408"},{"taxonomy":"product_cat","embeddable":true,"href":"https:\/\/cocosolis.com\/hu\/wp-json\/wp\/v2\/product_cat?post=408"},{"taxonomy":"product_tag","embeddable":true,"href":"https:\/\/cocosolis.com\/hu\/wp-json\/wp\/v2\/product_tag?post=408"},{"taxonomy":"product_template","embeddable":true,"href":"https:\/\/cocosolis.com\/hu\/wp-json\/wp\/v2\/product_template?post=408"}],"curies":[{"name":"wp","href":"https:\/\/api.w.org\/{rel}","templated":true}]}}