{"id":390,"date":"2022-05-06T13:33:20","date_gmt":"2022-05-06T11:33:20","guid":{"rendered":"http:\/\/cocosolis.com\/en\/?post_type=product&#038;p=390"},"modified":"2026-04-06T15:27:04","modified_gmt":"2026-04-06T13:27:04","slug":"skin-collagen-booster-dry-oil","status":"publish","type":"product","link":"https:\/\/cocosolis.com\/hu\/product\/skin-collagen-booster-dry-oil\/","title":{"rendered":"SKIN Collagen Booster Dry Oil"},"content":{"rendered":"","protected":false},"excerpt":{"rendered":"","protected":false},"featured_media":1000004575,"template":"","meta":{"_acf_changed":false},"product_brand":[],"product_cat":[19],"product_tag":[],"product_template":[67],"class_list":{"0":"post-390","1":"product","2":"type-product","3":"status-publish","4":"has-post-thumbnail","6":"product_cat-skin","7":"product_template-v-2024-clean","9":"first","10":"instock","11":"shipping-taxable","12":"purchasable","13":"product-type-simple"},"acf":{"_v2024__listing_and_sharing_info__listing_category":"SKIN","_v2024__listing_and_sharing_info__product_type":"Collagen Booster Dry Oil","_v2024__listing__and_sharing_info__listing_below_title_in_product_page":"Sz\u00e1raz olaj term\u00e9szetes anti-age hat\u00e1ssal. Meg\u00faj\u00edtja \u00e9s vitaminiz\u00e1lja a b\u0151rt.","_v2024__listing_and_sharing_info__listing_description":"Sz\u00e1raz olaj term\u00e9szetes anti-age hat\u00e1ssal. Meg\u00faj\u00edtja \u00e9s vitaminiz\u00e1lja a b\u0151rt.","_v2024__listing_and_sharing_info__image":1000000388,"_v2024__product_hero__hero_type":"carousel","_v2024__product_hero__product_slider_gallery":[{"_v2024__product_hero__product_slider_gallery__image":1000006655,"_v2024__product_hero__product_slider_gallery__video_link":""},{"_v2024__product_hero__product_slider_gallery__image":1000006657,"_v2024__product_hero__product_slider_gallery__video_link":""},{"_v2024__product_hero__product_slider_gallery__image":1000006658,"_v2024__product_hero__product_slider_gallery__video_link":""},{"_v2024__product_hero__product_slider_gallery__image":1000006659,"_v2024__product_hero__product_slider_gallery__video_link":""},{"_v2024__product_hero__product_slider_gallery__image":1000006660,"_v2024__product_hero__product_slider_gallery__video_link":""},{"_v2024__product_hero__product_slider_gallery__image":1000006661,"_v2024__product_hero__product_slider_gallery__video_link":""},{"_v2024__product_hero__product_slider_gallery__image":1000006662,"_v2024__product_hero__product_slider_gallery__video_link":"https:\/\/player.vimeo.com\/progressive_redirect\/playback\/1042663906\/rendition\/720p\/file.mp4?loc=external&amp;log_user=0&amp;signature=238d8a957ddf9f4279b519ffa65d3564d72b070ccb832dc58ea158b16d18c32d&amp;user_id=110095091"}],"_v2024__before_and_after_image":1000006537,"_v2024__before_and_after_image_mobile":1000006538,"_v2024__product_hero__quantity":"110 ML","_v2024__product_hero__product_disclamer":"","_v2024__why_use__should_show":"visible","_v2024__why_use__description_text":"Term\u00e9szetes sz\u00e1raz olaj \u00f6reged\u00e9sg\u00e1tl\u00f3 hat\u00e1ssal. Seg\u00edt fenntartani a magas kollag\u00e9nszintet \u00e9s n\u00f6veli a rugalmass\u00e1got.","_v2024__why_use__text_content":"<ul>\r\n \t<li>Cs\u00f6kkenti a finom vonalak \u00e9s r\u00e1ncok megjelen\u00e9s\u00e9t - Kiv\u00e1l\u00f3an meg\u00faj\u00edtja, nedves\u00edti \u00e9s vitaminiz\u00e1lja a b\u0151rt<\/li>\r\n \t<li>A b\u0151r sima, fiatal \u00e9s feszes marad<\/li>\r\n \t<li>6 \u00e9rt\u00e9kes bio szupergy\u00fcm\u00f6lcs olaj \u00e9s szabadalmaztatott term\u00e9szetes hat\u00f3anyag k\u00fcl\u00f6nleges kever\u00e9ke. Veg\u00e1n<\/li>\r\n \t<li>Gyorsan \u00e9s m\u00e9lyen felsz\u00edv\u00f3dik<\/li>\r\n \t<li>Alkalmas arcra \u00e9s testre, finom \u00e9s \u00e9rz\u00e9keny b\u0151rre<\/li>\r\n \t<li>Egzotikus gy\u00fcm\u00f6lcs\u00f6k b\u00f3d\u00edt\u00f3 illat\u00e1val<\/li>\r\n<\/ul>","_v2024__why_use__product_notes_and_remarks":"","_v2024__why_use__background_color":"#FBF1EB","_v2024__why_use__heading_color":"#816c65","_v2024__why_use__text_color":"#816c65","_v2024__why_use__image_desktop":1000006698,"_v2024__why_use__image_mobile":1000006699,"_v2024__stats_show":false,"_v2024__stats_repeater":null,"_v2024__stats_repeater_disclaimer":null,"_v2024__benefits__icons_repeater":[{"_v2024__benefit__icons_repeater_icon":1000006731,"_v2024__benefit__icons_repeater_text":"\u00d6REGED\u00c9SG\u00c1TL\u00d3 HAT\u00c1S"},{"_v2024__benefit__icons_repeater_icon":1000006742,"_v2024__benefit__icons_repeater_text":"SZABADALMAZTATOTT TERM\u00c9SZETES HAT\u00d3ANYAG"},{"_v2024__benefit__icons_repeater_icon":1000006738,"_v2024__benefit__icons_repeater_text":"ARCRA \u00c9S TESTRE"},{"_v2024__benefit__icons_repeater_icon":1000006737,"_v2024__benefit__icons_repeater_text":"EGZOTIKUS GY\u00dcM\u00d6LCS\u00d6K ILLATA"}],"_v2024__image_ingreddients__intro_text":"Fedezd fel a term\u00e9szetes \u00f6sszetev\u0151ket ebben a rendk\u00edv\u00fcl hat\u00e9kony \u00f6reged\u00e9sg\u00e1tl\u00f3 formul\u00e1ban: egy szabadalmaztatott hat\u00f3anyag \u00e9s egzotikus szupergy\u00fcm\u00f6lcsolajok a friss, ragyog\u00f3 \u00e9s rugalmas b\u0151r\u00e9rt.","_v2024__image_ingreddients__additional_description":"","_v2024__image_ingreddients__disclamer_inner":"","_v2024__image_ingredients__repeater":[{"_v2024__image_ingredients__ingredient_image":1000006704,"_v2024__image_ingredients__ingredient_title":"AKT\u00cdV \u00d6SSZETEV\u0150 \u00c9DES CSILLAGF\u00dcRT\u00ae","_v2024__image_ingredients__ingredient_description":"Serkenti a kiv\u00e1l\u00f3 min\u0151s\u00e9g\u0171 kollag\u00e9n termel\u0151d\u00e9s\u00e9t, feszesebb\u00e9 \u00e9s rugalmasabb\u00e1 teszi a b\u0151rt, \u00e1talak\u00edtja a laza b\u0151rt."},{"_v2024__image_ingredients__ingredient_image":1000006726,"_v2024__image_ingredients__ingredient_title":"GR\u00c1N\u00c1TALMA OLAJ","_v2024__image_ingredients__ingredient_description":"Antioxid\u00e1ns v\u00e9delmet ny\u00fajt a k\u00f6rnyezet k\u00e1ros hat\u00e1saival szemben. Cs\u00f6kkenti a p\u00f3rusokat \u00e9s a r\u00e1ncokat."},{"_v2024__image_ingredients__ingredient_image":1000006725,"_v2024__image_ingredients__ingredient_title":"SZENVED\u00c9LY OLAJ","_v2024__image_ingredients__ingredient_description":"Hidrat\u00e1lja \u00e9s puh\u00edtja, revitaliz\u00e1lja a f\u00e1radt b\u0151rt \u00e9s visszaadja fiatalos ragyog\u00e1s\u00e1t."},{"_v2024__image_ingredients__ingredient_image":1000006715,"_v2024__image_ingredients__ingredient_title":"GOJI BOGY\u00d3 OLAJ","_v2024__image_ingredients__ingredient_description":"Rendk\u00edv\u00fcl gazdag antioxid\u00e1nsokban, megakad\u00e1lyozza a korai \u00f6reged\u00e9st. Serkenti a kollag\u00e9ntermel\u00e9st \u00e9s ragyog\u00f3 b\u0151rt biztos\u00edt."},{"_v2024__image_ingredients__ingredient_image":1000006727,"_v2024__image_ingredients__ingredient_title":"R\u00d3ZSAOLAJ","_v2024__image_ingredients__ingredient_description":"Vil\u00e1gos\u00edtja \u00e9s kiegyenl\u00edti a b\u0151rt\u00f3nust, elt\u00fcnteti a hegeket. Sim\u00e1v\u00e1 \u00e9s hib\u00e1tlann\u00e1 var\u00e1zsolja."},{"_v2024__image_ingredients__ingredient_image":1000006712,"_v2024__image_ingredients__ingredient_title":"K\u00d3KUSZOLAJ","_v2024__image_ingredients__ingredient_description":"K\u00f6nnyen felsz\u00edv\u00f3dik, m\u00e9lyen hidrat\u00e1l, amit\u0151l a b\u0151r puh\u00e1v\u00e1 \u00e9s l\u00e1ggy\u00e1 v\u00e1lik."},{"_v2024__image_ingredients__ingredient_image":1000006711,"_v2024__image_ingredients__ingredient_title":"KAKA\u00d3VAJ","_v2024__image_ingredients__ingredient_description":"Csod\u00e1latos \"\u00e9tel\" a b\u0151rnek. Regener\u00e1lja \u00e9s megakad\u00e1lyozza a stri\u00e1k \u00e9s a finom r\u00e1ncok megjelen\u00e9s\u00e9t."},{"_v2024__image_ingredients__ingredient_image":1000006705,"_v2024__image_ingredients__ingredient_title":"AKT\u00cdV \u00d6SSZETEV\u0150","_v2024__image_ingredients__ingredient_description":"A kit\u0171n\u0151 min\u0151s\u00e9g\u0171 ol\u00edvaolaj kivonat biztos\u00edtja az olajok gyors felsz\u00edv\u00f3d\u00e1s\u00e1t."},{"_v2024__image_ingredients__ingredient_image":1000006730,"_v2024__image_ingredients__ingredient_title":"TERM\u00c9SZETES E-VITAMIN","_v2024__image_ingredients__ingredient_description":"Hat\u00e1sos antioxid\u00e1ns, amely felveszi a harcot az \u00f6reged\u00e9ssel \u00e9s t\u00e1mogatja a b\u0151r term\u00e9szetes \u00f6ngy\u00f3gy\u00edt\u00f3 folyamat\u00e1t."}],"_v2024__image_ingredients__all_ingredients":"CAPRYLIC\/CAPRIC TRIGLYCERIDE, COCOS NUCIFERA OIL*, OCTYLDODECYL OLIVATE, THEOBROMA CACAO SEED BUTTER*, PASSIFLORA EDULIS SEED OIL, HELIANTHUS ANNUUS SEED OIL*, LUPINUS ALBUS SEED EXTRACT, TOCOPHEROL, PUNICA GRANATUM SEED OIL*, ROSA CANINA SEED EXTRACT, LYCIUM BARBARUM SEED OIL*, PARFUM <strong>(NATURAL EMOLLIENT, COCONUT OIL*, OCTYLDODECYL OLIVATE (FROM OLIVE OIL), CACAO SEED BUTTER*, PASSION FRUIT SEED OIL*, SUNFLOWER SEED OIL*, WHITE LUPIN SEED EXTRACT, NATURAL VITAMIN E, POMEGRANATE SEED OIL*, ROSE HIP SEED OIL, GOJI BERRY SEED OIL*, PARFUM) <\/strong>\r\n\r\n<em>* Bio tan\u00fas\u00edtott \u00f6sszetev\u0151k<\/em>\r\n\r\n<em>Felh\u00edvjuk figyelm\u00e9t, hogy az \u00f6sszetev\u0151k list\u00e1ja a term\u00e9kfejleszt\u00e9sek miatt id\u0151vel kiss\u00e9 v\u00e1ltozhat. Tekintse meg a term\u00e9k csomagol\u00e1s\u00e1t a legfrissebb inform\u00e1ci\u00f3val kapcsolatban.<\/em>","_v2024__usage_content__left_content":"Alkalmas arcra \u00e9s testre. A legjobb eredm\u00e9ny \u00e9rdek\u00e9ben vigye fel reggel \u00e9s este a k\u00edv\u00e1nt ter\u00fcletre vagy az eg\u00e9sz arcra \u00e9s testre.\r\n\r\nVigye fel sz\u00e1raz vagy nedves b\u0151rre. Zuhanyoz\u00e1s ut\u00e1n azonnal felsz\u00edv\u00f3dik legk\u00f6nnyebben, a m\u00e9g nedves b\u0151r\u00f6n.","_v2024__usage_content__right_bottom_content":"","_v2024__usage_content__note":"","_v2024__usage_content__storage":"T\u00e1rolja sz\u00e1raz \u00e9s h\u0171v\u00f6s helyen. Ne t\u00e1rolja h\u0171t\u0151szekr\u00e9nyben. A term\u00e9k hidegen t\u00e1rolva megkem\u00e9nyedik, \u00e9s a kiszerel\u00e9s tartalma nem ker\u00fcl ki a pump\u00e1n kereszt\u00fcl. Ahhoz, hogy foly\u00e9kony legyen hagyja szobah\u0151m\u00e9rs\u00e9kleten 25 \u00b0 C felett. K\u00e9rj\u00fck, ne nyissa fel az kiszerel\u00e9st, amikor a term\u00e9k megszil\u00e1rdult, mert ez k\u00e1ros\u00edthatja a pump\u00e1t.\r\n\r\n&nbsp;\r\n\r\nCsak k\u00fcls\u0151leg. Hagyja abba a haszn\u00e1lat\u00e1t, ha irrit\u00e1ci\u00f3 l\u00e9p fel. Ne haszn\u00e1lja s\u00e9r\u00fclt vagy irrit\u00e1lt b\u0151r\u00f6n. Ker\u00fclje a szembe jut\u00e1st. Gyerekekt\u0151l t\u00e1vol tartand\u00f3!"},"_links":{"self":[{"href":"https:\/\/cocosolis.com\/hu\/wp-json\/wp\/v2\/product\/390","targetHints":{"allow":["GET"]}}],"collection":[{"href":"https:\/\/cocosolis.com\/hu\/wp-json\/wp\/v2\/product"}],"about":[{"href":"https:\/\/cocosolis.com\/hu\/wp-json\/wp\/v2\/types\/product"}],"wp:featuredmedia":[{"embeddable":true,"href":"https:\/\/cocosolis.com\/hu\/wp-json\/"}],"wp:attachment":[{"href":"https:\/\/cocosolis.com\/hu\/wp-json\/wp\/v2\/media?parent=390"}],"wp:term":[{"taxonomy":"product_brand","embeddable":true,"href":"https:\/\/cocosolis.com\/hu\/wp-json\/wp\/v2\/product_brand?post=390"},{"taxonomy":"product_cat","embeddable":true,"href":"https:\/\/cocosolis.com\/hu\/wp-json\/wp\/v2\/product_cat?post=390"},{"taxonomy":"product_tag","embeddable":true,"href":"https:\/\/cocosolis.com\/hu\/wp-json\/wp\/v2\/product_tag?post=390"},{"taxonomy":"product_template","embeddable":true,"href":"https:\/\/cocosolis.com\/hu\/wp-json\/wp\/v2\/product_template?post=390"}],"curies":[{"name":"wp","href":"https:\/\/api.w.org\/{rel}","templated":true}]}}