{"id":386,"date":"2022-05-06T13:12:09","date_gmt":"2022-05-06T13:12:09","guid":{"rendered":"http:\/\/cocosolis.com\/en\/?post_type=product&#038;p=386"},"modified":"2026-04-06T15:27:02","modified_gmt":"2026-04-06T13:27:02","slug":"skin-anti-cellulite-dry-oil","status":"publish","type":"product","link":"https:\/\/cocosolis.com\/hu\/product\/skin-anti-cellulite-dry-oil\/","title":{"rendered":"SKIN Anti-cellulite Dry Oil"},"content":{"rendered":"","protected":false},"excerpt":{"rendered":"","protected":false},"featured_media":1000004573,"template":"","meta":{"_acf_changed":false},"product_brand":[],"product_cat":[19],"product_tag":[],"product_template":[67],"class_list":{"0":"post-386","1":"product","2":"type-product","3":"status-publish","4":"has-post-thumbnail","6":"product_cat-skin","7":"product_template-v-2024-clean","9":"first","10":"instock","11":"shipping-taxable","12":"purchasable","13":"product-type-variable","14":"has-default-attributes"},"acf":{"_v2024__listing_and_sharing_info__listing_category":"SKIN","_v2024__listing_and_sharing_info__product_type":"Anti-cellulite Dry Oil","_v2024__listing__and_sharing_info__listing_below_title_in_product_page":"Term\u00e9szetes narancsb\u0151r elleni sz\u00e1raz olaj. \u00c1talak\u00edtja \u00e9s form\u00e1lja a sziluettet.","_v2024__listing_and_sharing_info__listing_description":"Narancsb\u0151r elleni sz\u00e1raz olaj. \u00c1talak\u00edtja \u00e9s form\u00e1lja a sziluettet.","_v2024__listing_and_sharing_info__image":1000000387,"_v2024__product_hero__hero_type":"carousel","_v2024__product_hero__product_slider_gallery":[{"_v2024__product_hero__product_slider_gallery__image":1000006640,"_v2024__product_hero__product_slider_gallery__video_link":""},{"_v2024__product_hero__product_slider_gallery__image":1000006642,"_v2024__product_hero__product_slider_gallery__video_link":""},{"_v2024__product_hero__product_slider_gallery__image":1000006644,"_v2024__product_hero__product_slider_gallery__video_link":""},{"_v2024__product_hero__product_slider_gallery__image":1000006648,"_v2024__product_hero__product_slider_gallery__video_link":""},{"_v2024__product_hero__product_slider_gallery__image":1000006650,"_v2024__product_hero__product_slider_gallery__video_link":""},{"_v2024__product_hero__product_slider_gallery__image":1000006652,"_v2024__product_hero__product_slider_gallery__video_link":""},{"_v2024__product_hero__product_slider_gallery__image":1000006654,"_v2024__product_hero__product_slider_gallery__video_link":"https:\/\/player.vimeo.com\/progressive_redirect\/playback\/1042663347\/rendition\/720p\/file.mp4?loc=external&amp;log_user=0&amp;signature=29fc6b4b2d0e8d5e65fdcdb9fd54acbe00beb382a0e54c015ca4f3f5f9c8c448&amp;user_id=110095091"}],"_v2024__before_and_after_image":1000006535,"_v2024__before_and_after_image_mobile":1000006536,"_v2024__product_hero__quantity":"","_v2024__product_hero__product_disclamer":"","_v2024__why_use__should_show":"visible","_v2024__why_use__description_text":"Term\u00e9szetes narancsb\u0151r elleni sz\u00e1raz olaj. \u00c1talak\u00edtja \u00e9s form\u00e1lja a sziluettet.","_v2024__why_use__text_content":"<ul>\r\n \t<li>L\u00e1that\u00f3 m\u00f3don enyh\u00edti a narancsb\u0151rt<\/li>\r\n \t<li>Feszes\u00edt, t\u00f3nust ad \u00e9s meg\u00faj\u00edtja a b\u0151rt, jav\u00edtva annak rugalmass\u00e1g\u00e1t \u00e9s text\u00far\u00e1j\u00e1t<\/li>\r\n \t<li>Hat\u00e9kony formula term\u00e9szetes \u00f6sszetev\u0151kkel, veg\u00e1n. Bizony\u00edtott, szabadalmaztatott akt\u00edv \u00f6sszetev\u0151kkel, bio-\u00e1fony\u00e1val, sz\u0151l\u0151vel \u00e9s k\u00e1v\u00e9olajokkal gazdag\u00edtva, term\u00e9szetes E-vitaminnal<\/li>\r\n \t<li>Gyorsan \u00e9s m\u00e9lyen felsz\u00edv\u00f3dik<\/li>\r\n \t<li>Alkalmas finom \u00e9s \u00e9rz\u00e9keny b\u0151rre<\/li>\r\n \t<li>\u00c1fonya muffin aroma<\/li>\r\n<\/ul>","_v2024__why_use__product_notes_and_remarks":"","_v2024__why_use__background_color":"#FBF1EB","_v2024__why_use__heading_color":"#816c65","_v2024__why_use__text_color":"#816c65","_v2024__why_use__image_desktop":1000006696,"_v2024__why_use__image_mobile":1000006697,"_v2024__stats_show":false,"_v2024__stats_repeater":null,"_v2024__stats_repeater_disclaimer":null,"_v2024__benefits__icons_repeater":[{"_v2024__benefit__icons_repeater_icon":1000006750,"_v2024__benefit__icons_repeater_text":"\u00c1TALAK\u00cdTJA \u00c9S FORM\u00c1LJA A SZILUETTET"},{"_v2024__benefit__icons_repeater_icon":1000006740,"_v2024__benefit__icons_repeater_text":"GYORSAN \u00c9S M\u00c9LYEN FELSZ\u00cdV\u00d3DIK"},{"_v2024__benefit__icons_repeater_icon":1000006746,"_v2024__benefit__icons_repeater_text":"ORGANIKUS \u00c9S TERM\u00c9SZETES \u00d6SSZETEV\u0150K"},{"_v2024__benefit__icons_repeater_icon":1000006745,"_v2024__benefit__icons_repeater_text":"\u00c1FONYA MUFFIN AROMA"}],"_v2024__image_ingreddients__intro_text":"Fedezze fel a hat\u00e9kony term\u00e9szetes \u00f6sszetev\u0151ket, amelyek form\u00e1lj\u00e1k a sziluettet \u00e9s felveszik a harcot a narancsb\u0151rrel: organikus olajok bizony\u00edtottan hat\u00e1sos szabadalmaztatott akt\u00edv \u00f6sszetev\u0151vel.","_v2024__image_ingreddients__additional_description":"","_v2024__image_ingreddients__disclamer_inner":"","_v2024__image_ingredients__repeater":[{"_v2024__image_ingredients__ingredient_image":1000006705,"_v2024__image_ingredients__ingredient_title":"TERM\u00c9SZETES AKT\u00cdV \u00d6SSZETEV\u0150\u00ae","_v2024__image_ingredients__ingredient_description":"Szabadalmaztatott formula bizony\u00edtott hat\u00e9konys\u00e1ggal: rendszeres haszn\u00e1lata korrig\u00e1lja a narancsb\u0151rt, seg\u00edt a zs\u00edrlerak\u00f3d\u00e1sok cs\u00f6kkent\u00e9s\u00e9ben \u00e9s g\u00e1tolja azok kialakul\u00e1s\u00e1t."},{"_v2024__image_ingredients__ingredient_image":1000006709,"_v2024__image_ingredients__ingredient_title":"\u00c1FONYAOLAJ","_v2024__image_ingredients__ingredient_description":"Rendk\u00edv\u00fcl gazdag antioxid\u00e1nsokban \u00e9s omega-3 zs\u00edrsavakban, lelass\u00edtja az \u00f6reged\u00e9st, feszes\u00edti a kont\u00fart \u00e9s kisim\u00edtja a finom r\u00e1ncokat."},{"_v2024__image_ingredients__ingredient_image":1000006713,"_v2024__image_ingredients__ingredient_title":"K\u00c1V\u00c9VAJ","_v2024__image_ingredients__ingredient_description":"\u00d6szt\u00f6nzi a m\u00e9regtelen\u00edt\u00e9st \u00e9s a kollag\u00e9n szint\u00e9zist, seg\u00edtve ezzel a narancsb\u0151r m\u00e9rs\u00e9kl\u00e9s\u00e9t. Haszn\u00e1lata ut\u00e1n a b\u0151r olajosan puha lesz."},{"_v2024__image_ingredients__ingredient_image":1000006716,"_v2024__image_ingredients__ingredient_title":"SZ\u0150L\u0150MAGOLAJ","_v2024__image_ingredients__ingredient_description":"Seg\u00edt a b\u0151r feszes\u00edt\u00e9s\u00e9ben, regener\u00e1l\u00e1s\u00e1ban \u00e9s nedvess\u00e9g\u00e9nek szab\u00e1lyoz\u00e1s\u00e1ban. Toniz\u00e1l \u00e9s f\u00e9nyess\u00e9 teszi a b\u0151r sz\u00edn\u00e9t."},{"_v2024__image_ingredients__ingredient_image":1000006717,"_v2024__image_ingredients__ingredient_title":"JOJOBA OLAJ","_v2024__image_ingredients__ingredient_description":"M\u00e9lyen hidrat\u00e1l, jav\u00edtja \u00e9s feszes\u00edti a b\u0151rt, egyedi \u00f6sszet\u00e9tel\u00e9vel olyan v\u00e9d\u0151r\u00e9teget hozva l\u00e9tre rajta, amely hasonl\u00f3 az emberi faggy\u00fahoz."},{"_v2024__image_ingredients__ingredient_image":1000006712,"_v2024__image_ingredients__ingredient_title":"K\u00d3KUSZOLAJ","_v2024__image_ingredients__ingredient_description":"K\u00f6nnyen felsz\u00edv\u00f3dik, m\u00e9lyen hidrat\u00e1l, amit\u0151l a b\u0151r puh\u00e1v\u00e1 \u00e9s l\u00e1ggy\u00e1 v\u00e1lik. V\u00e9d a nappal \u00e9s a barna elv\u00e1ltoz\u00e1sokkal szemben, \u00e9s barn\u00edtja a b\u0151rt."},{"_v2024__image_ingredients__ingredient_image":1000006723,"_v2024__image_ingredients__ingredient_title":"AKT\u00cdV \u00d6SSZETEV\u0150","_v2024__image_ingredients__ingredient_description":"A kit\u0171n\u0151 min\u0151s\u00e9g\u0171 ol\u00edvaolaj kivonat biztos\u00edtja az olajok gyors felsz\u00edv\u00f3d\u00e1s\u00e1t."},{"_v2024__image_ingredients__ingredient_image":1000006730,"_v2024__image_ingredients__ingredient_title":"TERM\u00c9SZETES E-VITAMIN","_v2024__image_ingredients__ingredient_description":"Hat\u00e1sos antioxid\u00e1ns, amely felveszi a harcot az \u00f6reged\u00e9ssel \u00e9s t\u00e1mogatja a b\u0151r term\u00e9szetes \u00f6ngy\u00f3gy\u00edt\u00f3 folyamat\u00e1t."}],"_v2024__image_ingredients__all_ingredients":"CAPRYLIC\/CAPRIC TRIGLYCERIDE, COCOS NUCIFERA OIL*, SIMMONDSIA CHINENSIS SEED OIL*, OCTYLDODECYL OLIVATE, VITIS VINIFERA SEED OIL*, SORBITAN LAURATE, TOCOPHEROL, LAUROYL PROLINE, HELIANTHUS ANNUUS SEED OIL, VACCINIUM MYRTILLUS SEED OIL, COFFEA ARABICA SEED OIL*, PARFUM, LINALOOL, LINALYL ACETATE, ALPHA-ISOMETHYL IONONE, CITRONELLOL, BENZYL ALCOHOL, VANILLIN <strong>(NATURAL EMOLLIENT, COCONUT OIL*, JOJOBA OIL*, OCTYLDODECYL OLIVATE (FROM OLIVE OIL), GRAPE SEED OIL*, SORBITANE LAUREATE, NATURAL VITAMIN E, LAUROYL PROLINE, SUNFLOWER SEED OIL, BLUEBERRY SEED OIL, COFFEE SEED OIL*, PARFUM, LINALOOL, LINALYL ACETATE, ALPHA-ISOMETHYL IONONE, CITRONELLOL, BENZYL ALCOHOL, VANILLIN)<\/strong>\r\n\r\n<em>* Bio tan\u00fas\u00edtott \u00f6sszetev\u0151k<\/em>\r\n\r\n<em>Felh\u00edvjuk figyelm\u00e9t, hogy az \u00f6sszetev\u0151k list\u00e1ja a term\u00e9kfejleszt\u00e9sek miatt id\u0151vel kiss\u00e9 v\u00e1ltozhat. Tekintse meg a term\u00e9k csomagol\u00e1s\u00e1t a legfrissebb inform\u00e1ci\u00f3val kapcsolatban.<\/em>","_v2024__usage_content__left_content":"<h4>INTENZ\u00cdV MINDENNAPOS GONDOSKOD\u00c1S<\/h4>\r\nMassz\u00edroz\u00f3 mozdulatokkal haszn\u00e1lja reggel \u00e9s este a k\u00edv\u00e1nt ter\u00fcleteken, vagy az eg\u00e9sz testen. Haszn\u00e1lja k\u00f6zvetlen\u00fcl zuhanyoz\u00e1s ut\u00e1n. Javasoljuk, hogy az optim\u00e1lis eredm\u00e9nyhez haszn\u00e1ljon egy massz\u00e1zs eszk\u00f6zt, vagy tapad\u00f3korongot. Az olajat massz\u00e1zs terapeut\u00e1n\u00e1l v\u00e9gzett ter\u00e1pia sor\u00e1n is haszn\u00e1lhatja.\r\n<h4>A LEGJOBB EREDM\u00c9NYEK\u00c9RT<\/h4>\r\nKombin\u00e1lja a narancsb\u0151r elleni olaj hat\u00e1s\u00e1t megfelel\u0151 hidrat\u00e1l\u00e1ssal \u00e9s fizikai tev\u00e9kenys\u00e9ggel.","_v2024__usage_content__right_bottom_content":"","_v2024__usage_content__note":"","_v2024__usage_content__storage":"T\u00e1rolja sz\u00e1raz \u00e9s h\u0171v\u00f6s helyen. Ne t\u00e1rolja h\u0171t\u0151szekr\u00e9nyben. A term\u00e9k hidegen t\u00e1rolva megkem\u00e9nyedik, \u00e9s a kiszerel\u00e9s tartalma nem ker\u00fcl ki a pump\u00e1n kereszt\u00fcl. Ahhoz, hogy foly\u00e9kony legyen hagyja szobah\u0151m\u00e9rs\u00e9kleten 25 \u00b0 C felett. K\u00e9rj\u00fck, ne nyissa fel az kiszerel\u00e9st, amikor a term\u00e9k megszil\u00e1rdult, mert ez k\u00e1ros\u00edthatja a pump\u00e1t.\r\n\r\n&nbsp;\r\n\r\nCsak k\u00fcls\u0151leg. Hagyja abba a haszn\u00e1lat\u00e1t, ha irrit\u00e1ci\u00f3 l\u00e9p fel. Ne haszn\u00e1lja s\u00e9r\u00fclt vagy irrit\u00e1lt b\u0151r\u00f6n. Ker\u00fclje a szembe jut\u00e1st. Gyerekekt\u0151l t\u00e1vol tartand\u00f3!"},"_links":{"self":[{"href":"https:\/\/cocosolis.com\/hu\/wp-json\/wp\/v2\/product\/386","targetHints":{"allow":["GET"]}}],"collection":[{"href":"https:\/\/cocosolis.com\/hu\/wp-json\/wp\/v2\/product"}],"about":[{"href":"https:\/\/cocosolis.com\/hu\/wp-json\/wp\/v2\/types\/product"}],"wp:featuredmedia":[{"embeddable":true,"href":"https:\/\/cocosolis.com\/hu\/wp-json\/"}],"wp:attachment":[{"href":"https:\/\/cocosolis.com\/hu\/wp-json\/wp\/v2\/media?parent=386"}],"wp:term":[{"taxonomy":"product_brand","embeddable":true,"href":"https:\/\/cocosolis.com\/hu\/wp-json\/wp\/v2\/product_brand?post=386"},{"taxonomy":"product_cat","embeddable":true,"href":"https:\/\/cocosolis.com\/hu\/wp-json\/wp\/v2\/product_cat?post=386"},{"taxonomy":"product_tag","embeddable":true,"href":"https:\/\/cocosolis.com\/hu\/wp-json\/wp\/v2\/product_tag?post=386"},{"taxonomy":"product_template","embeddable":true,"href":"https:\/\/cocosolis.com\/hu\/wp-json\/wp\/v2\/product_template?post=386"}],"curies":[{"name":"wp","href":"https:\/\/api.w.org\/{rel}","templated":true}]}}