{"id":385,"date":"2022-05-06T13:10:21","date_gmt":"2022-05-06T11:10:21","guid":{"rendered":"http:\/\/cocosolis.com\/en\/?post_type=product&#038;p=385"},"modified":"2026-04-06T15:27:01","modified_gmt":"2026-04-06T13:27:01","slug":"skin-stretch-mark-dry-oil","status":"publish","type":"product","link":"https:\/\/cocosolis.com\/hu\/product\/skin-stretch-mark-dry-oil\/","title":{"rendered":"SKIN Stretch Mark Dry Oil"},"content":{"rendered":"","protected":false},"excerpt":{"rendered":"","protected":false},"featured_media":1000004576,"template":"","meta":{"_acf_changed":false},"product_brand":[],"product_cat":[19],"product_tag":[],"product_template":[67],"class_list":{"0":"post-385","1":"product","2":"type-product","3":"status-publish","4":"has-post-thumbnail","6":"product_cat-skin","7":"product_template-v-2024-clean","9":"first","10":"instock","11":"shipping-taxable","12":"purchasable","13":"product-type-simple"},"acf":{"_v2024__listing_and_sharing_info__listing_category":"SKIN","_v2024__listing_and_sharing_info__product_type":"Stretch Mark Dry Oil","_v2024__listing__and_sharing_info__listing_below_title_in_product_page":"Term\u00e9szetes sz\u00e1raz olaj stri\u00e1k ellen. Alkalmas v\u00edzhi\u00e1nyos \u00e9s \u00f6reged\u0151 b\u0151rre is.","_v2024__listing_and_sharing_info__listing_description":"Sz\u00e1raz olaj stri\u00e1k ellen. Dehidrat\u00e1lt \u00e9s \u00f6reged\u0151 b\u0151rre is alkalmas.","_v2024__listing_and_sharing_info__image":1000000389,"_v2024__product_hero__hero_type":"carousel","_v2024__product_hero__product_slider_gallery":[{"_v2024__product_hero__product_slider_gallery__image":1000006663,"_v2024__product_hero__product_slider_gallery__video_link":""},{"_v2024__product_hero__product_slider_gallery__image":1000006664,"_v2024__product_hero__product_slider_gallery__video_link":""},{"_v2024__product_hero__product_slider_gallery__image":1000006665,"_v2024__product_hero__product_slider_gallery__video_link":""},{"_v2024__product_hero__product_slider_gallery__image":1000006666,"_v2024__product_hero__product_slider_gallery__video_link":""},{"_v2024__product_hero__product_slider_gallery__image":1000006667,"_v2024__product_hero__product_slider_gallery__video_link":""},{"_v2024__product_hero__product_slider_gallery__image":1000006668,"_v2024__product_hero__product_slider_gallery__video_link":""},{"_v2024__product_hero__product_slider_gallery__image":1000006669,"_v2024__product_hero__product_slider_gallery__video_link":"https:\/\/player.vimeo.com\/progressive_redirect\/playback\/1042663930\/rendition\/540p\/file.mp4?loc=external&amp;log_user=0&amp;signature=78bb01a1fe3d2bf9676ed22a7bfa36db3f77502ecc6f889eb5d9c9c22c6d91f1"}],"_v2024__before_and_after_image":1000006539,"_v2024__before_and_after_image_mobile":1000006540,"_v2024__product_hero__quantity":"110 ML","_v2024__product_hero__product_disclamer":"","_v2024__why_use__should_show":"visible","_v2024__why_use__description_text":"Seg\u00edt cs\u00f6kkenteni a stri\u00e1k kialakul\u00e1s\u00e1nak kock\u00e1zat\u00e1t a terhess\u00e9g, a hirtelen s\u00falyv\u00e1ltoz\u00e1s vagy a gyors n\u00f6veked\u00e9s sor\u00e1n. Jav\u00edtja a b\u0151r megjelen\u00e9s\u00e9t \u00e9s n\u00f6veli annak rugalmass\u00e1g\u00e1t.","_v2024__why_use__text_content":"<ul>\r\n \t<li>Seg\u00edt fenntartani a magas kollag\u00e9nszintet a b\u0151rben<\/li>\r\n \t<li>J\u00f3t\u00e9kony hat\u00e1ssal van a sz\u00e1raz \u00e9s \u00f6reged\u0151 b\u0151rre<\/li>\r\n \t<li>Szabadalmaztatott term\u00e9szetes stri\u00e1k elleni hat\u00f3anyagot tartalmaz \u00e9des feh\u00e9r csillagf\u00fcrt kivonattal<\/li>\r\n \t<li>Speci\u00e1lis term\u00e9szetes, veg\u00e1n formula kiv\u00e1l\u00f3 min\u0151s\u00e9g\u0171 hidegen sajtolt term\u00e9szetes olajokb\u00f3l: t\u00e1pl\u00e1l \u00e9s helyre\u00e1ll\u00edt<\/li>\r\n \t<li>Gyorsan \u00e9s m\u00e9lyen felsz\u00edv\u00f3dik<\/li>\r\n \t<li>Alkalmas finom \u00e9s \u00e9rz\u00e9keny b\u0151rre<\/li>\r\n \t<li>\u00c9des mandarin illat\u00fa<\/li>\r\n<\/ul>","_v2024__why_use__product_notes_and_remarks":"","_v2024__why_use__background_color":"#FBF1EB","_v2024__why_use__heading_color":"#816c65","_v2024__why_use__text_color":"#816c65","_v2024__why_use__image_desktop":1000006700,"_v2024__why_use__image_mobile":1000006701,"_v2024__stats_show":false,"_v2024__stats_repeater":null,"_v2024__stats_repeater_disclaimer":null,"_v2024__benefits__icons_repeater":[{"_v2024__benefit__icons_repeater_icon":1000006750,"_v2024__benefit__icons_repeater_text":"MEGAKAD\u00c1LYOZZA A STRI\u00c1K KIALAKUL\u00c1S\u00c1T"},{"_v2024__benefit__icons_repeater_icon":1000006742,"_v2024__benefit__icons_repeater_text":"SZABADALMAZTATOTT TERM\u00c9SZETES HAT\u00d3ANYAG"},{"_v2024__benefit__icons_repeater_icon":1000006746,"_v2024__benefit__icons_repeater_text":"BIO \u00c9S TERM\u00c9SZETES \u00d6SSZETEV\u0150K"},{"_v2024__benefit__icons_repeater_icon":1000006751,"_v2024__benefit__icons_repeater_text":"MANDARIN ILLAT\u00da"}],"_v2024__image_ingreddients__intro_text":"Teljesen term\u00e9szetes \u00f6sszetev\u0151k. Helyre\u00e1ll\u00edt\u00f3 hat\u00e1s\u00fa, kisim\u00edtja a b\u0151rt, serkenti a kollag\u00e9n termel\u0151d\u00e9s\u00e9t \u2013 olyan \u00e1llapotok, amelyek megakad\u00e1lyozz\u00e1k a stri\u00e1k megjelen\u00e9s\u00e9t, a b\u0151r rugalmas, hidrat\u00e1lt \u00e9s sima marad.","_v2024__image_ingreddients__additional_description":"","_v2024__image_ingreddients__disclamer_inner":"","_v2024__image_ingredients__repeater":[{"_v2024__image_ingredients__ingredient_image":1000006704,"_v2024__image_ingredients__ingredient_title":"AKT\u00cdV \u00d6SSZETEV\u0150 \u00c9DES CSILLAGF\u00dcRT\u00ae-","_v2024__image_ingredients__ingredient_description":"Serkenti a kiv\u00e1l\u00f3 min\u0151s\u00e9g\u0171 kollag\u00e9n termel\u0151d\u00e9s\u00e9t, feszesebb\u00e9 \u00e9s rugalmasabb\u00e1 teszi a b\u0151rt, \u00e1talak\u00edtja a laza b\u0151rt."},{"_v2024__image_ingredients__ingredient_image":1000006729,"_v2024__image_ingredients__ingredient_title":"MANDARIN ILL\u00d3OLAJ","_v2024__image_ingredients__ingredient_description":"Regener\u00e1lja \u00e9s kisim\u00edtja a b\u0151rt, helyre\u00e1ll\u00edtja annak egyens\u00faly\u00e1t \u00e9s megakad\u00e1lyozza a stri\u00e1k kialakul\u00e1s\u00e1t."},{"_v2024__image_ingredients__ingredient_image":1000006727,"_v2024__image_ingredients__ingredient_title":"R\u00d3ZSAOLAJ","_v2024__image_ingredients__ingredient_description":"Vil\u00e1gos\u00edtja \u00e9s kiegyenl\u00edti a b\u0151rt\u00f3nust, elt\u00fcnteti a hegeket. Sim\u00e1v\u00e1 \u00e9s hib\u00e1tlann\u00e1 var\u00e1zsolja."},{"_v2024__image_ingredients__ingredient_image":1000006719,"_v2024__image_ingredients__ingredient_title":"K\u00d6R\u00d6MVIR\u00c1G KIVONAT","_v2024__image_ingredients__ingredient_description":"Nyugtatja \u00e9s regener\u00e1lja a b\u0151rt, kev\u00e9sb\u00e9 l\u00e1that\u00f3v\u00e1 teszi a megl\u00e9v\u0151 stri\u00e1kat \u00e9s hegeket."},{"_v2024__image_ingredients__ingredient_image":1000006708,"_v2024__image_ingredients__ingredient_title":"AVOK\u00c1D\u00d3 OLAJ","_v2024__image_ingredients__ingredient_description":"Esszenci\u00e1lis zs\u00edrsavakban \u00e9s vitaminokban gazdag, m\u00e9lyen hidrat\u00e1lja a b\u0151rt \u00e9s seg\u00edt megel\u0151zni a stri\u00e1k megjelen\u00e9s\u00e9t."},{"_v2024__image_ingredients__ingredient_image":1000006712,"_v2024__image_ingredients__ingredient_title":"K\u00d3KUSZOLAJ","_v2024__image_ingredients__ingredient_description":"K\u00f6nnyen felsz\u00edv\u00f3dik, m\u00e9lyen hidrat\u00e1l, amit\u0151l a b\u0151r puh\u00e1v\u00e1 \u00e9s l\u00e1ggy\u00e1 v\u00e1lik."},{"_v2024__image_ingredients__ingredient_image":1000006711,"_v2024__image_ingredients__ingredient_title":"KAKA\u00d3VAJ","_v2024__image_ingredients__ingredient_description":"Csod\u00e1latos \"\u00e9tel\" a b\u0151rnek. Regener\u00e1lja \u00e9s megakad\u00e1lyozza a stri\u00e1k \u00e9s a finom r\u00e1ncok megjelen\u00e9s\u00e9t."},{"_v2024__image_ingredients__ingredient_image":1000006706,"_v2024__image_ingredients__ingredient_title":"\u00c9DES MANDULAOLAJ","_v2024__image_ingredients__ingredient_description":"Nyugtatja \u00e9s jav\u00edtja a b\u0151r text\u00far\u00e1j\u00e1t \u00e9s t\u00f3nus\u00e1t. Cs\u00f6kkenti a b\u0151rp\u00edrt \u00e9s a gyullad\u00e1st"},{"_v2024__image_ingredients__ingredient_image":1000006724,"_v2024__image_ingredients__ingredient_title":"OLIVAOLAJ","_v2024__image_ingredients__ingredient_description":"M\u00e9lyen hidrat\u00e1lja a b\u0151rt, nyugtatja \u00e9s t\u00e1pl\u00e1lja az irrit\u00e1lt b\u0151rt."},{"_v2024__image_ingredients__ingredient_image":1000006705,"_v2024__image_ingredients__ingredient_title":"AKT\u00cdV \u00d6SSZETEV\u0150","_v2024__image_ingredients__ingredient_description":"A kit\u0171n\u0151 min\u0151s\u00e9g\u0171 ol\u00edvaolaj kivonat biztos\u00edtja az olajok gyors felsz\u00edv\u00f3d\u00e1s\u00e1t."},{"_v2024__image_ingredients__ingredient_image":1000006730,"_v2024__image_ingredients__ingredient_title":"TERM\u00c9SZETES E-VITAMIN","_v2024__image_ingredients__ingredient_description":"Hat\u00e1sos antioxid\u00e1ns, amely felveszi a harcot az \u00f6reged\u00e9ssel \u00e9s t\u00e1mogatja a b\u0151r term\u00e9szetes \u00f6ngy\u00f3gy\u00edt\u00f3 folyamat\u00e1t."}],"_v2024__image_ingredients__all_ingredients":"COCOS NUCIFERA OIL*, HELIANTHUS ANNUUS SEED OIL*, CALENDULA OFFICINALIS FLOWER EXTRACT*, SIMMONDSIA CHINENSIS SEED OIL*, PRUNUS AMYGDALUS DULCIS OIL*, THEOBROMA CACAO SEED BUTTER*, CUCUMIS SATIVUS SEED OIL*, ARGANIA SPINOSA KERNEL OIL*, OCTYLDODECYL OLIVATE, CAPRYLIC\/ CAPRIC TRIGLYCERIDE, TOCOPHEROL, MENTHA VIRIDIS LEAF OIL*, LIMONENE <strong>(COCONUT OIL*, SUNFLOWER SEED OIL*, CALENDULA FLOWER EXTRACT*, JOJOBA OIL*, SWEET ALMOND OIL*, CACAO SEED BUTTER*, CUCUMBER OIL*, ARGAN OIL*, OCTYLDODECYL OLIVATE FROM OLIVE OIL, CAPRYLIC CAPRIC TRIGLYCERIDE, NATURAL VITAMIN \u0415, SPEARMINT ESSENTIAL OIL*, LIMONENE)<\/strong>\r\n\r\n<em>* Bio tan\u00fas\u00edtott \u00f6sszetev\u0151k<\/em>\r\n\r\n<em>Felh\u00edvjuk figyelm\u00e9t, hogy az \u00f6sszetev\u0151k list\u00e1ja a term\u00e9kfejleszt\u00e9sek miatt id\u0151vel kiss\u00e9 v\u00e1ltozhat. Tekintse meg a term\u00e9k csomagol\u00e1s\u00e1t a legfrissebb inform\u00e1ci\u00f3val kapcsolatban.<\/em>","_v2024__usage_content__left_content":"Reggel \u00e9s este massz\u00edroz\u00f3 mozdulatokkal vidd fel a k\u00edv\u00e1nt ter\u00fcletre vagy az eg\u00e9sz testre.\r\n\r\nAz optim\u00e1lis hat\u00e1s el\u00e9r\u00e9se \u00e9rdek\u00e9ben azonnal zuhanyoz\u00e1s ut\u00e1n vidd fel, amikor a p\u00f3rusok kiny\u00edltak \u00e9s k\u00e9szen \u00e1llnak a tiszta nyersolajok \u00f6sszetev\u0151inek maxim\u00e1lis mennyis\u00e9g\u00e9nek felsz\u00edv\u00e1s\u00e1ra.","_v2024__usage_content__right_bottom_content":"","_v2024__usage_content__note":"* <em>*Terhess\u00e9g alatt \u2013 fontos tudni: A term\u00e9k teljesen term\u00e9szetes \u00f6sszetev\u0151i ellen\u00e9re javasoljuk, hogy haszn\u00e1lat el\u0151tt 24 \u00f3r\u00e1val v\u00e9gezzenek egy\u00e9ni b\u0151rkompatibilit\u00e1si tesztet a test kis fel\u00fclet\u00e9n.<\/em>","_v2024__usage_content__storage":"T\u00e1rolja sz\u00e1raz \u00e9s h\u0171v\u00f6s helyen. Ne t\u00e1rolja h\u0171t\u0151szekr\u00e9nyben. A term\u00e9k hidegen t\u00e1rolva megkem\u00e9nyedik, \u00e9s a kiszerel\u00e9s tartalma nem ker\u00fcl ki a pump\u00e1n kereszt\u00fcl. Ahhoz, hogy foly\u00e9kony legyen hagyja szobah\u0151m\u00e9rs\u00e9kleten 25 \u00b0 C felett. K\u00e9rj\u00fck, ne nyissa fel az kiszerel\u00e9st, amikor a term\u00e9k megszil\u00e1rdult, mert ez k\u00e1ros\u00edthatja a pump\u00e1t.\r\n\r\n&nbsp;\r\n\r\nCsak k\u00fcls\u0151leg. Hagyja abba a haszn\u00e1lat\u00e1t, ha irrit\u00e1ci\u00f3 l\u00e9p fel. Ne haszn\u00e1lja s\u00e9r\u00fclt vagy irrit\u00e1lt b\u0151r\u00f6n. Ker\u00fclje a szembe jut\u00e1st. Gyerekekt\u0151l t\u00e1vol tartand\u00f3!"},"_links":{"self":[{"href":"https:\/\/cocosolis.com\/hu\/wp-json\/wp\/v2\/product\/385","targetHints":{"allow":["GET"]}}],"collection":[{"href":"https:\/\/cocosolis.com\/hu\/wp-json\/wp\/v2\/product"}],"about":[{"href":"https:\/\/cocosolis.com\/hu\/wp-json\/wp\/v2\/types\/product"}],"wp:featuredmedia":[{"embeddable":true,"href":"https:\/\/cocosolis.com\/hu\/wp-json\/"}],"wp:attachment":[{"href":"https:\/\/cocosolis.com\/hu\/wp-json\/wp\/v2\/media?parent=385"}],"wp:term":[{"taxonomy":"product_brand","embeddable":true,"href":"https:\/\/cocosolis.com\/hu\/wp-json\/wp\/v2\/product_brand?post=385"},{"taxonomy":"product_cat","embeddable":true,"href":"https:\/\/cocosolis.com\/hu\/wp-json\/wp\/v2\/product_cat?post=385"},{"taxonomy":"product_tag","embeddable":true,"href":"https:\/\/cocosolis.com\/hu\/wp-json\/wp\/v2\/product_tag?post=385"},{"taxonomy":"product_template","embeddable":true,"href":"https:\/\/cocosolis.com\/hu\/wp-json\/wp\/v2\/product_template?post=385"}],"curies":[{"name":"wp","href":"https:\/\/api.w.org\/{rel}","templated":true}]}}