{"id":378,"date":"2022-05-06T10:01:23","date_gmt":"2022-05-06T10:01:23","guid":{"rendered":"http:\/\/cocosolis.com\/en\/?post_type=product&#038;p=378"},"modified":"2026-04-06T15:26:56","modified_gmt":"2026-04-06T13:26:56","slug":"cool-after-sun-oil","status":"publish","type":"product","link":"https:\/\/cocosolis.com\/hu\/product\/cool-after-sun-oil\/","title":{"rendered":"COOL After Sun Oil"},"content":{"rendered":"","protected":false},"excerpt":{"rendered":"","protected":false},"featured_media":1000004556,"template":"","meta":{"_acf_changed":false},"product_brand":[],"product_cat":[15],"product_tag":[],"product_template":[67],"class_list":{"0":"post-378","1":"product","2":"type-product","3":"status-publish","4":"has-post-thumbnail","6":"product_cat-suntan-body","7":"product_template-v-2024-clean","9":"first","10":"instock","11":"shipping-taxable","12":"purchasable","13":"product-type-variable","14":"has-default-attributes"},"acf":{"_v2024__listing_and_sharing_info__listing_category":"COOL","_v2024__listing_and_sharing_info__product_type":"After Sun Oil","_v2024__listing__and_sharing_info__listing_below_title_in_product_page":"Napoz\u00e1s ut\u00e1ni olaj. Revitaliz\u00e1l \u00e9s nyugtat. Friss\u00edt\u0151 ment\u00e1val.","_v2024__listing_and_sharing_info__listing_description":"Napoz\u00e1s ut\u00e1ni olaj. Revitaliz\u00e1l \u00e9s nyugtat. Friss\u00edt\u0151 ment\u00e1val.","_v2024__listing_and_sharing_info__image":1000000378,"_v2024__product_hero__hero_type":"carousel","_v2024__product_hero__product_slider_gallery":[{"_v2024__product_hero__product_slider_gallery__image":1000006581,"_v2024__product_hero__product_slider_gallery__video_link":""},{"_v2024__product_hero__product_slider_gallery__image":1000006582,"_v2024__product_hero__product_slider_gallery__video_link":""},{"_v2024__product_hero__product_slider_gallery__image":1000006583,"_v2024__product_hero__product_slider_gallery__video_link":""},{"_v2024__product_hero__product_slider_gallery__image":1000006584,"_v2024__product_hero__product_slider_gallery__video_link":""},{"_v2024__product_hero__product_slider_gallery__image":1000006585,"_v2024__product_hero__product_slider_gallery__video_link":""},{"_v2024__product_hero__product_slider_gallery__image":1000006586,"_v2024__product_hero__product_slider_gallery__video_link":""},{"_v2024__product_hero__product_slider_gallery__image":1000006587,"_v2024__product_hero__product_slider_gallery__video_link":""},{"_v2024__product_hero__product_slider_gallery__image":1000006588,"_v2024__product_hero__product_slider_gallery__video_link":"https:\/\/player.vimeo.com\/progressive_redirect\/playback\/1040390492\/rendition\/720p\/file.mp4?loc=external&amp;log_user=0&amp;signature=0f42e81c06d95987b1c9e3bdcba84d571579cbd174ca8cf161166ad5f2402e2a&amp;user_id=110095091"}],"_v2024__before_and_after_image":1000006527,"_v2024__before_and_after_image_mobile":1000006528,"_v2024__product_hero__quantity":"","_v2024__product_hero__product_disclamer":"","_v2024__why_use__should_show":"visible","_v2024__why_use__description_text":"Nyugtatja a b\u0151rt napoz\u00e1s vagy szol\u00e1riumoz\u00e1s ut\u00e1n. M\u00e9lyen hidrat\u00e1l, helyre\u00e1ll\u00edt \u00e9s t\u00e1pl\u00e1l.","_v2024__why_use__text_content":"<ul>\r\n \t<li>Naponta haszn\u00e1lva puh\u00e1bb\u00e1, sim\u00e1bb\u00e1 \u00e9s rugalmasabb\u00e1 var\u00e1zsolja a b\u0151rt<\/li>\r\n \t<li>Teljesen term\u00e9szetes formula bio \u00f6sszetev\u0151kkel, veg\u00e1n<\/li>\r\n \t<li>Alkalmas arcra \u00e9s testre, \u00e9rz\u00e9keny b\u0151rre<\/li>\r\n \t<li>Finom menta illattal<\/li>\r\n<\/ul>","_v2024__why_use__product_notes_and_remarks":"","_v2024__why_use__background_color":"#FBF1EB","_v2024__why_use__heading_color":"#816c65","_v2024__why_use__text_color":"#816c65","_v2024__why_use__image_desktop":1000006686,"_v2024__why_use__image_mobile":1000006687,"_v2024__stats_show":false,"_v2024__stats_repeater":null,"_v2024__stats_repeater_disclaimer":null,"_v2024__benefits__icons_repeater":[{"_v2024__benefit__icons_repeater_icon":1000006736,"_v2024__benefit__icons_repeater_text":"NAPOZ\u00c1S UT\u00c1N FRISS\u00cdT \u00c9S NYUGTAT"},{"_v2024__benefit__icons_repeater_icon":1000006740,"_v2024__benefit__icons_repeater_text":"T\u00c1PL\u00c1L \u00c9S NEDVES\u00cdT"},{"_v2024__benefit__icons_repeater_icon":1000006746,"_v2024__benefit__icons_repeater_text":"BIO \u00c9S TERM\u00c9SZETES \u00d6SSZETEV\u0150K"},{"_v2024__benefit__icons_repeater_icon":1000006743,"_v2024__benefit__icons_repeater_text":"\u00cdZLETES MENTA ILLATTAL"}],"_v2024__image_ingreddients__intro_text":"Teljesen term\u00e9szetes term\u00e9k, vitaminok, \u00e1sv\u00e1nyi anyagok, biol\u00f3giailag akt\u00edv anyagok \u00e9s antioxid\u00e1nsok term\u00e9szetes sz\u00e1ll\u00edt\u00f3ja. Nyugtat\u00f3 \u00e9s friss\u00edt\u0151 hat\u00e1sukr\u00f3l ismert 9 szerves olaj kombin\u00e1ci\u00f3ja. Term\u00e9szetes E-vitaminnal d\u00fas\u00edtott.","_v2024__image_ingreddients__additional_description":"","_v2024__image_ingreddients__disclamer_inner":"","_v2024__image_ingredients__repeater":[{"_v2024__image_ingredients__ingredient_image":1000006721,"_v2024__image_ingredients__ingredient_title":"MENTA ILL\u00d3OLAJ","_v2024__image_ingredients__ingredient_description":"Nyugtatja \u00e9s friss\u00edti a b\u0151rt, cs\u00f6kkenti a gyullad\u00e1st. Friss illattal \u00e9l\u00e9nk\u00edti az \u00e9rz\u00e9keket."},{"_v2024__image_ingredients__ingredient_image":1000006711,"_v2024__image_ingredients__ingredient_title":"KAKA\u00d3VAJ","_v2024__image_ingredients__ingredient_description":"Csod\u00e1latos \"\u00e9tel\" a b\u0151rnek. Regener\u00e1lja \u00e9s megakad\u00e1lyozza a stri\u00e1k megjelen\u00e9s\u00e9t. El\u0151seg\u00edti az egyenletes, m\u00e9ly \u00e9s telt barnul\u00e1s kialakul\u00e1s\u00e1t."},{"_v2024__image_ingredients__ingredient_image":1000006719,"_v2024__image_ingredients__ingredient_title":"K\u00d6R\u00d6MVIR\u00c1G KIVONAT","_v2024__image_ingredients__ingredient_description":"A napoz\u00e1s ut\u00e1n er\u0151s nyugtat\u00f3 \u00e9s helyre\u00e1ll\u00edt\u00f3 hat\u00e1sa van a b\u0151rre."},{"_v2024__image_ingredients__ingredient_image":1000006714,"_v2024__image_ingredients__ingredient_title":"UBORKAMAG OLAJ","_v2024__image_ingredients__ingredient_description":"Intenz\u00edv hidrat\u00e1l\u00e1s: friss\u00edt, gyorsan besz\u00edv\u00f3dik \u00e9s revitaliz\u00e1l. Nyugtatja a le\u00e9gett b\u0151rt."},{"_v2024__image_ingredients__ingredient_image":1000006707,"_v2024__image_ingredients__ingredient_title":"ARG\u00c1N OLAJ","_v2024__image_ingredients__ingredient_description":"\"Marokk\u00f3 foly\u00e9kony aranya\" a selymesen sima b\u0151r\u00e9rt. V\u00e9delmet ny\u00fajt a nap \u00e9s a sz\u00e9l k\u00e1ros hat\u00e1sai ellen."},{"_v2024__image_ingredients__ingredient_image":1000006705,"_v2024__image_ingredients__ingredient_title":"AKT\u00cdV \u00d6SSZETEV\u0150","_v2024__image_ingredients__ingredient_description":"A kit\u0171n\u0151 min\u0151s\u00e9g\u0171 ol\u00edvaolaj kivonat biztos\u00edtja az olajok gyors felsz\u00edv\u00f3d\u00e1s\u00e1t."},{"_v2024__image_ingredients__ingredient_image":1000006712,"_v2024__image_ingredients__ingredient_title":"K\u00d3KUSZOLAJ","_v2024__image_ingredients__ingredient_description":"K\u00f6nnyen felsz\u00edv\u00f3dik, m\u00e9lyen hidrat\u00e1l, amit\u0151l a b\u0151r puh\u00e1v\u00e1 \u00e9s l\u00e1ggy\u00e1 v\u00e1lik. V\u00e9d a nappal \u00e9s a barna elv\u00e1ltoz\u00e1sokkal szemben, \u00e9s barn\u00edtja a b\u0151rt."},{"_v2024__image_ingredients__ingredient_image":1000006717,"_v2024__image_ingredients__ingredient_title":"JOJOBA OLAJ","_v2024__image_ingredients__ingredient_description":"Kiegyens\u00falyozza a faggy\u00fatermel\u00e9st, nyugtatja a b\u0151rt, sim\u00e1v\u00e1 \u00e9s tiszt\u00e1n tartva, pattan\u00e1sok n\u00e9lk\u00fcl."},{"_v2024__image_ingredients__ingredient_image":1000006730,"_v2024__image_ingredients__ingredient_title":"TERM\u00c9SZETES E-VITAMIN","_v2024__image_ingredients__ingredient_description":"Hat\u00e1sos antioxid\u00e1ns, amely felveszi a harcot az \u00f6reged\u00e9ssel \u00e9s t\u00e1mogatja a b\u0151r term\u00e9szetes \u00f6ngy\u00f3gy\u00edt\u00f3 folyamat\u00e1t."}],"_v2024__image_ingredients__all_ingredients":"COCOS NUCIFERA OIL*, HELIANTHUS ANNUUS SEED OIL*, CALENDULA OFFICINALIS FLOWER EXTRACT*, SIMMONDSIA CHINENSIS SEED OIL*, PRUNUS AMYGDALUS DULCIS OIL*, THEOBROMA CACAO SEED BUTTER*, CUCUMIS SATIVUS SEED OIL*, ARGANIA SPINOSA KERNEL OIL*, OCTYLDODECYL OLIVATE, CAPRYLIC\/ CAPRIC TRIGLYCERIDE, TOCOPHEROL, MENTHA VIRIDIS LEAF OIL*, LIMONENE <strong>(COCONUT OIL*, SUNFLOWER SEED OIL*, CALENDULA FLOWER EXTRACT*, JOJOBA OIL*, SWEET ALMOND OIL*, CACAO SEED BUTTER*, CUCUMBER OIL*, ARGAN OIL*, OCTYLDODECYL OLIVATE FROM OLIVE OIL, CAPRYLIC CAPRIC TRIGLYCERIDE, NATURAL VITAMIN \u0415, SPEARMINT ESSENTIAL OIL*, LIMONENE)<\/strong>\r\n\r\n<em>* Bio tan\u00fas\u00edtott \u00f6sszetev\u0151k<\/em>\r\n\r\n<em>Felh\u00edvjuk figyelm\u00e9t, hogy az \u00f6sszetev\u0151k list\u00e1ja a term\u00e9kfejleszt\u00e9sek miatt id\u0151vel kiss\u00e9 v\u00e1ltozhat. Tekintse meg a term\u00e9k csomagol\u00e1s\u00e1t a legfrissebb inform\u00e1ci\u00f3val kapcsolatban.<\/em>","_v2024__usage_content__left_content":"<h4>NAPOZ\u00c1S \u00c9S SZOL\u00c1RIUMOZ\u00c1S UT\u00c1N<\/h4>\r\nAz optim\u00e1lis hat\u00e1s \u00e9rdek\u00e9ben zuhanyoz\u00e1s ut\u00e1n azonnal vigye fel nedves vagy sz\u00e1raz b\u0151rre, amikor a p\u00f3rusok megny\u00edltak \u00e9s maxim\u00e1lisan felsz\u00edvj\u00e1k a tiszta olajok \u00f6sszetev\u0151it.\r\n<h4>MINDEN NAPRA<\/h4>\r\nHaszn\u00e1lja naponta zuhanyoz\u00e1s ut\u00e1n a sima \u00e9s rugalmas b\u0151r\u00e9rt.\r\n<h4>MASSZ\u00c1ZSRA<\/h4>\r\nCsod\u00e1latos, mint egy massz\u00e1zsolaj.","_v2024__usage_content__right_bottom_content":"","_v2024__usage_content__note":"<strong>K\u00c9RJ\u00dcK, VEGYE FIGYELEMBE<\/strong>: hogy az \u00f6sszetev\u0151k list\u00e1ja a term\u00e9kfejleszt\u00e9sek miatt id\u0151vel kiss\u00e9 v\u00e1ltozhat. Tekintse meg a term\u00e9k csomagol\u00e1s\u00e1t a legfrissebb inform\u00e1ci\u00f3val kapcsolatban.","_v2024__usage_content__storage":"T\u00e1rolja sz\u00e1raz \u00e9s h\u0171v\u00f6s helyen. Ne t\u00e1rolja h\u0171t\u0151szekr\u00e9nyben. A term\u00e9k hidegen t\u00e1rolva megkem\u00e9nyedik, \u00e9s a kiszerel\u00e9s tartalma nem ker\u00fcl ki a pump\u00e1n kereszt\u00fcl. Ahhoz, hogy foly\u00e9kony legyen hagyja szobah\u0151m\u00e9rs\u00e9kleten 25 \u00b0 C felett. K\u00e9rj\u00fck, ne nyissa fel az kiszerel\u00e9st, amikor a term\u00e9k megszil\u00e1rdult, mert ez k\u00e1ros\u00edthatja a pump\u00e1t.\r\n\r\n&nbsp;\r\n\r\nCsak k\u00fcls\u0151leg. Hagyja abba a haszn\u00e1lat\u00e1t, ha irrit\u00e1ci\u00f3 l\u00e9p fel. Ne haszn\u00e1lja s\u00e9r\u00fclt vagy irrit\u00e1lt b\u0151r\u00f6n. Ker\u00fclje a szembe jut\u00e1st. Gyerekekt\u0151l t\u00e1vol tartand\u00f3!"},"_links":{"self":[{"href":"https:\/\/cocosolis.com\/hu\/wp-json\/wp\/v2\/product\/378","targetHints":{"allow":["GET"]}}],"collection":[{"href":"https:\/\/cocosolis.com\/hu\/wp-json\/wp\/v2\/product"}],"about":[{"href":"https:\/\/cocosolis.com\/hu\/wp-json\/wp\/v2\/types\/product"}],"wp:featuredmedia":[{"embeddable":true,"href":"https:\/\/cocosolis.com\/hu\/wp-json\/"}],"wp:attachment":[{"href":"https:\/\/cocosolis.com\/hu\/wp-json\/wp\/v2\/media?parent=378"}],"wp:term":[{"taxonomy":"product_brand","embeddable":true,"href":"https:\/\/cocosolis.com\/hu\/wp-json\/wp\/v2\/product_brand?post=378"},{"taxonomy":"product_cat","embeddable":true,"href":"https:\/\/cocosolis.com\/hu\/wp-json\/wp\/v2\/product_cat?post=378"},{"taxonomy":"product_tag","embeddable":true,"href":"https:\/\/cocosolis.com\/hu\/wp-json\/wp\/v2\/product_tag?post=378"},{"taxonomy":"product_template","embeddable":true,"href":"https:\/\/cocosolis.com\/hu\/wp-json\/wp\/v2\/product_template?post=378"}],"curies":[{"name":"wp","href":"https:\/\/api.w.org\/{rel}","templated":true}]}}