{"id":360,"date":"2022-05-06T08:41:35","date_gmt":"2022-05-06T08:41:35","guid":{"rendered":"http:\/\/cocosolis.com\/en\/?post_type=product&#038;p=360"},"modified":"2026-04-06T15:26:46","modified_gmt":"2026-04-06T13:26:46","slug":"mango-suntan-body-oil","status":"publish","type":"product","link":"https:\/\/cocosolis.com\/hu\/product\/mango-suntan-body-oil\/","title":{"rendered":"MANGO Suntan &amp; Body Oil"},"content":{"rendered":"","protected":false},"excerpt":{"rendered":"","protected":false},"featured_media":1000004563,"template":"","meta":{"_acf_changed":false},"product_brand":[],"product_cat":[15],"product_tag":[],"product_template":[67],"class_list":{"0":"post-360","1":"product","2":"type-product","3":"status-publish","4":"has-post-thumbnail","6":"product_cat-suntan-body","7":"product_template-v-2024-clean","9":"first","10":"instock","11":"shipping-taxable","12":"purchasable","13":"product-type-simple"},"acf":{"_v2024__listing_and_sharing_info__listing_category":"MANGO","_v2024__listing_and_sharing_info__product_type":"Suntan &amp; Body Oil","_v2024__listing__and_sharing_info__listing_below_title_in_product_page":"Term\u00e9szetes olaj, amely gyors, sima \u00e9s intenz\u00edv barnul\u00e1st tesz lehet\u0151v\u00e9 a strandon \u00e9s a szol\u00e1riumban. Minden nap hidrat\u00e1lja, feszess\u00e9 teszi \u00e9s t\u00e1pl\u00e1lja a b\u0151rt. Tr\u00f3pusi mang\u00f3 illat.","_v2024__listing_and_sharing_info__listing_description":"A gyors, telt barnul\u00e1s\u00e9rt \u00e9s ragyog\u00f3 b\u0151r\u00e9rt. Tr\u00f3pusi mang\u00f3 illat.","_v2024__listing_and_sharing_info__image":1000000382,"_v2024__product_hero__hero_type":"carousel","_v2024__product_hero__product_slider_gallery":[{"_v2024__product_hero__product_slider_gallery__image":1000006610,"_v2024__product_hero__product_slider_gallery__video_link":""},{"_v2024__product_hero__product_slider_gallery__image":1000006612,"_v2024__product_hero__product_slider_gallery__video_link":""},{"_v2024__product_hero__product_slider_gallery__image":1000006615,"_v2024__product_hero__product_slider_gallery__video_link":""},{"_v2024__product_hero__product_slider_gallery__image":1000006616,"_v2024__product_hero__product_slider_gallery__video_link":""},{"_v2024__product_hero__product_slider_gallery__image":1000006618,"_v2024__product_hero__product_slider_gallery__video_link":""},{"_v2024__product_hero__product_slider_gallery__image":1000006621,"_v2024__product_hero__product_slider_gallery__video_link":""},{"_v2024__product_hero__product_slider_gallery__image":1000006623,"_v2024__product_hero__product_slider_gallery__video_link":"https:\/\/player.vimeo.com\/progressive_redirect\/playback\/1042662099\/rendition\/720p\/file.mp4?loc=external&amp;log_user=0&amp;signature=a23ece3c486c59a80eab309464a2bd8b43595d6c92b3750fa4d2bc6eb828e175&amp;user_id=110095091"}],"_v2024__before_and_after_image":1000006533,"_v2024__before_and_after_image_mobile":1000006534,"_v2024__product_hero__quantity":"110 ML","_v2024__product_hero__product_disclamer":"","_v2024__why_use__should_show":"visible","_v2024__why_use__description_text":"Term\u00e9szetes olaj, amely gyors, sima \u00e9s intenz\u00edv barnul\u00e1st tesz lehet\u0151v\u00e9 a strandon \u00e9s a szol\u00e1riumban.","_v2024__why_use__text_content":"<ul>\r\n \t<li>Gyors \u00e9s l\u00e1that\u00f3 eredm\u00e9nyek kevesebb napoz\u00e1ssal<\/li>\r\n \t<li>M\u0171k\u00f6d\u0151 formula term\u00e9szetes \u00e9s bio \u00f6sszetev\u0151kkel, veg\u00e1n<\/li>\r\n \t<li>Napi haszn\u00e1latra alkalmas<\/li>\r\n \t<li>Alkalmas arcra \u00e9s testre, \u00e9rz\u00e9keny b\u0151rre<\/li>\r\n \t<li>Leny\u0171g\u00f6z\u0151en \u00e9des tr\u00f3pusi mang\u00f3 illattal<\/li>\r\n<\/ul>","_v2024__why_use__product_notes_and_remarks":"*Az olaj nem tartalmaz f\u00e9nyv\u00e9d\u0151 UV-sz\u0171r\u0151t.","_v2024__why_use__background_color":"#FBF1EB","_v2024__why_use__heading_color":"#816c65","_v2024__why_use__text_color":"#816c65","_v2024__why_use__image_desktop":1000006692,"_v2024__why_use__image_mobile":1000006693,"_v2024__stats_show":false,"_v2024__stats_repeater":null,"_v2024__stats_repeater_disclaimer":null,"_v2024__benefits__icons_repeater":[{"_v2024__benefit__icons_repeater_icon":1000006739,"_v2024__benefit__icons_repeater_text":"GYORS, TELT \u00c9S HOSSZAN TART\u00d3 BARNUL\u00c1S"},{"_v2024__benefit__icons_repeater_icon":1000006752,"_v2024__benefit__icons_repeater_text":"L\u00c1THAT\u00d3 EREDM\u00c9NYEK KEVESEBB NAPOZ\u00c1SSAL"},{"_v2024__benefit__icons_repeater_icon":1000006746,"_v2024__benefit__icons_repeater_text":"BIO \u00c9S TERM\u00c9SZETES \u00d6SSZETEV\u0150K"},{"_v2024__benefit__icons_repeater_icon":1000006741,"_v2024__benefit__icons_repeater_text":"TR\u00d3PUSI MANG\u00d3 ILLAT"}],"_v2024__image_ingreddients__intro_text":"A bio olajok \u00e9s a term\u00e9szetes E-vitamin kombin\u00e1ci\u00f3ja rengeteg hasznos anyaggal l\u00e1tja el a b\u0151rt, \u00e9s garant\u00e1lja a maxim\u00e1lis eredm\u00e9nyt a strandon \u00e9s a szol\u00e1riumban.","_v2024__image_ingreddients__additional_description":"","_v2024__image_ingreddients__disclamer_inner":"","_v2024__image_ingredients__repeater":[{"_v2024__image_ingredients__ingredient_image":1000006718,"_v2024__image_ingredients__ingredient_title":"MANG\u00d3 OLAJ","_v2024__image_ingredients__ingredient_description":"Helyre\u00e1ll\u00edtja \u00e9s fenntartja a b\u0151r nedvess\u00e9gszintj\u00e9t, fokozza a sejtregener\u00e1ci\u00f3t. N\u00f6veli a rugalmass\u00e1got, fiatal\u00edt, \u00e9l\u00e9nk\u00edt, ragyog\u00f3v\u00e1 teszi."},{"_v2024__image_ingredients__ingredient_image":1000006712,"_v2024__image_ingredients__ingredient_title":"K\u00d3KUSZOLAJ","_v2024__image_ingredients__ingredient_description":"K\u00f6nnyen felsz\u00edv\u00f3dik, m\u00e9lyen hidrat\u00e1l, amit\u0151l a b\u0151r puh\u00e1v\u00e1 \u00e9s l\u00e1ggy\u00e1 v\u00e1lik. V\u00e9d a nappal \u00e9s a barna elv\u00e1ltoz\u00e1sokkal szemben, \u00e9s barn\u00edtja a b\u0151rt."},{"_v2024__image_ingredients__ingredient_image":1000006711,"_v2024__image_ingredients__ingredient_title":"KAKA\u00d3VAJ","_v2024__image_ingredients__ingredient_description":"Csod\u00e1latos \"\u00e9tel\" a b\u0151rnek. Regener\u00e1lja \u00e9s megakad\u00e1lyozza a stri\u00e1k megjelen\u00e9s\u00e9t. El\u0151seg\u00edti az egyenletes, m\u00e9ly \u00e9s telt barnul\u00e1s kialakul\u00e1s\u00e1t."},{"_v2024__image_ingredients__ingredient_image":1000006717,"_v2024__image_ingredients__ingredient_title":"JOJOBA OLAJ","_v2024__image_ingredients__ingredient_description":"Kiegyens\u00falyozza a faggy\u00fatermel\u00e9st, nyugtatja a b\u0151rt, sim\u00e1v\u00e1 \u00e9s tiszt\u00e1n tartva, pattan\u00e1sok n\u00e9lk\u00fcl."},{"_v2024__image_ingredients__ingredient_image":1000006706,"_v2024__image_ingredients__ingredient_title":"\u00c9DES MANDULAOLAJ","_v2024__image_ingredients__ingredient_description":"Nyugtatja \u00e9s jav\u00edtja a b\u0151r text\u00far\u00e1j\u00e1t \u00e9s t\u00f3nus\u00e1t. Cs\u00f6kkenti a b\u0151rp\u00edrt \u00e9s a gyullad\u00e1st"},{"_v2024__image_ingredients__ingredient_image":1000006730,"_v2024__image_ingredients__ingredient_title":"TERM\u00c9SZETES E-VITAMIN","_v2024__image_ingredients__ingredient_description":"Hat\u00e1sos antioxid\u00e1ns, amely felveszi a harcot az \u00f6reged\u00e9ssel \u00e9s t\u00e1mogatja a b\u0151r term\u00e9szetes \u00f6ngy\u00f3gy\u00edt\u00f3 folyamat\u00e1t."}],"_v2024__image_ingredients__all_ingredients":"COCOS NUCIFERA OIL*,COCONUT ALKANES, SIMMONDSIA CHINENSIS SEED OIL*, PRUNUS AMYGDALUS DULCIS OIL*, THEOBROMA CACAO SEED BUTTER*, MANGIFERA INDICA SEED BUTTER*, TOCOPHEROL, HELIANTHUS ANNUUS SEED OIL, PARFUM, HEXYL CINNAMAL, LIMONENE <strong>(COCONUT OIL*, EMOLLIENT FROM COCONUT OIL, JOJOBA OIL*, SWEET ALMOND OIL*, CACAO BUTTER*, MANGO BUTTER*, NATURAL VITAMIN E, SUNFLOWER SEED OIL, MANGO PARFUM, HEXYL CINNAMAL, LIMONENE) <\/strong>\r\n\r\n<em>* Bio tan\u00fas\u00edtott \u00f6sszetev\u0151k<\/em>\r\n\r\n<em>Felh\u00edvjuk figyelm\u00e9t, hogy az \u00f6sszetev\u0151k list\u00e1ja a term\u00e9kfejleszt\u00e9sek miatt id\u0151vel kiss\u00e9 v\u00e1ltozhat. Tekintse meg a term\u00e9k csomagol\u00e1s\u00e1t a legfrissebb inform\u00e1ci\u00f3val kapcsolatban.<\/em>","_v2024__usage_content__left_content":"<h4>NAPOZ\u00c1SHOZ \u00c9S SZOL\u00c1RIUMBAN VAL\u00d3 BARNUL\u00c1SHOZ<\/h4>\r\nHa napf\u00e9nynek van kit\u00e9ve, napv\u00e9d\u0151 term\u00e9kkel kombin\u00e1lva javasoljuk a haszn\u00e1lat\u00e1t:\r\n<ol>\r\n \t<li>Vigyen fel f\u00e9nyv\u00e9d\u0151t, \u00e9s v\u00e1rjon 15 percet, am\u00edg besz\u00edv\u00f3dik.<\/li>\r\n \t<li>Vigye fel a barnul\u00e1st el\u0151seg\u00edt\u0151 olajat.<\/li>\r\n \t<li>Ism\u00e9telje meg 2 \u00f3r\u00e1nk\u00e9nt \u00e9s a v\u00edzb\u0151l val\u00f3 kisz\u00e1ll\u00e1s ut\u00e1n.<\/li>\r\n<\/ol>\r\n<h4>MINDEN NAPRA<\/h4>\r\nHaszn\u00e1lja azonnal zuhanyoz\u00e1s ut\u00e1n nedves vagy sz\u00e1raz b\u0151rre, amikor a p\u00f3rusok kiny\u00edltak \u00e9s a hat\u00f3anyagok maxim\u00e1lis mennyis\u00e9g\u00e9t felsz\u00edvj\u00e1k.\r\n<h4>MASSZ\u00c1ZSRA<\/h4>\r\nKiv\u00e1l\u00f3 massz\u00e1zsolaj","_v2024__usage_content__right_bottom_content":"","_v2024__usage_content__note":"<strong>K\u00c9RJ\u00dcK, VEGYE FIGYELEMBE<\/strong>: Az olaj nem tartalmaz f\u00e9nyv\u00e9d\u0151 UV-sz\u0171r\u0151t. Ha k\u00f6zvetlen napsug\u00e1rz\u00e1snak van kit\u00e9ve, javasoljuk f\u00e9nyv\u00e9d\u0151 term\u00e9kkel kombin\u00e1lni. A term\u00e9k nem bronzos\u00edt. A t\u00falzott napoz\u00e1s komoly vesz\u00e9lyt jelent az eg\u00e9szs\u00e9gre.","_v2024__usage_content__storage":"T\u00e1rolja sz\u00e1raz \u00e9s h\u0171v\u00f6s helyen. Ne t\u00e1rolja h\u0171t\u0151szekr\u00e9nyben. A term\u00e9k hidegen t\u00e1rolva megkem\u00e9nyedik, \u00e9s a kiszerel\u00e9s tartalma nem ker\u00fcl ki a pump\u00e1n kereszt\u00fcl. Ahhoz, hogy foly\u00e9kony legyen hagyja szobah\u0151m\u00e9rs\u00e9kleten 25 \u00b0 C felett. K\u00e9rj\u00fck, ne nyissa fel az kiszerel\u00e9st, amikor a term\u00e9k megszil\u00e1rdult, mert ez k\u00e1ros\u00edthatja a pump\u00e1t.\r\n\r\n&nbsp;\r\n\r\nCsak k\u00fcls\u0151leg. Hagyja abba a haszn\u00e1lat\u00e1t, ha irrit\u00e1ci\u00f3 l\u00e9p fel. Ne haszn\u00e1lja s\u00e9r\u00fclt vagy irrit\u00e1lt b\u0151r\u00f6n. Ker\u00fclje a szembe jut\u00e1st. Gyerekekt\u0151l t\u00e1vol tartand\u00f3!"},"_links":{"self":[{"href":"https:\/\/cocosolis.com\/hu\/wp-json\/wp\/v2\/product\/360","targetHints":{"allow":["GET"]}}],"collection":[{"href":"https:\/\/cocosolis.com\/hu\/wp-json\/wp\/v2\/product"}],"about":[{"href":"https:\/\/cocosolis.com\/hu\/wp-json\/wp\/v2\/types\/product"}],"wp:featuredmedia":[{"embeddable":true,"href":"https:\/\/cocosolis.com\/hu\/wp-json\/"}],"wp:attachment":[{"href":"https:\/\/cocosolis.com\/hu\/wp-json\/wp\/v2\/media?parent=360"}],"wp:term":[{"taxonomy":"product_brand","embeddable":true,"href":"https:\/\/cocosolis.com\/hu\/wp-json\/wp\/v2\/product_brand?post=360"},{"taxonomy":"product_cat","embeddable":true,"href":"https:\/\/cocosolis.com\/hu\/wp-json\/wp\/v2\/product_cat?post=360"},{"taxonomy":"product_tag","embeddable":true,"href":"https:\/\/cocosolis.com\/hu\/wp-json\/wp\/v2\/product_tag?post=360"},{"taxonomy":"product_template","embeddable":true,"href":"https:\/\/cocosolis.com\/hu\/wp-json\/wp\/v2\/product_template?post=360"}],"curies":[{"name":"wp","href":"https:\/\/api.w.org\/{rel}","templated":true}]}}