{"id":1000076846,"date":"2026-04-24T15:53:34","date_gmt":"2026-04-24T13:53:34","guid":{"rendered":"https:\/\/cocosolis.com\/hu\/product\/one-all-in-one-leave-in-conditioner\/"},"modified":"2026-05-12T14:59:19","modified_gmt":"2026-05-12T12:59:19","slug":"one-all-in-one-leave-in-conditioner","status":"publish","type":"product","link":"https:\/\/cocosolis.com\/hu\/product\/one-all-in-one-leave-in-conditioner\/","title":{"rendered":"ONE. ALL IN ONE LEAVE-IN CONDITIONER"},"content":{"rendered":"","protected":false},"excerpt":{"rendered":"","protected":false},"featured_media":10000010295,"template":"","meta":{"_acf_changed":false},"product_brand":[],"product_cat":[17],"product_tag":[],"product_template":[67],"class_list":{"0":"post-1000076846","1":"product","2":"type-product","3":"status-publish","4":"has-post-thumbnail","6":"product_cat-hair","7":"product_template-v-2024-clean","9":"first","10":"instock","11":"shipping-taxable","12":"purchasable","13":"product-type-simple"},"acf":{"_v2024__listing_and_sharing_info__listing_category":"ONE","_v2024__listing_and_sharing_info__product_type":"All-in-one Leave-in Conditioner","_v2024__listing__and_sharing_info__listing_below_title_in_product_page":"\u00d6bl\u00edt\u00e9st n\u00e9lk\u00fcli hajbalzsam 12 el\u0151nnyel egy k\u00f6nny\u0171 formul\u00e1ban. Hidrat\u00e1l \u00e9s regener\u00e1l. Sim\u00e1v\u00e1 \u00e9s ragyog\u00f3v\u00e1 var\u00e1zsolja a hajat. Megk\u00f6nny\u00edti a kif\u00e9s\u00fcl\u00e9st \u00e9s a form\u00e1z\u00e1st. Anti frizz hat\u00e1ssal, ler\u00f6vid\u00edti a sz\u00e1r\u00edt\u00e1si id\u0151t. UV- \u00e9s h\u0151v\u00e9delem. \u00d3vja a hajsz\u00ednt a fakul\u00e1st\u00f3l.\n\n","_v2024__listing_and_sharing_info__listing_description":"\u00d6bl\u00edt\u00e9st n\u00e9lk\u00fcli hajbalzsam 12 el\u0151nnyel a haj sz\u00e1m\u00e1ra. Hidrat\u00e1l, helyre\u00e1ll\u00edt \u00e9s v\u00e9d, an\u00e9lk\u00fcl, hogy elnehez\u00edten\u00e9 a hajat.","_v2024__listing_and_sharing_info__image":10000010296,"_v2024__product_hero__hero_type":"carousel","_v2024__product_hero__product_slider_gallery":[{"_v2024__product_hero__product_slider_gallery__image":10000010378,"_v2024__product_hero__product_slider_gallery__video_link":""},{"_v2024__product_hero__product_slider_gallery__image":10000010380,"_v2024__product_hero__product_slider_gallery__video_link":""},{"_v2024__product_hero__product_slider_gallery__image":10000010379,"_v2024__product_hero__product_slider_gallery__video_link":""},{"_v2024__product_hero__product_slider_gallery__image":10000010377,"_v2024__product_hero__product_slider_gallery__video_link":""},{"_v2024__product_hero__product_slider_gallery__image":10000010376,"_v2024__product_hero__product_slider_gallery__video_link":""},{"_v2024__product_hero__product_slider_gallery__image":10000010374,"_v2024__product_hero__product_slider_gallery__video_link":""},{"_v2024__product_hero__product_slider_gallery__image":10000010375,"_v2024__product_hero__product_slider_gallery__video_link":""},{"_v2024__product_hero__product_slider_gallery__image":10000010373,"_v2024__product_hero__product_slider_gallery__video_link":""},{"_v2024__product_hero__product_slider_gallery__image":10000010372,"_v2024__product_hero__product_slider_gallery__video_link":""}],"_v2024__before_and_after_image":10000010294,"_v2024__before_and_after_image_mobile":10000010293,"_v2024__product_hero__quantity":"150ml","_v2024__product_hero__product_disclamer":"","_v2024__why_use__should_show":"visible","_v2024__why_use__description_text":"<p><strong>K\u00f6nny\u0171, mint egy kr\u00e9m, er\u0151s, mint egy kezel\u00e9s. \u00daj gener\u00e1ci\u00f3s formula. Azonnal felsz\u00edv\u00f3dik, an\u00e9lk\u00fcl hogy elnehez\u00edten\u00e9 a hajat. Must-have minden hajt\u00edpusra:<\/strong><\/p>","_v2024__why_use__text_content":"<ol><li><strong>Hidrat\u00e1l\u00e1s:<\/strong> ak\u00e1r 30%-kal jobb nedvess\u00e9gmeg\u0151rz\u00e9s*<\/li><li><strong>Selymes ragyog\u00e1s:<\/strong> ak\u00e1r 51%-kal f\u00e9nyesebb haj m\u00e1r 5 haszn\u00e1lat ut\u00e1n*<\/li><li><strong>K\u00f6nnyed kif\u00e9s\u00fcl\u00e9s:<\/strong> ak\u00e1r 83%-kal k\u00f6nnyebb f\u00e9s\u00fclk\u00f6d\u00e9s \u00e9s form\u00e1z\u00e1s*<\/li><li><strong>Frizz kontroll:<\/strong> megszel\u00edd\u00edti a  hajsz\u00e1lakat*<\/li><li><strong>Gyorssz\u00e1r\u00edt\u00f3 hat\u00e1s:<\/strong> ak\u00e1r 42%-kal gyorsabb hajsz\u00e1r\u00edt\u00e1s*<\/li><li>Lez\u00e1rja a t\u00f6redezett hajv\u00e9geket v\u00e9d\u0151r\u00e9teggel*<\/li><li><strong>Regener\u00e1l:<\/strong> helyre\u00e1ll\u00edtja a mikros\u00e9r\u00fcl\u00e9seket \u00e9s a haj szerkezet\u00e9t, t\u00e1pl\u00e1l*<\/li><li><strong>Selymess\u00e9g \u00e9s simas\u00e1g:<\/strong> kisim\u00edtja a hajsz\u00e1lak felsz\u00edn\u00e9t, puh\u00e1v\u00e1 var\u00e1zsolja*<\/li><li><strong>Er\u0151:<\/strong> 21%-kal nagyobb szakad\u00e1s\u00e1ll\u00f3s\u00e1g*<\/li><li><strong>H\u0151v\u00e9delem:<\/strong> meg\u00f3vja a hajad ak\u00e1r 220\u00b0C-ig*<\/li><li><strong>UV- \u00e9s antioxid\u00e1ns v\u00e9delem:<\/strong> akt\u00edv v\u00e9delem ak\u00e1r 3 napig*<\/li><li><strong>Sz\u00ednv\u00e9delem:<\/strong> ak\u00e1r 50%-kal tart\u00f3sabb sz\u00edneredm\u00e9ny, v\u00e9delem a kifakul\u00e1s ellen*<\/li><\/ol>","_v2024__why_use__product_notes_and_remarks":"Az akt\u00edv \u00f6sszetev\u0151k\u00f6n v\u00e9gzett laborat\u00f3riumi \u00e9s m\u0171szeres vizsg\u00e1latok alapj\u00e1n.","_v2024__why_use__background_color":"#FBF1EB","_v2024__why_use__heading_color":"#816c65","_v2024__why_use__text_color":"#816c65","_v2024__why_use__image_desktop":10000010297,"_v2024__why_use__image_mobile":10000010298,"_v2024__stats_show":true,"_v2024__stats_repeater":[{"_v2024__stats_repeater_id":"hydration","_v2024__stats_repeater_number":30,"_v2024__stats_repeater_description_title":"HIDRAT\u00c1L\u00c1S*","_v2024__stats_repeater_description":"","_v2024__stats_repeater_asterisks":"*"},{"_v2024__stats_repeater_id":"shine","_v2024__stats_repeater_number":51,"_v2024__stats_repeater_description_title":"F\u00c9NY*","_v2024__stats_repeater_description":"","_v2024__stats_repeater_asterisks":"*"},{"_v2024__stats_repeater_id":"easier_detangling","_v2024__stats_repeater_number":83,"_v2024__stats_repeater_description_title":"K\u00d6NNYEBB KIF\u00c9S\u00dcL\u00c9S*","_v2024__stats_repeater_description":"","_v2024__stats_repeater_asterisks":"*"},{"_v2024__stats_repeater_id":"faster_drying","_v2024__stats_repeater_number":42,"_v2024__stats_repeater_description_title":"GYORSABB SZ\u00c1R\u00cdT\u00c1S*","_v2024__stats_repeater_description":"","_v2024__stats_repeater_asterisks":"*"}],"_v2024__stats_repeater_disclaimer":[{"_v2024__stats_repeater_disclaimer_text":"Laborat\u00f3riumi \u00e9s m\u0171szeres vizsg\u00e1latok alapj\u00e1n az akt\u00edv \u00f6sszetev\u0151kre."}],"_v2024__benefits__icons_repeater":[{"_v2024__benefit__icons_repeater_icon":10000010291,"_v2024__benefit__icons_repeater_text":"ER\u0150S\u00cdT\u00c9S \u00c9S HIDRAT\u00c1L\u00c1S"},{"_v2024__benefit__icons_repeater_icon":10000010289,"_v2024__benefit__icons_repeater_text":"HAJKONTROLL"},{"_v2024__benefit__icons_repeater_icon":10000010290,"_v2024__benefit__icons_repeater_text":"F\u00c9NY \u00c9S SELYMESS\u00c9G"},{"_v2024__benefit__icons_repeater_icon":10000010288,"_v2024__benefit__icons_repeater_text":"TELJES V\u00c9DELEM"}],"_v2024__image_ingreddients__intro_text":"<strong>Intelligens, term\u00e9szetes formula. N\u00e9gy \u00fajgener\u00e1ci\u00f3s akt\u00edv \u00f6sszetev\u0151 organikus k\u00f3kuszolajjal kombin\u00e1lva er\u0151s\u00edti a hajsz\u00e1lakat bel\u00fclr\u0151l, k\u00edv\u00fcl v\u00e9d\u0151r\u00e9teget k\u00e9pez, \u00e9s a hajat l\u00e1that\u00f3an sim\u00e1bb\u00e1 \u00e9s f\u00e9nyesebb\u00e9 teszi<\/strong>","_v2024__image_ingreddients__additional_description":"","_v2024__image_ingreddients__disclamer_inner":"","_v2024__image_ingredients__repeater":[{"_v2024__image_ingredients__ingredient_image":1000008646,"_v2024__image_ingredients__ingredient_title":"BIO-STRUCTURE PRO","_v2024__image_ingredients__ingredient_description":"<p>Akt\u00edv \u00f6sszetev\u0151 z\u00f6ld di\u00f3b\u00f3l, szabadalmaztatott technol\u00f3gi\u00e1val el\u0151\u00e1ll\u00edtva, amely 100%-os biohasznosul\u00e1st biztos\u00edt a j\u00f3t\u00e9kony anyagok sz\u00e1m\u00e1ra. Struktur\u00e1lis fenolokban gazdag, er\u0151teljes antioxid\u00e1ns pajzsk\u00e9nt m\u0171k\u00f6dik a szabad gy\u00f6k\u00f6k \u00e9s a k\u00e1ros UV-sugarak ellen. Klinikailag bizony\u00edtottan v\u00e9di a haj sz\u00edn\u00e9t a kifakul\u00e1st\u00f3l. A hajat k\u00f6nnyen kif\u00e9s\u00fclhet\u0151v\u00e9, puh\u00e1v\u00e1 \u00e9s ragyog\u00f3v\u00e1 teszi.<\/p>"},{"_v2024__image_ingredients__ingredient_image":10000010286,"_v2024__image_ingredients__ingredient_title":"HYDRO-SAVE BIO","_v2024__image_ingredients__ingredient_description":"<p>Organikus geszteny\u00e9b\u0151l sz\u00e1rmaz\u00f3, szabadalmaztatott enzimatikus elj\u00e1r\u00e1ssal nyert akt\u00edv \u00f6sszetev\u0151. Feh\u00e9rj\u00e9kben, zs\u00edrsavakban \u00e9s cukrokban gazdag, l\u00e1thatatlan v\u00e9d\u0151r\u00e9teget k\u00e9pez, amely lez\u00e1rja a kutikul\u00e1t \u00e9s k\u00f6rbe\u00f6leli a hajsz\u00e1lakat. Er\u0151teljes h\u0151v\u00e9delmet ny\u00fajt, meg\u00f3vja a hajat a kisz\u00e1rad\u00e1st\u00f3l \u00e9s a hajvasal\u00f3 vagy hajsz\u00e1r\u00edt\u00f3 okozta k\u00e1rosod\u00e1st\u00f3l. Regener\u00e1lja a t\u00f6redezett hajv\u00e9geket, intenz\u00edven t\u00e1pl\u00e1l, klinikailag igazoltan jav\u00edtja a hidrat\u00e1lts\u00e1got. Selymesen sim\u00e1v\u00e1 var\u00e1zsolja a hajat.<\/p>"},{"_v2024__image_ingredients__ingredient_image":10000010287,"_v2024__image_ingredients__ingredient_title":"QUINOA GLOSS","_v2024__image_ingredients__ingredient_description":"<p>Akt\u00edv \u00f6sszetev\u0151: quinoa magb\u00f3l sz\u00e1rmaz\u00f3 term\u00e9szetes feh\u00e9rje, teljes aminosav-profillal. Az innovat\u00edv NPNF\u2122 hidroliz\u00e1lt feh\u00e9rje technol\u00f3gi\u00e1nak k\u00f6sz\u00f6nhet\u0151en m\u00e9lyen behatol a hajsz\u00e1lakba, \u00e9s m\u00e9g az er\u0151sen ig\u00e9nybevett hajat is \u00fajj\u00e1\u00e9p\u00edti. V\u00e9d\u0151r\u00e9teget k\u00e9pez, kisim\u00edtja a hajfelsz\u00ednt, term\u00e9szetes f\u00e9nyt \u00e9s puhas\u00e1got ad. Megk\u00f6nny\u00edti a kif\u00e9s\u00fcl\u00e9st, \u00e9s gy\u00f6ny\u00f6r\u0171en defini\u00e1lja a g\u00f6nd\u00f6r tincseket.<\/p>"},{"_v2024__image_ingredients__ingredient_image":10000010285,"_v2024__image_ingredients__ingredient_title":"AMARANTH-SHIELD 3D","_v2024__image_ingredients__ingredient_description":"<p>Akt\u00edv \u00f6sszetev\u0151 amar\u00e1ntmagb\u00f3l, 3D Matrix technol\u00f3gi\u00e1val \u2013 fokozatosan szabadul fel, m\u00e9lyen a hajsz\u00e1lakban. Klinikailag igazoltan er\u0151s\u00edti a haj bels\u0151 szerkezet\u00e9t, jav\u00edtja rugalmass\u00e1g\u00e1t \u00e9s ellen\u00e1ll\u00f3 k\u00e9pess\u00e9g\u00e9t. Sim\u00edtja a haj felsz\u00edn\u00e9t, cs\u00f6kkenti a s\u00farl\u00f3d\u00e1st \u2013 \u00edgy a haj puh\u00e1bb, f\u00e9nyesebb, k\u00f6nnyen kif\u00e9s\u00fclhet\u0151 lesz. Ler\u00f6vid\u00edti a sz\u00e1r\u00edt\u00e1si id\u0151t, minimaliz\u00e1lja a h\u0151 okozta k\u00e1rosod\u00e1st, \u00e9s optim\u00e1lis szinten tartja a hidrat\u00e1lts\u00e1got.<\/p>"},{"_v2024__image_ingredients__ingredient_image":1000006712,"_v2024__image_ingredients__ingredient_title":"K\u00d3KUSZ","_v2024__image_ingredients__ingredient_description":"<p>Hidegen sajtolt bio olaj, amely laurinsavban gazdag, behatol a hajsz\u00e1l szerkezet\u00e9be, \u00e9s cs\u00f6kkenti a feh\u00e9rjevesztes\u00e9get. Meg\u0151rzi a nedvess\u00e9get, v\u00e9d a kisz\u00e1rad\u00e1st\u00f3l. Az eredm\u00e9ny? Selymesen puha, sima \u00e9s ragyog\u00f3 haj.<\/p>"}],"_v2024__image_ingredients__all_ingredients":"<p>AQUA*, MYRISTYL ALCOHOL*, COCONUT ALKANES*, BEHENTRIMONIUM CHLORIDE, COCOS NUCIFERA OIL*, PARFUM, HYDROLYZED CHESTNUT EXTRACT*, HYDROLYZED QUINOA*, HYDROLYZED WALNUT EXTRACT*, AMARANTHUS CAUDATUS SEED EXTRACT*, LYSINE*, LEVULINIC ACID*, GLYCERIN*, CETRIMONIUM CHLORIDE, SCLEROTIUM GUM*, PCA GLYCERYL OLEATE*, GLYCERYL CAPRYLATE*, ZEA MAYS STARCH*, CETYL ALCOHOL*, LAURYL ALCOHOL*, CITRIC ACID*, SODIUM LEVULINATE*, PENTYLENE GLYCOL*, SODIUM BENZOATE, POTASSIUM SORBATE, BENZYL ALCOHOL, CI 14720, BENZYL SALICYLATE<\/p><p>K\u00e9rj\u00fck, vegye figyelembe, hogy az \u00f6sszetev\u0151k list\u00e1ja id\u0151vel n\u00e9mileg v\u00e1ltozhat a term\u00e9kfejleszt\u00e9sek miatt. Tekintse meg a term\u00e9k csomagol\u00e1s\u00e1t a legfrissebb inform\u00e1ci\u00f3k\u00e9rt.<\/p>","_v2024__usage_content__left_content":"<p><strong>HOL:<\/strong> a hajhosszon v\u00e9gig<\/p><p><strong>MENNYI:<\/strong><\/p><p><strong>HOGYAN:<\/strong> Vidd fel tiszta, nedves hajra, f\u00e9s\u00fcld \u00e1t, majd form\u00e1zd kedved szerint<\/p><p><strong>MILYEN GYAKRAN:<\/strong> minden hajmos\u00e1s ut\u00e1n; ak\u00e1r mindennap haszn\u00e1lhat\u00f3<\/p>","_v2024__usage_content__right_bottom_content":"","_v2024__usage_content__note":"<p><strong>FIGYELEM!:<\/strong> Csak k\u00fcls\u0151leg. Hagyja abba a haszn\u00e1lat\u00e1t, ha irrit\u00e1ci\u00f3 l\u00e9p fel. Ker\u00fclje a szembe jut\u00e1st. Gyerekekt\u0151l t\u00e1vol tartand\u00f3! T\u00e1rolja sz\u00e1raz \u00e9s h\u0171v\u00f6s helyen.<\/p>","_v2024__usage_content__storage":""},"_links":{"self":[{"href":"https:\/\/cocosolis.com\/hu\/wp-json\/wp\/v2\/product\/1000076846","targetHints":{"allow":["GET"]}}],"collection":[{"href":"https:\/\/cocosolis.com\/hu\/wp-json\/wp\/v2\/product"}],"about":[{"href":"https:\/\/cocosolis.com\/hu\/wp-json\/wp\/v2\/types\/product"}],"wp:featuredmedia":[{"embeddable":true,"href":"https:\/\/cocosolis.com\/hu\/wp-json\/"}],"wp:attachment":[{"href":"https:\/\/cocosolis.com\/hu\/wp-json\/wp\/v2\/media?parent=1000076846"}],"wp:term":[{"taxonomy":"product_brand","embeddable":true,"href":"https:\/\/cocosolis.com\/hu\/wp-json\/wp\/v2\/product_brand?post=1000076846"},{"taxonomy":"product_cat","embeddable":true,"href":"https:\/\/cocosolis.com\/hu\/wp-json\/wp\/v2\/product_cat?post=1000076846"},{"taxonomy":"product_tag","embeddable":true,"href":"https:\/\/cocosolis.com\/hu\/wp-json\/wp\/v2\/product_tag?post=1000076846"},{"taxonomy":"product_template","embeddable":true,"href":"https:\/\/cocosolis.com\/hu\/wp-json\/wp\/v2\/product_template?post=1000076846"}],"curies":[{"name":"wp","href":"https:\/\/api.w.org\/{rel}","templated":true}]}}