{"id":1000072880,"date":"2026-04-01T12:51:24","date_gmt":"2026-04-01T10:51:24","guid":{"rendered":"https:\/\/cocosolis.com\/hu\/product\/solis-gradual-tan-body-milk\/"},"modified":"2026-04-20T12:49:24","modified_gmt":"2026-04-20T10:49:24","slug":"solis-gradual-tan-body-milk","status":"publish","type":"product","link":"https:\/\/cocosolis.com\/hu\/product\/solis-gradual-tan-body-milk\/","title":{"rendered":"SOLIS Gradual Tan Body Milk"},"content":{"rendered":"","protected":false},"excerpt":{"rendered":"","protected":false},"featured_media":10000010273,"template":"","meta":{"_acf_changed":false},"product_brand":[],"product_cat":[43],"product_tag":[],"product_template":[67],"class_list":{"0":"post-1000072880","1":"product","2":"type-product","3":"status-publish","4":"has-post-thumbnail","6":"product_cat-self-tanner","7":"product_template-v-2024-clean","9":"first","10":"instock","11":"shipping-taxable","12":"purchasable","13":"product-type-simple"},"acf":{"_v2024__listing_and_sharing_info__listing_category":"SOLIS","_v2024__listing_and_sharing_info__product_type":"Gradual Tan Body Milk","_v2024__listing__and_sharing_info__listing_below_title_in_product_page":"Term\u00e9szetes \u00f6nbarn\u00edt\u00f3 test\u00e1pol\u00f3 tej. Mindennapi hidrat\u00e1l\u00e1s\u00e9rt \u00e9s fokozatosan fel\u00e9p\u00fcl\u0151 bronzos barnul\u00e1s\u00e9rt.K\u00f6nny\u0171, gyorsan felsz\u00edv\u00f3d\u00f3 text\u00fara.","_v2024__listing_and_sharing_info__listing_description":"Term\u00e9szetes \u00f6nbarn\u00edt\u00f3 test\u00e1pol\u00f3 tej. Mindennapi hidrat\u00e1l\u00e1s\u00e9rt \u00e9s fokozatosan fel\u00e9p\u00fcl\u0151 bronzos barnul\u00e1s\u00e9rt.","_v2024__listing_and_sharing_info__image":1000009847,"_v2024__product_hero__hero_type":"carousel","_v2024__product_hero__product_slider_gallery":[{"_v2024__product_hero__product_slider_gallery__image":1000009914,"_v2024__product_hero__product_slider_gallery__video_link":""},{"_v2024__product_hero__product_slider_gallery__image":1000009915,"_v2024__product_hero__product_slider_gallery__video_link":""},{"_v2024__product_hero__product_slider_gallery__image":1000009916,"_v2024__product_hero__product_slider_gallery__video_link":""},{"_v2024__product_hero__product_slider_gallery__image":1000009917,"_v2024__product_hero__product_slider_gallery__video_link":""},{"_v2024__product_hero__product_slider_gallery__image":1000009918,"_v2024__product_hero__product_slider_gallery__video_link":""},{"_v2024__product_hero__product_slider_gallery__image":1000009919,"_v2024__product_hero__product_slider_gallery__video_link":""},{"_v2024__product_hero__product_slider_gallery__image":1000009920,"_v2024__product_hero__product_slider_gallery__video_link":""},{"_v2024__product_hero__product_slider_gallery__image":1000009921,"_v2024__product_hero__product_slider_gallery__video_link":""}],"_v2024__before_and_after_image":1000009963,"_v2024__before_and_after_image_mobile":1000009962,"_v2024__product_hero__quantity":"200ml","_v2024__product_hero__product_disclamer":"","_v2024__why_use__should_show":"visible","_v2024__why_use__description_text":"<strong>Tiszta, b\u0151r\u00e1pol\u00e1sra \u00f6sszpontos\u00edt\u00f3 formula, amely term\u00e9szetes DHA-t, bio kaka\u00f3vajat, amelyet term\u00e9szetes retinolk\u00e9nt \u00e9rt\u00e9kelnek, bio marulaolajat az \u00f6reged\u00e9sg\u00e1tl\u00f3 hat\u00e1s\u00e9rt, \u00e9s hialuronsavat \u00f6tv\u00f6z. A b\u0151rt selymesen sim\u00e1v\u00e1 teszi, mik\u00f6zben a barnas\u00e1g 8 \u00f3ra alatt fejl\u0151dik ki, \u00e9s napr\u00f3l napra tov\u00e1bb \u00e9p\u00edthet\u0151.<\/strong>","_v2024__why_use__text_content":"<ul>\r\n \t<li>Term\u00e9szetes hat\u00e1s\u00fa barnul\u00e1st ad, amely minden haszn\u00e1lattal fokoz\u00f3dik<\/li>\r\n \t<li>M\u00e9lyhidrat\u00e1l\u00e1s \u00e9s \u00f6reged\u00e9sg\u00e1tl\u00f3 \u00e1pol\u00e1s a kaka\u00f3vajb\u00f3l sz\u00e1rmaz\u00f3 term\u00e9szetes retinol erej\u00e9vel<\/li>\r\n \t<li>Innovat\u00edv formula, amely alkalmazkodik a b\u0151r term\u00e9szetes sz\u00edn\u00e9hez<\/li>\r\n \t<li>K\u00f6nny\u0171, gyorsan felsz\u00edv\u00f3d\u00f3 emulzi\u00f3, nem hagy foltot<\/li>\r\n \t<li>Egyenletesen kenhet\u0151, cs\u00edkok \u00e9s foltok n\u00e9lk\u00fcl<\/li>\r\n \t<li>Ide\u00e1lis kezd\u0151k sz\u00e1m\u00e1ra az \u00f6nbarn\u00edt\u00f3k vil\u00e1g\u00e1ban<\/li>\r\n \t<li>A legjobb eredm\u00e9ny \u00e9rdek\u00e9ben Self-tanning Mitt keszty\u0171vel aj\u00e1nlott felvinni<\/li>\r\n \t<li>Karamell\u00e1s latte illat<\/li>\r\n<\/ul>","_v2024__why_use__product_notes_and_remarks":"","_v2024__why_use__background_color":"#eddacd","_v2024__why_use__heading_color":"#816c65","_v2024__why_use__text_color":"#816c65","_v2024__why_use__image_desktop":1000009848,"_v2024__why_use__image_mobile":1000009849,"_v2024__stats_show":false,"_v2024__stats_repeater":null,"_v2024__stats_repeater_disclaimer":null,"_v2024__benefits__icons_repeater":[{"_v2024__benefit__icons_repeater_icon":10000010005,"_v2024__benefit__icons_repeater_text":"TERM\u00c9SZETES MEGJELEN\u00c9S\u0170 BARNUL\u00c1S"},{"_v2024__benefit__icons_repeater_icon":10000010004,"_v2024__benefit__icons_repeater_text":"FOKOZATOS FELHALMOZD\u00c1S"},{"_v2024__benefit__icons_repeater_icon":10000010003,"_v2024__benefit__icons_repeater_text":"MINDENNAPI HIDRAT\u00c1L\u00c1S"},{"_v2024__benefit__icons_repeater_icon":10000010002,"_v2024__benefit__icons_repeater_text":"KARAMELL\u00c1S LATTE ILLAT"}],"_v2024__image_ingreddients__intro_text":"<strong>Term\u00e9szetes barnul\u00e1s fokoz\u00f3, hialuronsav \u00e9s m\u00e9lyen hidrat\u00e1l\u00f3, hidegen sajtolt bio olajok kombin\u00e1ci\u00f3ja. K\u00f6nny\u0171 formula az egyenletes, term\u00e9szetes megjelen\u00e9s\u0171 barnul\u00e1s\u00e9rt, amely fokozatosan \u00e9p\u00fcl fel, majd egyenletesen halv\u00e1nyul.<\/strong>","_v2024__image_ingreddients__additional_description":"","_v2024__image_ingreddients__disclamer_inner":"","_v2024__image_ingredients__repeater":[{"_v2024__image_ingredients__ingredient_image":1000009843,"_v2024__image_ingredients__ingredient_title":"TERM\u00c9SZETES DHA","_v2024__image_ingredients__ingredient_description":"N\u00f6v\u00e9nyi eredet\u0171, ferment\u00e1ci\u00f3val el\u0151\u00e1ll\u00edtott akt\u00edv \u00f6sszetev\u0151. Reag\u00e1l a b\u0151r aminosavaival, hogy napoz\u00e1s n\u00e9lk\u00fcl term\u00e9szetes barnul\u00e1st \u00e9rj el."},{"_v2024__image_ingredients__ingredient_image":1000009842,"_v2024__image_ingredients__ingredient_title":"HIALURONSAV","_v2024__image_ingredients__ingredient_description":"Er\u0151teljes, term\u00e9szetes eredet\u0171 humekt\u00e1ns. M\u00e9ly hidrat\u00e1l\u00e1st biztos\u00edt, amely seg\u00edti a barnas\u00e1g egyenletes kialakul\u00e1s\u00e1t \u00e9s hosszabb ideig tart\u00f3 meg\u0151rz\u00e9s\u00e9t. Megakad\u00e1lyozza a foltok \u00e9s cs\u00edkok kialakul\u00e1s\u00e1t."},{"_v2024__image_ingredients__ingredient_image":1000009841,"_v2024__image_ingredients__ingredient_title":"MARULA","_v2024__image_ingredients__ingredient_description":"K\u00f6nny\u0171, m\u00e9lyen hidrat\u00e1l\u00f3 olaj, gazdag antioxid\u00e1nsokban \u00e9s esszenci\u00e1lis zs\u00edrsavakban. Gyorsan \u00e9s m\u00e9lyen felsz\u00edv\u00f3dik, el\u0151k\u00e9sz\u00edti a b\u0151rt az egyenletes barnul\u00e1sra. Er\u0151s\u00edti a b\u0151r v\u00e9d\u0151r\u00e9teg\u00e9t, \u00edgy biztos\u00edtja az egyenletes halv\u00e1nyul\u00e1st."},{"_v2024__image_ingredients__ingredient_image":1000009844,"_v2024__image_ingredients__ingredient_title":"CACAY","_v2024__image_ingredients__ingredient_description":"Az \u201eAmazonas aranya\u201d-k\u00e9nt is ismert olaj er\u0151teljes anti-age \u00e9s hidrat\u00e1l\u00f3 hat\u00e1ssal b\u00edr. Rendk\u00edv\u00fcl gazdag A-vitaminban, term\u00e9szetes retinolk\u00e9nt tartj\u00e1k sz\u00e1mon. Sima, meg\u00fajult alapot biztos\u00edt az egyenletes barnul\u00e1shoz."},{"_v2024__image_ingredients__ingredient_image":1000006712,"_v2024__image_ingredients__ingredient_title":"K\u00d3KUSZ","_v2024__image_ingredients__ingredient_description":"Gyorsan felsz\u00edv\u00f3dik, m\u00e9lyen hidrat\u00e1l \u00e9s seg\u00edt meg\u0151rizni a nedvess\u00e9get a b\u0151rben. V\u00e9d\u0151r\u00e9teget k\u00e9pez, \u00e9s megel\u0151zi a s\u00f6t\u00e9tebb lerak\u00f3d\u00e1sokat a sz\u00e1raz ter\u00fcleteken, mint a k\u00f6ny\u00f6k \u00e9s a t\u00e9rd."}],"_v2024__image_ingredients__all_ingredients":"INCI: AQUA*, CAPRYLIC\/CAPRIC TRIGLYCERIDE*, COCO-CAPRYLATE\/CAPRATE*, DIHYDROXYACETONE*, PENTYLENE GLYCOL*, MAGNESIUM SULFATE, POLYGLYCERYL-6 STEARATE*, XANTHAN GUM*, COCOS NUCIFERA OIL*, SCLEROCARYA BIRREA SEED OIL*, CARYODENDRON ORINOCENSE SEED OIL*, SODIUM HYALURONATE*, LECITHIN*, PULLULAN*, CITRIC ACID*, C14-22 ALCOHOLS*, C12-20 ALKYL GLUCOSIDE*, MICROCRYSTALLINE CELLULOSE*, CELLULOSE GUM*, SCLEROTIUM GUM*, POLYGLYCERYL-6 BEHENATE*, POLYGLYCERYL-4 DIISOSTEARATE\/POLYHYDROXYSTEARATE\/SEBACATE*, POLYGLYCERYL-3 OLEATE*, DIISOSTEAROYL POLYGLYCERYL-3 DIMER DILINOLEATE*, HYDRATED SILICA*, TETRASODIUM GLUTAMATE DIACETATE, PARFUM*, VANILLIN, LINALOOL, CITRAL, BENZALDEHYDE\r\n\r\n* Term\u00e9szetes eredet\u0171 \u00f6sszetev\u0151k\r\n\r\nFelh\u00edvjuk figyelm\u00e9t, hogy az \u00f6sszetev\u0151k list\u00e1ja a term\u00e9kfejleszt\u00e9sek miatt id\u0151vel kiss\u00e9 v\u00e1ltozhat. Tekintse meg a term\u00e9k csomagol\u00e1s\u00e1t a legfrissebb inform\u00e1ci\u00f3val kapcsolatban.","_v2024__usage_content__left_content":"<strong>HOL:<\/strong> az eg\u00e9sz testen\r\n\r\n<strong>MILYEN GYAKRAN<\/strong>: Mindennap test\u00e1pol\u00f3k\u00e9nt, am\u00edg el nem \u00e9red a k\u00edv\u00e1nt bronzos \u00e1rnyalatot.\r\n\r\nMin\u00e9l gyakrabban haszn\u00e1lod a SOLIS Gradual Tan Body Milk-et, ann\u00e1l intenz\u00edvebb lesz a barnas\u00e1god.\r\n\r\n<strong>HOGYAN:<\/strong>\r\n<ul>\r\n \t<li>A legjobb eredm\u00e9ny \u00e9rdek\u00e9ben rad\u00edrozd le a b\u0151r\u00f6d Exfoliating Mitt-tel 24 \u00f3r\u00e1val az els\u0151 haszn\u00e1lat el\u0151tt.<\/li>\r\n \t<li>Tiszta, sz\u00e1raz b\u0151rre vidd fel a tejet Self-tanning Mitt keszty\u0171vel, finom massz\u00edroz\u00f3 mozdulatokkal. K\u00f6ny\u00f6kn\u00e9l, t\u00e9rdn\u00e9l, bok\u00e1n\u00e1l, l\u00e1bfejen \u00e9s k\u00e9zen csak kis mennyis\u00e9get haszn\u00e1lj.<\/li>\r\n \t<li>Ha keszty\u0171 n\u00e9lk\u00fcl viszed fel, alaposan moss kezet. A kezek esetleges elsz\u00ednez\u0151d\u00e9s\u00e9nek megel\u0151z\u00e9se \u00e9rdek\u00e9ben javasoljuk Self-tanning Mitt haszn\u00e1lat\u00e1t.<\/li>\r\n \t<li>\u00d6lt\u00f6zk\u00f6d\u00e9s el\u0151tt v\u00e1rd meg, m\u00edg teljesen besz\u00edv\u00f3dik<\/li>\r\n<\/ul>","_v2024__usage_content__right_bottom_content":"","_v2024__usage_content__note":"<strong>FIGYELEM!:<\/strong> T\u00e1rolja h\u0171v\u00f6s, s\u00f6t\u00e9t \u00e9s sz\u00e1raz helyen. Term\u00e9szetes \u00f6sszet\u00e9telei miatt a test\u00e1pol\u00f3 sz\u00edne v\u00e1ltozhat az id\u0151vel, de ez nem befoly\u00e1solja sem a min\u0151s\u00e9g\u00e9t, sem a hat\u00e9konys\u00e1g\u00e1t. Csak k\u00fcls\u0151leg. Az els\u0151 haszn\u00e1lat el\u0151tt 24 \u00f3r\u00e1val tesztelje a term\u00e9ket egy kis b\u0151rfel\u00fcleten. Allergi\u00e1s b\u0151rreakci\u00f3t v\u00e1lthat ki. Hagyja abba a haszn\u00e1lat\u00e1t, ha irrit\u00e1ci\u00f3 l\u00e9p fel. Ne haszn\u00e1lja s\u00e9r\u00fclt vagy irit\u00e1lt b\u0151r\u00f6n. Ker\u00fclje a szembe jut\u00e1st. Ez a term\u00e9k nem tartalmaz f\u00e9nyv\u00e9d\u0151t \u00e9s nem v\u00e9d a le\u00e9g\u00e9s ellen. Gyerekekt\u0151l t\u00e1vol tartand\u00f3!","_v2024__usage_content__storage":""},"_links":{"self":[{"href":"https:\/\/cocosolis.com\/hu\/wp-json\/wp\/v2\/product\/1000072880","targetHints":{"allow":["GET"]}}],"collection":[{"href":"https:\/\/cocosolis.com\/hu\/wp-json\/wp\/v2\/product"}],"about":[{"href":"https:\/\/cocosolis.com\/hu\/wp-json\/wp\/v2\/types\/product"}],"wp:featuredmedia":[{"embeddable":true,"href":"https:\/\/cocosolis.com\/hu\/wp-json\/"}],"wp:attachment":[{"href":"https:\/\/cocosolis.com\/hu\/wp-json\/wp\/v2\/media?parent=1000072880"}],"wp:term":[{"taxonomy":"product_brand","embeddable":true,"href":"https:\/\/cocosolis.com\/hu\/wp-json\/wp\/v2\/product_brand?post=1000072880"},{"taxonomy":"product_cat","embeddable":true,"href":"https:\/\/cocosolis.com\/hu\/wp-json\/wp\/v2\/product_cat?post=1000072880"},{"taxonomy":"product_tag","embeddable":true,"href":"https:\/\/cocosolis.com\/hu\/wp-json\/wp\/v2\/product_tag?post=1000072880"},{"taxonomy":"product_template","embeddable":true,"href":"https:\/\/cocosolis.com\/hu\/wp-json\/wp\/v2\/product_template?post=1000072880"}],"curies":[{"name":"wp","href":"https:\/\/api.w.org\/{rel}","templated":true}]}}