{"id":1000054196,"date":"2025-07-07T15:10:51","date_gmt":"2025-07-07T13:10:51","guid":{"rendered":"https:\/\/cocosolis.com\/hu\/product\/lift-anti-aging-serum\/"},"modified":"2026-04-06T20:25:37","modified_gmt":"2026-04-06T18:25:37","slug":"lift-anti-aging-serum","status":"publish","type":"product","link":"https:\/\/cocosolis.com\/hu\/product\/lift-anti-aging-serum\/","title":{"rendered":"LIFT+ Anti-aging Serum"},"content":{"rendered":"","protected":false},"excerpt":{"rendered":"","protected":false},"featured_media":1000008657,"template":"","meta":{"_acf_changed":false},"product_brand":[],"product_cat":[19],"product_tag":[],"product_template":[67],"class_list":{"0":"post-1000054196","1":"product","2":"type-product","3":"status-publish","4":"has-post-thumbnail","6":"product_cat-skin","7":"product_template-v-2024-clean","9":"first","10":"instock","11":"shipping-taxable","12":"purchasable","13":"product-type-simple"},"acf":{"_v2024__listing_and_sharing_info__listing_category":"LIFT+","_v2024__listing_and_sharing_info__product_type":"Anti-aging Serum","_v2024__listing__and_sharing_info__listing_below_title_in_product_page":"Fiatal\u00edt\u00f3 sz\u00e9rum-fokoz\u00f3. Magas koncentr\u00e1ci\u00f3j\u00fa formula lifting hat\u00e1ssal.<br><strong>Ter\u00fclet: nyak, dekolt\u00e1zs \u00e9s mellkas<\/strong>","_v2024__listing_and_sharing_info__listing_description":"Fiatal\u00edt\u00f3 sz\u00e9rum-fokoz\u00f3. Magas koncentr\u00e1ci\u00f3j\u00fa formula lifting hat\u00e1ssal.<br><strong>Ter\u00fclet: nyak, dekolt\u00e1zs \u00e9s mellkas<\/strong>","_v2024__listing_and_sharing_info__image":1000008658,"_v2024__product_hero__hero_type":"carousel","_v2024__product_hero__product_slider_gallery":[{"_v2024__product_hero__product_slider_gallery__image":1000008339,"_v2024__product_hero__product_slider_gallery__video_link":""},{"_v2024__product_hero__product_slider_gallery__image":1000008395,"_v2024__product_hero__product_slider_gallery__video_link":""},{"_v2024__product_hero__product_slider_gallery__image":1000008396,"_v2024__product_hero__product_slider_gallery__video_link":""},{"_v2024__product_hero__product_slider_gallery__image":1000008397,"_v2024__product_hero__product_slider_gallery__video_link":""},{"_v2024__product_hero__product_slider_gallery__image":1000008398,"_v2024__product_hero__product_slider_gallery__video_link":""},{"_v2024__product_hero__product_slider_gallery__image":1000008399,"_v2024__product_hero__product_slider_gallery__video_link":""},{"_v2024__product_hero__product_slider_gallery__image":1000008400,"_v2024__product_hero__product_slider_gallery__video_link":""},{"_v2024__product_hero__product_slider_gallery__image":1000008340,"_v2024__product_hero__product_slider_gallery__video_link":""}],"_v2024__before_and_after_image":"","_v2024__before_and_after_image_mobile":"","_v2024__product_hero__quantity":"50 ML","_v2024__product_hero__product_disclamer":"","_v2024__why_use__should_show":"visible","_v2024__why_use__description_text":"Lifting sz\u00e9rum-spray nyakra, dekolt\u00e1zsra \u00e9s mellkasra. 9 hat\u00e9kony \u00f6sszetev\u0151vel, klinikailag bizony\u00edtott \u00f6reged\u00e9sg\u00e1tl\u00f3, feszes\u00edt\u0151 \u00e9s kollag\u00e9nstimul\u00e1l\u00f3 hat\u00e1sokkal \u2013 l\u00e1that\u00f3 eredm\u00e9nyek\u00e9rt egy h\u00f3napon bel\u00fcl.","_v2024__why_use__text_content":"<ul>\r\n \t<li><strong>\u00c1talak\u00edt\u00f3 hat\u00e1s<\/strong>: megemeli \u00e9s feszes\u00edti a nyak \u00e9s a mellkas b\u0151r\u00e9t<\/li>\r\n \t<li><strong>Kieg\u00e9sz\u00edt\u0151 hat\u00e1s<\/strong>: kisim\u00edtja a r\u00e1ncokat \u00e9s megfiatal\u00edtja<\/li>\r\n \t<li><strong>Illat<\/strong>: finom k\u00f6rte<\/li>\r\n \t<li><strong>Term\u00e9k<\/strong>: nyak, dekolt\u00e1zs \u00e9s mellkas<\/li>\r\n<\/ul>","_v2024__why_use__product_notes_and_remarks":"","_v2024__why_use__background_color":"#FBF1EB","_v2024__why_use__heading_color":"#816c65","_v2024__why_use__text_color":"#816c65","_v2024__why_use__image_desktop":1000008629,"_v2024__why_use__image_mobile":1000008630,"_v2024__stats_show":false,"_v2024__stats_repeater":null,"_v2024__stats_repeater_disclaimer":null,"_v2024__benefits__icons_repeater":[{"_v2024__benefit__icons_repeater_icon":1000008669,"_v2024__benefit__icons_repeater_text":"MEGEMELI"},{"_v2024__benefit__icons_repeater_icon":1000008668,"_v2024__benefit__icons_repeater_text":"FESZES\u00cdT"},{"_v2024__benefit__icons_repeater_icon":1000008674,"_v2024__benefit__icons_repeater_text":"FIATAL\u00cdT"},{"_v2024__benefit__icons_repeater_icon":1000008670,"_v2024__benefit__icons_repeater_text":"FINOM K\u00d6RTE ILLAT\u00da"}],"_v2024__image_ingreddients__intro_text":"A kollag\u00e9nserkent\u0151k, az \u00f6reged\u00e9sg\u00e1tl\u00f3 \u00e9s hidrat\u00e1l\u00f3 hat\u00f3anyagok er\u0151teljes kombin\u00e1ci\u00f3ja szinergi\u00e1ban m\u0171k\u00f6dik a n\u00f6v\u00e9nyi kivonatokkal, \u00e9s megfiatal\u00edtja a nyakat, a dekolt\u00e1zst \u00e9s a mellkast.","_v2024__image_ingreddients__additional_description":"","_v2024__image_ingreddients__disclamer_inner":"","_v2024__image_ingredients__repeater":[{"_v2024__image_ingredients__ingredient_image":1000008643,"_v2024__image_ingredients__ingredient_title":"DERMOSCULPT\u2122","_v2024__image_ingredients__ingredient_description":"Innov\u00e1ci\u00f3 a stri\u00e1k ellen 360\u00b0-os z\u00f6ld kollag\u00e9n\u00e9p\u00edt\u0151 hat\u00e1ssal. Egy er\u0151teljes hat\u00f3anyag, amely serkenti a kollag\u00e9n \u00e9s a kulcsfontoss\u00e1g\u00fa gl\u00fck\u00f3zaminoglik\u00e1nok (GAGs), p\u00e9ld\u00e1ul a hialuronsav termel\u00e9s\u00e9t. Er\u0151s\u00edti a b\u0151r szerkezet\u00e9t, n\u00f6veli a rugalmass\u00e1g\u00e1t, m\u00e9lyhidrat\u00e1l\u00e1st \u00e9s lifting hat\u00e1st biztos\u00edt."},{"_v2024__image_ingredients__ingredient_image":1000008639,"_v2024__image_ingredients__ingredient_title":"BODYFERM\u2122","_v2024__image_ingredients__ingredient_description":"Feszes\u00edti a probl\u00e9m\u00e1s ter\u00fcleteket, el\u0151seg\u00edti a mikrokering\u00e9st, beind\u00edtja a b\u0151r alatti zs\u00edr olvad\u00e1si folyamatait. Teljes test\u00e1talak\u00edt\u00f3 hat\u00e1ssal b\u00edr."},{"_v2024__image_ingredients__ingredient_image":1000008651,"_v2024__image_ingredients__ingredient_title":"RHODYSSEY\u2122","_v2024__image_ingredients__ingredient_description":"Serkenti a mitokondri\u00e1lis aktivit\u00e1st \u00e9s a hialuronsav szint\u00e9zist a m\u00e9lyhidrat\u00e1l\u00e1s \u00e9s a b\u0151r regener\u00e1ci\u00f3ja \u00e9rdek\u00e9ben. Feszes\u00edti, sim\u00edtja \u00e9s er\u0151s\u00edti a b\u0151r v\u00e9d\u0151r\u00e9teget. N\u00f6veli a rugalmass\u00e1got \u00e9s vissza\u00e1ll\u00edtja a fiatalos megjelen\u00e9st."},{"_v2024__image_ingredients__ingredient_image":1000008648,"_v2024__image_ingredients__ingredient_title":"PEPTIDEK","_v2024__image_ingredients__ingredient_description":"Egy innovat\u00edv peptidkomplex, amely serkenti a b\u0151r regener\u00e1l\u00f3d\u00e1s\u00e1t, cs\u00f6kkenti a r\u00e1ncokat \u00e9s jav\u00edtja a rugalmass\u00e1got. Regener\u00e1lja a kollag\u00e9nh\u00e1l\u00f3zatot, lass\u00edtja a sejtek \u00f6reged\u00e9s\u00e9t \u00e9s er\u0151s\u00edti a b\u0151r szerkezet\u00e9t a fiatalosabb megjelen\u00e9s \u00e9rdek\u00e9ben."},{"_v2024__image_ingredients__ingredient_image":1000008647,"_v2024__image_ingredients__ingredient_title":"GUARANA","_v2024__image_ingredients__ingredient_description":"Koffeinben gazdag kivonat, amely serkenti a zs\u00edrlebont\u00e1st \u00e9s jav\u00edtja a mikrokering\u00e9st. Cs\u00f6kkenti a folyad\u00e9kretenci\u00f3t."},{"_v2024__image_ingredients__ingredient_image":1000008650,"_v2024__image_ingredients__ingredient_title":"F\u00dcGEKAKTUSZ","_v2024__image_ingredients__ingredient_description":"Ez a kivonat cs\u00f6kkenti a narancsb\u0151r megjelen\u00e9s\u00e9t az\u00e1ltal, hogy jav\u00edtja a b\u0151r text\u00far\u00e1j\u00e1t \u00e9s rugalmass\u00e1g\u00e1t. Hidrat\u00e1lja, m\u00e9regtelen\u00edti \u00e9s el\u0151seg\u00edti a regener\u00e1ci\u00f3t."},{"_v2024__image_ingredients__ingredient_image":1000008646,"_v2024__image_ingredients__ingredient_title":"Z\u00d6LD DI\u00d3","_v2024__image_ingredients__ingredient_description":"Egy er\u0151s antioxid\u00e1ns \u00e9s m\u00e9regtelen\u00edt\u0151 tulajdons\u00e1gokkal rendelkez\u0151 kivonat. Hat\u00e1ssal van a zs\u00edranyagcser\u00e9re, jav\u00edtja a rugalmass\u00e1got \u00e9s form\u00e1lja az alakot."},{"_v2024__image_ingredients__ingredient_image":1000008644,"_v2024__image_ingredients__ingredient_title":"S\u00c1RK\u00c1NYGY\u00dcM\u00d6LCS","_v2024__image_ingredients__ingredient_description":"Ez a kivonat jav\u00edtja a b\u0151r rugalmass\u00e1g\u00e1t, ragyog\u00e1s\u00e1t \u00e9s helyre\u00e1ll\u00edtja a b\u0151r szerkezet\u00e9t."},{"_v2024__image_ingredients__ingredient_image":1000004197,"_v2024__image_ingredients__ingredient_title":"K\u00d3KUSZ","_v2024__image_ingredients__ingredient_description":"M\u00e9lyen hidrat\u00e1l\u00f3, t\u00e1pl\u00e1l\u00f3 \u00e9s puh\u00edt\u00f3 kivonat. T\u00e1mogatja a b\u0151r v\u00e9d\u0151r\u00e9teg\u00e9t, jav\u00edtja a rugalmass\u00e1g\u00e1t, \u00e9s sima, feszes megjelen\u00e9st k\u00f6lcs\u00f6n\u00f6z."}],"_v2024__image_ingredients__all_ingredients":"AQUA*, GLYCERIN*, POLYSORBATE 20, CHLORELLA VULGARIS EXTRACT*, PUNICA GRANATUM PERICARP EXTRACT*, CORYLUS AVELLANA SEED EXTRACT*, SACCHAROMYCES FERMENT LYSATE FILTRATE*, HYDROLYZED RHODOPHYCEAE EXTRACT*, MARIS AQUA*, HYDROLYZED WALNUT EXTRACT*, PALMITOYL TRIPEPTIDE-1, PALMITOYL TETRAPEPTIDE-7, COCOS NUCIFERA FRUIT EXTRACT*, CITRIC ACID*, SODIUM LEVULINATE*, LACTIC ACID*, SODIUM LACTATE*, PARFUM, SODIUM PHYTATE*, CARBOMER, BUTYLENE GLYCOL, PHENETHYL ALCOHOL*, SODIUM BENZOATE, POTASSIUM SORBATE, DIMETHYL PHENETHYL ACETATE, ROSE KETONES\r\n\r\n<em>* Term\u00e9szetes eredet\u0171 \u00f6sszetev\u0151k<\/em>\r\n\r\n<em>K\u00e9rj\u00fck, vegye figyelembe, hogy az \u00f6sszetev\u0151k list\u00e1ja id\u0151vel n\u00e9mileg v\u00e1ltozhat a term\u00e9kfejleszt\u00e9sek miatt. Tekintse meg a term\u00e9k csomagol\u00e1s\u00e1t a legfrissebb inform\u00e1ci\u00f3k\u00e9rt.<\/em>","_v2024__usage_content__left_content":"<strong>HOL<\/strong>: nyak, dekolt\u00e1zs \u00e9s mellkas\r\n\r\n<strong>MIKOR<\/strong>: reggel \u00e9s este\r\n\r\n<strong>HOGYAN<\/strong>: f\u00fajja tiszta, sz\u00e1raz b\u0151rre, \u00e9s gyeng\u00e9den massz\u00edrozza be, am\u00edg felsz\u00edv\u00f3dik","_v2024__usage_content__right_bottom_content":"","_v2024__usage_content__note":"<strong>FONTOS TUDNI<\/strong>\r\n\r\nH\u0171v\u00f6s, s\u00f6t\u00e9t, sz\u00e1raz helyen t\u00e1roland\u00f3. Kiz\u00e1r\u00f3lag k\u00fcls\u0151 haszn\u00e1latra. Ha a k\u00e9sz\u00edtm\u00e9ny irrit\u00e1lja, f\u00fcggessze fel a haszn\u00e1lat\u00e1t. S\u00e9r\u00fclt, sebes b\u0151rre nem szabad haszn\u00e1lni. Ker\u00fclje a szembe jut\u00e1st.","_v2024__usage_content__storage":""},"_links":{"self":[{"href":"https:\/\/cocosolis.com\/hu\/wp-json\/wp\/v2\/product\/1000054196","targetHints":{"allow":["GET"]}}],"collection":[{"href":"https:\/\/cocosolis.com\/hu\/wp-json\/wp\/v2\/product"}],"about":[{"href":"https:\/\/cocosolis.com\/hu\/wp-json\/wp\/v2\/types\/product"}],"wp:featuredmedia":[{"embeddable":true,"href":"https:\/\/cocosolis.com\/hu\/wp-json\/"}],"wp:attachment":[{"href":"https:\/\/cocosolis.com\/hu\/wp-json\/wp\/v2\/media?parent=1000054196"}],"wp:term":[{"taxonomy":"product_brand","embeddable":true,"href":"https:\/\/cocosolis.com\/hu\/wp-json\/wp\/v2\/product_brand?post=1000054196"},{"taxonomy":"product_cat","embeddable":true,"href":"https:\/\/cocosolis.com\/hu\/wp-json\/wp\/v2\/product_cat?post=1000054196"},{"taxonomy":"product_tag","embeddable":true,"href":"https:\/\/cocosolis.com\/hu\/wp-json\/wp\/v2\/product_tag?post=1000054196"},{"taxonomy":"product_template","embeddable":true,"href":"https:\/\/cocosolis.com\/hu\/wp-json\/wp\/v2\/product_template?post=1000054196"}],"curies":[{"name":"wp","href":"https:\/\/api.w.org\/{rel}","templated":true}]}}