{"id":1000054195,"date":"2025-07-07T15:10:51","date_gmt":"2025-07-07T13:10:51","guid":{"rendered":"https:\/\/cocosolis.com\/hu\/product\/slim-shaping-serum\/"},"modified":"2026-04-30T10:44:46","modified_gmt":"2026-04-30T08:44:46","slug":"slim-shaping-serum","status":"publish","type":"product","link":"https:\/\/cocosolis.com\/hu\/product\/slim-shaping-serum\/","title":{"rendered":"SLIM+ Shaping Serum"},"content":{"rendered":"","protected":false},"excerpt":{"rendered":"","protected":false},"featured_media":1000008661,"template":"","meta":{"_acf_changed":false},"product_brand":[],"product_cat":[19],"product_tag":[],"product_template":[67],"class_list":{"0":"post-1000054195","1":"product","2":"type-product","3":"status-publish","4":"has-post-thumbnail","6":"product_cat-skin","7":"product_template-v-2024-clean","9":"first","10":"instock","11":"shipping-taxable","12":"purchasable","13":"product-type-simple"},"acf":{"_v2024__listing_and_sharing_info__listing_category":"SLIM+","_v2024__listing_and_sharing_info__product_type":"Shaping Serum","_v2024__listing__and_sharing_info__listing_below_title_in_product_page":"Alakform\u00e1l\u00f3 sz\u00e9rumkoncentr\u00e1tum. C\u00e9lzott hat\u00e1s a zs\u00edr, a megereszkedett b\u0151r \u00e9s a stri\u00e1k ellen. Cs\u00f6kkenti a ker\u00fcletet.<br><strong>Ter\u00fclet: has \u00e9s karok<\/strong>","_v2024__listing_and_sharing_info__listing_description":"Alakform\u00e1l\u00f3 sz\u00e9rumkoncentr\u00e1tum. C\u00e9lzott hat\u00e1s a zs\u00edr, a megereszkedett b\u0151r \u00e9s a stri\u00e1k ellen.<br><strong>Ter\u00fclet: has \u00e9s karok<\/strong>","_v2024__listing_and_sharing_info__image":1000008662,"_v2024__product_hero__hero_type":"carousel","_v2024__product_hero__product_slider_gallery":[{"_v2024__product_hero__product_slider_gallery__image":1000008529,"_v2024__product_hero__product_slider_gallery__video_link":""},{"_v2024__product_hero__product_slider_gallery__image":1000008585,"_v2024__product_hero__product_slider_gallery__video_link":""},{"_v2024__product_hero__product_slider_gallery__image":1000008586,"_v2024__product_hero__product_slider_gallery__video_link":""},{"_v2024__product_hero__product_slider_gallery__image":1000008587,"_v2024__product_hero__product_slider_gallery__video_link":""},{"_v2024__product_hero__product_slider_gallery__image":1000008588,"_v2024__product_hero__product_slider_gallery__video_link":""},{"_v2024__product_hero__product_slider_gallery__image":1000008589,"_v2024__product_hero__product_slider_gallery__video_link":""},{"_v2024__product_hero__product_slider_gallery__image":1000008590,"_v2024__product_hero__product_slider_gallery__video_link":""},{"_v2024__product_hero__product_slider_gallery__image":1000008530,"_v2024__product_hero__product_slider_gallery__video_link":""}],"_v2024__before_and_after_image":"","_v2024__before_and_after_image_mobile":"","_v2024__product_hero__quantity":"100 ML","_v2024__product_hero__product_disclamer":"","_v2024__why_use__should_show":"visible","_v2024__why_use__description_text":"C\u00e9lzott formula a has \u00e9s a karok sz\u00e1m\u00e1ra. 9 term\u00e9szetes \u00f6sszetev\u0151 klinikailag bizony\u00edtott hat\u00e1sokkal t\u00e1madja meg a zs\u00edrt \u00e9s feszes\u00edti a b\u0151rt. L\u00e1that\u00f3 eredm\u00e9nyek m\u00e1r egy h\u00f3nap ut\u00e1n.","_v2024__why_use__text_content":"<ul>\r\n \t<li><strong>\u00c1talak\u00edt\u00f3 hat\u00e1s<\/strong>: cs\u00f6kkenti a ker\u00fcletet, feszes\u00edt \u00e9s form\u00e1lja a b\u0151rt<\/li>\r\n \t<li><strong>Kieg\u00e9sz\u00edt\u0151 hat\u00e1s<\/strong>: n\u00f6veli a b\u0151r rugalmass\u00e1g\u00e1t \u00e9s megakad\u00e1lyozza a stri\u00e1k megjelen\u00e9s\u00e9t<\/li>\r\n \t<li><strong>Illat<\/strong>: v\u00e9rnarancs<\/li>\r\n \t<li><strong>Ter\u00fclet<\/strong>: has \u00e9s karok<\/li>\r\n<\/ul>","_v2024__why_use__product_notes_and_remarks":"","_v2024__why_use__background_color":"#FBF1EB","_v2024__why_use__heading_color":"#816c65","_v2024__why_use__text_color":"#816c65","_v2024__why_use__image_desktop":1000008633,"_v2024__why_use__image_mobile":1000008634,"_v2024__stats_show":false,"_v2024__stats_repeater":null,"_v2024__stats_repeater_disclaimer":null,"_v2024__benefits__icons_repeater":[{"_v2024__benefit__icons_repeater_icon":1000008673,"_v2024__benefit__icons_repeater_text":"CS\u00d6KKENTI A KER\u00dcLETET"},{"_v2024__benefit__icons_repeater_icon":1000008666,"_v2024__benefit__icons_repeater_text":"FESZES\u00cdT \u00c9S FORM\u00c1L"},{"_v2024__benefit__icons_repeater_icon":1000008671,"_v2024__benefit__icons_repeater_text":"V\u00c9D A STRI\u00c1K ELLEN"},{"_v2024__benefit__icons_repeater_icon":1000008663,"_v2024__benefit__icons_repeater_text":"V\u00c9RNARANCS ILLAT\u00da"}],"_v2024__image_ingreddients__intro_text":"Gazdag, term\u00e9szetes formula innovat\u00edv \u00f6sszetev\u0151kkel, amelyek zs\u00edr \u00e9get\u0151 hat\u00e1sa van, serkenti a kollag\u00e9ntermel\u00e9st \u00e9s hidrat\u00e1lja a b\u0151rt. Hat\u00e1s\u00e1t 5 n\u00f6v\u00e9nyi kivonat fokozza.","_v2024__image_ingreddients__additional_description":"","_v2024__image_ingreddients__disclamer_inner":"","_v2024__image_ingredients__repeater":[{"_v2024__image_ingredients__ingredient_image":1000008649,"_v2024__image_ingredients__ingredient_title":"PINK PEPPERSLIM\u2122","_v2024__image_ingredients__ingredient_description":"Dupla adagban alkalmazva biztos\u00edtja az akt\u00edv zs\u00edr\u00e9get\u00e9st \u00e9s a mikrokering\u00e9st. Korl\u00e1tozza a zs\u00edrlerak\u00f3d\u00e1sok lerak\u00f3d\u00e1s\u00e1t, elvezet\u00e9s\u00e9t."},{"_v2024__image_ingredients__ingredient_image":1000008643,"_v2024__image_ingredients__ingredient_title":"DERMOSCULPT\u2122","_v2024__image_ingredients__ingredient_description":"Innov\u00e1ci\u00f3 a stri\u00e1k ellen 360\u00b0-os z\u00f6ld kollag\u00e9n\u00e9p\u00edt\u0151 hat\u00e1ssal. Egy er\u0151teljes hat\u00f3anyag, amely serkenti a kollag\u00e9n \u00e9s a kulcsfontoss\u00e1g\u00fa gl\u00fck\u00f3zaminoglik\u00e1nok (GAGs), p\u00e9ld\u00e1ul a hialuronsav termel\u00e9s\u00e9t. Er\u0151s\u00edti a b\u0151r szerkezet\u00e9t, n\u00f6veli a rugalmass\u00e1g\u00e1t, m\u00e9lyhidrat\u00e1l\u00e1st \u00e9s lifting hat\u00e1st biztos\u00edt."},{"_v2024__image_ingredients__ingredient_image":1000008639,"_v2024__image_ingredients__ingredient_title":"BODYFERM\u2122","_v2024__image_ingredients__ingredient_description":"Bizony\u00edtottan cs\u00f6kkenti a has \u00e9s a karok ker\u00fclet\u00e9t. Feszes\u00edti a probl\u00e9m\u00e1s ter\u00fcleteket, el\u0151seg\u00edti a mikrokering\u00e9st, \u00e9s beind\u00edtja a b\u0151r alatti zs\u00edr olvad\u00e1si folyamatait."},{"_v2024__image_ingredients__ingredient_image":1000002902,"_v2024__image_ingredients__ingredient_title":"AQUAXYL\u2122 + GLYCERIN","_v2024__image_ingredients__ingredient_description":"Er\u0151s hidrat\u00e1l\u00e1s\u00e9rt felel\u0151s kombin\u00e1ci\u00f3. Ceramidok szint\u00e9zise \u00e9s \u00f6reged\u00e9sg\u00e1tl\u00f3 hat\u00e1s. A b\u0151r t\u00f6bb mint 24 \u00f3r\u00e1n \u00e1t ragyog\u00f3, sima \u00e9s hidrat\u00e1lt marad."},{"_v2024__image_ingredients__ingredient_image":1000008647,"_v2024__image_ingredients__ingredient_title":"GUARANA","_v2024__image_ingredients__ingredient_description":"Koffeinben gazdag kivonat, amely serkenti a zs\u00edrlebont\u00e1st \u00e9s jav\u00edtja a mikrokering\u00e9st. Cs\u00f6kkenti a folyad\u00e9kretenci\u00f3t."},{"_v2024__image_ingredients__ingredient_image":1000008650,"_v2024__image_ingredients__ingredient_title":"F\u00dcGEKAKTUSZ","_v2024__image_ingredients__ingredient_description":"Ez a kivonat cs\u00f6kkenti a narancsb\u0151rt megjelen\u00e9s\u00e9t az\u00e1ltal, hogy jav\u00edtja a b\u0151r text\u00far\u00e1j\u00e1t \u00e9s rugalmass\u00e1g\u00e1t. Hidrat\u00e1lja, m\u00e9regtelen\u00edti \u00e9s el\u0151seg\u00edti a regener\u00e1ci\u00f3t."},{"_v2024__image_ingredients__ingredient_image":1000008638,"_v2024__image_ingredients__ingredient_title":"V\u00d6R\u00d6S NARANCS","_v2024__image_ingredients__ingredient_description":"Egy kivonat, amely serkenti a v\u00e9rkering\u00e9st \u00e9s cs\u00f6kkenti a zs\u00edrlerak\u00f3d\u00e1st. Antioxid\u00e1nsokban gazdag, jav\u00edtja a b\u0151r rugalmass\u00e1g\u00e1t \u00e9s t\u00f3nus\u00e1t."},{"_v2024__image_ingredients__ingredient_image":1000008645,"_v2024__image_ingredients__ingredient_title":"Z\u00d6LD K\u00c1V\u00c9","_v2024__image_ingredients__ingredient_description":"Egy kivonat, amely serkenti a termogenezist, felgyors\u00edtja a b\u0151r anyagcser\u00e9j\u00e9t \u00e9s el\u0151seg\u00edti a zs\u00edrlebont\u00e1st. Klorog\u00e9nsavat tartalmaz, amely jav\u00edtja a mikrokering\u00e9st \u00e9s cs\u00f6kkenti a narancsb\u0151r megjelen\u00e9s\u00e9t."},{"_v2024__image_ingredients__ingredient_image":1000004197,"_v2024__image_ingredients__ingredient_title":"K\u00d3KUSZ","_v2024__image_ingredients__ingredient_description":"M\u00e9lyen hidrat\u00e1l\u00f3, t\u00e1pl\u00e1l\u00f3 \u00e9s puh\u00edt\u00f3 kivonat. T\u00e1mogatja a b\u0151r v\u00e9d\u0151r\u00e9teg\u00e9t, jav\u00edtja a rugalmass\u00e1g\u00e1t, \u00e9s sima, feszes megjelen\u00e9st k\u00f6lcs\u00f6n\u00f6z."}],"_v2024__image_ingredients__all_ingredients":"AQUA*, GLYCERIN*, POLYSORBATE 20, PUNICA GRANATUM PERICARP EXTRACT*, CORYLUS AVELLANA SEED EXTRACT*, SACCHAROMYCES FERMENT LYSATE FILTRATE*, CHLORELLA VULGARIS EXTRACT*, SCHINUS TEREBINTHIFOLIA SEED EXTRACT*, XYLITYLGLUCOSIDE*, ANHYDROXYLITOL*, XYLITOL*, VACCINIUM MYRTILLUS FRUIT EXTRACT*, COFFEA ARABICA SEED EXTRACT*, OPUNTIA FICUS-INDICA FLOWER EXTRACT*, HYLOCEREUS UNDATUS FRUIT EXTRACT*, COCOS NUCIFERA FRUIT EXTRACT*, CAPSICUM FRUTESCENS FRUIT EXTRACT*, PAULLINIA CUPANA SEED EXTRACT*, CITRIC ACID*, ACACIA SENEGAL GUM*, XANTHAN GUM*, LACTIC ACID*, SODIUM LEVULINATE*, CITRUS AURANTIUM PEEL OIL*, SODIUM PHYTATE*, SODIUM BENZOATE, POTASSIUM SORBATE, LIMONENE, PINENE, LINALOOL\r\n\r\n<em>* Term\u00e9szetes eredet\u0171 \u00f6sszetev\u0151k<\/em>\r\n\r\n<em>K\u00e9rj\u00fck, vegye figyelembe, hogy az \u00f6sszetev\u0151k list\u00e1ja id\u0151vel n\u00e9mileg v\u00e1ltozhat a term\u00e9kfejleszt\u00e9sek miatt. Tekintse meg a term\u00e9k csomagol\u00e1s\u00e1t a legfrissebb inform\u00e1ci\u00f3k\u00e9rt.<\/em>","_v2024__usage_content__left_content":"<strong>HOL<\/strong>: has \u00e9s karok\r\n\r\n<strong>MIKOR<\/strong>: reggel \u00e9s este\r\n\r\n<strong>HOGYAN<\/strong>: tiszta, sz\u00e1raz b\u0151rre massz\u00edroz\u00f3 mozdulatokkal vigye fel, am\u00edg teljesen felsz\u00edv\u00f3dik\r\n\r\n<strong>A LEGJOBB EREDM\u00c9NY \u00c9RDEK\u00c9BEN<\/strong>: kombin\u00e1lja BODY GUA SHA massz\u00edroz\u00f3nkkal \u00e9s SKIN olajjal b\u0151re els\u0151dleges ig\u00e9nyei szerint","_v2024__usage_content__right_bottom_content":"","_v2024__usage_content__note":"<strong>FONTOS TUDNI<\/strong>\r\n\r\nH\u0171v\u00f6s, s\u00f6t\u00e9t, sz\u00e1raz helyen t\u00e1roland\u00f3. Kiz\u00e1r\u00f3lag k\u00fcls\u0151 haszn\u00e1latra. Ha a k\u00e9sz\u00edtm\u00e9ny irrit\u00e1lja, f\u00fcggessze fel a haszn\u00e1lat\u00e1t. S\u00e9r\u00fclt, sebes b\u0151rre nem szabad haszn\u00e1lni.","_v2024__usage_content__storage":""},"_links":{"self":[{"href":"https:\/\/cocosolis.com\/hu\/wp-json\/wp\/v2\/product\/1000054195","targetHints":{"allow":["GET"]}}],"collection":[{"href":"https:\/\/cocosolis.com\/hu\/wp-json\/wp\/v2\/product"}],"about":[{"href":"https:\/\/cocosolis.com\/hu\/wp-json\/wp\/v2\/types\/product"}],"wp:featuredmedia":[{"embeddable":true,"href":"https:\/\/cocosolis.com\/hu\/wp-json\/"}],"wp:attachment":[{"href":"https:\/\/cocosolis.com\/hu\/wp-json\/wp\/v2\/media?parent=1000054195"}],"wp:term":[{"taxonomy":"product_brand","embeddable":true,"href":"https:\/\/cocosolis.com\/hu\/wp-json\/wp\/v2\/product_brand?post=1000054195"},{"taxonomy":"product_cat","embeddable":true,"href":"https:\/\/cocosolis.com\/hu\/wp-json\/wp\/v2\/product_cat?post=1000054195"},{"taxonomy":"product_tag","embeddable":true,"href":"https:\/\/cocosolis.com\/hu\/wp-json\/wp\/v2\/product_tag?post=1000054195"},{"taxonomy":"product_template","embeddable":true,"href":"https:\/\/cocosolis.com\/hu\/wp-json\/wp\/v2\/product_template?post=1000054195"}],"curies":[{"name":"wp","href":"https:\/\/api.w.org\/{rel}","templated":true}]}}