{"id":1000054194,"date":"2025-07-07T15:10:51","date_gmt":"2025-07-07T13:10:51","guid":{"rendered":"https:\/\/cocosolis.com\/hu\/product\/skin-anti-cellulite-serum\/"},"modified":"2026-04-06T15:27:59","modified_gmt":"2026-04-06T13:27:59","slug":"skin-anti-cellulite-serum","status":"publish","type":"product","link":"https:\/\/cocosolis.com\/hu\/product\/skin-anti-cellulite-serum\/","title":{"rendered":"SKIN+ Anti-cellulite Serum"},"content":{"rendered":"","protected":false},"excerpt":{"rendered":"","protected":false},"featured_media":1000008659,"template":"","meta":{"_acf_changed":false},"product_brand":[],"product_cat":[19],"product_tag":[],"product_template":[67],"class_list":{"0":"post-1000054194","1":"product","2":"type-product","3":"status-publish","4":"has-post-thumbnail","6":"product_cat-skin","7":"product_template-v-2024-clean","9":"first","10":"instock","11":"shipping-taxable","12":"purchasable","13":"product-type-simple"},"acf":{"_v2024__listing_and_sharing_info__listing_category":"SKIN+","_v2024__listing_and_sharing_info__product_type":"Anti-cellulite Serum","_v2024__listing__and_sharing_info__listing_below_title_in_product_page":"Narancsb\u0151r elleni sz\u00e9rum koncentr\u00e1tum. Tudom\u00e1nyosan al\u00e1t\u00e1masztott megold\u00e1s a l\u00e1that\u00f3 narancsb\u0151r cs\u00f6kkent\u00e9sre, a fen\u00e9k \u00e9s a combok sim\u00e1bb\u00e1 \u00e9s feszesebb\u00e9 t\u00e9tel\u00e9re.<br><strong>Ter\u00fclet: fen\u00e9k \u00e9s combok<\/strong>","_v2024__listing_and_sharing_info__listing_description":"Narancsb\u0151r elleni sz\u00e9rum koncentr\u00e1tum. Tudom\u00e1nyosan al\u00e1t\u00e1masztott megold\u00e1s a l\u00e1that\u00f3 eredm\u00e9nyek\u00e9rt.<br><strong>Ter\u00fclet: fen\u00e9k \u00e9s combok<\/strong>","_v2024__listing_and_sharing_info__image":1000008660,"_v2024__product_hero__hero_type":"carousel","_v2024__product_hero__product_slider_gallery":[{"_v2024__product_hero__product_slider_gallery__image":1000008437,"_v2024__product_hero__product_slider_gallery__video_link":""},{"_v2024__product_hero__product_slider_gallery__image":1000008487,"_v2024__product_hero__product_slider_gallery__video_link":""},{"_v2024__product_hero__product_slider_gallery__image":1000008488,"_v2024__product_hero__product_slider_gallery__video_link":""},{"_v2024__product_hero__product_slider_gallery__image":1000008489,"_v2024__product_hero__product_slider_gallery__video_link":""},{"_v2024__product_hero__product_slider_gallery__image":1000008490,"_v2024__product_hero__product_slider_gallery__video_link":""},{"_v2024__product_hero__product_slider_gallery__image":1000008491,"_v2024__product_hero__product_slider_gallery__video_link":""},{"_v2024__product_hero__product_slider_gallery__image":1000008492,"_v2024__product_hero__product_slider_gallery__video_link":""},{"_v2024__product_hero__product_slider_gallery__image":1000008438,"_v2024__product_hero__product_slider_gallery__video_link":""}],"_v2024__before_and_after_image":"","_v2024__before_and_after_image_mobile":"","_v2024__product_hero__quantity":"100 ML","_v2024__product_hero__product_disclamer":"","_v2024__why_use__should_show":"visible","_v2024__why_use__description_text":"Tudom\u00e1nyosan al\u00e1t\u00e1masztott narancsb\u0151r elleni megold\u00e1s a l\u00e1that\u00f3 eredm\u00e9nyek\u00e9rt m\u00e1r egy h\u00f3nap alatt. T\u00f6bb mint 10 term\u00e9szetes kulcs\u00f6sszetev\u0151 magas koncentr\u00e1ci\u00f3ban \u00e9s c\u00e9lzott hat\u00e1ssal a fen\u00e9k \u00e9s a combok ter\u00fclet\u00e9n.","_v2024__why_use__text_content":"<ul>\r\n \t<li><strong>\u00c1talak\u00edt\u00f3 hat\u00e1s<\/strong>: l\u00e1that\u00f3an cs\u00f6kkenti a narancsb\u0151rt, n\u00f6veli a kollag\u00e9ntermel\u00e9st, sim\u00edt \u00e9s form\u00e1l<\/li>\r\n \t<li><strong>Kieg\u00e9sz\u00edt\u0151 hat\u00e1s<\/strong>: zs\u00edrt \u00e9get, m\u00e9regtelen\u00edt, hidrat\u00e1l, antioxid\u00e1nsokkal t\u00f6lt fel \u00e9s f\u00e9nyes fel\u00fcletet biztos\u00edt<\/li>\r\n \t<li><strong>Illat<\/strong>: \u00e1fony\u00e1s fagylalt<\/li>\r\n \t<li><strong>Ter\u00fclet<\/strong>: fen\u00e9k \u00e9s combok<\/li>\r\n<\/ul>","_v2024__why_use__product_notes_and_remarks":"","_v2024__why_use__background_color":"#FBF1EB","_v2024__why_use__heading_color":"#816c65","_v2024__why_use__text_color":"#816c65","_v2024__why_use__image_desktop":1000008631,"_v2024__why_use__image_mobile":1000008632,"_v2024__stats_show":false,"_v2024__stats_repeater":null,"_v2024__stats_repeater_disclaimer":null,"_v2024__benefits__icons_repeater":[{"_v2024__benefit__icons_repeater_icon":1000008679,"_v2024__benefit__icons_repeater_text":"CS\u00d6KKENTI A NARANCSB\u0150RT"},{"_v2024__benefit__icons_repeater_icon":1000008675,"_v2024__benefit__icons_repeater_text":"ZS\u00cdR\u00c9GET\u00c9S"},{"_v2024__benefit__icons_repeater_icon":1000008676,"_v2024__benefit__icons_repeater_text":"SIM\u00cdT"},{"_v2024__benefit__icons_repeater_icon":1000008664,"_v2024__benefit__icons_repeater_text":"\u00c1FONYAFAGYLALT ILLAT\u00da"}],"_v2024__image_ingreddients__intro_text":"10 term\u00e9szetes \u00f6sszetev\u0151b\u0151l \u00e1ll\u00f3 innovat\u00edv formula, melyek szinergi\u00e1ban hatnak: magas koncentr\u00e1ci\u00f3j\u00fa, klinikailag bizony\u00edtott narancsb\u0151r elleni hat\u00e1s\u00fa hat\u00f3anyagok, hidrat\u00e1l\u00f3 szerek \u00e9s n\u00f6v\u00e9nyi kivonatok.","_v2024__image_ingreddients__additional_description":"","_v2024__image_ingreddients__disclamer_inner":"","_v2024__image_ingredients__repeater":[{"_v2024__image_ingredients__ingredient_image":1000008637,"_v2024__image_ingredients__ingredient_title":"ACTIPORINE 8G\u2122","_v2024__image_ingredients__ingredient_description":"Maxim\u00e1lis koncentr\u00e1ci\u00f3j\u00fa narancsb\u0151r elleni innov\u00e1ci\u00f3. L\u00e1that\u00f3an cs\u00f6kkenti a narancsb\u0151rt az\u00e1ltal, hogy m\u00e9lyen hat r\u00e1. Er\u0151s kollag\u00e9nserkent\u0151k\u00e9nt m\u0171k\u00f6dik, feszes\u00edti a probl\u00e9m\u00e1s ter\u00fcleteket \u00e9s sim\u00edtja a b\u0151rfelsz\u00ednt."},{"_v2024__image_ingredients__ingredient_image":1000008649,"_v2024__image_ingredients__ingredient_title":"PINK PEPPERSLIM\u2122","_v2024__image_ingredients__ingredient_description":"Dupla adagban alkalmazva biztos\u00edtja az akt\u00edv zs\u00edr\u00e9get\u00e9st \u00e9s a mikrokering\u00e9st. Korl\u00e1tozza a zs\u00edrlerak\u00f3d\u00e1sok lerak\u00f3d\u00e1s\u00e1t, elvezet\u00e9s\u00e9t."},{"_v2024__image_ingredients__ingredient_image":1000008639,"_v2024__image_ingredients__ingredient_title":"BODYFERM\u2122","_v2024__image_ingredients__ingredient_description":"Bizony\u00edtottan cs\u00f6kkenti a cs\u00edp\u0151 \u00e9s a comb ker\u00fclet\u00e9t. Feszes\u00edti a probl\u00e9m\u00e1s ter\u00fcleteket, el\u0151seg\u00edti a mikrokering\u00e9st, \u00e9s beind\u00edtja a b\u0151r alatti zs\u00edr olvad\u00e1si folyamatait."},{"_v2024__image_ingredients__ingredient_image":1000002902,"_v2024__image_ingredients__ingredient_title":"AQUAXYL\u2122 + GLYCERIN","_v2024__image_ingredients__ingredient_description":"Er\u0151s hidrat\u00e1l\u00e1s\u00e9rt felel\u0151s kombin\u00e1ci\u00f3. Ceramidok szint\u00e9zise \u00e9s \u00f6reged\u00e9sg\u00e1tl\u00f3 hat\u00e1s. A b\u0151r t\u00f6bb mint 24 \u00f3r\u00e1n \u00e1t ragyog\u00f3, sima \u00e9s hidrat\u00e1lt marad."},{"_v2024__image_ingredients__ingredient_image":1000008647,"_v2024__image_ingredients__ingredient_title":"GUARANA","_v2024__image_ingredients__ingredient_description":"Koffeinben gazdag kivonat, amely serkenti a zs\u00edrlebont\u00e1st \u00e9s jav\u00edtja a mikrokering\u00e9st. Cs\u00f6kkenti a folyad\u00e9kretenci\u00f3t."},{"_v2024__image_ingredients__ingredient_image":1000008650,"_v2024__image_ingredients__ingredient_title":"F\u00dcGEKAKTUSZ","_v2024__image_ingredients__ingredient_description":"Ez a kivonat cs\u00f6kkenti a narancsb\u0151r megjelen\u00e9s\u00e9t az\u00e1ltal, hogy jav\u00edtja a b\u0151r text\u00far\u00e1j\u00e1t \u00e9s rugalmass\u00e1g\u00e1t. Hidrat\u00e1lja, m\u00e9regtelen\u00edti \u00e9s el\u0151seg\u00edti a regener\u00e1ci\u00f3t."},{"_v2024__image_ingredients__ingredient_image":1000008646,"_v2024__image_ingredients__ingredient_title":"Z\u00d6LD DI\u00d3","_v2024__image_ingredients__ingredient_description":"Egy er\u0151s antioxid\u00e1ns \u00e9s m\u00e9regtelen\u00edt\u0151 tulajdons\u00e1gokkal rendelkez\u0151 kivonat. Hat\u00e1ssal van a zs\u00edranyagcser\u00e9re, jav\u00edtja a rugalmass\u00e1got \u00e9s form\u00e1lja az alakot."},{"_v2024__image_ingredients__ingredient_image":1000008644,"_v2024__image_ingredients__ingredient_title":"S\u00c1RK\u00c1NYGY\u00dcM\u00d6LCS","_v2024__image_ingredients__ingredient_description":"Ez a kivonat jav\u00edtja a b\u0151r rugalmass\u00e1g\u00e1t, ragyog\u00e1s\u00e1t \u00e9s helyre\u00e1ll\u00edtja a b\u0151r szerkezet\u00e9t."},{"_v2024__image_ingredients__ingredient_image":1000006709,"_v2024__image_ingredients__ingredient_title":"\u00c1FONYA","_v2024__image_ingredients__ingredient_description":"Ez a kivonat v\u00e9d a szabad gy\u00f6k\u00f6k ellen, seg\u00edti a m\u00e9regtelen\u00edt\u00e9st \u00e9s jav\u00edtja a mikrokering\u00e9st. Feszes\u00edt, sim\u00edt \u00e9s toniz\u00e1l."},{"_v2024__image_ingredients__ingredient_image":1000004197,"_v2024__image_ingredients__ingredient_title":"K\u00d3KUSZ","_v2024__image_ingredients__ingredient_description":"M\u00e9lyen hidrat\u00e1l\u00f3, t\u00e1pl\u00e1l\u00f3 \u00e9s puh\u00edt\u00f3 kivonat. T\u00e1mogatja a b\u0151r v\u00e9d\u0151r\u00e9teg\u00e9t, jav\u00edtja a rugalmass\u00e1g\u00e1t, \u00e9s sima, feszes megjelen\u00e9st k\u00f6lcs\u00f6n\u00f6z."}],"_v2024__image_ingredients__all_ingredients":"AQUA*, GLYCERIN*, POLYSORBATE 20, JANIA RUBENS EXTRACT*, SCHINUS TEREBINTHIFOLIA SEED EXTRACT*, PUNICA GRANATUM PERICARP EXTRACT*, CORYLUS AVELLANA SEED EXTRACT*, SACCHAROMYCES FERMENT LYSATE FILTRATE*, HYDROLYZED WALNUT EXTRACT*, XYLITYLGLUCOSIDE*, ANHYDROXYLITOL*, XYLITOL*, VACCINIUM MYRTILLUS FRUIT EXTRACT*, COFFEA ARABICA SEED EXTRACT*, OPUNTIA FICUS-INDICA FLOWER EXTRACT*, HYLOCEREUS UNDATUS FRUIT EXTRACT*, COCOS NUCIFERA FRUIT EXTRACT*, CAPSICUM FRUTESCENS FRUIT EXTRACT*, PAULLINIA CUPANA SEED EXTRACT*, CITRIC ACID*, ACACIA SENEGAL GUM*, XANTHAN GUM*, LACTIC ACID*, SODIUM LEVULINATE*, AROMA, SODIUM PHYTATE*, SODIUM BENZOATE, POTASSIUM SORBATE, LINALOOL, LINALYL ACETATE, VANILLIN, CITRONELLOL\r\n\r\n<em>* Term\u00e9szetes eredet\u0171 \u00f6sszetev\u0151k<\/em>\r\n\r\n<em>K\u00e9rj\u00fck, vegye figyelembe, hogy az \u00f6sszetev\u0151k list\u00e1ja id\u0151vel n\u00e9mileg v\u00e1ltozhat a term\u00e9kfejleszt\u00e9sek miatt. Tekintse meg a term\u00e9k csomagol\u00e1s\u00e1t a legfrissebb inform\u00e1ci\u00f3k\u00e9rt.<\/em>","_v2024__usage_content__left_content":"<strong>HOL<\/strong>: fen\u00e9k \u00e9s comb\r\n\r\n<strong>MIKOR<\/strong>: reggel \u00e9s este\r\n\r\n<strong>HOGYAN<\/strong>: tiszta, sz\u00e1raz b\u0151rre massz\u00edroz\u00f3 mozdulatokkal vigye fel, am\u00edg teljesen felsz\u00edv\u00f3dik.\r\n\r\n<strong>A LEGJOBB EREDM\u00c9NY \u00c9RDEK\u00c9BEN<\/strong>: vigye fel kedvenc SKIN anticellulite sz\u00e1raz olaja el\u0151tt, \u00e9s kombin\u00e1lja a GUA SHA massz\u00edroz\u00f3val","_v2024__usage_content__right_bottom_content":"","_v2024__usage_content__note":"<strong>FONTOS TUDNI<\/strong>\r\n\r\nH\u0171v\u00f6s, s\u00f6t\u00e9t, sz\u00e1raz helyen t\u00e1roland\u00f3. Kiz\u00e1r\u00f3lag k\u00fcls\u0151 haszn\u00e1latra. Ha a k\u00e9sz\u00edtm\u00e9ny irrit\u00e1lja, f\u00fcggessze fel a haszn\u00e1lat\u00e1t. S\u00e9r\u00fclt, sebes b\u0151rre nem szabad haszn\u00e1lni.","_v2024__usage_content__storage":""},"_links":{"self":[{"href":"https:\/\/cocosolis.com\/hu\/wp-json\/wp\/v2\/product\/1000054194","targetHints":{"allow":["GET"]}}],"collection":[{"href":"https:\/\/cocosolis.com\/hu\/wp-json\/wp\/v2\/product"}],"about":[{"href":"https:\/\/cocosolis.com\/hu\/wp-json\/wp\/v2\/types\/product"}],"wp:featuredmedia":[{"embeddable":true,"href":"https:\/\/cocosolis.com\/hu\/wp-json\/"}],"wp:attachment":[{"href":"https:\/\/cocosolis.com\/hu\/wp-json\/wp\/v2\/media?parent=1000054194"}],"wp:term":[{"taxonomy":"product_brand","embeddable":true,"href":"https:\/\/cocosolis.com\/hu\/wp-json\/wp\/v2\/product_brand?post=1000054194"},{"taxonomy":"product_cat","embeddable":true,"href":"https:\/\/cocosolis.com\/hu\/wp-json\/wp\/v2\/product_cat?post=1000054194"},{"taxonomy":"product_tag","embeddable":true,"href":"https:\/\/cocosolis.com\/hu\/wp-json\/wp\/v2\/product_tag?post=1000054194"},{"taxonomy":"product_template","embeddable":true,"href":"https:\/\/cocosolis.com\/hu\/wp-json\/wp\/v2\/product_template?post=1000054194"}],"curies":[{"name":"wp","href":"https:\/\/api.w.org\/{rel}","templated":true}]}}