{"id":1000054193,"date":"2025-07-07T15:10:51","date_gmt":"2025-07-07T13:10:51","guid":{"rendered":"https:\/\/cocosolis.com\/hu\/product\/hot-fat-burning-serum\/"},"modified":"2026-04-13T10:42:57","modified_gmt":"2026-04-13T08:42:57","slug":"hot-fat-burning-serum","status":"publish","type":"product","link":"https:\/\/cocosolis.com\/hu\/product\/hot-fat-burning-serum\/","title":{"rendered":"HOT+ Fat-burning Serum"},"content":{"rendered":"","protected":false},"excerpt":{"rendered":"","protected":false},"featured_media":1000008635,"template":"","meta":{"_acf_changed":false},"product_brand":[],"product_cat":[19],"product_tag":[],"product_template":[67],"class_list":{"0":"post-1000054193","1":"product","2":"type-product","3":"status-publish","4":"has-post-thumbnail","6":"product_cat-skin","7":"product_template-v-2024-clean","9":"first","10":"instock","11":"shipping-taxable","12":"purchasable","13":"product-type-simple"},"acf":{"_v2024__listing_and_sharing_info__listing_category":"HOT+","_v2024__listing_and_sharing_info__product_type":"Fat-burning Serum","_v2024__listing__and_sharing_info__listing_below_title_in_product_page":"Termikus sz\u00e9rum fogy\u00e1shoz. Klinikailag bizony\u00edtott \u00f6sszetev\u0151ket tartalmaz\u00f3 formula a zs\u00edr\u00e9get\u00e9s\u00e9rt, feszes\u00edt\u00e9s\u00e9rt \u00e9s sim\u00edt\u00e1s\u00e9rt.<br><strong>Ter\u00fclet: fen\u00e9k \u00e9s combok<br>Meleg\u00edt\u0151 hat\u00e1s<\/strong>","_v2024__listing_and_sharing_info__listing_description":"Termo sz\u00e9rum fogy\u00e1shoz. Klinikailag bizony\u00edtott zs\u00edr\u00e9get\u0151 \u00f6sszetev\u0151ket tartalmaz\u00f3 formula.<br><strong>Ter\u00fclet: fen\u00e9k \u00e9s combok<\/strong>","_v2024__listing_and_sharing_info__image":1000008636,"_v2024__product_hero__hero_type":"carousel","_v2024__product_hero__product_slider_gallery":[{"_v2024__product_hero__product_slider_gallery__image":1000008241,"_v2024__product_hero__product_slider_gallery__video_link":""},{"_v2024__product_hero__product_slider_gallery__image":1000008297,"_v2024__product_hero__product_slider_gallery__video_link":""},{"_v2024__product_hero__product_slider_gallery__image":1000008298,"_v2024__product_hero__product_slider_gallery__video_link":""},{"_v2024__product_hero__product_slider_gallery__image":1000008299,"_v2024__product_hero__product_slider_gallery__video_link":""},{"_v2024__product_hero__product_slider_gallery__image":1000008300,"_v2024__product_hero__product_slider_gallery__video_link":""},{"_v2024__product_hero__product_slider_gallery__image":1000008301,"_v2024__product_hero__product_slider_gallery__video_link":""},{"_v2024__product_hero__product_slider_gallery__image":1000008302,"_v2024__product_hero__product_slider_gallery__video_link":""},{"_v2024__product_hero__product_slider_gallery__image":1000008242,"_v2024__product_hero__product_slider_gallery__video_link":""}],"_v2024__before_and_after_image":"","_v2024__before_and_after_image_mobile":"","_v2024__product_hero__quantity":"100 ML","_v2024__product_hero__product_disclamer":"","_v2024__why_use__should_show":"visible","_v2024__why_use__description_text":"Intenz\u00edv meleg\u00edt\u0151 hat\u00e1s\u00fa sz\u00e9rum zs\u00edr\u00e9get\u00e9sre \u00e9s form\u00e1l\u00e1sra. 11 hat\u00e9kony, magas koncentr\u00e1ci\u00f3j\u00fa \u00f6sszetev\u0151 mind\u00f6ssze egy h\u00f3nap alatt \u00e1talak\u00edtja a feneket \u00e9s a combokat.","_v2024__why_use__text_content":"<ul>\r\n \t<li><strong>\u00c1talak\u00edt\u00f3 hat\u00e1s<\/strong>: oldja a zs\u00edrt \u00e9s cs\u00f6kkenti a ker\u00fcletet<\/li>\r\n \t<li><strong>Kieg\u00e9sz\u00edt\u0151 hat\u00e1s<\/strong>: korl\u00e1tozza a k\u00e9s\u0151bbi zs\u00edrlerak\u00f3d\u00e1st, cs\u00f6kkenti a narancsb\u0151rt, feszes\u00edt \u00e9s form\u00e1l<\/li>\r\n \t<li><strong>Illat<\/strong>: v\u00f6r\u00f6s mandarin<\/li>\r\n \t<li><strong>Ter\u00fclet<\/strong>: fen\u00e9k \u00e9s combok<\/li>\r\n<\/ul>","_v2024__why_use__product_notes_and_remarks":"","_v2024__why_use__background_color":"#FBF1EB","_v2024__why_use__heading_color":"#816c65","_v2024__why_use__text_color":"#816c65","_v2024__why_use__image_desktop":1000008627,"_v2024__why_use__image_mobile":1000008628,"_v2024__stats_show":false,"_v2024__stats_repeater":null,"_v2024__stats_repeater_disclaimer":null,"_v2024__benefits__icons_repeater":[{"_v2024__benefit__icons_repeater_icon":1000008665,"_v2024__benefit__icons_repeater_text":"OLDJA A ZS\u00cdRT"},{"_v2024__benefit__icons_repeater_icon":1000008667,"_v2024__benefit__icons_repeater_text":"CS\u00d6KKENTI A KER\u00dcLETET"},{"_v2024__benefit__icons_repeater_icon":1000008673,"_v2024__benefit__icons_repeater_text":"FESZES\u00cdT"},{"_v2024__benefit__icons_repeater_icon":1000008672,"_v2024__benefit__icons_repeater_text":"V\u00d6R\u00d6S MANDARIN ILLAT\u00da"}],"_v2024__image_ingreddients__intro_text":"O formul\u0103 natural\u0103 puternic\u0103, cu cele mai noi inova\u021bii \u0219tiin\u021bifice, pentru arderea gr\u0103similor prin termogenez\u0103, limitarea acumul\u0103rii ulterioare \u0219i reducerea celulitei. Ingrediente active, extracte de plante \u0219i ingrediente hidratante pentru un efect sinergic \u0219i un finisaj str\u0103lucitor.","_v2024__image_ingreddients__additional_description":"","_v2024__image_ingreddients__disclamer_inner":"","_v2024__image_ingredients__repeater":[{"_v2024__image_ingredients__ingredient_image":1000008649,"_v2024__image_ingredients__ingredient_title":"PINK PEPPERSLIM\u2122","_v2024__image_ingredients__ingredient_description":"Dupla adagban alkalmazva biztos\u00edtja az akt\u00edv zs\u00edr\u00e9get\u00e9st \u00e9s a mikrokering\u00e9st. Korl\u00e1tozza a zs\u00edrlerak\u00f3d\u00e1sok lerak\u00f3d\u00e1s\u00e1t, elvezet\u00e9s\u00e9t."},{"_v2024__image_ingredients__ingredient_image":1000008642,"_v2024__image_ingredients__ingredient_title":"CONCENTRE CORALLINE\u2122","_v2024__image_ingredients__ingredient_description":"Kifejezetten a fen\u00e9k \u00e9s a combok hat\u00e9kony zs\u00edr\u00e9get\u00e9s\u00e9re fejlesztett\u00e9k ki. \u00c9jszaka cs\u00f6kkenti a zs\u00edrsejtek \u201e\u00e9tv\u00e1gy\u00e1t\u201d, nappal pedig zs\u00edrt \u00e9get. N\u00f6veli a kollag\u00e9nszint\u00e9zist a b\u0151rben a feszesebb megjelen\u00e9s \u00e9s a form\u00e1sabb alak \u00e9rdek\u00e9ben."},{"_v2024__image_ingredients__ingredient_image":1000008637,"_v2024__image_ingredients__ingredient_title":"ACTIPORINE 8G\u2122","_v2024__image_ingredients__ingredient_description":"Maxim\u00e1lis koncentr\u00e1ci\u00f3j\u00fa narancsb\u0151r elleni innov\u00e1ci\u00f3. L\u00e1that\u00f3an cs\u00f6kkenti a narancsb\u0151rt az\u00e1ltal, hogy m\u00e9lyen hat r\u00e1. Er\u0151s kollag\u00e9nserkent\u0151k\u00e9nt m\u0171k\u00f6dik, feszes\u00edti a probl\u00e9m\u00e1s ter\u00fcleteket \u00e9s sim\u00edtja a b\u0151rfelsz\u00ednt."},{"_v2024__image_ingredients__ingredient_image":1000002902,"_v2024__image_ingredients__ingredient_title":"AQUAXYL\u2122 + GLYCERIN","_v2024__image_ingredients__ingredient_description":"Er\u0151s hidrat\u00e1l\u00e1s\u00e9rt felel\u0151s kombin\u00e1ci\u00f3. Ceramidok szint\u00e9zise \u00e9s \u00f6reged\u00e9sg\u00e1tl\u00f3 hat\u00e1s. A b\u0151r t\u00f6bb mint 24 \u00f3r\u00e1n \u00e1t ragyog\u00f3, sima \u00e9s hidrat\u00e1lt marad."},{"_v2024__image_ingredients__ingredient_image":1000006713,"_v2024__image_ingredients__ingredient_title":"KOFFEIN","_v2024__image_ingredients__ingredient_description":"Serkenti a zs\u00edrlebont\u00e1st, jav\u00edtja a mikrokering\u00e9st \u00e9s elvezeti a felesleges folyad\u00e9kot. Az eredm\u00e9ny: kevesebb puffad\u00e1s \u00e9s l\u00e1that\u00f3 narancsb\u0151r, sim\u00e1bb b\u0151r."},{"_v2024__image_ingredients__ingredient_image":1000008647,"_v2024__image_ingredients__ingredient_title":"GUARANA","_v2024__image_ingredients__ingredient_description":"Koffeinben gazdag kivonat, amely serkenti a zs\u00edrlebont\u00e1st \u00e9s jav\u00edtja a mikrokering\u00e9st. Cs\u00f6kkenti a folyad\u00e9kretenci\u00f3t."},{"_v2024__image_ingredients__ingredient_image":1000008641,"_v2024__image_ingredients__ingredient_title":"CAYENNE BORS","_v2024__image_ingredients__ingredient_description":"Ez a kivonat kapszaicint tartalmaz, amely serkenti a termogenezist (egy olyan folyamatot, amelynek sor\u00e1n a szervezet h\u0151termel\u00e9ssel t\u00f6bb kal\u00f3ri\u00e1t \u00e9get el). Jav\u00edtja a v\u00e9rkering\u00e9st, felgyors\u00edtja az anyagcser\u00e9t, \u00e9s seg\u00edt a zs\u00edrlerak\u00f3d\u00e1sok lebont\u00e1s\u00e1ban."},{"_v2024__image_ingredients__ingredient_image":1000008645,"_v2024__image_ingredients__ingredient_title":"Z\u00d6LD K\u00c1V\u00c9","_v2024__image_ingredients__ingredient_description":"Egy kivonat, amely serkenti a termogenezist, felgyors\u00edtja a b\u0151r anyagcser\u00e9j\u00e9t \u00e9s el\u0151seg\u00edti a zs\u00edrlebont\u00e1st. Klorog\u00e9nsavat tartalmaz, amely jav\u00edtja a mikrokering\u00e9st \u00e9s cs\u00f6kkenti a narancsb\u0151r megjelen\u00e9s\u00e9t."},{"_v2024__image_ingredients__ingredient_image":1000008678,"_v2024__image_ingredients__ingredient_title":"V\u00d6R\u00d6S MANDARIN","_v2024__image_ingredients__ingredient_description":"Kivonat, amely serkenti a nyirokkering\u00e9st, seg\u00edti a zs\u00edr lebont\u00e1s\u00e1t \u00e9s jav\u00edtja a b\u0151r t\u00f3nus\u00e1t. Anticellulite hat\u00e1s\u00fa."},{"_v2024__image_ingredients__ingredient_image":1000006712,"_v2024__image_ingredients__ingredient_title":"K\u00d3KUSZ","_v2024__image_ingredients__ingredient_description":"M\u00e9lyen hidrat\u00e1l\u00f3, t\u00e1pl\u00e1l\u00f3 \u00e9s puh\u00edt\u00f3 kivonat. T\u00e1mogatja a b\u0151r v\u00e9d\u0151r\u00e9teg\u00e9t, jav\u00edtja a rugalmass\u00e1g\u00e1t, \u00e9s sima, feszes megjelen\u00e9st k\u00f6lcs\u00f6n\u00f6z."},{"_v2024__image_ingredients__ingredient_image":1000008640,"_v2024__image_ingredients__ingredient_title":"HAT\u00d3ANYAG-ER\u0150S\u00cdT\u0150","_v2024__image_ingredients__ingredient_description":"Gyeng\u00e9d a b\u0151rh\u00f6z, jav\u00edtja a hat\u00f3anyagok behatol\u00e1s\u00e1t, m\u00e9ly hidrat\u00e1l\u00e1st biztos\u00edt \u00e9s t\u00e1mogatja azok hat\u00e1s\u00e1t."}],"_v2024__image_ingredients__all_ingredients":"AQUA, GLYCERIN*, PROPANEDIOL*, CAFFEINE, POLYSORBATE 20, CORALLINA OFFICINALIS EXTRACT*, SCHINUS TEREBINTHIFOLIA SEED EXTRACT*, JANIA RUBENS EXTRACT*, VACCINIUM MYRTILLUS FRUIT EXTRACT*, COFFEA ARABICA SEED EXTRACT*, OPUNTIA FICUS-INDICA FLOWER EXTRACT*, HYLOCEREUS UNDATUS FRUIT EXTRACT*, COCOS NUCIFERA FRUIT EXTRACT*, CAPSICUM FRUTESCENS FRUIT EXTRACT*, PAULLINIA CUPANA SEED EXTRACT*, XYLITYLGLUCOSIDE*, ANHYDROXYLITOL*, XYLITOL*, CITRUS NOBILIS PEEL OIL*, ACACIA SENEGAL GUM*, XANTHAN GUM*, LACTIC ACID*, CITRIC ACID*, SODIUM PHYTATE*, SODIUM LEVULINATE*, VANILLYL BUTYL ETHER, SODIUM BENZOATE, POTASSIUM SORBATE, LIMONENE, PINENE, TERPINOLENE, LINALOOL\r\n\r\n<em>*Ingrediente de origine natural\u0103<\/em>\r\n\r\n<em>V\u0103 rug\u0103m s\u0103 re\u021bine\u021bi c\u0103 lista de ingrediente poate varia u\u0219or \u00een timp, datorit\u0103 \u00eembun\u0103t\u0103\u021birii produsului. Consulta\u021bi ambalajul produsului pentru cele mai recente informa\u021bii.<\/em>","_v2024__usage_content__left_content":"<strong>HOL<\/strong>: fen\u00e9k \u00e9s comb\r\n\r\n<strong>MIKOR<\/strong>: reggel \u00e9s este\r\n\r\n<strong>HOGYAN<\/strong>: tiszta \u00e9s sz\u00e1raz b\u0151rre massz\u00edroz\u00f3 mozdulatokkal vigye fel, am\u00edg teljesen felsz\u00edv\u00f3dik\r\n\r\n<strong>NE FELEJTSD EL<\/strong>: haszn\u00e1lat ut\u00e1n moss kezet\r\n\r\n<strong>A HAT\u00c1S FOKOZ\u00c1SA<\/strong>:\r\n<ul>\r\n \t<li>a HOT+ ut\u00e1n vigyen fel SKIN Anti-cellulite sz\u00e1raz olajat a BODY GUA SHA massz\u00edroz\u00f3val<\/li>\r\n \t<li>m\u00e9g jobb eredm\u00e9ny \u00e9rdek\u00e9ben kombin\u00e1lja a HOT+-t a sorozat egy m\u00e1sik sz\u00e9rum\u00e1val a testfel\u00fclet \u00e9s a c\u00e9l szerint<\/li>\r\n<\/ul>","_v2024__usage_content__right_bottom_content":"","_v2024__usage_content__note":"<strong>FIGYELMEZTET\u00c9SEK<\/strong>\r\n\r\nEnnek a term\u00e9knek meleg\u00edt\u0151 hat\u00e1sa van, ami m\u0171k\u00f6d\u00e9s\u00e9nek norm\u00e1lis r\u00e9sze. A meleg\u00edt\u0151 \u00e9rz\u00e9s a b\u0151r \u00e9rz\u00e9kenys\u00e9g\u00e9t\u0151l f\u00fcgg \u00e9s v\u00e1ltozhat a haszn\u00e1lat sor\u00e1n. S\u00e9r\u00fclt, irrit\u00e1lt vagy \u00e9rz\u00e9keny b\u0151rre nem szabad haszn\u00e1lni. Ker\u00fclje a szemmel vagy a ny\u00e1lkah\u00e1rty\u00e1kkal val\u00f3 \u00e9rintkez\u00e9st. Teszteljen egy kis ter\u00fcleten a teljesm\u00e9rt\u00e9k\u0171 haszn\u00e1lat el\u0151tt, \u00e9s ha a k\u00e9sz\u00edtm\u00e9ny irrit\u00e1lja, f\u00fcggessze fel a haszn\u00e1lat\u00e1t. Amenniyben terhes vagy szoptat, nem alkalmas a k\u00e9sz\u00edtm\u00e9ny haszn\u00e1lata. Gyermekek el\u0151l elz\u00e1rva tartand\u00f3. Kiz\u00e1r\u00f3lag k\u00fcls\u0151 haszn\u00e1latra. H\u0171v\u00f6s, s\u00f6t\u00e9t, z\u00e1raz helyen t\u00e1roland\u00f3.","_v2024__usage_content__storage":""},"_links":{"self":[{"href":"https:\/\/cocosolis.com\/hu\/wp-json\/wp\/v2\/product\/1000054193","targetHints":{"allow":["GET"]}}],"collection":[{"href":"https:\/\/cocosolis.com\/hu\/wp-json\/wp\/v2\/product"}],"about":[{"href":"https:\/\/cocosolis.com\/hu\/wp-json\/wp\/v2\/types\/product"}],"wp:featuredmedia":[{"embeddable":true,"href":"https:\/\/cocosolis.com\/hu\/wp-json\/"}],"wp:attachment":[{"href":"https:\/\/cocosolis.com\/hu\/wp-json\/wp\/v2\/media?parent=1000054193"}],"wp:term":[{"taxonomy":"product_brand","embeddable":true,"href":"https:\/\/cocosolis.com\/hu\/wp-json\/wp\/v2\/product_brand?post=1000054193"},{"taxonomy":"product_cat","embeddable":true,"href":"https:\/\/cocosolis.com\/hu\/wp-json\/wp\/v2\/product_cat?post=1000054193"},{"taxonomy":"product_tag","embeddable":true,"href":"https:\/\/cocosolis.com\/hu\/wp-json\/wp\/v2\/product_tag?post=1000054193"},{"taxonomy":"product_template","embeddable":true,"href":"https:\/\/cocosolis.com\/hu\/wp-json\/wp\/v2\/product_template?post=1000054193"}],"curies":[{"name":"wp","href":"https:\/\/api.w.org\/{rel}","templated":true}]}}