{"id":1000053571,"date":"2025-07-02T05:20:28","date_gmt":"2025-07-02T03:20:28","guid":{"rendered":"https:\/\/cocosolis.com\/hu\/product\/body-gua-sha-anti-cellulite-sculpting-massager\/"},"modified":"2026-04-22T15:38:46","modified_gmt":"2026-04-22T13:38:46","slug":"body-gua-sha-anti-cellulite-sculpting-massager","status":"publish","type":"product","link":"https:\/\/cocosolis.com\/hu\/product\/body-gua-sha-anti-cellulite-sculpting-massager\/","title":{"rendered":"BODY GUA SHA Anti-cellulite &amp; Sculpting Massager"},"content":{"rendered":"","protected":false},"excerpt":{"rendered":"<p>Term\u00e9szetes f\u00e1b\u00f3l k\u00e9sz\u00fclt testmassz\u00edroz\u00f3. Sim\u00edtja a narancsb\u0151rt \u00e9s form\u00e1lja az alakot.<\/p>\n","protected":false},"featured_media":1000008683,"template":"","meta":{"_acf_changed":false},"product_brand":[],"product_cat":[19],"product_tag":[],"product_template":[67],"class_list":{"0":"post-1000053571","1":"product","2":"type-product","3":"status-publish","4":"has-post-thumbnail","6":"product_cat-skin","7":"product_template-v-2024-clean","9":"first","10":"instock","11":"shipping-taxable","12":"purchasable","13":"product-type-simple"},"acf":{"_v2024__listing_and_sharing_info__listing_category":"BODY GUA SHA","_v2024__listing_and_sharing_info__product_type":"Anti-cellulite &amp; Sculpting Massager","_v2024__listing__and_sharing_info__listing_below_title_in_product_page":"Term\u00e9szetes f\u00e1b\u00f3l k\u00e9sz\u00fclt testmassz\u00edroz\u00f3. kisim\u00edtja a narancsb\u0151rt \u00e9s form\u00e1lja az alakot. Serkenti a v\u00e9rkering\u00e9st \u00e9s a nyirokrendszer m\u0171k\u00f6d\u00e9s\u00e9t","_v2024__listing_and_sharing_info__listing_description":"Term\u00e9szetes f\u00e1b\u00f3l k\u00e9sz\u00fclt testmassz\u00edroz\u00f3. Sim\u00edtja a narancsb\u0151rt \u00e9s form\u00e1lja az alakot.","_v2024__listing_and_sharing_info__image":1000008683,"_v2024__product_hero__hero_type":"carousel","_v2024__product_hero__product_slider_gallery":[{"_v2024__product_hero__product_slider_gallery__image":1000008055,"_v2024__product_hero__product_slider_gallery__video_link":""},{"_v2024__product_hero__product_slider_gallery__image":1000008140,"_v2024__product_hero__product_slider_gallery__video_link":""},{"_v2024__product_hero__product_slider_gallery__image":1000008056,"_v2024__product_hero__product_slider_gallery__video_link":""},{"_v2024__product_hero__product_slider_gallery__image":1000008141,"_v2024__product_hero__product_slider_gallery__video_link":""},{"_v2024__product_hero__product_slider_gallery__image":1000008142,"_v2024__product_hero__product_slider_gallery__video_link":""},{"_v2024__product_hero__product_slider_gallery__image":1000008143,"_v2024__product_hero__product_slider_gallery__video_link":""}],"_v2024__before_and_after_image":"","_v2024__before_and_after_image_mobile":"","_v2024__product_hero__quantity":"","_v2024__product_hero__product_disclamer":"","_v2024__why_use__should_show":"visible","_v2024__why_use__description_text":"","_v2024__why_use__text_content":"<ul>\r\n \t<li>L\u00e1that\u00f3an cs\u00f6kkenti, a narancsb\u0151rt lebontja a rostos felhalmoz\u00f3d\u00e1sokat<\/li>\r\n \t<li>C\u00e9lzottan hat a makacs zs\u00edrlerak\u00f3d\u00e1sokra a combokon, a hason \u00e9s a fen\u00e9ken<\/li>\r\n \t<li>Form\u00e1lja az alakot \u00e9s n\u00f6veli a b\u0151r rugalmass\u00e1g\u00e1t<\/li>\r\n \t<li>Serkenti a v\u00e9rkering\u00e9st, a nyirokrendszert a m\u00e9reganyagok elt\u00e1vol\u00edt\u00e1s\u00e1t<\/li>\r\n \t<li>Maxim\u00e1lis narancsb\u0151r elleni szer \u00e9s seg\u00edti a zs\u00edrsejtek lebont\u00e1s\u00e1nak term\u00e9szetes folyamat\u00e9t cs\u00f6kken\u00e9s\u00e9t \u00e9s biztos\u00edtja azt a legkelend\u0151bb SKIN Anti-cellulite testolajjal kombin\u00e1lva<\/li>\r\n \t<li>K\u00f6nny\u0171, ergonomikus, kiv\u00e1l\u00f3 min\u0151s\u00e9g\u0171 b\u00fckkf\u00e1b\u00f3l k\u00e9sz\u00fclt, nagy tart\u00f3ss\u00e1ggal<\/li>\r\n<\/ul>","_v2024__why_use__product_notes_and_remarks":"","_v2024__why_use__background_color":"#FBF1EB","_v2024__why_use__heading_color":"#816c65","_v2024__why_use__text_color":"#816c65","_v2024__why_use__image_desktop":1000008061,"_v2024__why_use__image_mobile":1000008062,"_v2024__stats_show":false,"_v2024__stats_repeater":null,"_v2024__stats_repeater_disclaimer":null,"_v2024__benefits__icons_repeater":null,"_v2024__image_ingreddients__intro_text":"","_v2024__image_ingreddients__additional_description":"","_v2024__image_ingreddients__disclamer_inner":"","_v2024__image_ingredients__repeater":null,"_v2024__image_ingredients__all_ingredients":"","_v2024__usage_content__left_content":"<strong>HOL<\/strong>: combok, fen\u00e9k, has, karok \u00e9s arc\r\n\r\n<strong>MILYEN GYAKORIS\u00c1G<\/strong>: naponta vagy legal\u00e1bb hetente n\u00e9gyszer\r\n<p class=\"product_guaSha_advice\"><strong>TIPP: mindig haszn\u00e1ld test\u00e1pol\u00f3 olajjal, a maxim\u00e1lis hat\u00e1s \u00e9rdek\u00e9ben a <a href=\"https:\/\/cocosolis.com\/hu\/product\/skin-anti-cellulite-dry-oil\/\" target=\"_blank\" rel=\"noopener\">SKIN Anti-cellulite<\/a> term\u00e9ket aj\u00e1nljuk<\/strong><\/p>\r\n\r\n<ol>\r\n \t<li>Vigyen fel b\u0151s\u00e9ges mennyis\u00e9g\u0171 SKIN testolajat tiszta, sz\u00e1raz b\u0151rre.<\/li>\r\n \t<li>Massz\u00edrozza 5\u201310 percig sima mozdulatokkal a nyirok\u00e1raml\u00e1s ir\u00e1ny\u00e1ban: a test perif\u00e9ri\u00e1j\u00e1t\u00f3l a k\u00f6z\u00e9ppontig.<\/li>\r\n \t<li>Tiszt\u00edtsa meg puha, sz\u00e1raz vagy enyh\u00e9n nedves ruh\u00e1val. Nem aj\u00e1nlott v\u00edzzel lemosni.<\/li>\r\n \t<li>Sz\u00e1raz helyen (lehet\u0151leg ne a f\u00fcrd\u0151szob\u00e1ban) \u00e9s h\u0151forr\u00e1sokt\u00f3l t\u00e1vol t\u00e1roland\u00f3.<\/li>\r\n<\/ol>\r\n<h4 class=\"ingredientsAndUsage_usage_grid_left_title\">\u00d6SSZETEV\u0150K<\/h4>\r\n100% b\u00fckkfa\r\n\r\n<em>\u00dajrafelhaszn\u00e1lhat\u00f3. Haszn\u00e1lja megfelel\u0151 test\u00e1pol\u00f3 olajjal. Ne haszn\u00e1lja irrit\u00e1lt, s\u00e9r\u00fclt vagy gyulladt b\u0151r\u00f6n. Irrit\u00e1ci\u00f3 vagy kellemetlen \u00e9rz\u00e9s eset\u00e9n hagyja abba a haszn\u00e1lat\u00e1t. Nem j\u00e1t\u00e9k. Sz\u00e1raz, nedvess\u00e9gt\u0151l \u00e9s h\u0151t\u0151l v\u00e9dett helyen, gyermekekt\u0151l elz\u00e1rva t\u00e1roland\u00f3. Haszn\u00e1lat ut\u00e1n puha, sz\u00e1raz vagy enyh\u00e9n nedves ruh\u00e1val tiszt\u00edtsa. Ne \u00f6bl\u00edtse le v\u00edzzel. Anyaga: 100% b\u00fckkfa.<\/em>\r\n\r\n&nbsp;","_v2024__usage_content__right_bottom_content":"","_v2024__usage_content__note":"","_v2024__usage_content__storage":""},"_links":{"self":[{"href":"https:\/\/cocosolis.com\/hu\/wp-json\/wp\/v2\/product\/1000053571","targetHints":{"allow":["GET"]}}],"collection":[{"href":"https:\/\/cocosolis.com\/hu\/wp-json\/wp\/v2\/product"}],"about":[{"href":"https:\/\/cocosolis.com\/hu\/wp-json\/wp\/v2\/types\/product"}],"wp:featuredmedia":[{"embeddable":true,"href":"https:\/\/cocosolis.com\/hu\/wp-json\/"}],"wp:attachment":[{"href":"https:\/\/cocosolis.com\/hu\/wp-json\/wp\/v2\/media?parent=1000053571"}],"wp:term":[{"taxonomy":"product_brand","embeddable":true,"href":"https:\/\/cocosolis.com\/hu\/wp-json\/wp\/v2\/product_brand?post=1000053571"},{"taxonomy":"product_cat","embeddable":true,"href":"https:\/\/cocosolis.com\/hu\/wp-json\/wp\/v2\/product_cat?post=1000053571"},{"taxonomy":"product_tag","embeddable":true,"href":"https:\/\/cocosolis.com\/hu\/wp-json\/wp\/v2\/product_tag?post=1000053571"},{"taxonomy":"product_template","embeddable":true,"href":"https:\/\/cocosolis.com\/hu\/wp-json\/wp\/v2\/product_template?post=1000053571"}],"curies":[{"name":"wp","href":"https:\/\/api.w.org\/{rel}","templated":true}]}}