{"id":1000049464,"date":"2025-06-02T14:09:28","date_gmt":"2025-06-02T12:09:28","guid":{"rendered":"https:\/\/cocosolis.com\/hu\/product\/capri-after-sun-tan-extending-lotion\/"},"modified":"2026-04-06T15:27:56","modified_gmt":"2026-04-06T13:27:56","slug":"capri-after-sun-tan-extending-lotion","status":"publish","type":"product","link":"https:\/\/cocosolis.com\/hu\/product\/capri-after-sun-tan-extending-lotion\/","title":{"rendered":"CAPRI After Sun Tan-Extending Lotion"},"content":{"rendered":"","protected":false},"excerpt":{"rendered":"<p>Barnul\u00e1st meghosszabb\u00edt\u00f3 napoz\u00e1s ut\u00e1ni test\u00e1pol\u00f3 TOSOLIN\u2122-nal. Regener\u00e1l \u00e9s hidrat\u00e1l.<\/p>\n","protected":false},"featured_media":1000007980,"template":"","meta":{"_acf_changed":false},"product_brand":[],"product_cat":[15],"product_tag":[],"product_template":[67],"class_list":{"0":"post-1000049464","1":"product","2":"type-product","3":"status-publish","4":"has-post-thumbnail","6":"product_cat-suntan-body","7":"product_template-v-2024-clean","9":"first","10":"instock","11":"shipping-taxable","12":"purchasable","13":"product-type-simple"},"acf":{"_v2024__listing_and_sharing_info__listing_category":"CAPRI","_v2024__listing_and_sharing_info__product_type":"After Sun Tan-Extending Lotion","_v2024__listing__and_sharing_info__listing_below_title_in_product_page":"Barnul\u00e1st meghosszabb\u00edt\u00f3 napoz\u00e1s ut\u00e1ni test\u00e1pol\u00f3 TOSOLIN\u2122-nal. Felfriss\u00edti, nyugtatja \u00e9s hidrat\u00e1lja a b\u0151rt. Napi haszn\u00e1lat mellett ak\u00e1r 3 h\u00f3napig is meg\u0151rzi a barnul\u00e1st.","_v2024__listing_and_sharing_info__listing_description":"Barnul\u00e1st meghosszabb\u00edt\u00f3 napoz\u00e1s ut\u00e1ni test\u00e1pol\u00f3 TOSOLIN\u2122-nal. Regener\u00e1l \u00e9s hidrat\u00e1l.","_v2024__listing_and_sharing_info__image":1000007981,"_v2024__product_hero__hero_type":"carousel","_v2024__product_hero__product_slider_gallery":[{"_v2024__product_hero__product_slider_gallery__image":1000007893,"_v2024__product_hero__product_slider_gallery__video_link":""},{"_v2024__product_hero__product_slider_gallery__image":1000007957,"_v2024__product_hero__product_slider_gallery__video_link":""},{"_v2024__product_hero__product_slider_gallery__image":1000007958,"_v2024__product_hero__product_slider_gallery__video_link":""},{"_v2024__product_hero__product_slider_gallery__image":1000007959,"_v2024__product_hero__product_slider_gallery__video_link":""},{"_v2024__product_hero__product_slider_gallery__image":1000007960,"_v2024__product_hero__product_slider_gallery__video_link":""},{"_v2024__product_hero__product_slider_gallery__image":1000007961,"_v2024__product_hero__product_slider_gallery__video_link":""},{"_v2024__product_hero__product_slider_gallery__image":1000007962,"_v2024__product_hero__product_slider_gallery__video_link":""},{"_v2024__product_hero__product_slider_gallery__image":1000007963,"_v2024__product_hero__product_slider_gallery__video_link":""}],"_v2024__before_and_after_image":1000007863,"_v2024__before_and_after_image_mobile":1000007864,"_v2024__product_hero__quantity":"100 ML","_v2024__product_hero__product_disclamer":"","_v2024__why_use__should_show":"visible","_v2024__why_use__description_text":"Gondoskodjon a min\u0151s\u00e9gi napoz\u00e1s ut\u00e1ni b\u0151r\u00e1pol\u00e1sr\u00f3l, \u00e9s \u0151rizze meg ragyog\u00f3 barnul\u00e1s\u00e1t sok\u00e1ig a nyaral\u00e1s ut\u00e1n is. Csup\u00e1n erre a term\u00e9szetes hat\u00f3anyagokat, bio olajokat, vitaminokat \u00e9s egy olaszorsz\u00e1gi ny\u00e1ri kiruccan\u00e1s illat\u00e1t tartalmaz\u00f3 test\u00e1pol\u00f3ra van sz\u00fcks\u00e9ge.","_v2024__why_use__text_content":"<ul>\r\n \t<li>Klinikailag bizony\u00edtottan ak\u00e1r 3 h\u00f3napig is meg\u0151rzi a barnul\u00e1s\u00e1t napi haszn\u00e1lat mellett<\/li>\r\n \t<li>Azonnal felfriss\u00edti \u00e9s megnyugtatja a b\u0151rt napoz\u00e1s ut\u00e1n<\/li>\r\n \t<li>Cs\u00f6kkenti a b\u0151rp\u00edrt \u00e9s a fesz\u00fcl\u0151, \u201eforr\u00f3\u201d b\u0151r\u00e9rzetet<\/li>\r\n \t<li>M\u00e9lyen hidrat\u00e1l, el\u0151seg\u00edti a regener\u00e1ci\u00f3t \u00e9s er\u0151s\u00edti a b\u0151r v\u00e9d\u0151r\u00e9teg\u00e9t<\/li>\r\n \t<li>A mediterr\u00e1n Dolce Capri friss k\u00f6rte \u00e9s j\u00e1zmin illat\u00e1val<\/li>\r\n \t<li>Ide\u00e1lis arcra \u00e9s testre<\/li>\r\n<\/ul>","_v2024__why_use__product_notes_and_remarks":"","_v2024__why_use__background_color":"#FBF1EB","_v2024__why_use__heading_color":"#816c65","_v2024__why_use__text_color":"#816c65","_v2024__why_use__image_desktop":1000007978,"_v2024__why_use__image_mobile":1000007979,"_v2024__stats_show":false,"_v2024__stats_repeater":null,"_v2024__stats_repeater_disclaimer":null,"_v2024__benefits__icons_repeater":[{"_v2024__benefit__icons_repeater_icon":1000007987,"_v2024__benefit__icons_repeater_text":"NYUGTAT"},{"_v2024__benefit__icons_repeater_icon":1000007985,"_v2024__benefit__icons_repeater_text":"HIDRAT\u00c1L"},{"_v2024__benefit__icons_repeater_icon":1000007984,"_v2024__benefit__icons_repeater_text":"MEGHOSSZABB\u00cdTJA A BARNUL\u00c1ST"},{"_v2024__benefit__icons_repeater_icon":1000007986,"_v2024__benefit__icons_repeater_text":"DOLCE CAPRI K\u00d6RTE \u00c9S J\u00c1ZMIN ILLAT"}],"_v2024__image_ingreddients__intro_text":"A CAPRI egyedi tulajdons\u00e1gainak alapja a TOSOLIN\u2122 term\u00e9szetes hat\u00f3anyag, amely napoz\u00e1s ut\u00e1ni \u00e1pol\u00e1st biztos\u00edt, \u00e9s ak\u00e1r 3 h\u00f3nappal meghosszabb\u00edtja a barnul\u00e1st. Egy er\u0151s hidrat\u00e1l\u00f3 \u00f6sszetev\u0151kb\u0151l, vitaminokb\u00f3l \u00e9s bio olajokb\u00f3l \u00e1ll\u00f3 kokt\u00e9l eg\u00e9sz\u00edti ki \u00e9s fokozza a hat\u00e1s\u00e1t, bronzos \u00e9s ragyog\u00f3 b\u0151rt eredm\u00e9nyezve.","_v2024__image_ingreddients__additional_description":"","_v2024__image_ingreddients__disclamer_inner":"","_v2024__image_ingredients__repeater":[{"_v2024__image_ingredients__ingredient_image":7983,"_v2024__image_ingredients__ingredient_title":"TOSOLIN\u2122","_v2024__image_ingredients__ingredient_description":"<p>Term\u00e9szetes hat\u00f3anyag, amely klinikailag bizony\u00edtottan meghosszabb\u00edtja a barnul\u00e1st a melanintermel\u00e9s serkent\u00e9s\u00e9vel \u00e9s a pigment\u00e1ci\u00f3 stabiliz\u00e1l\u00e1s\u00e1val. Nyugtatja a b\u0151rt, cs\u00f6kkenti a b\u0151rp\u00edrt \u00e9s a gyullad\u00e1st. Er\u0151s antioxid\u00e1ns v\u00e9delmet ny\u00fajt az UV-sug\u00e1rz\u00e1s okozta k\u00e1rosod\u00e1s ellen. Er\u0151s\u00edti a b\u0151r v\u00e9d\u0151r\u00e9teg\u00e9t, el\u0151seg\u00edti a kollag\u00e9n regener\u00e1l\u00f3d\u00e1s\u00e1t \u00e9s hosszan tart\u00f3 hidrat\u00e1l\u00e1st biztos\u00edt.<\/p>"},{"_v2024__image_ingredients__ingredient_image":7982,"_v2024__image_ingredients__ingredient_title":"BIZABOLOL","_v2024__image_ingredients__ingredient_description":"<p>Er\u0151s gyullad\u00e1scs\u00f6kkent\u0151 hat\u00e1ssal rendelkezik, enyh\u00edti a napoz\u00e1s ut\u00e1ni b\u0151rp\u00edrt \u00e9s irrit\u00e1ci\u00f3t. Seg\u00edt helyre\u00e1ll\u00edtani a b\u0151r v\u00e9d\u0151r\u00e9teg\u00e9t \u00e9s v\u00e9d az oxidat\u00edv stressz ellen. Fokozza a t\u00f6bbi hat\u00f3anyag hat\u00e1s\u00e1t.<\/p>\n"},{"_v2024__image_ingredients__ingredient_image":2911,"_v2024__image_ingredients__ingredient_title":"HIALURONSAV","_v2024__image_ingredients__ingredient_description":"<p>Napoz\u00e1s ut\u00e1n m\u00e9ly \u00e9s hosszan tart\u00f3 hidrat\u00e1l\u00e1st biztos\u00edt a nedvess\u00e9g megtart\u00e1s\u00e1val. Csillap\u00edtja az irrit\u00e1ci\u00f3t \u00e9s t\u00e1mogatja a b\u0151rv\u00e9d\u0151 r\u00e9teg regener\u00e1l\u00f3d\u00e1s\u00e1t.<\/p>\n"},{"_v2024__image_ingredients__ingredient_image":7074,"_v2024__image_ingredients__ingredient_title":"PANTHENOL","_v2024__image_ingredients__ingredient_description":"<p>Vissza\u00e1ll\u00edtja a nedvess\u00e9get \u00e9s jav\u00edtja a b\u0151r rugalmass\u00e1g\u00e1t. Nyugtatja \u00e9s t\u00e1mogatja a regener\u00e1ci\u00f3t napsug\u00e1rz\u00e1s ut\u00e1n.<\/p>\n"},{"_v2024__image_ingredients__ingredient_image":6730,"_v2024__image_ingredients__ingredient_title":"TERM\u00c9SZETES E VITAMIN","_v2024__image_ingredients__ingredient_description":"<p>Er\u0151s antioxid\u00e1ns, amely v\u00e9di a b\u0151rt az UV-sug\u00e1rz\u00e1s k\u00e1ros hat\u00e1sait\u00f3l, hidrat\u00e1lja \u00e9s nyugtatja. Cs\u00f6kkenti a gyullad\u00e1st \u00e9s meghosszabb\u00edtja a barnul\u00e1s eg\u00e9szs\u00e9ges megjelen\u00e9s\u00e9t.<\/p>\n"},{"_v2024__image_ingredients__ingredient_image":2909,"_v2024__image_ingredients__ingredient_title":"GLICERIN","_v2024__image_ingredients__ingredient_description":"<p>Er\u0151s hidrat\u00e1l\u00f3, amely megk\u00f6ti a nedvess\u00e9get, \u00e9s puh\u00e1v\u00e1, sim\u00e1v\u00e1 var\u00e1zsolja a b\u0151rt. Seg\u00edt egyenletesebb \u00e9s tart\u00f3sabb barnul\u00e1st el\u00e9rni.<\/p>\n"},{"_v2024__image_ingredients__ingredient_image":2906,"_v2024__image_ingredients__ingredient_title":"K\u00d3KUSZOLAJ","_v2024__image_ingredients__ingredient_description":"<p>Hidrat\u00e1lja \u00e9s t\u00e1pl\u00e1lja a b\u0151rt napoz\u00e1s ut\u00e1n. Megakad\u00e1lyozza a h\u00e1ml\u00e1st \u00e9s a sz\u00e1razs\u00e1got, \u00e9s seg\u00edt a tart\u00f3sabb barnas\u00e1g el\u00e9r\u00e9s\u00e9ben.<\/p>\n"},{"_v2024__image_ingredients__ingredient_image":3680,"_v2024__image_ingredients__ingredient_title":"G\u00d6R\u00d6GDINNYEOLAJ","_v2024__image_ingredients__ingredient_description":"<p>Antioxid\u00e1nsokat, A- \u00e9s C-vitamint, valamint p\u00f3tolhatatlan esszenci\u00e1lis zs\u00edrsavakat tartalmaz. M\u00e9lyen hidrat\u00e1lja, regener\u00e1lja \u00e9s v\u00e9di a b\u0151rt.<\/p>\n"},{"_v2024__image_ingredients__ingredient_image":6717,"_v2024__image_ingredients__ingredient_title":"JOJOBA OLAJ","_v2024__image_ingredients__ingredient_description":"<p>Kiegyens\u00falyozza a faggy\u00fatermel\u00e9st, nyugtatja a b\u0151rt, sim\u00e1v\u00e1 \u00e9s tiszt\u00e1v\u00e1 var\u00e1zsolja, pattan\u00e1sok n\u00e9lk\u00fcl.<\/p>\n"}],"_v2024__image_ingredients__all_ingredients":"AQUA*, CAPRYLYL CAPRYLATE\/CAPRATE*, POLYGLYCERYL-6 STEARATE*, CETEARYL ALCOHOL*, PENTYLENE GLYCOL*, 4-T-BUTYLCYCLOHEXANOL, COCOS NUCIFERA OIL*, GLYCERIN*, BISABOLOL*, SODIUMHYALURONATE*, MANNOSE*, GLUCOSE*, BETA-GLUCAN*, PANTHENOL, CITRULLUS LANATUS SEED OIL*, SIMMONDSIA CHINENSIS SEED OIL*, TOCOPHEROL*, HELIANTHUS ANNUUS SEED OIL*, CITRIC ACID*, XANTHAN GUM*, POLYGLYCERYL-6 BEHENATE*, ARACHIDYL ALCOHOL*, BEHENYL ALCOHOL*, ARACHIDYL GLUCOSIDE*, PARFUM, TETRASODIUM GLUTAMATE DIACETATE, PHENOXYETHANOL, BENZYL ALCOHOL, DEHYDROACETIC ACID, DIMETHYL PHENETHYL ACETATE, ROSE KETONES\r\n\r\n<em>* Ingredients from natural origin<\/em>\r\n\r\n<em>K\u00e9rj\u00fck, vegye figyelembe, hogy az \u00f6sszetev\u0151k list\u00e1ja id\u0151vel n\u00e9mileg v\u00e1ltozhat a term\u00e9kfejleszt\u00e9sek miatt. Tekintse meg a term\u00e9k csomagol\u00e1s\u00e1t a legfrissebb inform\u00e1ci\u00f3k\u00e9rt.<\/em>","_v2024__usage_content__left_content":"<strong>HOL<\/strong>: arc \u00e9s test\r\n\r\n<strong>MIKOR<\/strong>:\r\n<ul>\r\n \t<li><strong>STRAND EL\u0150TT<\/strong>: minden nap napoz\u00e1s el\u0151tt a b\u0151r felk\u00e9sz\u00edt\u00e9s\u00e9re \u00e9s a b\u0151rp\u00edr val\u00f3sz\u00edn\u0171s\u00e9g\u00e9nek cs\u00f6kkent\u00e9s\u00e9re<\/li>\r\n \t<li><strong>STRAND UT\u00c1N<\/strong>: minden nap napoz\u00e1s ut\u00e1n a b\u0151r nyugtat\u00e1s\u00e1ra \u00e9s hidrat\u00e1l\u00e1s\u00e1ra<\/li>\r\n \t<li><strong>NYARAL\u00c1S UT\u00c1N<\/strong>: minden nap, a szok\u00e1sos test\u00e1pol\u00f3 helyett, hogy ak\u00e1r 3 h\u00f3nappal is meghosszabb\u00edtsa a barnul\u00e1st<\/li>\r\n<\/ul>\r\n<strong>HOGYAN<\/strong>: Vidd fel b\u0151s\u00e9gesen tiszta b\u0151rre k\u00f6nnyed massz\u00edroz\u00f3 mozdulatokkal\r\n<p class=\"freshIdea\"><strong>FRISS \u00d6TLET<\/strong>: a test\u00e1pol\u00f3t h\u0171t\u0151szekr\u00e9nyben tartva h\u0171s\u00edt\u0151 hat\u00e1st \u00e9rhetsz el, amikor egy strandol\u00e1s ut\u00e1n felviszed.<\/p>","_v2024__usage_content__right_bottom_content":"","_v2024__usage_content__note":"<strong>FONTOS TUDNI<\/strong>: <em>H\u0171v\u00f6s, s\u00f6t\u00e9t, sz\u00e1raz helyen t\u00e1roland\u00f3. Kiz\u00e1r\u00f3lag k\u00fcls\u0151 haszn\u00e1latra. Ha a k\u00e9sz\u00edtm\u00e9ny irrit\u00e1lja, f\u00fcggessze fel a haszn\u00e1lat\u00e1t. S\u00e9r\u00fclt, sebes b\u0151rre nem szabad haszn\u00e1lni. Term\u00e9szetes \u00f6sszet\u00e9telei miatt a test\u00e1pol\u00f3 sz\u00edne v\u00e1ltozhat az id\u0151vel, de ez nem befoly\u00e1solja sem a min\u0151s\u00e9g\u00e9t, sem a hat\u00e9konys\u00e1g\u00e1t.<\/em>","_v2024__usage_content__storage":""},"_links":{"self":[{"href":"https:\/\/cocosolis.com\/hu\/wp-json\/wp\/v2\/product\/1000049464","targetHints":{"allow":["GET"]}}],"collection":[{"href":"https:\/\/cocosolis.com\/hu\/wp-json\/wp\/v2\/product"}],"about":[{"href":"https:\/\/cocosolis.com\/hu\/wp-json\/wp\/v2\/types\/product"}],"wp:featuredmedia":[{"embeddable":true,"href":"https:\/\/cocosolis.com\/hu\/wp-json\/"}],"wp:attachment":[{"href":"https:\/\/cocosolis.com\/hu\/wp-json\/wp\/v2\/media?parent=1000049464"}],"wp:term":[{"taxonomy":"product_brand","embeddable":true,"href":"https:\/\/cocosolis.com\/hu\/wp-json\/wp\/v2\/product_brand?post=1000049464"},{"taxonomy":"product_cat","embeddable":true,"href":"https:\/\/cocosolis.com\/hu\/wp-json\/wp\/v2\/product_cat?post=1000049464"},{"taxonomy":"product_tag","embeddable":true,"href":"https:\/\/cocosolis.com\/hu\/wp-json\/wp\/v2\/product_tag?post=1000049464"},{"taxonomy":"product_template","embeddable":true,"href":"https:\/\/cocosolis.com\/hu\/wp-json\/wp\/v2\/product_template?post=1000049464"}],"curies":[{"name":"wp","href":"https:\/\/api.w.org\/{rel}","templated":true}]}}