{"id":1000043204,"date":"2025-03-20T10:01:01","date_gmt":"2025-03-20T09:01:01","guid":{"rendered":"https:\/\/cocosolis.com\/hu\/product\/grow-hair-growth-massager\/"},"modified":"2026-03-23T14:56:28","modified_gmt":"2026-03-23T13:56:28","slug":"grow-hair-growth-massager","status":"publish","type":"product","link":"https:\/\/cocosolis.com\/hu\/product\/grow-hair-growth-massager\/","title":{"rendered":"GROW Scalp Massager"},"content":{"rendered":"","protected":false},"excerpt":{"rendered":"<p>Fejb\u0151r massz\u00edroz\u00f3. Serkenti a haj n\u00f6veked\u00e9s\u00e9t. Gyeng\u00e9den \u00e9s m\u00e9lyen tiszt\u00edt.<\/p>\n","protected":false},"featured_media":1000007069,"template":"","meta":{"_acf_changed":false},"product_brand":[],"product_cat":[17],"product_tag":[],"product_template":[67],"class_list":{"0":"post-1000043204","1":"product","2":"type-product","3":"status-publish","4":"has-post-thumbnail","6":"product_cat-hair","7":"product_template-v-2024-clean","9":"first","10":"instock","11":"shipping-taxable","12":"purchasable","13":"product-type-simple"},"acf":{"_v2024__listing_and_sharing_info__listing_category":"GROW","_v2024__listing_and_sharing_info__product_type":"Scalp Massager","_v2024__listing__and_sharing_info__listing_below_title_in_product_page":"Fejb\u0151r massz\u00edroz\u00f3. Serkenti a haj n\u00f6veked\u00e9s\u00e9t. Felhabos\u00edtja a sampont, a m\u00e9ly, gyeng\u00e9d tiszt\u00edt\u00e1s\u00e9rt. H\u00e1mlaszt.","_v2024__listing_and_sharing_info__listing_description":"Fejb\u0151r massz\u00edroz\u00f3. Serkenti a haj n\u00f6veked\u00e9s\u00e9t. Gyeng\u00e9den \u00e9s m\u00e9lyen tiszt\u00edt.","_v2024__listing_and_sharing_info__image":1000007068,"_v2024__product_hero__hero_type":"carousel","_v2024__product_hero__product_slider_gallery":[{"_v2024__product_hero__product_slider_gallery__image":1000007047,"_v2024__product_hero__product_slider_gallery__video_link":""},{"_v2024__product_hero__product_slider_gallery__image":1000007177,"_v2024__product_hero__product_slider_gallery__video_link":""},{"_v2024__product_hero__product_slider_gallery__image":1000007048,"_v2024__product_hero__product_slider_gallery__video_link":""},{"_v2024__product_hero__product_slider_gallery__image":1000007049,"_v2024__product_hero__product_slider_gallery__video_link":""},{"_v2024__product_hero__product_slider_gallery__image":1000007050,"_v2024__product_hero__product_slider_gallery__video_link":""},{"_v2024__product_hero__product_slider_gallery__image":1000007178,"_v2024__product_hero__product_slider_gallery__video_link":""}],"_v2024__before_and_after_image":"","_v2024__before_and_after_image_mobile":"","_v2024__product_hero__quantity":"","_v2024__product_hero__product_disclamer":"","_v2024__why_use__should_show":"visible","_v2024__why_use__description_text":"","_v2024__why_use__text_content":"<ul>\r\n \t<li>Gazdag habot hoz l\u00e9tre a m\u00e9ly \u00e9s egyenletes tiszt\u00edt\u00e1s \u00e9rdek\u00e9ben<\/li>\r\n \t<li>Gyeng\u00e9den h\u00e1mlasztja \u00e9s elt\u00e1vol\u00edtja a term\u00e9k lerak\u00f3d\u00e1s\u00e1t \u00e9s az elhalt h\u00e1msejteket<\/li>\r\n \t<li>Serkenti a fejb\u0151r v\u00e9rkering\u00e9s\u00e9t<\/li>\r\n \t<li>Seg\u00edt felsz\u00edvni az ut\u00f3lag felvitt term\u00e9keket, p\u00e9ld\u00e1ul a sz\u00e9rumot<\/li>\r\n \t<li>Felgyors\u00edtja a haj n\u00f6veked\u00e9s\u00e9t<\/li>\r\n \t<li>Alkalmas minden hajt\u00edpusra, bele\u00e9rtve a finom, vastag, g\u00f6nd\u00f6r hajra, valamint gyermekek \u00e9s f\u00e9rfiak sz\u00e1m\u00e1ra<\/li>\r\n \t<li>Kiv\u00e1l\u00f3 min\u0151s\u00e9g\u0171 puha tapint\u00e1s\u00fa szilikonb\u00f3l k\u00e9sz\u00fclt, ergonomikus kialak\u00edt\u00e1ssal \u00e9s rendk\u00edv\u00fcl gyeng\u00e9d hegyekkel<\/li>\r\n<\/ul>","_v2024__why_use__product_notes_and_remarks":"","_v2024__why_use__background_color":"#FBF1EB","_v2024__why_use__heading_color":"#816c65","_v2024__why_use__text_color":"#816c65","_v2024__why_use__image_desktop":1000007062,"_v2024__why_use__image_mobile":1000007063,"_v2024__stats_show":false,"_v2024__stats_repeater":null,"_v2024__stats_repeater_disclaimer":null,"_v2024__benefits__icons_repeater":null,"_v2024__image_ingreddients__intro_text":"","_v2024__image_ingreddients__additional_description":"","_v2024__image_ingreddients__disclamer_inner":"","_v2024__image_ingredients__repeater":null,"_v2024__image_ingredients__all_ingredients":"","_v2024__usage_content__left_content":"<ol>\r\n \t<li>Nedves\u00edtsd a hajat \u00e9s a fejb\u0151rt.<\/li>\r\n \t<li>Gyeng\u00e9d massz\u00edroz\u00f3 mozdulatokkal vidd fel a <a href=\"\/hu\/product\/grow-hair-growth-shampoo\/\">GROW sampont<\/a>.<\/li>\r\n \t<li>Haszn\u00e1ld a GROW fejb\u0151rmassz\u00edroz\u00f3t. \u00d3vatosan mozgasd kis k\u00f6r\u00f6kben 2-3 percig.<\/li>\r\n \t<li>J\u00f3l \u00f6bl\u00edtsd le a sampont.<\/li>\r\n \t<li>Vidd fel a <a href=\"\/hu\/product\/grow-hair-growth-conditioner\">GROW balzsamot<\/a> a fejb\u0151rre (ha nincs zs\u00edros hajad) \u00e9s hossz\u00e1ban, majd 5 perc m\u00falva \u00f6bl\u00edtsd le.<\/li>\r\n<\/ol>\r\n<h4>MATERIJAL<\/h4>\r\n100% mekan na dodir silikon, bez BPA (bisfenol A)","_v2024__usage_content__right_bottom_content":"","_v2024__usage_content__note":"","_v2024__usage_content__storage":""},"_links":{"self":[{"href":"https:\/\/cocosolis.com\/hu\/wp-json\/wp\/v2\/product\/1000043204","targetHints":{"allow":["GET"]}}],"collection":[{"href":"https:\/\/cocosolis.com\/hu\/wp-json\/wp\/v2\/product"}],"about":[{"href":"https:\/\/cocosolis.com\/hu\/wp-json\/wp\/v2\/types\/product"}],"wp:featuredmedia":[{"embeddable":true,"href":"https:\/\/cocosolis.com\/hu\/wp-json\/"}],"wp:attachment":[{"href":"https:\/\/cocosolis.com\/hu\/wp-json\/wp\/v2\/media?parent=1000043204"}],"wp:term":[{"taxonomy":"product_brand","embeddable":true,"href":"https:\/\/cocosolis.com\/hu\/wp-json\/wp\/v2\/product_brand?post=1000043204"},{"taxonomy":"product_cat","embeddable":true,"href":"https:\/\/cocosolis.com\/hu\/wp-json\/wp\/v2\/product_cat?post=1000043204"},{"taxonomy":"product_tag","embeddable":true,"href":"https:\/\/cocosolis.com\/hu\/wp-json\/wp\/v2\/product_tag?post=1000043204"},{"taxonomy":"product_template","embeddable":true,"href":"https:\/\/cocosolis.com\/hu\/wp-json\/wp\/v2\/product_template?post=1000043204"}],"curies":[{"name":"wp","href":"https:\/\/api.w.org\/{rel}","templated":true}]}}