{"id":1000043202,"date":"2025-03-20T10:00:57","date_gmt":"2025-03-20T09:00:57","guid":{"rendered":"https:\/\/cocosolis.com\/hu\/product\/grow-hair-growth-shampoo\/"},"modified":"2026-04-06T15:27:49","modified_gmt":"2026-04-06T13:27:49","slug":"grow-hair-growth-shampoo","status":"publish","type":"product","link":"https:\/\/cocosolis.com\/hu\/product\/grow-hair-growth-shampoo\/","title":{"rendered":"GROW Growth &amp; Anti-aging Shampoo"},"content":{"rendered":"","protected":false},"excerpt":{"rendered":"<p>Hajn\u00f6veszt\u0151 sampon KERASCALP\u2122- al. \u00d6reged\u00e9sg\u00e1tl\u00f3 hat\u00e1ssal.<\/p>\n","protected":false},"featured_media":1000007071,"template":"","meta":{"_acf_changed":false},"product_brand":[],"product_cat":[17],"product_tag":[],"product_template":[67],"class_list":{"0":"post-1000043202","1":"product","2":"type-product","3":"status-publish","4":"has-post-thumbnail","6":"product_cat-hair","7":"product_template-v-2024-clean","9":"first","10":"instock","11":"shipping-taxable","12":"purchasable","13":"product-type-simple"},"acf":{"_v2024__listing_and_sharing_info__listing_category":"GROW","_v2024__listing_and_sharing_info__product_type":"Growth &amp; Anti-aging Shampoo","_v2024__listing__and_sharing_info__listing_below_title_in_product_page":"Hajn\u00f6veszt\u0151 sampon KERASCALP\u2122- al. \u00d6reged\u00e9sg\u00e1tl\u00f3 hat\u00e1ssal. Klinikailag bizony\u00edtottan vastagabb\u00e1, d\u00fasabb\u00e1 \u00e9s f\u00e9nyesebb\u00e9 teszi a hajat.","_v2024__listing_and_sharing_info__listing_description":"Hajn\u00f6veszt\u0151 sampon KERASCALP\u2122- al. \u00d6reged\u00e9sg\u00e1tl\u00f3 hat\u00e1ssal.","_v2024__listing_and_sharing_info__image":1000007070,"_v2024__product_hero__hero_type":"carousel","_v2024__product_hero__product_slider_gallery":[{"_v2024__product_hero__product_slider_gallery__image":1000007053,"_v2024__product_hero__product_slider_gallery__video_link":""},{"_v2024__product_hero__product_slider_gallery__image":1000007231,"_v2024__product_hero__product_slider_gallery__video_link":""},{"_v2024__product_hero__product_slider_gallery__image":1000007232,"_v2024__product_hero__product_slider_gallery__video_link":""},{"_v2024__product_hero__product_slider_gallery__image":1000007233,"_v2024__product_hero__product_slider_gallery__video_link":""},{"_v2024__product_hero__product_slider_gallery__image":1000007234,"_v2024__product_hero__product_slider_gallery__video_link":""},{"_v2024__product_hero__product_slider_gallery__image":1000007054,"_v2024__product_hero__product_slider_gallery__video_link":""},{"_v2024__product_hero__product_slider_gallery__image":1000007235,"_v2024__product_hero__product_slider_gallery__video_link":""}],"_v2024__before_and_after_image":1000007037,"_v2024__before_and_after_image_mobile":1000007038,"_v2024__product_hero__quantity":"250 ML","_v2024__product_hero__product_disclamer":"","_v2024__why_use__should_show":"visible","_v2024__why_use__description_text":"\u00c9rj el d\u00fasabb, er\u0151sebb \u00e9s f\u00e9nyesebb hajat a hajhagym\u00e1k er\u0151s\u00edt\u00e9s\u00e9vel \u00e9s a fejb\u0151r revitaliz\u00e1l\u00e1s\u00e1val ezzel a KERASCALP\u2122 tartalm\u00fa \u00f6reged\u00e9sg\u00e1tl\u00f3 samponnal.","_v2024__why_use__text_content":"<ul>\r\n \t<li>Gyeng\u00e9den \u00e9s m\u00e9lyen mossa a hajat szak\u00e9rt\u0151k \u00e1ltal megalkotott term\u00e9szetes formul\u00e1j\u00e1val<\/li>\r\n \t<li>Optim\u00e1lis felt\u00e9teleket teremt a haj n\u00f6veked\u00e9s\u00e9hez<\/li>\r\n \t<li>\u00c1talak\u00edtja a v\u00e9kony, \u00e9lettelen hajat \u00e9s er\u0151s\u00edti a t\u00fcsz\u0151ket<\/li>\r\n \t<li>Megfiatal\u00edtja a fejb\u0151rt \u00e9s a hajat, jelent\u0151sen cs\u00f6kkenti az \u0151sz hajat<\/li>\r\n \t<li>Minden hajt\u00edpuson m\u0171k\u00f6dik<\/li>\r\n \t<li>Nem tartalmaz parab\u00e9neket, SLES-t, SLS-t, paraffint, szilikonokat, \u00e1llati eredet\u0171 \u00f6sszetev\u0151ket<\/li>\r\n \t<li>Gy\u00fcm\u00f6lcs\u00f6s illat\u00e1val rabul ejti az \u00e9rz\u00e9keket<\/li>\r\n<\/ul>","_v2024__why_use__product_notes_and_remarks":"","_v2024__why_use__background_color":"#FBF1EB","_v2024__why_use__heading_color":"#816c65","_v2024__why_use__text_color":"#816c65","_v2024__why_use__image_desktop":1000007064,"_v2024__why_use__image_mobile":1000007065,"_v2024__stats_show":true,"_v2024__stats_repeater":[{"_v2024__stats_repeater_id":"stats_stronger_follicles","_v2024__stats_repeater_number":60,"_v2024__stats_repeater_description_title":"er\u0151sebb t\u00fcsz\u0151k","_v2024__stats_repeater_description":"","_v2024__stats_repeater_asterisks":""},{"_v2024__stats_repeater_id":"stats_more_thickness","_v2024__stats_repeater_number":56,"_v2024__stats_repeater_description_title":"nagyobb s\u0171r\u0171s\u00e9g","_v2024__stats_repeater_description":"","_v2024__stats_repeater_asterisks":""},{"_v2024__stats_repeater_id":"stats_more_density","_v2024__stats_repeater_number":49,"_v2024__stats_repeater_description_title":"t\u00f6bb haj","_v2024__stats_repeater_description":"","_v2024__stats_repeater_asterisks":""},{"_v2024__stats_repeater_id":"stats_more_shine","_v2024__stats_repeater_number":51,"_v2024__stats_repeater_description_title":"t\u00f6bb f\u00e9nyess\u00e9g","_v2024__stats_repeater_description":"","_v2024__stats_repeater_asterisks":""}],"_v2024__stats_repeater_disclaimer":[{"_v2024__stats_repeater_disclaimer_text":"A Kerascalp\u2122 hat\u00f3anyag in vitro \u00e9s in vivo tesztjei szerint"}],"_v2024__benefits__icons_repeater":[{"_v2024__benefit__icons_repeater_icon":1000007083,"_v2024__benefit__icons_repeater_text":"FELGYORSULT N\u00d6VEKED\u00c9S"},{"_v2024__benefit__icons_repeater_icon":1000007081,"_v2024__benefit__icons_repeater_text":"\u00d6REGED\u00c9SG\u00c1TL\u00d3 HAT\u00c1S"},{"_v2024__benefit__icons_repeater_icon":1000007082,"_v2024__benefit__icons_repeater_text":"D\u00daSABB HAJ \u00c9S F\u00c9NYESS\u00c9G"},{"_v2024__benefit__icons_repeater_icon":1000007084,"_v2024__benefit__icons_repeater_text":"SZAK\u00c9RT\u0150K ALKOTT\u00c1K MEG"}],"_v2024__image_ingreddients__intro_text":"A GROW sampon \u00e1talak\u00edt\u00f3 hat\u00e1s\u00e1nak k\u00f6z\u00e9ppontj\u00e1ban a KERASCALP\u2122 term\u00e9szetes hat\u00f3anyag \u00e1ll, amely az Ayurveda \u00e9vezredes hagyom\u00e1ny\u00e1nak \u00e9s a jelenlegi tudom\u00e1nyos kutat\u00e1snak a kombin\u00e1ci\u00f3ja. Tiszta n\u00f6v\u00e9nyi kivonatokkal \u00e9s vitaminokkal kombin\u00e1lva er\u0151s \u00e9s gy\u00f6ny\u00f6r\u0171 hajat biztos\u00edt a n\u00f6veked\u00e9shez.","_v2024__image_ingreddients__additional_description":"","_v2024__image_ingreddients__disclamer_inner":"","_v2024__image_ingredients__repeater":[{"_v2024__image_ingredients__ingredient_image":1000007073,"_v2024__image_ingredients__ingredient_title":"KERASCALP\u2122","_v2024__image_ingredients__ingredient_description":"Term\u00e9szetes hat\u00f3anyag, amla gy\u00fcm\u00f6lcs kivonat, adaptog\u00e9n \u00e9s \u00f6reged\u00e9sg\u00e1tl\u00f3 tulajdons\u00e1gair\u00f3l ismert, \u00e9s az \u00e1jurv\u00e9dikus gy\u00f3gy\u00e1szatban is haszn\u00e1lj\u00e1k. Serkenti a Kollag\u00e9n XVII termel\u0151d\u00e9s\u00e9t, amely er\u0151s\u00edti a t\u00fcsz\u0151ket \u00e9s lass\u00edtja a haj elv\u00e9konyod\u00e1s\u00e1t, hajhull\u00e1s\u00e1t \u00e9s \u0151sz\u00fcl\u00e9s\u00e9t, valamint cs\u00f6kkenti az elaszt\u00e1z aktivit\u00e1s\u00e1t, ami k\u00e1ros\u00edtja a t\u00fcsz\u0151ket \u00e9s \u00f6reged\u00e9s\u00fckh\u00f6z vezet. Klinikailag bizony\u00edtottan vastagabb\u00e1, d\u00fasabb\u00e1, er\u0151sebb\u00e9 \u00e9s f\u00e9nyesebb\u00e9 teszi a hajat."},{"_v2024__image_ingredients__ingredient_image":1000007074,"_v2024__image_ingredients__ingredient_title":"PANTENOL","_v2024__image_ingredients__ingredient_description":"Hidrat\u00e1lja \u00e9s megnyugtatja a fejb\u0151rt, er\u0151s\u00edti a t\u00fcsz\u0151ket \u00e9s cs\u00f6kkenti a t\u00f6redez\u00e9st, f\u00e9nyt \u00e9s simas\u00e1got k\u00f6lcs\u00f6n\u00f6z a hajnak."},{"_v2024__image_ingredients__ingredient_image":1000006707,"_v2024__image_ingredients__ingredient_title":"ARG\u00c1N OLAJ","_v2024__image_ingredients__ingredient_description":"Vitaminokkal \u00e9s zs\u00edrsavakkal l\u00e1tja el a hajat \u00e9s a fejb\u0151rt, valamint v\u00e9d a nap \u00e9s a sz\u00e9l k\u00e1ros hat\u00e1sait\u00f3l."},{"_v2024__image_ingredients__ingredient_image":1000006712,"_v2024__image_ingredients__ingredient_title":"K\u00d3KUSZKIVONAT","_v2024__image_ingredients__ingredient_description":"Nedves\u00edti an\u00e9lk\u00fcl, hogy zs\u00edros vagy neh\u00e9z lenne a haj. T\u00e1pl\u00e1lja \u00e9s serkenti a fejb\u0151r term\u00e9szetes egyens\u00faly\u00e1nak helyre\u00e1ll\u00edt\u00e1s\u00e1t."},{"_v2024__image_ingredients__ingredient_image":1000007075,"_v2024__image_ingredients__ingredient_title":"R\u00d3ZSABOGY\u00d3 KIVONAT","_v2024__image_ingredients__ingredient_description":"Felt\u00f6lti a hajat \u00e9s a fejb\u0151rt vitaminokkal \u00e9s antioxid\u00e1nsokkal, revitaliz\u00e1lja \u00e9s ellen\u00e1ll\u00f3bb\u00e1 teszi \u0151ket."},{"_v2024__image_ingredients__ingredient_image":1000007072,"_v2024__image_ingredients__ingredient_title":"CSARABF\u0170 KIVONAT","_v2024__image_ingredients__ingredient_description":"Antioxid\u00e1ns \u00e9s gyullad\u00e1scs\u00f6kkent\u0151 tulajdons\u00e1gainak k\u00f6sz\u00f6nhet\u0151en er\u0151s\u00edti a t\u00fcsz\u0151ket, er\u0151sebb\u00e9 \u00e9s \u00e9l\u00e9nkebb\u00e9 teszi a hajat."},{"_v2024__image_ingredients__ingredient_image":1000007076,"_v2024__image_ingredients__ingredient_title":"H\u00c1ROMSZ\u00cdN\u0170 \u00c1RV\u00c1CSKA KIVONAT","_v2024__image_ingredients__ingredient_description":"Intenz\u00edven t\u00e1pl\u00e1l, hidrat\u00e1l \u00e9s jav\u00edtja a v\u00e9rkering\u00e9st, ami el\u0151seg\u00edti a haj n\u00f6veked\u00e9s\u00e9t."},{"_v2024__image_ingredients__ingredient_image":1000007077,"_v2024__image_ingredients__ingredient_title":"VERB\u00c9NA KIVONAT","_v2024__image_ingredients__ingredient_description":"Antiszeptikus hat\u00e1s\u00e1nak k\u00f6sz\u00f6nhet\u0151en seg\u00edt helyre\u00e1ll\u00edtani a fejb\u0151rt \u00e9s er\u0151s\u00edti a hajat."},{"_v2024__image_ingredients__ingredient_image":1000006730,"_v2024__image_ingredients__ingredient_title":"TERM\u00c9SZETES E-VITAMIN","_v2024__image_ingredients__ingredient_description":"Er\u0151teljes antioxid\u00e1ns, amely serkenti a haj n\u00f6veked\u00e9s\u00e9t \u00e9s gondoskodik a fejb\u0151r eg\u00e9szs\u00e9g\u00e9r\u0151l."}],"_v2024__image_ingredients__all_ingredients":"Aqua, Sodium Coco-Sulfate**, Cocamidopropyl Betaine**, Propanediol**, Coco-Glucoside**, Glyceryl Oleate**, Phyllanthus Emblica Fruit Extract**, Panthenol, Glycerin**, Argania Spinosa Kernel Oil*, Cocos Nucifera Fruit Extract*, Rosa Canina Flower Extract*, Calluna Vulgaris Flower Extract*, Viola Tricolor Extract*, Centaurium Erythraea Flower Extract*, Verbena Officinalis Flower Extract*, Hydrogenated Vegetable Glycerides Citrate**, Tocopherol**, Citric Acid**, Lactic Acid**, Parfum, Sodium Benzoate, Potassium Sorbate, Benzyl Alcohol, Limonene, Citrus Aurantium Peel Oil, Hexyl Cinnamal, Linalool, Tetramethyl Acetyloctahydronaphthalenes, Citrus Limon Oil\r\n\r\n<i>*Certified Organic Ingredients\r\n**Ingredients From Natural Origin<\/i>\r\n\r\n<em>Felh\u00edvjuk figyelm\u00e9t, hogy az \u00f6sszetev\u0151k list\u00e1ja a term\u00e9kfejleszt\u00e9sek miatt id\u0151vel kiss\u00e9 v\u00e1ltozhat. Tekintse meg a term\u00e9k csomagol\u00e1s\u00e1t a legfrissebb inform\u00e1ci\u00f3val kapcsolatban.<\/em>","_v2024__usage_content__left_content":"<strong>HOL<\/strong>: fejb\u0151r\u00f6n \u00e9s hajon\r\n\r\n<strong>HOGYAN<\/strong>: vigye fel a nedves fejb\u0151rre \u00e9s hajra k\u00f6nny\u0171 massz\u00edroz\u00f3 mozdulatokkal, v\u00e1rjon legal\u00e1bb 2 percet, am\u00edg kifejti hat\u00e1s\u00e1t, majd \u00f6bl\u00edtse le\r\n\r\n<strong>MILYEN GYAKRAN<\/strong>: szok\u00e1sos hajmos\u00e1si rutinj\u00e1nak megfelel\u0151en, naponta haszn\u00e1lhat\u00f3\r\n\r\n<strong>A LEGJOBB EREDM\u00c9NY\u00c9RT<\/strong>: kombin\u00e1ld a <a href=\"https:\/\/cocosolis.com\/hu\/product\/grow-hair-growth-conditioner\/\">GROW balzsammal<\/a> \u00e9s a <a href=\"https:\/\/cocosolis.com\/hu\/product\/grow-hair-growth-serum-spray\/\">GROW Spray sz\u00e9rummal<\/a>","_v2024__usage_content__right_bottom_content":"","_v2024__usage_content__note":"","_v2024__usage_content__storage":"Csak k\u00fcls\u0151leg. Hagyja abba a haszn\u00e1lat\u00e1t, ha irrit\u00e1ci\u00f3 l\u00e9p fel. Ne haszn\u00e1lja s\u00e9r\u00fclt vagy sebes fejb\u0151r\u00f6n. Ker\u00fclje a szembe jut\u00e1st. Gyerekekt\u0151l t\u00e1vol tartand\u00f3! T\u00e1rolja sz\u00e1raz \u00e9s h\u0171v\u00f6s helyen."},"_links":{"self":[{"href":"https:\/\/cocosolis.com\/hu\/wp-json\/wp\/v2\/product\/1000043202","targetHints":{"allow":["GET"]}}],"collection":[{"href":"https:\/\/cocosolis.com\/hu\/wp-json\/wp\/v2\/product"}],"about":[{"href":"https:\/\/cocosolis.com\/hu\/wp-json\/wp\/v2\/types\/product"}],"wp:featuredmedia":[{"embeddable":true,"href":"https:\/\/cocosolis.com\/hu\/wp-json\/"}],"wp:attachment":[{"href":"https:\/\/cocosolis.com\/hu\/wp-json\/wp\/v2\/media?parent=1000043202"}],"wp:term":[{"taxonomy":"product_brand","embeddable":true,"href":"https:\/\/cocosolis.com\/hu\/wp-json\/wp\/v2\/product_brand?post=1000043202"},{"taxonomy":"product_cat","embeddable":true,"href":"https:\/\/cocosolis.com\/hu\/wp-json\/wp\/v2\/product_cat?post=1000043202"},{"taxonomy":"product_tag","embeddable":true,"href":"https:\/\/cocosolis.com\/hu\/wp-json\/wp\/v2\/product_tag?post=1000043202"},{"taxonomy":"product_template","embeddable":true,"href":"https:\/\/cocosolis.com\/hu\/wp-json\/wp\/v2\/product_template?post=1000043202"}],"curies":[{"name":"wp","href":"https:\/\/api.w.org\/{rel}","templated":true}]}}