{"id":1000019477,"date":"2024-07-01T12:18:50","date_gmt":"2024-07-01T10:18:50","guid":{"rendered":"https:\/\/cocosolis.com\/hu\/product\/aura-peptide-shimmer-spray\/"},"modified":"2026-04-06T15:27:46","modified_gmt":"2026-04-06T13:27:46","slug":"aura-peptide-shimmer-spray-nude","status":"publish","type":"product","link":"https:\/\/cocosolis.com\/hu\/product\/aura-peptide-shimmer-spray-nude\/","title":{"rendered":"AURA Peptide Shimmer Spray"},"content":{"rendered":"","protected":false},"excerpt":{"rendered":"","protected":false},"featured_media":1000004972,"template":"","meta":{"_acf_changed":false},"product_brand":[],"product_cat":[64],"product_tag":[],"product_template":[67],"class_list":{"0":"post-1000019477","1":"product","2":"type-product","3":"status-publish","4":"has-post-thumbnail","6":"product_cat-shimmer","7":"product_template-v-2024-clean","9":"first","10":"instock","11":"shipping-taxable","12":"purchasable","13":"product-type-simple"},"acf":{"_v2024__listing_and_sharing_info__listing_category":"AURA NUDE","_v2024__listing_and_sharing_info__product_type":"Peptide Shimmer Spray","_v2024__listing__and_sharing_info__listing_below_title_in_product_page":"Term\u00e9szetes ragyog\u00f3 spray peptidekkel arcra, testre \u00e9s hajra. Gyeng\u00e9den f\u00e9nylik, hidrat\u00e1l \u00e9s fiatal\u00edt.\n<br><strong>Csillog\u00e1s: Nude<\/strong>","_v2024__listing_and_sharing_info__listing_description":"Term\u00e9szetes ragyog\u00f3 spray peptidekkel arcra, testre \u00e9s hajra. Gyeng\u00e9den f\u00e9nylik, hidrat\u00e1l \u00e9s fiatal\u00edt.\n<br><strong>Csillog\u00e1s: Nude<\/strong>","_v2024__listing_and_sharing_info__image":1000004987,"_v2024__product_hero__hero_type":"carousel","_v2024__product_hero__product_slider_gallery":[{"_v2024__product_hero__product_slider_gallery__image":1000006868,"_v2024__product_hero__product_slider_gallery__video_link":""},{"_v2024__product_hero__product_slider_gallery__image":1000006898,"_v2024__product_hero__product_slider_gallery__video_link":""},{"_v2024__product_hero__product_slider_gallery__image":1000006899,"_v2024__product_hero__product_slider_gallery__video_link":""},{"_v2024__product_hero__product_slider_gallery__image":1000006900,"_v2024__product_hero__product_slider_gallery__video_link":""},{"_v2024__product_hero__product_slider_gallery__image":1000006869,"_v2024__product_hero__product_slider_gallery__video_link":""},{"_v2024__product_hero__product_slider_gallery__image":1000006870,"_v2024__product_hero__product_slider_gallery__video_link":""}],"_v2024__before_and_after_image":1000006866,"_v2024__before_and_after_image_mobile":1000006867,"_v2024__product_hero__quantity":"100ml","_v2024__product_hero__product_disclamer":"","_v2024__why_use__should_show":"visible","_v2024__why_use__description_text":"<p>Kombin\u00e1ld az eleg\u00e1ns ragyog\u00e1st akt\u00edv \u00f6reged\u00e9s g\u00e1tl\u00f3 b\u0151r\u00e1pol\u00e1ssal. Tet\u0151t\u0151l talpig sug\u00e1rz\u00f3 \u00e9s friss \u00e9rz\u00e9s.<\/p>\n","_v2024__why_use__text_content":"<ul>\n<li>Gyeng\u00e9den f\u00e9nylik a term\u00e9szetes mica ultrafinom r\u00e9szecsk\u00e9ivel<\/li>\n<li>Azonnal hidrat\u00e1lja, megk\u00f6ti a nedvess\u00e9get \u00e9s megfiatal\u00edtja a b\u0151rt<\/li>\n<li>Magas tartalm\u00fa peptidekkel kombin\u00e1lva hialuronsavval, glicerinnel, panthenollal \u00e9s k\u00f3kuszv\u00edzzel<\/li>\n<li>B\u00e1jos m\u00e1lna illat<\/li>\n<li>Ide\u00e1lis arcra, testre \u00e9s hajra<\/li>\n<\/ul>\n","_v2024__why_use__product_notes_and_remarks":"","_v2024__why_use__background_color":"#FBF1EB","_v2024__why_use__heading_color":"#816c65","_v2024__why_use__text_color":"#816c65","_v2024__why_use__image_desktop":1000004974,"_v2024__why_use__image_mobile":1000004975,"_v2024__stats_show":false,"_v2024__stats_repeater":null,"_v2024__stats_repeater_disclaimer":null,"_v2024__benefits__icons_repeater":[{"_v2024__benefit__icons_repeater_icon":1000002896,"_v2024__benefit__icons_repeater_text":"ELEG\u00c1NSAN \u00c9S GYENG\u00c9DEN F\u00c9NYLIK"},{"_v2024__benefit__icons_repeater_icon":1000002891,"_v2024__benefit__icons_repeater_text":"AZONNAL HIDRAT\u00c1L"},{"_v2024__benefit__icons_repeater_icon":1000004600,"_v2024__benefit__icons_repeater_text":"FIATAL\u00cdT"},{"_v2024__benefit__icons_repeater_icon":1000004978,"_v2024__benefit__icons_repeater_text":"L\u00c9D\u00daS M\u00c1LNA ILLATA VAN"}],"_v2024__image_ingreddients__intro_text":"<p>A term\u00e9szetes mica ultrafinom r\u00e9szecsk\u00e9i szimbi\u00f3zisban m\u0171k\u00f6dnek az er\u0151teljes hat\u00f3anyagokkal \u00e9s a k\u00f3kuszv\u00edzzel, hogy val\u00f3ban ragyog\u00f3 b\u0151rt \u00e9s hajat hozzon l\u00e9tre.<\/p>\n","_v2024__image_ingreddients__additional_description":"","_v2024__image_ingreddients__disclamer_inner":"","_v2024__image_ingredients__repeater":[{"_v2024__image_ingredients__ingredient_image":1000004979,"_v2024__image_ingredients__ingredient_title":"PEPTIDEK","_v2024__image_ingredients__ingredient_description":"<p>Ezek a term\u00e9szetes peptidek klinikailag bizony\u00edtottan lass\u00edtj\u00e1k az \u00f6reged\u00e9si folyamatot az\u00e1ltal, hogy serkentik a kollag\u00e9n \u00e9s elasztin termel\u00e9s\u00e9t. Toniz\u00e1lj\u00e1k \u00e9s l\u00e1that\u00f3an feszess\u00e9 teszik a b\u0151rt, kiegyenl\u00edtik az b\u0151rszint \u00e9s cs\u00f6kkentik a s\u00f6t\u00e9t foltokat. Jav\u00edtj\u00e1k a hidrat\u00e1lts\u00e1got az \u00e1ltal, \u00edgy megtartj\u00e1k \u00e9s n\u00f6velik a nedvess\u00e9get a b\u0151rben.<\/p>\n"},{"_v2024__image_ingredients__ingredient_image":1000004599,"_v2024__image_ingredients__ingredient_title":"HIALURONSAV","_v2024__image_ingredients__ingredient_description":"<p>V\u00e9d\u0151filmet k\u00e9pez a b\u0151r\u00f6n, amely er\u0151s\u00edti a g\u00e1tl\u00f3 funkci\u00f3t \u00e9s cs\u00f6kkenti a v\u00edzvesztes\u00e9get. Azonnal feszesebb\u00e9 \u00e9s sim\u00e1bb\u00e1 var\u00e1zsolja a b\u0151rt.<\/p>\n"},{"_v2024__image_ingredients__ingredient_image":1000004605,"_v2024__image_ingredients__ingredient_title":"PANTENOL","_v2024__image_ingredients__ingredient_description":"<p>Hidrat\u00e1lja \u00e9s felt\u00f6lti a b\u0151rt az\u00e1ltal, hogy mag\u00e1hoz vonzza \u00e9s megtartja a nedvess\u00e9get. Nyugtatja, t\u00e1mogatja a term\u00e9szetes gy\u00f3gyul\u00e1si folyamatokat \u00e9s helyre\u00e1ll\u00edtja a b\u0151rt napoz\u00e1s ut\u00e1n.<\/p>\n"},{"_v2024__image_ingredients__ingredient_image":1000004197,"_v2024__image_ingredients__ingredient_title":"K\u00d3KUSZV\u00cdZ","_v2024__image_ingredients__ingredient_description":"<p>Friss\u00edti \u00e9s revitaliz\u00e1lja a b\u0151rt, hidrat\u00e1lja \u00e9s felt\u00f6lti vitaminokkal, \u00e1sv\u00e1nyi anyagokkal \u00e9s antioxid\u00e1nsokkal. Hidrat\u00e1lja \u00e9s t\u00e1pl\u00e1lja a hajat, megk\u00f6nny\u00edti a f\u00e9s\u00fcl\u00e9st.<\/p>\n"},{"_v2024__image_ingredients__ingredient_image":1000002909,"_v2024__image_ingredients__ingredient_title":"GLICERIN","_v2024__image_ingredients__ingredient_description":"<p>Er\u0151teljes nedves\u00edt\u0151szer: mag\u00e1hoz vonzza, \u00e9s a b\u0151rben tartja a nedvess\u00e9get. Kit\u00f6lti a finom vonalakat, sim\u00e1v\u00e1 \u00e9s rugalmass\u00e1 var\u00e1zsolja a b\u0151rt.<\/p>\n"}],"_v2024__image_ingredients__all_ingredients":"<p>AQUA*, PENTYLENE GLYCOL*, HEXAPEPTIDE-11*, COCOS NUCIFERA (COCONUT) WATER*, SODIUM HYALURONATE, PROPANEDIOL*, PANTHENOL, PROPYLENE GLYCOL, GLYCERIN*, CITRIC ACID*, SODIUM BENZOATE, POLYGLYCERYL-6 CAPRYLATE*, POLYGLYCERYL-4 CAPRATE*, PARFUM, CALCIUM TITANIUM BOROSILICATE*, TIN OXIDE*, MICA*, CI 77891*, CI 77491*<\/p>\n<p><em>*Term\u00e9szetes eredet\u0171 \u00f6sszetev\u0151k<\/em><br \/>\n<em>**Term\u00e9szetes arom\u00e1k \u00f6sszetev\u0151i<\/em><\/p>\n<p>Felh\u00edvjuk figyelm\u00e9t, hogy az \u00f6sszetev\u0151k list\u00e1ja a term\u00e9kfejleszt\u00e9sek miatt id\u0151vel kiss\u00e9 v\u00e1ltozhat. Tekintse meg a term\u00e9k csomagol\u00e1s\u00e1t a legfrissebb inform\u00e1ci\u00f3val kapcsolatban.<\/p>\n","_v2024__usage_content__left_content":"<p><strong>A csillog\u00f3 hat\u00e1s k\u00f6zvetlen f\u00e9nyben l\u00e1tszik legink\u00e1bb.<\/strong><\/p>\n<p><strong>HOL HASZN\u00c1LJUK<\/strong>: arcra, testre \u00e9s hajra<br \/>\n<strong>MINDEN NAP<\/strong>: smink ut\u00e1n a gyeng\u00e9d ragyog\u00e1s\u00e9rt<br \/>\n<strong>A BULIBAN<\/strong>: t\u00f6bb r\u00e9teg az elb\u0171v\u00f6l\u0151 jelenl\u00e9t\u00e9rt<br \/>\n<strong>STRANDON<\/strong>: a ragyog\u00f3 hidrat\u00e1l\u00e1s\u00e9rt<br \/>\n<strong>STRAND UT\u00c1N<\/strong>: a b\u0151r megnyugtat\u00e1s\u00e1ra \u00e9s helyre\u00e1ll\u00edt\u00e1s\u00e1ra<\/p>\n<p><strong>HOGYAN<\/strong> kell haszn\u00e1lni:<\/p>\n<ol>\n<li>Haszn\u00e1lat el\u0151tt j\u00f3l r\u00e1zzuk fel!<\/li>\n<li>Permetezzen 20 \u2013 50 cm t\u00e1vols\u00e1gr\u00f3l az egyenletes fed\u00e9s \u00e9rdek\u00e9ben.<\/li>\n<li>Ker\u00fclje a k\u00e9zzel vagy ecsettel val\u00f3 elken\u0151d\u00e9st.<\/li>\n<li>Vigyen fel egy r\u00e9teget, \u00e9s hagyja megsz\u00e1radni.<\/li>\n<li>A tel\u00edtettebb f\u00e9ny \u00e9rdek\u00e9ben vigyen fel tov\u00e1bbi r\u00e9tegeket.<\/li>\n<\/ol>\n","_v2024__usage_content__right_bottom_content":"","_v2024__usage_content__note":"","_v2024__usage_content__storage":"<p>FIGYELEM: H\u0171v\u00f6s, s\u00f6t\u00e9t, sz\u00e1raz helyen t\u00e1roland\u00f3. Csak k\u00fcls\u0151leg. Hagyja abba a haszn\u00e1lat\u00e1t, ha irrit\u00e1ci\u00f3 l\u00e9p fel. Ne haszn\u00e1lja s\u00e9r\u00fclt vagy irrit\u00e1lt b\u0151r\u00f6n. Ker\u00fclje a szembe jut\u00e1st. Gyerekekt\u0151l t\u00e1vol tartand\u00f3!<\/p>\n<p>&nbsp;<\/p>\n<p>A term\u00e9k nem tartalmaz f\u00e9nyv\u00e9d\u0151 UV-sz\u0171r\u0151t. Ha k\u00f6zvetlen napsug\u00e1rz\u00e1snak van kit\u00e9ve, javasoljuk f\u00e9nyv\u00e9d\u0151 term\u00e9kkel kombin\u00e1lni. A term\u00e9k nem bronzos\u00edt. A t\u00falzott napoz\u00e1s komoly vesz\u00e9lyt jelent az eg\u00e9szs\u00e9gre.<\/p>\n"},"_links":{"self":[{"href":"https:\/\/cocosolis.com\/hu\/wp-json\/wp\/v2\/product\/1000019477","targetHints":{"allow":["GET"]}}],"collection":[{"href":"https:\/\/cocosolis.com\/hu\/wp-json\/wp\/v2\/product"}],"about":[{"href":"https:\/\/cocosolis.com\/hu\/wp-json\/wp\/v2\/types\/product"}],"wp:featuredmedia":[{"embeddable":true,"href":"https:\/\/cocosolis.com\/hu\/wp-json\/"}],"wp:attachment":[{"href":"https:\/\/cocosolis.com\/hu\/wp-json\/wp\/v2\/media?parent=1000019477"}],"wp:term":[{"taxonomy":"product_brand","embeddable":true,"href":"https:\/\/cocosolis.com\/hu\/wp-json\/wp\/v2\/product_brand?post=1000019477"},{"taxonomy":"product_cat","embeddable":true,"href":"https:\/\/cocosolis.com\/hu\/wp-json\/wp\/v2\/product_cat?post=1000019477"},{"taxonomy":"product_tag","embeddable":true,"href":"https:\/\/cocosolis.com\/hu\/wp-json\/wp\/v2\/product_tag?post=1000019477"},{"taxonomy":"product_template","embeddable":true,"href":"https:\/\/cocosolis.com\/hu\/wp-json\/wp\/v2\/product_template?post=1000019477"}],"curies":[{"name":"wp","href":"https:\/\/api.w.org\/{rel}","templated":true}]}}