{"id":467,"date":"2022-05-06T15:55:54","date_gmt":"2022-05-06T13:55:54","guid":{"rendered":"http:\/\/cocosolis.com\/en\/?page_id=467"},"modified":"2025-08-22T14:46:25","modified_gmt":"2025-08-22T12:46:25","slug":"delivery","status":"publish","type":"page","link":"https:\/\/cocosolis.com\/hu\/delivery\/","title":{"rendered":"Rendel\u00e9s \u00e9s sz\u00e1ll\u00edt\u00e1s"},"content":{"rendered":"\r\n<h2 class=\"wp-block-heading\">Rendel\u00e9s \u00e9s sz\u00e1ll\u00edt\u00e1s<\/h2>\r\n\r\n\r\n\r\n<p>Itt rendelhet:<br \/>Az e-boltunkon kereszt\u00fcl:<br \/>www.cocosolis.com\/<br \/>Szem\u00e9lyes Facebook \u00fczenetben.<\/p>\r\n\r\n\r\n\r\n<p>A megrendel\u00e9s k\u00e9zhezv\u00e9telekor a felhaszn\u00e1l\u00f3 e-mail-ben visszaigazol\u00e1st kap.<\/p>\r\n\r\n\r\n\r\n<p>SZ\u00c1LL\u00cdT\u00c1SI D\u00cdJ<br \/>Term\u00e9keink kisz\u00e1ll\u00edt\u00e1sa ingyenes, 18 000 Ft feletti megrendel\u00e9skor. 18 000 Ft alatti rendel\u00e9sek eset\u00e9n a sz\u00e1ll\u00edt\u00e1si d\u00edj 990 Ft.<\/p>\r\n\r\n\r\n\r\n<p>SZ\u00c1LL\u00cdT\u00c1SI ID\u0150:<br \/>A munkanapon 13:00 \u00f3r\u00e1ig elfogadott megrendel\u00e9sek 2-3 munkanapon bel\u00fcl teljes\u00fclnek<br \/>(Ha p\u00e9ld\u00e1ul megrendel\u00e9st tesz k\u00f6zz\u00e9 h\u00e9tf\u0151n (munkanapon) 15:00 \u00f3r\u00e1ig, a sz\u00e1ll\u00edtm\u00e1nyt cs\u00fct\u00f6rt\u00f6k\u00f6n k\u00e9zbes\u00edtik \u00d6nnek)<br \/>A munkanapon 12:00 \u00f3ra ut\u00e1n elfogadott megrendel\u00e9sek a k\u00f6vetkez\u0151 munkanapon ker\u00fclnek feldolgoz\u00e1sra.<br \/>A h\u00e9tv\u00e9gen elfogadott megrendel\u00e9sek az els\u0151 munkanapon ker\u00fclnek feldolgoz\u00e1sra.<\/p>\r\n\r\n\r\n\r\n<p>HOV\u00c1 TUDUNK SZ\u00c1LL\u00cdTANI<br \/>A sz\u00e1ll\u00edtm\u00e1nyok a\u201cGLS HUNGARY\u201d fut\u00e1rszolg\u00e1lat\u00e1n kereszt\u00fcl a megadott c\u00edmre vagy a \u201cGLS HUNGARY\u201d irod\u00e1j\u00e1ra ker\u00fclnek. Az irod\u00e1k teljes list\u00e1j\u00e1t itt tal\u00e1lja a leg\u00f6rd\u00fcl\u0151 men\u00fcb\u0151l.<br \/>Munkanapokon a szok\u00e1sos sz\u00e1ll\u00edt\u00e1si id\u0151k 9:00 \u00e9s 17:30 k\u00f6z\u00f6tt vannak.<br \/>Ha a vev\u0151 nem biztos\u00edt hozz\u00e1f\u00e9r\u00e9st \u00e9s felt\u00e9teleket az adott \u00e1ru meghat\u00e1rozott id\u0151pontban t\u00f6rt\u00e9n\u0151 sz\u00e1ll\u00edt\u00e1s\u00e1ra, vagy nem megy a meghat\u00e1rozott \u201cGLS HUNGARY\u201d irod\u00e1j\u00e1ba, hogy id\u0151ben megkapja az \u00e1rut, az elad\u00f3 mentes\u00fcl a k\u00e9rt sz\u00e1ll\u00edtm\u00e1ny teljes\u00edt\u00e9s\u00e9nek k\u00f6telezetts\u00e9ge al\u00f3l.<\/p>\r\n\r\n\r\n\r\n<p>A k\u00f6zz\u00e9t\u00e9tel d\u00e1tuma: 06.04.2023.<\/p>\r\n","protected":false},"excerpt":{"rendered":"<p>Rendel\u00e9s \u00e9s sz\u00e1ll\u00edt\u00e1s Itt rendelhet:Az e-boltunkon kereszt\u00fcl:www.cocosolis.com\/Szem\u00e9lyes Facebook \u00fczenetben. A megrendel\u00e9s k\u00e9zhezv\u00e9telekor a felhaszn\u00e1l\u00f3 e-mail-ben visszaigazol\u00e1st kap. SZ\u00c1LL\u00cdT\u00c1SI D\u00cdJTerm\u00e9keink kisz\u00e1ll\u00edt\u00e1sa ingyenes, 18 000 Ft feletti megrendel\u00e9skor. 18 000 Ft alatti rendel\u00e9sek eset\u00e9n a sz\u00e1ll\u00edt\u00e1si d\u00edj 990 Ft. SZ\u00c1LL\u00cdT\u00c1SI ID\u0150:A munkanapon 13:00 \u00f3r\u00e1ig elfogadott megrendel\u00e9sek 2-3 munkanapon bel\u00fcl teljes\u00fclnek(Ha p\u00e9ld\u00e1ul megrendel\u00e9st tesz k\u00f6zz\u00e9 h\u00e9tf\u0151n (munkanapon) 15:00 &hellip; <a href=\"https:\/\/cocosolis.com\/hu\/delivery\/\">Continued<\/a><\/p>\n","protected":false},"author":1,"featured_media":0,"parent":0,"menu_order":0,"comment_status":"closed","ping_status":"closed","template":"","meta":{"_acf_changed":false,"footnotes":""},"page_roles":[36],"class_list":["post-467","page","type-page","status-publish","hentry","page_roles-legal"],"acf":[],"_links":{"self":[{"href":"https:\/\/cocosolis.com\/hu\/wp-json\/wp\/v2\/pages\/467","targetHints":{"allow":["GET"]}}],"collection":[{"href":"https:\/\/cocosolis.com\/hu\/wp-json\/wp\/v2\/pages"}],"about":[{"href":"https:\/\/cocosolis.com\/hu\/wp-json\/wp\/v2\/types\/page"}],"author":[{"embeddable":true,"href":"https:\/\/cocosolis.com\/hu\/wp-json\/wp\/v2\/users\/1"}],"replies":[{"embeddable":true,"href":"https:\/\/cocosolis.com\/hu\/wp-json\/wp\/v2\/comments?post=467"}],"version-history":[{"count":8,"href":"https:\/\/cocosolis.com\/hu\/wp-json\/wp\/v2\/pages\/467\/revisions"}],"predecessor-version":[{"id":1000059765,"href":"https:\/\/cocosolis.com\/hu\/wp-json\/wp\/v2\/pages\/467\/revisions\/1000059765"}],"wp:attachment":[{"href":"https:\/\/cocosolis.com\/hu\/wp-json\/wp\/v2\/media?parent=467"}],"wp:term":[{"taxonomy":"page_roles","embeddable":true,"href":"https:\/\/cocosolis.com\/hu\/wp-json\/wp\/v2\/page_roles?post=467"}],"curies":[{"name":"wp","href":"https:\/\/api.w.org\/{rel}","templated":true}]}}