{"id":464,"date":"2022-05-06T15:55:17","date_gmt":"2022-05-06T13:55:17","guid":{"rendered":"http:\/\/cocosolis.com\/en\/?page_id=464"},"modified":"2022-06-17T12:11:54","modified_gmt":"2022-06-17T10:11:54","slug":"terms-of-use","status":"publish","type":"page","link":"https:\/\/cocosolis.com\/hu\/terms-of-use\/","title":{"rendered":"A weboldal haszn\u00e1lati felt\u00e9telei"},"content":{"rendered":"\n<h2 class=\"wp-block-heading\">A WEBOLDAL HASZN\u00c1LATI FELT\u00c9TELEI<\/h2>\n\n\n\n<p>\u00dcdv\u00f6z\u00f6lj\u00fck weboldalunkon (\u201ecocosolis.com\u201d;). Ezek a \u201cFelhaszn\u00e1l\u00e1si felt\u00e9telek\u201c; szab\u00e1lyozz\u00e1k a COCOSOLIS.COM val\u00f3 hozz\u00e1f\u00e9r\u00e9s\u00e9t \u00e9s annak haszn\u00e1lat\u00e1t.<br>A weboldalhoz val\u00f3 hozz\u00e1f\u00e9r\u00e9s \u00e9s annak haszn\u00e1lata, valamint a COCOSOLIS.COM -on val\u00f3 term\u00e9kek v\u00e1s\u00e1rl\u00e1sa azon a felt\u00e9telez\u00e9sen alapul, hogy a weboldalnak a termin\u00e1l \u0435szk\u00f6zr\u00f3l t\u00f6rt\u00e9n\u0151 bet\u00f6lt\u00e9s\u00e9nek t\u00e9ny\u00e9vel a Felhaszn\u00e1l\u00f3 egyet\u00e9rt azzal, hogy tudom\u00e1sul veszi a jelenlegi \u00c1ltal\u00e1nos haszn\u00e1lati felt\u00e9teleket \u00e9s a hozz\u00e1juk val\u00f3 alkalmaz\u00e1sokat.<br>Ezek a felt\u00e9telek olyan meg\u00e1llapod\u00e1st k\u00e9peznek, amely a PURMERUL Kft. a www.cocosolis.com weboldal kezel\u0151j\u00e9nek min\u0151s\u00e9g\u00e9ben \u00e9s annak v\u00e9gfelhaszn\u00e1l\u00f3i k\u00f6z\u00f6tt fenn\u00e1ll\u00f3 kapcsolat\u00e1t szab\u00e1lyozza.<\/p>\n\n\n\n<p>Ez a meg\u00e1llapod\u00e1s vonatkozik a weboldalon el\u00e9rhet\u0151 inform\u00e1ci\u00f3s szolg\u00e1ltat\u00e1sokra \u00e9s rendszerekre, annak mobil verzi\u00f3ira, valamint minden egy\u00e9b alkalmaz\u00e1sra \u00e9s szolg\u00e1ltat\u00e1sra, amely a weboldalhoz t\u00e1rsul vagy kapcsol\u00f3dhat. Ez a meg\u00e1llapod\u00e1s addig \u00e9rv\u00e9nyes, am\u00edg a Felhaszn\u00e1l\u00f3 nem vet v\u00e9get a weboldalon el\u00e9rhet\u0151 szolg\u00e1ltat\u00e1sok haszn\u00e1lat\u00e1nak.<\/p>\n\n\n\n<p>A PURMERUL Kft. egy bejegyzett sz\u00e9khellyel \u00e9s vezet\u0151s\u00e9ggel rendelkez\u0151 kereskedelmi t\u00e1rsas\u00e1g: Plovdiv, 4002, Centralen ker\u00fclet, Luleburgaz utca 22. sz\u00e1m, 4. em., 9. ajt\u00f3. A t\u00e1rsas\u00e1g a C\u00e9gnyilv\u00e1ntart\u00e1sban \u00e9s a Nonprofit szervezetek nyilv\u00e1ntart\u00e1s\u00e1ban szerepel a Nyilv\u00e1ntart\u00e1si \u00fcgyn\u00f6ks\u00e9gn\u00e9l az UIC\/ Egyedi azonos\u00edt\u00f3 k\u00f3d 201172065 sz\u00e1mmal.<\/p>\n\n\n\n<p>Egy\u00e9b jogi inform\u00e1ci\u00f3k\u00e9rt k\u00e9rj\u00fck, olvassa el a COCOSOLIS.COM&nbsp;<a href=\"https:\/\/cocosolis.com\/hu\/terms-of-sale\/\" target=\"_blank\" rel=\"noreferrer noopener\">\u00c1ltal\u00e1nos \u00e9rt\u00e9kes\u00edt\u00e9si felt\u00e9telekre<\/a>, a&nbsp;<a href=\"https:\/\/cocosolis.com\/hu\/return-policy\/\" target=\"_blank\" rel=\"noreferrer noopener\">visszat\u00e9r\u00e9si politik\u00e1ra \u00e9s a szem\u00e9lyes adatok<\/a>&nbsp;<a href=\"https:\/\/cocosolis.com\/hu\/privacy-policy\/\" target=\"_blank\" rel=\"noreferrer noopener\">politik\u00e1j\u00e1ra vonatkoz\u00f3 szekci\u00f3kat<\/a>.<br>A weboldal c\u00e9lja a k\u00f6vetkez\u0151 f\u0151 ir\u00e1nyokban k\u00e9pzelhet\u0151 el:<\/p>\n\n\n\n<p>1. A felhaszn\u00e1l\u00f3k t\u00e1j\u00e9koztat\u00e1sa a v\u00e1llalat tev\u00e9kenys\u00e9g\u00e9r\u0151l, t\u00f6rt\u00e9nelm\u00e9r\u0151l, j\u00f6v\u0151k\u00e9p\u00e9r\u0151l, k\u00fcldet\u00e9s\u00e9r\u0151l, \u00e9rt\u00e9keir\u0151l, v\u00e1llalati \u00e9s t\u00e1rsadalmi felel\u0151ss\u00e9gv\u00e1llal\u00e1s\u00e1r\u00f3l, valamint az \u00e1ltala k\u00edn\u00e1lt term\u00e9kekr\u0151l \u00e9s szolg\u00e1ltat\u00e1sokr\u00f3l.<br>2. Hozz\u00e1f\u00e9r\u00e9s biztos\u00edt\u00e1sa egy olyan platformhoz, amelyen kereszt\u00fcl a felhaszn\u00e1l\u00f3k online \u00e1rumegrendel\u00e9seket tehetnek, ad\u00e1sv\u00e9teli szerz\u0151d\u00e9seket k\u00f6thetnek a T\u00e1rsas\u00e1g \u00e1ltal k\u00edn\u00e1lt \u00e1rukkal kapcsolatban, \u00e9s megoszthatj\u00e1k a k\u00edn\u00e1lt term\u00e9kek v\u00e9lem\u00e9nyeit \u00e9s \u00e9rt\u00e9kel\u00e9s\u00e9t.<br>3. T\u00e1j\u00e9koztatjuk a weboldal felhaszn\u00e1l\u00f3it a t\u00e1rsas\u00e1ggal val\u00f3 kapcsolatfelv\u00e9tel r\u00e9szleteir\u0151l, Amennyiben tov\u00e1bbi inform\u00e1ci\u00f3ra van sz\u00fcks\u00e9g\u00fck az lehet\u0151s\u00e9get biztos\u00edt arra, hogy k\u00e9rdezzenek a k\u00edn\u00e1lt term\u00e9kekr\u0151l \u00e9s szolg\u00e1ltat\u00e1sokr\u00f3l, komment\u00e1rokat vagy aj\u00e1nl\u00e1sokat k\u00fcldjenek, valamint inform\u00e1ci\u00f3kat kapjanak jogaikr\u00f3l \u00e9s gyakorl\u00e1suk m\u00f3dj\u00e1r\u00f3l.<br>A COCOSOLIS.COM -hoz val\u00f3 hozz\u00e1f\u00e9r\u00e9s\u00e9t \u00e9s annak haszn\u00e1lat\u00e1t, ide\u00e9rtve a weboldalak megjelen\u00edt\u00e9s\u00e9t, a COCOSOLIS.COM -mal \u00e9s a kapcsol\u00f3d\u00f3 weboldalakkal val\u00f3 kommunik\u00e1ci\u00f3t \u00e9s a k\u00f6z\u00f6ss\u00e9gi m\u00e9dia er\u0151forr\u00e1sait, a weboldalon t\u00f6rt\u00e9n\u0151 v\u00e1s\u00e1rl\u00e1st, a felhaszn\u00e1l\u00f3k teljes eg\u00e9sz\u00e9ben szem\u00e9lyes c\u00e9lokra v\u00e9gzik, amelyeket semmilyen m\u00f3don nem lehet t\u00e1rs\u00edtani kereskedelmi, gazdas\u00e1gi vagy szakmai tev\u00e9kenys\u00e9ghez.<\/p>\n\n\n\n<p>A COCOSOLIS.COM nem felel\u0151s a weboldal \u00e9s annak tartalm\u00e1nak b\u00e1rmely felhaszn\u00e1l\u00f3ja \u00e1ltali haszn\u00e1lat\u00e1\u00e9rt, ami nem felel meg a t\u00f6rv\u00e9nyeknek \u00e9s a jogi rendelkez\u00e9s\u0435knek. K\u00fcl\u00f6n\u00f6sen felel\u0151ss\u00e9gre vonhatj\u00e1k \u00d6nt nem igazi, hamis inform\u00e1ci\u00f3k vagy harmadik felekkel kapcsolatos adatok szolg\u00e1ltat\u00e1sa eset\u00e9n (abban az esetben, ha a harmadik f\u00e9l nem adta meg a hozz\u00e1j\u00e1rul\u00e1s\u00e1t), valamint az ilyen adatokkal vagy inform\u00e1ci\u00f3kkal val\u00f3 vissza\u00e9l\u00e9s\u00e9rt.<\/p>\n\n\n\n<h5 class=\"wp-block-heading\">1. Regisztr\u00e1ci\u00f3 \u00e9s kommunik\u00e1ci\u00f3<\/h5>\n\n\n\n<p>Ha szolg\u00e1ltat\u00e1sainkat szeretn\u00e9 haszn\u00e1lni, akkor feln\u0151ttnek kell lennie, \u00e9s el kell fogadnia ezeket a felt\u00e9teleket. A jelen felt\u00e9telek elfogad\u00e1s\u00e1val a Felhaszn\u00e1l\u00f3 v\u00e1llalja, hogy a kommunik\u00e1ci\u00f3 vele a biztos\u00edtott elektronikus kommunik\u00e1ci\u00f3s csatorn\u00e1kon \u2013 telefonon, e-mailben, SMS-ben \u00e9s egy\u00e9b elektronikus csatorn\u00e1kon kereszt\u00fcl t\u00f6rt\u00e9nik. A Felhaszn\u00e1l\u00f3 v\u00e1llalja, hogy c\u00edmzettje lesz a weboldalnak, \u00e9s elektronikus nyilatkozatokat kap a weboldalr\u0151l \u00e9s annak adminisztr\u00e1tor\u00e1t\u00f3l.<\/p>\n\n\n\n<p>A felek meg\u00e1llapodnak abban, hogy az e-mailek elektronikus nyilatkozatoknak min\u0151s\u00fclnek, \u00e9s hogy a k\u00eds\u00e9r\u0151 inform\u00e1ci\u00f3 a szerz\u0151 azonos\u00edt\u00e1s\u00e1t jelenti ezen elektronikus nyilatkozatok birtokosak\u00e9nt, \u00e9s elektronikus al\u00e1\u00edr\u00e1s, amelynek a felek tulajdon\u00edtj\u00e1k a k\u00e9z\u00edr\u00e1sos al\u00e1\u00edr\u00e1s \u00e9rt\u00e9k\u00e9t a kapcsolataikban.<\/p>\n\n\n\n<p>Szolg\u00e1ltat\u00e1saink ig\u00e9nybev\u00e9tele \u00e9rdek\u00e9ben a term\u00e9keket a weboldalon t\u00f6rt\u00e9n\u0151 regisztr\u00e1ci\u00f3val is megv\u00e1s\u00e1rolhatja. A bejelentkez\u00e9s ingyenes. A felhaszn\u00e1l\u00f3 b\u00e1rmikor megsz\u00fcntetheti a regisztr\u00e1ci\u00f3j\u00e1t A felhaszn\u00e1l\u00f3 v\u00e1llalja, hogy teljes, igazi \u00e9s pontos inform\u00e1ci\u00f3t szolg\u00e1ltat, mind regisztr\u00e1ci\u00f3kor, mind megrendel\u00e9skor fi\u00f3k regisztr\u00e1ci\u00f3ja n\u00e9lk\u00fcl. A hozz\u00e1f\u00e9r\u00e9si jogok szem\u00e9lyesek \u00e9s nem ruh\u00e1zhat\u00f3k \u00e1t harmadik felekre. Nem vagyunk felel\u0151sek a fi\u00f3kj\u00e1hoz val\u00f3 jogosulatlan hozz\u00e1f\u00e9r\u00e9s\u00e9rt.<\/p>\n\n\n\n<h5 class=\"wp-block-heading\">2. Szellemi tulajdonjogok<\/h5>\n\n\n\n<p>A Felhaszn\u00e1l\u00f3nak joga van val\u00f3s id\u0151ben (online) hozz\u00e1f\u00e9rni a Honlapon kereszt\u00fcl ny\u00fajtott szolg\u00e1ltat\u00e1sokhoz, a hozz\u00e1f\u00e9r\u00e9si k\u00f6vetelm\u00e9nyeknek megfelel\u0151en.<\/p>\n\n\n\n<p>A Felhaszn\u00e1l\u00f3 sz\u00e1m\u00e1ra biztos\u00edtott hozz\u00e1f\u00e9r\u00e9si jog nem foglalja mag\u00e1ban az inform\u00e1ci\u00f3k m\u00e1sol\u00e1s\u00e1nak vagy reproduk\u00e1l\u00e1s\u00e1nak, illetve a v\u00e9dett szellemi vagy ipari tulajdon haszn\u00e1lat\u00e1nak jog\u00e1t, kiv\u00e9ve a szem\u00e9lyes haszn\u00e1latra sz\u00e1nt kis mennyis\u00e9g\u0171 inform\u00e1ci\u00f3t, felt\u00e9ve, hogy az ilyen felhaszn\u00e1l\u00e1s nem s\u00e9rti a felhaszn\u00e1l\u00f3 jogos \u00e9rdekeit. a szerz\u0151k vagy a szellemi vagy ipari tulajdonjogok birtokosait, \u00e9s a m\u00e1sol\u00e1s vagy reproduk\u00e1l\u00e1s nem kereskedelmi c\u00e9lokat szolg\u00e1l.<\/p>\n\n\n\n<p>A COCOSOLIS.COM tartalma, ide\u00e9rtve, de nem korl\u00e1tozva ezekre, m\u0171vek, f\u00e9nyk\u00e9pek, k\u00e9pek, p\u00e1rbesz\u00e9dek, zene, hangok, vide\u00f3k, dokumentumok, rajzok, \u00e1br\u00e1k, log\u00f3k \u00e9s minden egy\u00e9b anyag, amely a COCOSOLIS.COM-ban megjelenik b\u00e1rmilyen form\u00e1tumban, bele\u00e9rtve a men\u00fck is , weboldalak, grafik\u00e1k, sz\u00ednek, diagramok, eszk\u00f6z\u00f6k, bet\u0171t\u00edpusok, weboldaltervez\u00e9s, diagramok, tervek, m\u00f3dszerek, folyamatok, funkci\u00f3k \u00e9s szoftverek, amelyek a COCOSOLIS.COM r\u00e9sz\u00e9t k\u00e9pezik, a szerz\u0151i jogt\u00f3l \u00e9s \u00e9s minden egy\u00e9b a COCOSOLIS.COM szellemi tulajdon\u00e1t k\u00e9pez\u0151 szellemi jogt\u00f3l \u00e9s a jogtulajdonosok jogait\u00f3l van megv\u00e9dve. A COCOSOLIS.COM \u00e9s annak tartalm\u00e1nak eg\u00e9szben vagy r\u00e9szben, b\u00e1rmilyen form\u00e1ban t\u00f6rt\u00e9n\u0151 sokszoros\u00edt\u00e1sa a COCOSOLIS.COM \u00edr\u00e1sbeli hozz\u00e1j\u00e1rul\u00e1sa n\u00e9lk\u00fcl tilos.<\/p>\n\n\n\n<p>A COCOSOLIS.COM kiz\u00e1r\u00f3lagos joga a COCOSOLIS.COM \u00e9s annak tartalm\u00e1nak b\u00e1rmif\u00e9le (k\u00f6zvetlen vagy k\u00f6zvetett, \u00e1tmeneti vagy tart\u00f3s, vagy b\u00e1rmilyen m\u00e1s okb\u00f3l vagy b\u00e1rmilyen form\u00e1ban, teljes vagy r\u00e9szleges) reprodukci\u00f3j\u00e1nak enged\u00e9lyez\u00e9se vagy megtilt\u00e1sa.<\/p>\n\n\n\n<p>A COCOSOLIS.COM -on k\u00f6zz\u00e9tett m\u0171vek szerz\u0151i b\u00e1rmikor joggal tarthatnak ig\u00e9nyt a m\u0171veik szerz\u0151i jog\u00e1ra, \u00e9s ellen\u00e1llhatnak \u0430 m\u0171veik b\u00e1rmif\u00e9le torz\u00edt\u00e1s\u00e1nak vagy egy\u00e9b m\u00f3dos\u00edt\u00e1s\u00e1nak, ide\u00e9rtve a m\u0171veik esetleges v\u00e1ltoz\u00e1sainak is, amelyek. h\u00e1tr\u00e1nyosan befoly\u00e1solhatj\u00e1k az \u00e9rintett szerz\u0151k tisztelet\u00e9t \u00e9s h\u00edrnev\u00e9t.<\/p>\n\n\n\n<p>Weboldalunk felhaszn\u00e1l\u00f3i k\u00f6telesek tiszteletben tartani azoknak a szerz\u0151knek a szerz\u0151i jogait, akik a COCOSOLIS.COM-on k\u00f6zz\u00e9tett\u00e9k munk\u00e1jukat vagy egy\u00fcttm\u0171k\u00f6dtek a COCOSOLIS.COM-val \u00faj, kifejez\u00e9sre juttathat\u00f3 \u00e9s m\u0171v\u00e9szi alkot\u00e1sok l\u00e9trehoz\u00e1sa sor\u00e1n, amelyeket nemcsak a weboldalon k\u00f6zl\u00e9sre sz\u00e1nt\u00e1k de a weboldal szerves r\u00e9sz\u00e9t is k\u00e9pezik. Mindenesetre a weboldal tartalm\u00e1t vagy a szerz\u0151i jogokkal vagy m\u00e1s szellemi tulajdonjogokkal v\u00e9dett egy\u00e9ni m\u0171vet semmilyen m\u00f3don \u00e9s form\u00e1ban nem szabad felhaszn\u00e1lni.<\/p>\n\n\n\n<h5 class=\"wp-block-heading\">3. V\u00e9djegyek \u00e9s domain nevek<\/h5>\n\n\n\n<p>A PURMERUL Kft. A \u201cCOCOSOLIS\u201d log\u00f3inak \u00e9s bejegyzett v\u00e9djegyeinek, valamint b\u00e1rmely m\u00e1s olyan szolg\u00e1ltat\u00e1s kiz\u00e1r\u00f3lagos tulajdonosa, amely mag\u00e1ban foglalja a \u201cCOCOSOLIS\u201d; sz\u00f3t \u00e9s a \u201cCOCOSOLIS\u201d; domain nev\u00e9t.<br>A PURMERUL Kft. jogosult saj\u00e1t m\u00e1rk\u00e1j\u00e1nak kiz\u00e1r\u00f3lagos haszn\u00e1lat\u00e1ra.<br>A PURMERUL Kft. enged\u00e9lye n\u00e9lk\u00fcl tilos ezeket a v\u00e9djegyeket m\u00e1s term\u00e9kekre vagy szolg\u00e1ltat\u00e1sokra haszn\u00e1lni.<\/p>\n\n\n\n<h5 class=\"wp-block-heading\">4. Linkek m\u00e1s weboldalakhoz<\/h5>\n\n\n\n<p>A Cocosolis.com linkeket tartalmaz m\u00e1s weboldalakra, amelyek semmilyen m\u00f3don nem kapcsol\u00f3dnak a COCOSOLIS.COM-hoz.<\/p>\n\n\n\n<p>A COCOSOLIS.COM nem ellen\u0151rzi ezeket a weboldalakat vagy azok tartalm\u00e1t. A COCOSOLIS.COM nem v\u00e1llal felel\u0151ss\u00e9get ezen weboldalak tartalm\u00e1\u00e9rt \u00e9s \/ vagy az \u00e1ltaluk elfogadott szab\u00e1lyok\u00e9rt, de nem kiz\u00e1r\u00f3lag az \u00d6n szem\u00e9lyes adataival kapcsolatban, amikor ell\u00e1togat ezekre a weboldalakra. Ezek a harmadik felek val\u00f3sz\u00edn\u0171leg gy\u0171jtik a felhaszn\u00e1l\u00f3i szem\u00e9lyes adatokat, amelyek rendszer\u00e9t az \u00e1ltaluk elfogadott szem\u00e9lyes adatok felhaszn\u00e1l\u00e1s\u00e1nak \u00e9s v\u00e9delm\u00e9nek \u00e1ltal\u00e1nos felt\u00e9telei szerint szab\u00e1lyozz\u00e1k. K\u00e9rj\u00fck, amikor a COCOSOLIS.COM weboldal mutat\u00f3 linkeken kereszt\u00fcl l\u00e1togatja meg ezeket a weboldalakat, figyelmesen olvassa el a haszn\u00e1lati felt\u00e9teleket, valamint az adatv\u00e9delmi ir\u00e1nyelveiket. A mi Felhaszn\u00e1l\u00e1si felt\u00e9teleink \u00e9s adatv\u00e9delmi ir\u00e1nyelveink nem vonatkoznak harmadik f\u00e9l weboldalaira.<\/p>\n\n\n\n<h5 class=\"wp-block-heading\">5. A tartalom felhaszn\u00e1l\u00e1si felt\u00e9telei<\/h5>\n\n\n\n<p>A COCOSOLIS.COM minden er\u0151fesz\u00edt\u00e9st megtesz annak megakad\u00e1lyoz\u00e1sa \u00e9rdek\u00e9ben, hogy a weboldal\u00e1n olyan tartalom ker\u00fclj\u00f6n k\u00f6zz\u00e9t\u00e9telre, amely felt\u00e9telezhet\u0151en s\u00e9rti a polg\u00e1ri meggy\u0151z\u0151d\u00e9seket vagy az emberi jogokat \u00e9s a m\u00e9lt\u00f3s\u00e1got minden form\u00e1j\u00e1ban \u00e9s megnyilv\u00e1nul\u00e1s\u00e1ban. A COCOSOLIS.COM azonban nem garant\u00e1lja, hogy a weboldal tartalma megfelel\u0151 vagy t\u00f6rv\u00e9nyes b\u00e1rmely k\u00f6z\u00f6ns\u00e9g sz\u00e1m\u00e1ra, vagy minden orsz\u00e1gban leg\u00e1lis.<\/p>\n\n\n\n<p>Abban az esetben, ha az ilyen tartalmakat ezen orsz\u00e1gok b\u00e1rmelyik\u00e9ben illeg\u00e1lisnak tekintik, nem v\u00e1llalunk felel\u0151ss\u00e9get az\u00e9rt, hogy \u00d6n \u00fagy d\u00f6nt\u00f6tte, hogy megl\u00e1togatja \u00e9s haszn\u00e1lja weboldalunkat. Ha m\u00e9gis \u00fagy d\u00f6nt, hogy haszn\u00e1lja, tudatjuk \u00d6nnel, hogy \u00d6n a COCOSOLIS.COM szolg\u00e1ltat\u00e1sait haszn\u00e1lja. teljes m\u00e9rt\u00e9kben a szem\u00e9lyes felel\u0151ss\u00e9g\u00e9re.<br>A COCOSOLIS.COM l\u00e9p\u00e9seket tesz annak biztos\u00edt\u00e1sa \u00e9rdek\u00e9ben, hogy a COCOSOLIS.COM tartalma helyes legyen \u00e9s nem tartalmaz hamis vagy elavult inform\u00e1ci\u00f3kat. A COCOSOLIS.COM azonban nem tehet\u0151 felel\u0151ss\u00e9 a weboldal\u00e1n k\u00f6zz\u00e9tett tartalom pontoss\u00e1g\u00e1\u00e9rt \u00e9s teljess\u00e9g\u00e9\u00e9rt.<\/p>\n\n\n\n<p>A COCOSOLIS.COM nem garant\u00e1lja, hogy a weboldal folyamatosan m\u0171k\u00f6dik az internetkapcsolat okozta b\u00e1rmilyen megszak\u00edt\u00e1s \u00e9s hiba n\u00e9lk\u00fcl. Weboldalunk haszn\u00e1lat\u00e1val kapcsolatos probl\u00e9m\u00e1k<br>eset\u00e9n k\u00e9rj\u00fck, vegye fel vel\u00fcnk a kapcsolatot. A COCOSOLIS.COM k\u00e9pvisel\u0151je az \u00d6n rendelkez\u00e9s\u00e9re \u00e1ll, hogy k\u00f6zrem\u0171k\u00f6dj\u00f6n \u00e9s seg\u00edtsen helyre\u00e1ll\u00edtani a weboldalhoz val\u00f3 hozz\u00e1f\u00e9r\u00e9st, amennyiben \u00e9s amennyire az lehets\u00e9ges.<\/p>\n\n\n\n<p>A COCOSOLIS.COM megfelel\u0151 m\u0171szaki \u00e9s szervezeti int\u00e9zked\u00e9seket tesz a COCOSOLIS.COM szolg\u00e1ltat\u00e1sok biztons\u00e1g\u00e1nak biztos\u00edt\u00e1sa \u00e9rdek\u00e9ben az adatok jogosulatlan felhaszn\u00e1l\u00e1s\u00e1nak vagy az adatokhoz val\u00f3 hozz\u00e1f\u00e9r\u00e9s megakad\u00e1lyoz\u00e1sa, valamint az adatok \u00e9s a bizalmas inform\u00e1ci\u00f3k terjeszt\u00e9s\u00e9nek, megsemmis\u00fcl\u00e9s\u00e9nek \u00e9s elveszt\u00e9s\u00e9nek kock\u00e1zat\u00e1nak megel\u0151z\u00e9se \u00e9rdek\u00e9ben. a COCOSOLIS.COM felhaszn\u00e1l\u00f3i sz\u00e1m\u00e1ra, valamint az ilyen adatokhoz \u00e9s inform\u00e1ci\u00f3khoz val\u00f3 jogosulatlan vagy illeg\u00e1lis hozz\u00e1f\u00e9r\u00e9s elker\u00fcl\u00e9s\u00e9nek \u00e9rdek\u00e9ben.<\/p>\n\n\n\n<h5 class=\"wp-block-heading\">6. A felhaszn\u00e1l\u00f3 jogai \u00e9s k\u00f6telezetts\u00e9gei<\/h5>\n\n\n\n<p>A felhaszn\u00e1l\u00f3nak joga van a weboldal haszn\u00e1lat\u00e1hoz, fent a 2. pontban a szellemi tulajdonhoz f\u0171z\u0151d\u0151 jogok le\u00edrt korl\u00e1toz\u00e1sainak megfelel\u0151en.<\/p>\n\n\n\n<p>A Felhaszn\u00e1l\u00f3 v\u00e1llalja, hogy a ny\u00fajtott szolg\u00e1ltat\u00e1sok ig\u00e9nybev\u00e9telekor:<\/p>\n\n\n\n<p>1. ne hajtson v\u00e9gre rosszindulat\u00fa tev\u00e9kenys\u00e9get a jelen Haszn\u00e1lati felt\u00e9telek \u00e9rtelm\u00e9ben;<br>2. ne szerezzen technikai eszk\u00f6zzel vagy technikai \u00faton az adatb\u00e1zisokba be\u00e9p\u00edtett, a weboldalon el\u00e9rhet\u0151 inform\u00e1ci\u00f3s forr\u00e1sokat vagy azok r\u00e9szeit, \u00e9s \u00edgy elektronikus vagy b\u00e1rmilyen m\u00e1s form\u00e1ban hozzon l\u00e9tre saj\u00e1t adatb\u00e1zist.<br>3. ne mutassa be mag\u00e1t m\u00e1s szem\u00e9lyk\u00e9nt vagy olyan szem\u00e9ly k\u00e9pvisel\u0151j\u00e9k\u00e9nt, akit nem felhatalmozott k\u00e9pviselni vagy m\u00e1s m\u00f3don f\u00e9lrevezesse a weboldalt vagy harmadik felet, ami a szem\u00e9lyazonoss\u00e1g\u00e1t vagy egy bizonyos embercsoporthoz val\u00f3 tartoz\u00e1s\u00e1t illeti;<br>4. halad\u00e9ktalanul \u00e9rtes\u00edtse a V\u00e1llalatot b\u00e1rmilyen elk\u00f6vetett vagy felfedezett jogs\u00e9rt\u00e9sr\u0151l a ny\u00fajtott szolg\u00e1ltat\u00e1sok haszn\u00e1lata sor\u00e1n;<br>5. ne v\u00e9gezzen olyan tev\u00e9kenys\u00e9get, amely tartalmazza a v\u00edrusok, robotok, f\u00e9rgek vagy egy\u00e9b sz\u00e1m\u00edt\u00f3g\u00e9pes k\u00f3dok, f\u00e1jlok vagy programok haszn\u00e1lat\u00e1t, amelyek megszak\u00edtj\u00e1k, megsemmis\u00edtik vagy korl\u00e1tozz\u00e1k a sz\u00e1m\u00edt\u00f3g\u00e9pes szoftverek vagy a hardverek vagy a telekommunik\u00e1ci\u00f3s eszk\u00f6z\u00f6k m\u0171k\u00f6d\u00e9s\u00e9t, vagy egy\u00e9b m\u00f3don lehet\u0151v\u00e9 teszi a nem engedett hozz\u00e1f\u00e9r\u00e9s sz\u00e1m\u00edt\u00f3g\u00e9pes eszk\u00f6zh\u00f6z vagy sz\u00e1m\u00edt\u00f3g\u00e9pes h\u00e1l\u00f3zathoz vagy azoknak haszn\u00e1lat\u00e1t.<\/p>\n\n\n\n<h5 class=\"wp-block-heading\">7. A T\u00e1rsas\u00e1g felel\u0151ss\u00e9g\u00e9nek korl\u00e1toz\u00e1sa<\/h5>\n\n\n\n<p>A T\u00e1rsas\u00e1g a weboldalon kereszt\u00fcl ny\u00fajtja a Szolg\u00e1ltat\u00e1sokat, hogy a Felhaszn\u00e1l\u00f3nak \u201camint van\u201d; \u00e9s \u201cahogy hozz\u00e1f\u00e9rhet\u0151k\u201d. A T\u00e1rsas\u00e1g nem garant\u00e1lja \u00e9s nem \u00edg\u00e9r konkr\u00e9t eredm\u00e9nyeket a Szolg\u00e1ltat\u00e1sok haszn\u00e1lat\u00e1b\u00f3l vagy a szolg\u00e1ltat\u00e1sok hossz\u00fa t\u00e1v\u00fa ig\u00e9nybev\u00e9tel\u00e9b\u0151l.<\/p>\n\n\n\n<p>A T\u00e1rsas\u00e1g nem garant\u00e1lja, hogy:<br>1. a Szolg\u00e1ltat\u00e1sokat a felhaszn\u00e1l\u00f3 folyamatosan, id\u0151ben, biztos\u00edtott form\u00e1ban \u00e9s biztons\u00e1gosan vagy hib\u00e1tlanul haszn\u00e1lja;<br>2. a Szolg\u00e1ltat\u00e1sok minden lehets\u00e9ges hib\u00e1j\u00e1t kijav\u00edtj\u00e1k;<br>3. a ny\u00fajtott szolg\u00e1ltat\u00e1sok vagy azok a szolg\u00e1ltat\u00e1sok, amelyekre az ut\u00f3bbi \u00e9p\u00fcl, v\u00edrusokt\u00f3l vagy m\u00e1s k\u00e1ros komponensekt\u0151l mentesek;<\/p>\n\n\n\n<p>A T\u00e1rsas\u00e1g semmilyen k\u00f6r\u00fclm\u00e9nyek k\u00f6z\u00f6tt nem v\u00e1llal felel\u0151ss\u00e9get semmilyen vesztes\u00e9g\u00e9rt, k\u00e1r\u00e9rt vagy s\u00e9r\u00fcl\u00e9s\u00e9rt, amely a k\u00f6vetkez\u0151b\u0151l sz\u00e1rmazik:<br>1. a szolg\u00e1ltat\u00e1sok ig\u00e9nybev\u00e9tel\u00e9b\u0151l;<br>2. a Szolg\u00e1ltat\u00e1sok haszn\u00e1lat\u00e1val kapcsolatos probl\u00e9m\u00e1kb\u00f3l vagy m\u0171szaki m\u0171k\u00f6d\u00e9sk\u00e9ptelens\u00e9gb\u0151l;<br>3. a Szolg\u00e1ltat\u00e1sokon kereszt\u00fcl vagy azzal \u00f6sszef\u00fcgg\u00e9sben let\u00f6lt\u00f6tt anyagokb\u00f3l;<br>4. felhaszn\u00e1l\u00f3i tartalomb\u00f3l;<br>5. a felhaszn\u00e1l\u00f3k viselked\u00e9s\u00e9b\u0151l a Szolg\u00e1ltat\u00e1sokkal kapcsolatban, f\u00fcggetlen\u00fcl att\u00f3l, hogy val\u00f3s id\u0151ben (on-line) vagy sem (offline).<\/p>\n\n\n\n<p>A T\u00e1rsas\u00e1g nem felel\u00f5s, ha a Felhaszn\u00e1l\u00f3 nem f\u00e9r hozz\u00e1 a weboldalhoz a Honlapt\u00f3l f\u00fcggetlen probl\u00e9m\u00e1k miatt \u2013 szoftver, hardver, Internet kapcsolat vagy vis maior eset\u00e9n.<\/p>\n\n\n\n<p>A Felhaszn\u00e1l\u00f3 v\u00e1llalja, hogy felel\u00f5s \u00e9s v\u00e1llalja a k\u00f6lts\u00e9get a sz\u00e1m\u00edt\u00f3g\u00e9pes rendszer\u00e9nek karbantart\u00e1s\u00e1\u00e9rt, szervizel\u00e9s\u00e9\u00e9rt vagy csatlakoztat\u00e1s\u00e1\u00e9rt, vagy a Szolg\u00e1ltat\u00e1s Felhaszn\u00e1l\u00f3 \u00e1ltali ig\u00e9nybev\u00e9tel\u00e9hez sz\u00fcks\u00e9ges egy\u00e9b tulajdon\u00e9rt.<br>A T\u00e1rsas\u00e1g fenntartja a jogot, hogy szisztematikusan beavatkozzon a weboldal teljes funkcionalit\u00e1s\u00e1ba, ide\u00e9rtve, de nem kiz\u00e1r\u00f3lagosan, a hozz\u00e1f\u00e9r\u00e9s felf\u00fcggeszt\u00e9s\u00e9be is, ha erre j\u00f3 indok van.<\/p>\n\n\n\n<h5 class=\"wp-block-heading\">8. K\u00f6tb\u00e9rek<\/h5>\n\n\n\n<p>A hat\u00e1lyos jogszab\u00e1lyok \u00e1ltal megengedett teljes m\u00e9rt\u00e9kben a T\u00e1rsas\u00e1g nem felel a Felhaszn\u00e1l\u00f3 \u00e1ltal elszenvedett k\u00e1r\u00e9rt, amely: 1. k\u00f6zvetett; 2. k\u00e9s\u0151bbi; 3. v\u00e9letlenszer\u0171; 4. b\u00fcntet\u0151jogi szolg\u00e1ltat\u00e1sok, bele\u00e9rtve a Szolg\u00e1ltat\u00e1sok haszn\u00e1lat\u00e1b\u00f3l vagy felhaszn\u00e1l\u00e1s\u00e1nak lehetetlens\u00e9g\u00e9b\u0151l fakad\u00f3 elveszett el\u0151ny\u00f6ket is.<\/p>\n\n\n\n<p>A fentiek ellen\u00e9re a T\u00e1rsas\u00e1g felel\u0151ss\u00e9ge a Felhaszn\u00e1l\u00f3val szemben a Szolg\u00e1ltat\u00e1sok ig\u00e9nybev\u00e9tel\u00e9vel kapcsolatos \u00e9s azokkal kapcsolatos b\u00e1rmilyen cselekedet\u00e9rt vagy mulaszt\u00e1s\u00e9rt mindig a v\u00e1s\u00e1rl\u00e1s \u00e9rt\u00e9k\u00e9nek megfelel\u0151 b\u00fcntet\u00e9sre korl\u00e1toz\u00f3dik. V\u00e1s\u00e1rl\u00e1s hi\u00e1ny\u00e1ban a T\u00e1rsas\u00e1g nem v\u00e1llal felel\u0151ss\u00e9get a tettei\u00e9rt vagy mulaszt\u00e1s\u00e1\u00e9rt.<\/p>\n\n\n\n<h5 class=\"wp-block-heading\">9. V\u00e1ltoz\u00e1s<\/h5>\n\n\n\n<p>A COCOSOLIS.COM m\u00f3dos\u00edthatja vagy friss\u00edtheti a Felhaszn\u00e1l\u00e1si felt\u00e9teleket r\u00e9szben vagy eg\u00e9szben. Ebben az esetben a legfrissebb inform\u00e1ci\u00f3kat ebben a szekci\u00f3ban teszik k\u00f6zz\u00e9. Az \u00faj \u201c;Haszn\u00e1lati felt\u00e9telek\u201d; a COCOSOLIS.COM-on val\u00f3 k\u00f6zz\u00e9t\u00e9tel\u00fck napj\u00e1t\u00f3l l\u00e9pnek hat\u00e1lyba.<br>Ha nem \u00e9rt egyet a COCOSOLIS.COM \u201c\u00c1ltal\u00e1nos Szerz\u0151d\u00e9si Felt\u00e9telei\u201d -vel; vagy azok egy r\u00e9sz\u00e9vel, akkor nem v\u00e1llalunk felel\u0151ss\u00e9get az\u00e9rt, hogy a weboldalunkat megl\u00e1togatta \u00e9s haszn\u00e1lja.<\/p>\n\n\n\n<h5 class=\"wp-block-heading\">10. Id\u0151tartam \u00e9s megsz\u0171n\u00e9s<\/h5>\n\n\n\n<p>Ez a meg\u00e1llapod\u00e1s azonnali hat\u00e1llyal l\u00e9p hat\u00e1lyba, amikor azt a Felhaszn\u00e1l\u00f3 elfogadja, \u00e9s a szolg\u00e1ltat\u00e1sok haszn\u00e1lat\u00e1nak megsz\u0171n\u00e9s\u00e9ig \u00e9rv\u00e9nyes.<\/p>\n\n\n\n<h5 class=\"wp-block-heading\">11. Alkalmazand\u00f3 jogszab\u00e1lyok<\/h5>\n\n\n\n<p>E meg\u00e1llapod\u00e1s v\u00e9grehajt\u00e1s\u00e1nak alapelvek\u00e9nt a felek a k\u00f6lcs\u00f6n\u00f6s meg\u00e9rt\u00e9st \u00e9s az elfogadhat\u00f3 engedm\u00e9nyeket fogj\u00e1k fel. Ebben az \u00e9rtelemben a felek meg\u00e1llapodnak abban, hogy a j\u00f3indulat szellem\u00e9ben \u00e9s t\u00e1rgyal\u00e1sok \u00fatj\u00e1n rendezik a k\u00f6z\u00f6tt\u00fck felmer\u00fclt vit\u00e1kat.<\/p>\n\n\n\n<p>Az e meg\u00e1llapod\u00e1s v\u00e9grehajt\u00e1s\u00e1val vagy annak be nem tart\u00e1s\u00e1val vagy azzal \u00f6sszef\u00fcgg\u00e9sben felmer\u00fcl\u0151 vit\u00e1kat, n\u00e9zetelt\u00e9r\u00e9seket vagy k\u00f6vetel\u00e9seket a felek t\u00e1rgyal\u00e1sok \u00fatj\u00e1n \u00e9s mindegyik\u00fck j\u00f3indulat\u00e1val rendezik.<\/p>\n\n\n\n<p>Ha a jelen szerz\u0151d\u00e9ssel kapcsolatban \u00e9s azzal \u00f6sszef\u00fcgg\u00e9sben felmer\u00fcl\u0151 vit\u00e1k megold\u00e1sa lehetetlen, \u00e9s annak v\u00e9grehajt\u00e1sa, illetve nem teljes\u00edt\u00e9se k\u00f6vetkezik be, a felek meg\u00e1llapodnak abban, hogy ugyanezt a joghat\u00f3s\u00e1g szab\u00e1lyainak megfelel\u0151en meghat\u00e1rozott illet\u00e9kes b\u00edr\u00f3s\u00e1g el\u0151tt rendezik. Nemzetk\u00f6zi elem\u0171 mag\u00e1njogi vita eset\u00e9n a jogvita elb\u00edr\u00e1l\u00e1s\u00e1ra b\u00edr\u00f3s\u00e1got a nemzetk\u00f6zi mag\u00e1njogi szab\u00e1lyoknak szerint kell meghat\u00e1rozniuk.<\/p>\n\n\n\n<p>Az e meg\u00e1llapod\u00e1s alapj\u00e1n alkalmazand\u00f3 jog annak az \u00e1llamnak a joga, amelyben a rendzsergazd\u00e1t nyilv\u00e1ntart\u00e1sba vett\u00e9k, ebben az esetben a Bolg\u00e1r K\u00f6zt\u00e1rsas\u00e1got.<\/p>\n\n\n\n<p>A k\u00f6zz\u00e9t\u00e9tel d\u00e1tuma: 9.07.2020.<\/p>\n","protected":false},"excerpt":{"rendered":"<p>A WEBOLDAL HASZN\u00c1LATI FELT\u00c9TELEI \u00dcdv\u00f6z\u00f6lj\u00fck weboldalunkon (\u201ecocosolis.com\u201d;). Ezek a \u201cFelhaszn\u00e1l\u00e1si felt\u00e9telek\u201c; szab\u00e1lyozz\u00e1k a COCOSOLIS.COM val\u00f3 hozz\u00e1f\u00e9r\u00e9s\u00e9t \u00e9s annak haszn\u00e1lat\u00e1t.A weboldalhoz val\u00f3 hozz\u00e1f\u00e9r\u00e9s \u00e9s annak haszn\u00e1lata, valamint a COCOSOLIS.COM -on val\u00f3 term\u00e9kek v\u00e1s\u00e1rl\u00e1sa azon a felt\u00e9telez\u00e9sen alapul, hogy a weboldalnak a termin\u00e1l \u0435szk\u00f6zr\u00f3l t\u00f6rt\u00e9n\u0151 bet\u00f6lt\u00e9s\u00e9nek t\u00e9ny\u00e9vel a Felhaszn\u00e1l\u00f3 egyet\u00e9rt azzal, hogy tudom\u00e1sul veszi a jelenlegi \u00c1ltal\u00e1nos &hellip; <a href=\"https:\/\/cocosolis.com\/hu\/terms-of-use\/\">Continued<\/a><\/p>\n","protected":false},"author":1,"featured_media":0,"parent":0,"menu_order":0,"comment_status":"closed","ping_status":"closed","template":"","meta":{"_acf_changed":false,"footnotes":""},"page_roles":[36],"class_list":["post-464","page","type-page","status-publish","hentry","page_roles-legal"],"acf":[],"_links":{"self":[{"href":"https:\/\/cocosolis.com\/hu\/wp-json\/wp\/v2\/pages\/464","targetHints":{"allow":["GET"]}}],"collection":[{"href":"https:\/\/cocosolis.com\/hu\/wp-json\/wp\/v2\/pages"}],"about":[{"href":"https:\/\/cocosolis.com\/hu\/wp-json\/wp\/v2\/types\/page"}],"author":[{"embeddable":true,"href":"https:\/\/cocosolis.com\/hu\/wp-json\/wp\/v2\/users\/1"}],"replies":[{"embeddable":true,"href":"https:\/\/cocosolis.com\/hu\/wp-json\/wp\/v2\/comments?post=464"}],"version-history":[{"count":4,"href":"https:\/\/cocosolis.com\/hu\/wp-json\/wp\/v2\/pages\/464\/revisions"}],"predecessor-version":[{"id":524,"href":"https:\/\/cocosolis.com\/hu\/wp-json\/wp\/v2\/pages\/464\/revisions\/524"}],"wp:attachment":[{"href":"https:\/\/cocosolis.com\/hu\/wp-json\/wp\/v2\/media?parent=464"}],"wp:term":[{"taxonomy":"page_roles","embeddable":true,"href":"https:\/\/cocosolis.com\/hu\/wp-json\/wp\/v2\/page_roles?post=464"}],"curies":[{"name":"wp","href":"https:\/\/api.w.org\/{rel}","templated":true}]}}