{"id":457,"date":"2022-05-06T15:54:08","date_gmt":"2022-05-06T13:54:08","guid":{"rendered":"http:\/\/cocosolis.com\/en\/?page_id=457"},"modified":"2022-06-17T12:11:32","modified_gmt":"2022-06-17T10:11:32","slug":"return-policy","status":"publish","type":"page","link":"https:\/\/cocosolis.com\/hu\/return-policy\/","title":{"rendered":"Megv\u00e1s\u00e1rolt term\u00e9k visszak\u00fcld\u00e9si joga"},"content":{"rendered":"\n<h2 class=\"wp-block-heading\">Megv\u00e1s\u00e1rolt term\u00e9k visszak\u00fcld\u00e9si joga<\/h2>\n\n\n\n<h5 class=\"wp-block-heading\">1. Megv\u00e1s\u00e1rolt term\u00e9k visszak\u00fcld\u00e9si joga<\/h5>\n\n\n\n<p>A fogyaszt\u00f3v\u00e9delmi t\u00f6rv\u00e9nnyel \u00f6sszhangban \u00d6n \u00e9lhet a megv\u00e1s\u00e1rolt term\u00e9kek visszak\u00fcld\u00e9si jog\u00e1val b\u00e1rmif\u00e9le szankci\u00f3 vagy indok n\u00e9lk\u00fcl. Mind\u00f6ssze t\u00e1j\u00e9koztatnia kell a benn\u00fcnket a term\u00e9k k\u00e9zhezv\u00e9tel\u00e9t\u0151l sz\u00e1m\u00edtott 30 napon bel\u00fcl a weboldalunkon:&nbsp;<a href=\"mailto:hu@cocosolis.com\">hu@cocosolis.com<\/a>. A visszak\u00fcldeni k\u00edv\u00e1nt term\u00e9keket 30 napon bel\u00fcl kell visszak\u00fcldeni att\u00f3l a napt\u00f3l sz\u00e1m\u00edtva, amikor \u00e9rtes\u00edtett benn\u00fcnket d\u00f6nt\u00e9s\u00e9r\u0151l a k\u00f6vetkez\u0151 c\u00edmre: Bulg\u00e1ria, Sz\u00f3fia 1407, Nikola Vaptsarov Blvd. 53B.<\/p>\n\n\n\n<p>Ha teljes\u00edti az \u00f6sszes al\u00e1bbi k\u00f6vetelm\u00e9nyt, akkor teljes m\u00e9rt\u00e9kben visszat\u00e9r\u00edtj\u00fck a visszak\u00fcld\u00f6tt term\u00e9kek \u00f6sszeg\u00e9t:<\/p>\n\n\n\n<p>1.1 A term\u00e9keket fel nem teljes haszn\u00e1lt form\u00e1ban, eredeti csomagol\u00e1sukban kell visszak\u00fcldenie.<\/p>\n\n\n\n<p>1.2 Gy\u0151z\u0151dj\u00f6n meg arr\u00f3l, hogy a term\u00e9kek nem ker\u00fcltek haszn\u00e1latba, nincs megv\u00e1ltoztatva vagy megs\u00e9r\u00fclve.<\/p>\n\n\n\n<p>1.3 K\u00fcldje vissza nek\u00fcnk az eredeti sz\u00e1ml\u00e1t, amellyel a term\u00e9keket kapta, vagy a megrendel\u00e9s sz\u00e1m\u00e1t<\/p>\n\n\n\n<p>A term\u00e9kek visszak\u00fcld\u00e9s\u00e9nek k\u00f6lts\u00e9ge \u00d6nt terheli.<\/p>\n\n\n\n<p>\u00c9rtes\u00edt\u00e9st kap, ha a visszak\u00fcld\u00f6tt term\u00e9keket nem tudjuk elfogadni, mert nem felelnek meg az el\u0151z\u0151 bekezd\u00e9s 1.1., 1.2. \u00e9s 1.3. pontj\u00e1ban meghat\u00e1rozott felt\u00e9teleknek. Ebben az esetben d\u00f6nthet \u00fagy, hogy a term\u00e9keket saj\u00e1t k\u00f6lts\u00e9g\u00e9n visszasz\u00e1ll\u00edtsuk \u00d6nnek. Ha elutas\u00edtja a fenti sz\u00e1ll\u00edt\u00e1st, fenntartjuk a jogot a term\u00e9kek \u00e9s az azok\u00e9rt fizetett \u00f6sszeg megtart\u00e1s\u00e1ra.<\/p>\n\n\n\n<p>Felh\u00edvjuk figyelm\u00e9t, hogy a megv\u00e1s\u00e1rolt term\u00e9kek sz\u00e1ll\u00edt\u00e1s\u00e1\u00e9rt fizetett \u00f6sszes v\u00e1m, ad\u00f3 (ha van ilyen) nem t\u00e9r\u00edthet\u0151 vissza.<\/p>\n\n\n\n<h5 class=\"wp-block-heading\">2. Panaszok<\/h5>\n\n\n\n<p>2.1 S\u00e9r\u00fclt sz\u00e1ll\u00edtm\u00e1nyok eset\u00e9n panaszt tehet:<\/p>\n\n\n\n<ul class=\"wp-block-list\"><li>a sz\u00e1ll\u00edt\u00e1s k\u00e9zhezv\u00e9telekor a fut\u00e1r jelenl\u00e9t\u00e9ben, amint azt a fuvarlev\u00e9lben feljegyezt\u00e9k, a hi\u00e1nyp\u00f3tl\u00e1sr\u00f3l k\u00e9t p\u00e9ld\u00e1nyban, a c\u00edmzett \u00e9s a fut\u00e1r al\u00e1\u00edr\u00e1s\u00e1val.<\/li><\/ul>\n\n\n\n<p>vagy<\/p>\n\n\n\n<ul class=\"wp-block-list\"><li>a k\u00fcldem\u00e9ny&nbsp;<a href=\"mailto:hu@cocosolis.com\">hu@cocosolis.com<\/a>&nbsp;e-mailen t\u00f6rt\u00e9n\u0151 k\u00e9zhezv\u00e9tel\u00e9t\u0151l sz\u00e1m\u00edtott 3 munkanapon bel\u00fcl meg kell adni a megrendel\u00e9s sz\u00e1m\u00e1t, \u00e9s meg kell adni a term\u00e9kr\u0151l \/ term\u00e9kekr\u0151l k\u00e9sz\u00fclt f\u00e9nyk\u00e9peket.<\/li><\/ul>\n\n\n\n<p>2.2 B\u00e1r 100% -os garanci\u00e1t v\u00e1llalunk term\u00e9keinkre *, \u00e9s haszn\u00e1latuk t\u00e9nyleges haszn\u00e1nak meghat\u00e1roz\u00e1sa egyedi, felt\u00e9telezz\u00fck, hogy vannak olyan \u00fcgyfelek, akik el\u00e9gedetlenek hat\u00e9konys\u00e1gukkal. Ebben az esetben k\u00e9rj\u00fck, vegye fel vel\u00fcnk a kapcsolatot, hogy megtudjuk, hogyan tudunk seg\u00edteni \u00d6nnek. Ha a panasznak megalapozott oka van, azt a term\u00e9k k\u00e9zhezv\u00e9tel\u00e9t\u0151l sz\u00e1m\u00edtott 30 napig lehet beny\u00fajtani.<\/p>\n\n\n\n<p>Felh\u00edvjuk figyelm\u00e9t, hogy a kisz\u00e1ll\u00edtott \u00e1ruk ir\u00e1nti t\u00fal\u00e9rz\u00e9kenys\u00e9g vagy allergi\u00e1s reakci\u00f3 \u00f6nmag\u00e1ban nem tekinthet\u0151 az \u00e1ru hib\u00e1j\u00e1nak. Hasonl\u00f3k\u00e9ppen, az aj\u00e1nd\u00e9kok \u00e9s egy\u00e9b ingyenes cikkek hib\u00e1i, amelyeket a megrendel\u00e9sen fel\u00fcl biztos\u00edtunk, nem min\u0151s\u00fclnek hib\u00e1nak.<\/p>\n\n\n\n<p>* Az egyes term\u00e9kek haszn\u00e1lat\u00e1nak legjobb eredm\u00e9nye \u00e9rdek\u00e9ben inform\u00e1ci\u00f3kat tal\u00e1lhat a&nbsp;<a href=\"https:\/\/www.cocosolis.com\/hu\" target=\"_blank\" rel=\"noreferrer noopener\">www.cocosolis.com\/hu<\/a>&nbsp;weboldalon.<\/p>\n\n\n\n<p>Ha a visszavenni k\u00edv\u00e1nt term\u00e9k megv\u00e1s\u00e1rl\u00e1sakor ingyenes cikk (ek) j\u00e1rtak hozz\u00e1, akkor azokat a megfelel\u0151 form\u00e1ban (teljes \u00e9s fel nem haszn\u00e1lt, eredeti, nem nyomtatott csomagol\u00e1sban) kell visszak\u00fcldeni.<\/p>\n\n\n\n<h5 class=\"wp-block-heading\">3. \u00d6sszegek visszat\u00e9r\u00edt\u00e9se \u00e9s elj\u00e1r\u00e1sok<\/h5>\n\n\n\n<p>A visszak\u00fcld\u00f6tt term\u00e9kek visszat\u00e9r\u00edt\u00e9si elj\u00e1r\u00e1sa a k\u00e9zhezv\u00e9telt\u0151l sz\u00e1m\u00edtott 14 munkanapon bel\u00fcl megkezd\u0151dik.<\/p>\n\n\n\n<p>A visszak\u00fcld\u00f6tt term\u00e9kek megv\u00e1s\u00e1rl\u00e1s\u00e1\u00e9rt fizetett \u00f6sszeg visszat\u00e9r\u00edt\u00e9si id\u0151szaka az \u00d6n \u00e1ltal alkalmazott fizet\u00e9si m\u00f3dt\u00f3l f\u00fcgg:<\/p>\n\n\n\n<ul class=\"wp-block-list\"><li>Ut\u00e1nv\u00e9teles v\u00e1s\u00e1rl\u00e1s: a sz\u00e1ll\u00edt\u00e1skor vagy a helysz\u00ednen fizetett \u00f6sszes \u00f6sszeget csak banki \u00e1tutal\u00e1ssal t\u00e9r\u00edtj\u00fck vissza az \u00d6n banksz\u00e1ml\u00e1j\u00e1ra<\/li><li>V\u00e1s\u00e1rl\u00e1s hitelk\u00e1rty\u00e1val \/ bankk\u00e1rty\u00e1val: minden \u00f6sszeget visszat\u00e9r\u00edt\u00fcnk ugyanarra a sz\u00e1ml\u00e1ra (k\u00e1rty\u00e1ra), amelyr\u0151l a fizet\u00e9st teljes\u00edtett\u00e9k. A helyre\u00e1ll\u00edt\u00e1si id\u0151 a k\u00e1rty\u00e1t kiad\u00f3 v\u00e1llalat politik\u00e1j\u00e1t\u00f3l is f\u00fcgg;<\/li><li>Fizet\u00e9s PayPal-on kereszt\u00fcl: a visszat\u00e9r\u00edt\u00e9seket j\u00f3v\u00e1\u00edrjuk PayPal-sz\u00e1ml\u00e1j\u00e1n, \u00e9s azonnal l\u00e1that\u00f3ak lesznek. A PayPal-sz\u00e1ml\u00e1hoz t\u00e1rs\u00edtott hitelk\u00e1rtya-\u00f6sszeg t\u00e9nyleges visszat\u00e9r\u00edt\u00e9se att\u00f3l a v\u00e1llalatt\u00f3l f\u00fcgg, amely a k\u00e1rty\u00e1t ki\u00e1ll\u00edtotta.<\/li><\/ul>\n\n\n\n<p>A k\u00f6zz\u00e9t\u00e9tel d\u00e1tuma: 29.12.2020.<\/p>\n","protected":false},"excerpt":{"rendered":"<p>Megv\u00e1s\u00e1rolt term\u00e9k visszak\u00fcld\u00e9si joga 1. Megv\u00e1s\u00e1rolt term\u00e9k visszak\u00fcld\u00e9si joga A fogyaszt\u00f3v\u00e9delmi t\u00f6rv\u00e9nnyel \u00f6sszhangban \u00d6n \u00e9lhet a megv\u00e1s\u00e1rolt term\u00e9kek visszak\u00fcld\u00e9si jog\u00e1val b\u00e1rmif\u00e9le szankci\u00f3 vagy indok n\u00e9lk\u00fcl. Mind\u00f6ssze t\u00e1j\u00e9koztatnia kell a benn\u00fcnket a term\u00e9k k\u00e9zhezv\u00e9tel\u00e9t\u0151l sz\u00e1m\u00edtott 30 napon bel\u00fcl a weboldalunkon:&nbsp;hu@cocosolis.com. A visszak\u00fcldeni k\u00edv\u00e1nt term\u00e9keket 30 napon bel\u00fcl kell visszak\u00fcldeni att\u00f3l a napt\u00f3l sz\u00e1m\u00edtva, amikor \u00e9rtes\u00edtett benn\u00fcnket &hellip; <a href=\"https:\/\/cocosolis.com\/hu\/return-policy\/\">Continued<\/a><\/p>\n","protected":false},"author":1,"featured_media":0,"parent":0,"menu_order":0,"comment_status":"closed","ping_status":"closed","template":"","meta":{"_acf_changed":false,"footnotes":""},"page_roles":[36],"class_list":["post-457","page","type-page","status-publish","hentry","page_roles-legal"],"acf":[],"_links":{"self":[{"href":"https:\/\/cocosolis.com\/hu\/wp-json\/wp\/v2\/pages\/457","targetHints":{"allow":["GET"]}}],"collection":[{"href":"https:\/\/cocosolis.com\/hu\/wp-json\/wp\/v2\/pages"}],"about":[{"href":"https:\/\/cocosolis.com\/hu\/wp-json\/wp\/v2\/types\/page"}],"author":[{"embeddable":true,"href":"https:\/\/cocosolis.com\/hu\/wp-json\/wp\/v2\/users\/1"}],"replies":[{"embeddable":true,"href":"https:\/\/cocosolis.com\/hu\/wp-json\/wp\/v2\/comments?post=457"}],"version-history":[{"count":4,"href":"https:\/\/cocosolis.com\/hu\/wp-json\/wp\/v2\/pages\/457\/revisions"}],"predecessor-version":[{"id":521,"href":"https:\/\/cocosolis.com\/hu\/wp-json\/wp\/v2\/pages\/457\/revisions\/521"}],"wp:attachment":[{"href":"https:\/\/cocosolis.com\/hu\/wp-json\/wp\/v2\/media?parent=457"}],"wp:term":[{"taxonomy":"page_roles","embeddable":true,"href":"https:\/\/cocosolis.com\/hu\/wp-json\/wp\/v2\/page_roles?post=457"}],"curies":[{"name":"wp","href":"https:\/\/api.w.org\/{rel}","templated":true}]}}