{"id":446,"date":"2022-05-06T15:46:46","date_gmt":"2022-05-06T13:46:46","guid":{"rendered":"http:\/\/cocosolis.com\/en\/?page_id=446"},"modified":"2025-03-03T11:11:21","modified_gmt":"2025-03-03T10:11:21","slug":"contacts","status":"publish","type":"page","link":"https:\/\/cocosolis.com\/hu\/contacts\/","title":{"rendered":"Le\u0301pjen kapcsolatba velu\u0308nk"},"content":{"rendered":"\r\n\r\n\r\n<p>Ha kapcsolatba akar l\u00e9pni vel\u00fcnk, haszn\u00e1lja a k\u00f6vetkez\u0151 lehet\u0151s\u00e9gek egyik\u00e9t<\/p>\r\n\r\n\r\n\r\n<ul class=\"wp-block-list\">\r\n<li>k\u00fcldj\u00f6n nek\u00fcnk \u00fczenetet a\u00a0<strong><a href=\"https:\/\/www.facebook.com\/cocosolishu\/\" target=\"_blank\" rel=\"noreferrer noopener\">Facebookon<\/a><\/strong><\/li>\r\n\r\n\r\n\r\n<li>k\u00fcldj\u00f6n nek\u00fcnk \u00fczenetet az\u00a0<strong><a href=\"https:\/\/www.instagram.com\/cocosolis.official\/\" target=\"_blank\" rel=\"noreferrer noopener\">Instagram-on<\/a><\/strong><\/li>\r\n\r\n\r\n\r\n<li>k\u00fcldj\u00f6n nek\u00fcnk e-mailtl\u00a0<a href=\"mailto:hu@cocosolis.com\">hu@cocosolis.com<\/a><\/li>\r\n\r\n\r\n\r\n<li>H\u00edvjon minket +36 1 445 3968<\/li>\r\n\r\n\r\n\r\n<li>c\u00edm Bulg\u00e1ria, 1407 Sz\u00f3fia, Vapc\u00e1rov \u00fat 53\/B<\/li>\r\n<\/ul>\r\n","protected":false},"excerpt":{"rendered":"<p>Ha kapcsolatba akar l\u00e9pni vel\u00fcnk, haszn\u00e1lja a k\u00f6vetkez\u0151 lehet\u0151s\u00e9gek egyik\u00e9t<\/p>\n","protected":false},"author":1,"featured_media":100000426,"parent":0,"menu_order":0,"comment_status":"closed","ping_status":"closed","template":"","meta":{"_acf_changed":false,"footnotes":""},"page_roles":[34],"class_list":["post-446","page","type-page","status-publish","has-post-thumbnail","hentry","page_roles-contacts"],"acf":[],"_links":{"self":[{"href":"https:\/\/cocosolis.com\/hu\/wp-json\/wp\/v2\/pages\/446","targetHints":{"allow":["GET"]}}],"collection":[{"href":"https:\/\/cocosolis.com\/hu\/wp-json\/wp\/v2\/pages"}],"about":[{"href":"https:\/\/cocosolis.com\/hu\/wp-json\/wp\/v2\/types\/page"}],"author":[{"embeddable":true,"href":"https:\/\/cocosolis.com\/hu\/wp-json\/wp\/v2\/users\/1"}],"replies":[{"embeddable":true,"href":"https:\/\/cocosolis.com\/hu\/wp-json\/wp\/v2\/comments?post=446"}],"version-history":[{"count":9,"href":"https:\/\/cocosolis.com\/hu\/wp-json\/wp\/v2\/pages\/446\/revisions"}],"predecessor-version":[{"id":1000041741,"href":"https:\/\/cocosolis.com\/hu\/wp-json\/wp\/v2\/pages\/446\/revisions\/1000041741"}],"wp:featuredmedia":[{"embeddable":true,"href":"https:\/\/cocosolis.com\/hu\/wp-json\/"}],"wp:attachment":[{"href":"https:\/\/cocosolis.com\/hu\/wp-json\/wp\/v2\/media?parent=446"}],"wp:term":[{"taxonomy":"page_roles","embeddable":true,"href":"https:\/\/cocosolis.com\/hu\/wp-json\/wp\/v2\/page_roles?post=446"}],"curies":[{"name":"wp","href":"https:\/\/api.w.org\/{rel}","templated":true}]}}