{"id":1000066982,"date":"2026-01-30T12:48:41","date_gmt":"2026-01-30T11:48:41","guid":{"rendered":"https:\/\/cocosolis.com\/hu\/?page_id=1000066982"},"modified":"2026-01-30T12:48:52","modified_gmt":"2026-01-30T11:48:52","slug":"vday-2026","status":"publish","type":"page","link":"https:\/\/cocosolis.com\/hu\/terms-of-use\/vday-2026\/","title":{"rendered":"Az &#8222;VDay Promo&#8221;prom\u00f3ci\u00f3s felt\u00e9telek\u00a0"},"content":{"rendered":"\n<h2 class=\"wp-block-heading\"><strong>Az <\/strong><strong>&#8222;VDay Promo&#8221;<\/strong><strong> prom\u00f3ci\u00f3s felt\u00e9telek&nbsp;<\/strong><\/h2>\n\n\n\n<ol class=\"wp-block-list\">\n<li><strong>A prom\u00f3ci\u00f3 szervez\u0151je<\/strong>\n<ol class=\"wp-block-list\">\n<li>Az &#8222;VDay Promo&#8221; prom\u00f3ci\u00f3 szervez\u0151je a PURMERUL Ltd., melynek sz\u00e9khelye \u00e9s c\u00edme Bulg\u00e1ria, Plovdiv. 4002, Ljuleburgas utca 22, 4\/ 9, Ad\u00f3sz\u00e1m: 201172065<\/li>\n<\/ol>\n<\/li>\n\n\n\n<li><strong>Hivatalos szab\u00e1lyok<\/strong>\n<ol class=\"wp-block-list\">\n<li>A prom\u00f3ci\u00f3ban r\u00e9szt vev\u0151knek be kell tartaniuk az al\u00e1bbiakban le\u00edrt, hivatalos szab\u00e1lyokat.<\/li>\n\n\n\n<li>A hivatalos szab\u00e1lyokat a prom\u00f3ci\u00f3 kezdete el\u0151tt k\u00f6zz\u00e9teszik a <a href=\"http:\/\/www.cocosolis.com\/hu\/\">www.cocosolis.com\/hu\/<\/a> weboldalon. Tov\u00e1bbi inform\u00e1ci\u00f3 a +359 2 8621164 telefonsz\u00e1mon (a h\u00edv\u00e1s k\u00f6lts\u00e9geit a h\u00edv\u00f3 f\u00e9l d\u00edjszab\u00e1sa hat\u00e1rozza meg) minden munkanapon 09:30 \u00e9s 18:00 k\u00f6z\u00f6tt.<\/li>\n\n\n\n<li>A prom\u00f3ci\u00f3 szervez\u0151je fenntartja a jogot, hogy b\u00e1rmikor megv\u00e1ltoztassa, vagy kieg\u00e9sz\u00edtse a Hivatalos Szab\u00e1lyokat a nyilv\u00e1nos bejelent\u00e9ssel.<\/li>\n<\/ol>\n<\/li>\n\n\n\n<li><strong>A prom\u00f3ci\u00f3 ter\u00fclete<\/strong>\n<ol class=\"wp-block-list\">\n<li>A prom\u00f3ci\u00f3t a Magyar K\u00f6zt\u00e1rsas\u00e1g ter\u00fclet\u00e9n szervezik \u00e9s tartj\u00e1k.<\/li>\n<\/ol>\n<\/li>\n\n\n\n<li><strong>R\u00e9szv\u00e9teli jog<\/strong>\n<ol class=\"wp-block-list\">\n<li>Az akci\u00f3ban r\u00e9szt vehet minden 18 \u00e9ves vagy ann\u00e1l id\u0151sebb, a Magyar K\u00f6zt\u00e1rsas\u00e1g ter\u00fclet\u00e9n lak\u00f3 szem\u00e9ly.<\/li>\n<\/ol>\n<\/li>\n\n\n\n<li><strong>A prom\u00f3ci\u00f3 id\u0151tartama<\/strong>\n<ol class=\"wp-block-list\">\n<li>Az akci\u00f3 a k\u00e9szlet erej\u00e9ig \u00e9rv\u00e9nyes.<\/li>\n<\/ol>\n<\/li>\n\n\n\n<li><strong>R\u00e9szt vev\u0151 term\u00e9kek<\/strong>\n<ol class=\"wp-block-list\">\n<li>A prom\u00f3ci\u00f3 mag\u00e1ban foglalja a <a href=\"http:\/\/www.cocosolis.com\/hu\/\">www.cocosolis.com\/hu\/<\/a> oldalon el\u00e9rhet\u0151 \u00f6sszes term\u00e9ket.<\/li>\n<\/ol>\n<\/li>\n\n\n\n<li><strong>A prom\u00f3ci\u00f3 le\u00edr\u00e1sa \u00e9s a prom\u00f3ci\u00f3ban val\u00f3 r\u00e9szv\u00e9tel mechanizmusa<\/strong>\n<ol class=\"wp-block-list\">\n<li>Ez az akci\u00f3 lehet\u0151v\u00e9 teszi, hogy a v\u00e1s\u00e1rl\u00f3 ingyenesen megkapja a GROW term\u00e9ket, ha a COCOSOLIS weboldal\u00e1r\u00f3l 7 800 Ft. feletti \u00e9rt\u00e9kben ad hozz\u00e1 tetsz\u0151leges term\u00e9ket\/term\u00e9keket (a sz\u00e1ll\u00edt\u00e1si k\u00f6lts\u00e9g nem tartozik bele). Az aj\u00e1nd\u00e9k automatikusan hozz\u00e1ad\u00e1sra ker\u00fcl, amikor a felhaszn\u00e1l\u00f3 term\u00e9ket\/term\u00e9keket tesz a kos\u00e1rba.<\/li>\n\n\n\n<li>Ingyenes term\u00e9k megnyer\u00e9se eset\u00e9n a v\u00e1s\u00e1rl\u00f3 tov\u00e1bbi aj\u00e1nlatot kap, amelynek keret\u00e9ben m\u00e9g egy ingyenes term\u00e9ket kaphat, ha a rendel\u00e9s\u00e9hez legal\u00e1bb 7 800 Ft. \u00e9rt\u00e9kben ad hozz\u00e1 tov\u00e1bbi tetsz\u0151leges term\u00e9ket\/term\u00e9keket.<\/li>\n\n\n\n<li>Egy meghat\u00e1rozott rendel\u00e9si \u00e9rt\u00e9k el\u00e9r\u00e9se eset\u00e9n a v\u00e1s\u00e1rl\u00f3k GROW Scalp Massager aj\u00e1nd\u00e9kot is kapnak.<\/li>\n\n\n\n<li>Az aj\u00e1nlat kiz\u00e1r\u00f3lag a COCOSOLIS hivatalos weboldal\u00e1n \u00e9rv\u00e9nyes a k\u00e9szlet erej\u00e9ig. Az \u00fcgyfelek el\u0151re \u00f6ssze\u00e1ll\u00edtott prom\u00f3ci\u00f3s csomagokban is v\u00e1s\u00e1rolhatnak kiv\u00e1lasztott term\u00e9keket, meghat\u00e1rozott sz\u00e1zal\u00e9kos kedvezm\u00e9nnyel.<\/li>\n\n\n\n<li>A prom\u00f3ci\u00f3 el\u0151nyeihez a <a href=\"https:\/\/cocosolis.com\/hu\/\">https:\/\/cocosolis.com\/hu\/<\/a> oldalon k\u00edv\u00fcl a r\u00e9sztvev\u0151k a k\u00f6vetkez\u0151 m\u00f3don is megrendelhetik:\n<ol class=\"wp-block-list\">\n<li>a +359 2 862 11 64 telefonsz\u00e1mon kereszt\u00fcl<\/li>\n\n\n\n<li>szem\u00e9lyes \u00fczenet k\u00fcld\u00e9s\u00e9vel a COCOSOLIS Facebook profilj\u00e1ra: <a href=\"http:\/\/www.facebook.com\/cocosolishu\">www.facebook.com\/cocosolishu<\/a>\u00a0<\/li>\n\n\n\n<li>szem\u00e9lyes \u00fczenet k\u00fcld\u00e9s\u00e9vel a COCOSOLIS Instagram profilj\u00e1ra: <a href=\"http:\/\/www.instagram.com\/cocosolis.offical\">www.instagram.com\/cocosolis.offical<\/a>\u00a0\u00a0<\/li>\n<\/ol>\n<\/li>\n\n\n\n<li>A k\u00e9zbes\u00edt\u00e9s a GLS fut\u00e1rszolg\u00e1laton kereszt\u00fcl t\u00f6rt\u00e9nik a r\u00e9sztvev\u0151 \u00e1ltal megadott c\u00edmre. Ha a felhaszn\u00e1l\u00f3 nem biztos\u00edt hozz\u00e1f\u00e9r\u00e9st \u00e9s felt\u00e9teleket az \u00e1ruk megadott c\u00edmre t\u00f6rt\u00e9n\u0151 k\u00e9zbes\u00edt\u00e9s\u00e9hez a megadott id\u0151n bel\u00fcl az GLS fut\u00e1rszolg\u00e1lathoz, annak \u00e9rdek\u00e9ben, hogy az \u00e1rut id\u0151ben megkapja, a Szervez\u0151 mentes\u00fcl a k\u00e9rt sz\u00e1ll\u00edt\u00e1s teljes\u00edt\u00e9s\u00e9nek k\u00f6telezetts\u00e9g\u00e9r\u0151l.<\/li>\n\n\n\n<li>Minden egy\u00e9b szabv\u00e1nyos \u00e9s prom\u00f3ci\u00f3s csomag aj\u00e1nlat \u00e9s prom\u00f3ci\u00f3s k\u00f3d NEM \u00e9rv\u00e9nyes az 5. pontban eml\u00edtett prom\u00f3ci\u00f3s id\u0151szak alatt.<\/li>\n<\/ol>\n<\/li>\n\n\n\n<li><strong>Vit\u00e1k \u00e9s felel\u0151ss\u00e9g<\/strong>\n<ol class=\"wp-block-list\">\n<li>A T\u00e1mogat\u00f3 \u00e9s a r\u00e9sztvev\u0151k k\u00f6z\u00f6tti vit\u00e1kat k\u00f6lcs\u00f6n\u00f6s meg\u00e1llapod\u00e1ssal rendezik. Az ilyen vita elmulaszt\u00e1sa eset\u00e9n a Bulgarian K\u00f6zt\u00e1rsas\u00e1g illet\u00e9kes b\u00edr\u00f3s\u00e1gai rendezik.<\/li>\n\n\n\n<li>A Szervez\u0151 nem v\u00e1llal felel\u0151ss\u00e9get az e szab\u00e1lyokban meghat\u00e1rozott hat\u00e1rid\u0151n \u00e9s mennyis\u00e9gen k\u00edv\u00fcl beny\u00fajtott d\u00edjak oda\u00edt\u00e9l\u00e9s\u00e9\u00e9rt.<\/li>\n\n\n\n<li>A szervez\u0151 nem v\u00e1llal felel\u0151ss\u00e9get, ha a r\u00e9sztvev\u0151 \u00e9rv\u00e9nytelen vagy nem l\u00e9tez\u0151 e-mailt vagy telefonsz\u00e1mot adott meg.<\/li>\n<\/ol>\n<\/li>\n\n\n\n<li><strong>Megv\u00e1s\u00e1rolt term\u00e9k visszak\u00fcld\u00e9si joga<\/strong>\n<ol class=\"wp-block-list\">\n<li>Miut\u00e1n a COCOSOLIS megkapta a visszak\u00fcld\u00f6tt term\u00e9keket, \u00e9s ellen\u0151rizte, hogy megfelelnek-e az \u00f6sszes k\u00f6vetelm\u00e9nynek, e-mailt fog kapni arr\u00f3l, hogy a visszak\u00fcld\u00f6tt term\u00e9keket elfogadt\u00e1k.F\u00fcggetlen\u00fcl att\u00f3l, hogy milyen t\u00edpus\u00fa fizet\u00e9si m\u00f3dot haszn\u00e1lt (bank- vagy hitelk\u00e1rtya, PayPal, ut\u00e1nv\u00e9tes fizet\u00e9s), a fogyaszt\u00f3v\u00e9delmi jogszab\u00e1lyok szerinti visszat\u00e9r\u00edt\u00e9si elj\u00e1r\u00e1s att\u00f3l a napt\u00f3l sz\u00e1m\u00edtott tizenn\u00e9gy (14) napon bel\u00fcl kezd\u0151dik el, amikor a COCOSOLIS megkapta az \u00e9rtes\u00edt\u00e9st \u00d6nt\u0151l, hogy \u00e9lni k\u00edv\u00e1n \u00e1ruvisszak\u00fcld\u00e9si jog\u00e1val \u00e9s COCOSOLIS ellen\u0151rizte, hogy a visszak\u00fcld\u00f6tt term\u00e9k megfelel a fenti felt\u00e9teleknek.<\/li>\n\n\n\n<li>A visszak\u00fcld\u00f6tt term\u00e9keket h\u00e9t (7) napon bel\u00fcl vissza kell k\u00fcldeni a COCOSOLIS-nak a megv\u00e1s\u00e1rolt term\u00e9kek visszak\u00fcld\u00e9s\u00e9re vonatkoz\u00f3 inform\u00e1ci\u00f3 k\u00e9zhezv\u00e9tel\u00e9t\u0151l sz\u00e1m\u00edtva.<\/li>\n\n\n\n<li>Bizonyos k\u00f6r\u00fclm\u00e9nyek k\u00f6z\u00f6tt lehets\u00e9ges a term\u00e9k kicser\u00e9l\u00e9se.\u00a0<\/li>\n\n\n\n<li>K\u00e9rj\u00fck, olvassa el a visszat\u00e9r\u00e9si \u00e9s cserepolitik\u00e1nk teljes felt\u00e9teleit itt: <a href=\"https:\/\/cocosolis.com\/hu\/return-policy\/\">https:\/\/cocosolis.com\/hu\/return-policy\/<\/a>\u00a0\u00a0<\/li>\n<\/ol>\n<\/li>\n\n\n\n<li><strong>A prom\u00f3ci\u00f3 megsz\u0171n\u00e9se<\/strong>\n<ol class=\"wp-block-list\">\n<li>A Szervez\u0151nek visszavonhatatlan joga van a Prom\u00f3ci\u00f3 b\u00e1rmikor felmond\u00e1s\u00e1ra, nyilatkozatot e hivatalos szab\u00e1lyok 2. pontj\u00e1nak megfelel\u0151en, vissza\u00e9l\u00e9s, a szab\u00e1lyok megs\u00e9rt\u00e9se, vagy m\u00e1s objekt\u00edv okok miatt. A r\u00e9sztvev\u0151 \u00e1ltali vissza\u00e9l\u00e9s, k\u00f6teless\u00e9gszeg\u00e9s vagy a Hivatalos Szab\u00e1lyzat megs\u00e9rt\u00e9se eset\u00e9n a Szervez\u0151nek joga van kiz\u00e1rni \u0151t. Ezekben az esetekben a r\u00e9sztvev\u0151k nem fizetnek k\u00e1rt\u00e9r\u00edt\u00e9st.<\/li>\n<\/ol>\n<\/li>\n\n\n\n<li><strong>A szem\u00e9lyes adatok v\u00e9delme. Nyilv\u00e1noss\u00e1g\u00a0<\/strong>\n<ol class=\"wp-block-list\">\n<li>K\u00e9rj\u00fck, olvassa el adatv\u00e9delmi politik\u00e1nk teljes felt\u00e9teleit itt: <a href=\"https:\/\/cocosolis.com\/hu\/privacy-policy\/\">https:\/\/cocosolis.com\/hu\/privacy-policy\/<\/a><\/li>\n<\/ol>\n<\/li>\n\n\n\n<li><strong>A term\u00e9k legalacsonyabb \u00e1ra az elm\u00falt 30 napban.<\/strong>\n<ol class=\"wp-block-list\">\n<li>Prom\u00f3ci\u00f3nkk\u00e9nt k\u00fcl\u00f6n ker\u00fcl meghat\u00e1roz\u00e1sra, \u00e9s azt a legalacsonyabb \u00e1rat jelenti, amelyen a term\u00e9ket az aktu\u00e1lis akci\u00f3t megel\u0151z\u0151 30 napban az oldalon \u00e9rt\u00e9kes\u00edtettek.<\/li>\n\n\n\n<li>El\u0151fordulhat, hogy azt a term\u00e9ket, amelyre ezt az \u00e1rat mutatjuk, alacsonyabb \u00e1ron v\u00e1s\u00e1rolhatta meg az el\u0151z\u0151 id\u0151szakban, ha a v\u00e1s\u00e1rl\u00f3 egy\u00e9ni kedvezm\u00e9nyhez tov\u00e1bbi utalv\u00e1nyt\/prom\u00f3ci\u00f3s k\u00f3dot haszn\u00e1lt fel.<\/li>\n\n\n\n<li>Elt\u00e9rhet att\u00f3l az \u00e1rt\u00f3l, amelyen a term\u00e9ket k\u00f6zvetlen\u00fcl az aktu\u00e1lis akci\u00f3 el\u0151tt \u00e9rt\u00e9kes\u00edtett\u00e9k.<\/li>\n\n\n\n<li>Csak a term\u00e9k \u00e1r\u00e1ra vonatkozik a hivatalos COCOSOLIS weboldalon, \u00e9s nem veszi figyelembe az egyes t\u00e9nyleges \u00fczletek \u00e1rait, ahol a term\u00e9k el\u00e9rhet\u0151.<\/li>\n\n\n\n<li>Ugyanazon term\u00e9k \u201elegalacsonyabb \u00e1ra\u201d k\u00f6z\u00f6tt elt\u00e9r\u00e9s lehet a k\u00fcl\u00f6nb\u00f6z\u0151 akci\u00f3kban.<\/li>\n\n\n\n<li>Az oldalon tal\u00e1lhat\u00f3 prom\u00f3ci\u00f3k \u00e9s azok felt\u00e9telei elt\u00e9rhetnek a COCOSOLIS term\u00e9kek el\u00e9rhet\u0151s\u00e9g\u00e9t k\u00edn\u00e1l\u00f3 fizikai \u00e1ruh\u00e1zak \u00e1rengedm\u00e9nyeit\u0151l \u00e9s kamp\u00e1nyait\u00f3l. Az oldalon t\u00f6rt\u00e9n\u0151 rendel\u00e9s sor\u00e1n kiz\u00e1r\u00f3lag az oldalon meghirdetett \u00e9s a web\u00e1ruh\u00e1zra vonatkoz\u00f3 felt\u00e9telek \u00e9rv\u00e9nyesek.<\/li>\n\n\n\n<li>A prom\u00f3ci\u00f3s csomagokn\u00e1l a &#8222;Legalacsonyabb \u00e1r az elm\u00falt 30 napban&#8221; a prom\u00f3ci\u00f3s csomagban szerepl\u0151 term\u00e9kek norm\u00e1l \u00e1r\u00e1nak felel meg.<\/li>\n<\/ol>\n<\/li>\n<\/ol>\n","protected":false},"excerpt":{"rendered":"<p>Az &#8222;VDay Promo&#8221; prom\u00f3ci\u00f3s felt\u00e9telek&nbsp;<\/p>\n","protected":false},"author":1000000384,"featured_media":0,"parent":464,"menu_order":0,"comment_status":"closed","ping_status":"closed","template":"","meta":{"_acf_changed":false,"footnotes":""},"page_roles":[],"class_list":["post-1000066982","page","type-page","status-publish","hentry"],"acf":[],"_links":{"self":[{"href":"https:\/\/cocosolis.com\/hu\/wp-json\/wp\/v2\/pages\/1000066982","targetHints":{"allow":["GET"]}}],"collection":[{"href":"https:\/\/cocosolis.com\/hu\/wp-json\/wp\/v2\/pages"}],"about":[{"href":"https:\/\/cocosolis.com\/hu\/wp-json\/wp\/v2\/types\/page"}],"author":[{"embeddable":true,"href":"https:\/\/cocosolis.com\/hu\/wp-json\/wp\/v2\/users\/1000000384"}],"replies":[{"embeddable":true,"href":"https:\/\/cocosolis.com\/hu\/wp-json\/wp\/v2\/comments?post=1000066982"}],"version-history":[{"count":1,"href":"https:\/\/cocosolis.com\/hu\/wp-json\/wp\/v2\/pages\/1000066982\/revisions"}],"predecessor-version":[{"id":1000066983,"href":"https:\/\/cocosolis.com\/hu\/wp-json\/wp\/v2\/pages\/1000066982\/revisions\/1000066983"}],"up":[{"embeddable":true,"href":"https:\/\/cocosolis.com\/hu\/wp-json\/wp\/v2\/pages\/464"}],"wp:attachment":[{"href":"https:\/\/cocosolis.com\/hu\/wp-json\/wp\/v2\/media?parent=1000066982"}],"wp:term":[{"taxonomy":"page_roles","embeddable":true,"href":"https:\/\/cocosolis.com\/hu\/wp-json\/wp\/v2\/page_roles?post=1000066982"}],"curies":[{"name":"wp","href":"https:\/\/api.w.org\/{rel}","templated":true}]}}