{"id":408,"date":"2022-05-06T14:49:07","date_gmt":"2022-05-06T12:49:07","guid":{"rendered":"http:\/\/cocosolis.com\/en\/?post_type=product&#038;p=408"},"modified":"2026-04-06T15:22:59","modified_gmt":"2026-04-06T13:22:59","slug":"hair-oil-mask-3in1","status":"publish","type":"product","link":"https:\/\/cocosolis.com\/hr\/product\/hair-oil-mask-3in1\/","title":{"rendered":"HAIR Oil Mask 3in1"},"content":{"rendered":"","protected":false},"excerpt":{"rendered":"","protected":false},"featured_media":1000004562,"template":"","meta":{"_acf_changed":false},"product_brand":[],"product_cat":[17],"product_tag":[],"product_template":[66],"class_list":{"0":"post-408","1":"product","2":"type-product","3":"status-publish","4":"has-post-thumbnail","6":"product_cat-hair","7":"product_template-v-2024-clean","9":"first","10":"instock","11":"shipping-taxable","12":"purchasable","13":"product-type-simple"},"acf":{"_v2024__listing_and_sharing_info__listing_category":"HAIR","_v2024__listing_and_sharing_info__product_type":"Oil Mask 3in1","_v2024__listing__and_sharing_info__listing_below_title_in_product_page":"Prirodna uljna maska 3u1 za intenzivnu prehranu i obnovu kose.","_v2024__listing_and_sharing_info__listing_description":"Prirodna uljna maska 3u1 za intenzivnu prehranu i obnovu kose.","_v2024__listing_and_sharing_info__image":1000000381,"_v2024__product_hero__hero_type":"carousel","_v2024__product_hero__product_slider_gallery":[{"_v2024__product_hero__product_slider_gallery__image":1000006601,"_v2024__product_hero__product_slider_gallery__video_link":""},{"_v2024__product_hero__product_slider_gallery__image":1000006602,"_v2024__product_hero__product_slider_gallery__video_link":""},{"_v2024__product_hero__product_slider_gallery__image":1000006603,"_v2024__product_hero__product_slider_gallery__video_link":""},{"_v2024__product_hero__product_slider_gallery__image":1000006604,"_v2024__product_hero__product_slider_gallery__video_link":""},{"_v2024__product_hero__product_slider_gallery__image":1000006605,"_v2024__product_hero__product_slider_gallery__video_link":""},{"_v2024__product_hero__product_slider_gallery__image":1000006606,"_v2024__product_hero__product_slider_gallery__video_link":""},{"_v2024__product_hero__product_slider_gallery__image":1000006608,"_v2024__product_hero__product_slider_gallery__video_link":"https:\/\/player.vimeo.com\/progressive_redirect\/playback\/1042810804\/rendition\/720p\/file.mp4?loc=external&amp;log_user=0&amp;signature=6d6884cbae593be6e3d51c4a95bf03d3e35f01c911d769471dfcaa8a59178ea7&amp;user_id=110095091"}],"_v2024__before_and_after_image":1000006531,"_v2024__before_and_after_image_mobile":1000006532,"_v2024__product_hero__quantity":"110 ML","_v2024__product_hero__product_disclamer":"","_v2024__why_use__should_show":"visible","_v2024__why_use__description_text":"Ja\u010da i obnavlja o\u0161te\u0107enu kosu. Sprje\u010dava lomljenje, cvjetanje i zapetljavanje. Dodaje sjaj i svilenkastu meko\u0107u.","_v2024__why_use__text_content":"<ul>\r\n \t<li>Koristite jednom tjedno za dubinsko podmazivanje vlasi\u0161ta i kose prije pranja za ja\u010danje i intenzivnu obnovu<\/li>\r\n \t<li>Koristite jednu kap nakon tu\u0161iranja na vrlo suhe vrhove<\/li>\r\n \t<li>Na pla\u017ei \u0161titi kosu od isu\u0161ivanja i iscrpljivanja dok je hrani<\/li>\r\n \t<li>Posebna mje\u0161avina sedam prirodnih organskih ulja oboga\u0107ena prirodnim vitaminom E<\/li>\r\n \t<li>Prirodni opskrbljiva\u010d vitaminima, mineralima, biolo\u0161ki aktivnim tvarima i antioksidansima<\/li>\r\n \t<li>S mirisom kokosovog mlijeka<\/li>\r\n<\/ul>","_v2024__why_use__product_notes_and_remarks":"","_v2024__why_use__background_color":"#FBF1EB","_v2024__why_use__heading_color":"#816c65","_v2024__why_use__text_color":"#816c65","_v2024__why_use__image_desktop":1000006690,"_v2024__why_use__image_mobile":1000006691,"_v2024__stats_show":false,"_v2024__stats_repeater":null,"_v2024__stats_repeater_disclaimer":null,"_v2024__benefits__icons_repeater":[{"_v2024__benefit__icons_repeater_icon":1000006749,"_v2024__benefit__icons_repeater_text":"DAJE SJAJ I SVILENKASTU MEKO\u0106U"},{"_v2024__benefit__icons_repeater_icon":1000006740,"_v2024__benefit__icons_repeater_text":"INTENZIVNO HRANI I OBNAVLJA"},{"_v2024__benefit__icons_repeater_icon":1000006746,"_v2024__benefit__icons_repeater_text":"ORGANSKI &amp; PRIRODNI SASTOJCI"},{"_v2024__benefit__icons_repeater_icon":1000006734,"_v2024__benefit__icons_repeater_text":"NJE\u017dNA AROMA KOKOSA"}],"_v2024__image_ingreddients__intro_text":"Kombinacija organskih ulja koja nadopunjuju svoja svojstva za vidljivo sjajniju, mek\u0161u i \u017eivahniju kosu ve\u0107 nakon prve uporabe.","_v2024__image_ingreddients__additional_description":"","_v2024__image_ingreddients__disclamer_inner":"","_v2024__image_ingredients__repeater":[{"_v2024__image_ingredients__ingredient_image":1000006710,"_v2024__image_ingredients__ingredient_title":"ULJE KAMELIJE","_v2024__image_ingredients__ingredient_description":"Hranjivo ulje koje lako prodire u kosu i pru\u017ea volumen, meko\u0107u i dugotrajnu za\u0161titu."},{"_v2024__image_ingredients__ingredient_image":1000006728,"_v2024__image_ingredients__ingredient_title":"TAMANU ULJE ","_v2024__image_ingredients__ingredient_description":"Umiruje iritacije vlasi\u0161ta, brzo se upija, ne masti i \u010dini kosu lakom za ra\u0161\u010de\u0161ljavanje."},{"_v2024__image_ingredients__ingredient_image":1000006717,"_v2024__image_ingredients__ingredient_title":"ULJE JOJOBE","_v2024__image_ingredients__ingredient_description":"Sna\u017ena svojstva regeneracije i balansiranja sebuma za zdravo vlasi\u0161te i sjajnu kosu."},{"_v2024__image_ingredients__ingredient_image":1000006707,"_v2024__image_ingredients__ingredient_title":"ULJE ARGANA","_v2024__image_ingredients__ingredient_description":"Kosi i vlasi\u0161tu dostavlja vitamine i masne kiseline te je \u0161titi od \u0161tetnih utjecaja sunca i vjetra."},{"_v2024__image_ingredients__ingredient_image":1000006712,"_v2024__image_ingredients__ingredient_title":"KOKOSOVO ULJE","_v2024__image_ingredients__ingredient_description":"Hrani i vla\u017ei, \u0161titi od o\u0161te\u0107enja od sunca i \u010dini kosu svilenkasto glatkom i elasti\u010dnom."},{"_v2024__image_ingredients__ingredient_image":1000006724,"_v2024__image_ingredients__ingredient_title":"MASLINOVO ULJE","_v2024__image_ingredients__ingredient_description":"Hidratizira, ja\u010da i hrani kosu. \u0160titi je od sunca i od utjecaja toplinskih tretmana poput pre\u0161e i kovr\u010da."},{"_v2024__image_ingredients__ingredient_image":1000006706,"_v2024__image_ingredients__ingredient_title":"ULJE SLATKOG BADEMA","_v2024__image_ingredients__ingredient_description":"Podr\u017eava rast kose i smanjuje gubitak zahvaljuju\u0107i bogatom sadr\u017eaju vitamina i esencijalnih masnih kiselina."},{"_v2024__image_ingredients__ingredient_image":1000006730,"_v2024__image_ingredients__ingredient_title":"PRIRODNI VITAMIN E","_v2024__image_ingredients__ingredient_description":"Sna\u017ean antioksidans koji poti\u010de rast kose i brine o zdravlju vlasi\u0161ta."}],"_v2024__image_ingredients__all_ingredients":"COCOS NUCIFERA OIL*, PRUNUS AMYGDALUS DULCIS OIL*, OLEA EUROPAEA FRUIT OIL*, SIMMONDSIA CHINENSIS SEED OIL*, CAMELLIA OLEIFERA SEED OIL*, ARGANIA SPINOSA KERNEL OIL*, CALOPHYLLUM INOPHYLLUM SEED OIL*, TOCOPHEROL, HELIANTHUS ANNUUS SEED OIL, PARFUM <strong>(COCONUT OIL*, SWEET ALMOND OIL*, OLIVE OIL*, JOJOBA OIL*, CAMELLIA OIL*, ARGAN OIL*, TAMANU OIL*, NATURAL VITAMIN E, SUNFLOWER SEED OIL, PARFUM)<\/strong>\r\n\r\n<em>*Certificirani organski sastojci<\/em>\r\n\r\n<em>Molim zabilje\u017eite da se popis sastojaka mo\u017ee malo razlikovati zbog pobolj\u0161anja proizvoda tijekom vremena. Najnovije informacije potra\u017eite na pakiranju proizvoda.<\/em>","_v2024__usage_content__left_content":"<h4>INTENZIVNA MASKA PRIJE TU\u0160IRANJA<\/h4>\r\n<ol>\r\n \t<li>Nanesite veliku koli\u010dinu ulja na kosu i vlasi\u0161te.<\/li>\r\n \t<li>Zamotajte prozirnom folijom i preko toga toplim ru\u010dnikom.<\/li>\r\n \t<li>Pri\u010dekajte najmanje 40 minuta ili cijelu no\u0107.<\/li>\r\n \t<li>Operite \u0161amponom.<\/li>\r\n<\/ol>\r\n<h4>NAKON TU\u0160IRANJA<\/h4>\r\nZa dodatnu ishranu i sjaj - nanesite vrlo malu koli\u010dinu (jednu kap) ulja na vrhove kose.\r\n<h4>POD SUNCEM I NA PLA\u017dI<\/h4>\r\nNanesite malu koli\u010dinu ulja na vrhove ili po cijeloj kosi i vlasi\u0161tu. Nemojte pretjerivati s koli\u010dinom kako ne biste previ\u0161e zamastili kosu. Na kraju dana temeljito operite kosu.","_v2024__usage_content__right_bottom_content":"","_v2024__usage_content__note":"Ulje ne sadr\u017ei UV filter za za\u0161titu od sunca.","_v2024__usage_content__storage":"\u010cuvajte na suhom i hladnom mjestu. Ne dr\u017eite u fri\u017eideru. Kada se \u010duva na hladnom, proizvod se stvrdne i sadr\u017eaj bo\u010dice ne izlazi kroz pumpicu. Da bi pre\u0161ao u teku\u0107i oblik ostavite na sobnoj temperaturi iznad 25\u00b0C. Nemojte otvarati bo\u010dicu kada se proizvod stvrdne, jer to mo\u017ee o\u0161tetiti pumpu.\r\n\r\n&nbsp;\r\n\r\nSamo za vanjsku uporabu. Prekinite kori\u0161tenje ako se pojavi iritacija. Ne koristite na o\u0161te\u0107enom ili ranjenom vlasi\u0161tu. Izbjegavajte kontakt s o\u010dima. Dr\u017eati podalje od djece! \u010cuvajte na suhom i hladnom mjestu."},"_links":{"self":[{"href":"https:\/\/cocosolis.com\/hr\/wp-json\/wp\/v2\/product\/408","targetHints":{"allow":["GET"]}}],"collection":[{"href":"https:\/\/cocosolis.com\/hr\/wp-json\/wp\/v2\/product"}],"about":[{"href":"https:\/\/cocosolis.com\/hr\/wp-json\/wp\/v2\/types\/product"}],"wp:featuredmedia":[{"embeddable":true,"href":"https:\/\/cocosolis.com\/hr\/wp-json\/"}],"wp:attachment":[{"href":"https:\/\/cocosolis.com\/hr\/wp-json\/wp\/v2\/media?parent=408"}],"wp:term":[{"taxonomy":"product_brand","embeddable":true,"href":"https:\/\/cocosolis.com\/hr\/wp-json\/wp\/v2\/product_brand?post=408"},{"taxonomy":"product_cat","embeddable":true,"href":"https:\/\/cocosolis.com\/hr\/wp-json\/wp\/v2\/product_cat?post=408"},{"taxonomy":"product_tag","embeddable":true,"href":"https:\/\/cocosolis.com\/hr\/wp-json\/wp\/v2\/product_tag?post=408"},{"taxonomy":"product_template","embeddable":true,"href":"https:\/\/cocosolis.com\/hr\/wp-json\/wp\/v2\/product_template?post=408"}],"curies":[{"name":"wp","href":"https:\/\/api.w.org\/{rel}","templated":true}]}}