{"id":390,"date":"2022-05-06T13:33:20","date_gmt":"2022-05-06T11:33:20","guid":{"rendered":"http:\/\/cocosolis.com\/en\/?post_type=product&#038;p=390"},"modified":"2026-04-06T15:22:53","modified_gmt":"2026-04-06T13:22:53","slug":"skin-collagen-booster-dry-oil","status":"publish","type":"product","link":"https:\/\/cocosolis.com\/hr\/product\/skin-collagen-booster-dry-oil\/","title":{"rendered":"SKIN Collagen Booster Dry Oil"},"content":{"rendered":"","protected":false},"excerpt":{"rendered":"","protected":false},"featured_media":1000004575,"template":"","meta":{"_acf_changed":false},"product_brand":[],"product_cat":[19],"product_tag":[],"product_template":[66],"class_list":{"0":"post-390","1":"product","2":"type-product","3":"status-publish","4":"has-post-thumbnail","6":"product_cat-skin","7":"product_template-v-2024-clean","9":"first","10":"instock","11":"shipping-taxable","12":"purchasable","13":"product-type-simple"},"acf":{"_v2024__listing_and_sharing_info__listing_category":"SKIN","_v2024__listing_and_sharing_info__product_type":"Collagen Booster Dry Oil","_v2024__listing__and_sharing_info__listing_below_title_in_product_page":"Suho ulje s prirodnim anti-age djelovanjem. Regenerira i njeguje ko\u017eu.","_v2024__listing_and_sharing_info__listing_description":"Suho ulje s prirodnim anti-age djelovanjem. Regenerira i njeguje ko\u017eu.","_v2024__listing_and_sharing_info__image":1000000388,"_v2024__product_hero__hero_type":"carousel","_v2024__product_hero__product_slider_gallery":[{"_v2024__product_hero__product_slider_gallery__image":1000006655,"_v2024__product_hero__product_slider_gallery__video_link":""},{"_v2024__product_hero__product_slider_gallery__image":1000006657,"_v2024__product_hero__product_slider_gallery__video_link":""},{"_v2024__product_hero__product_slider_gallery__image":1000006658,"_v2024__product_hero__product_slider_gallery__video_link":""},{"_v2024__product_hero__product_slider_gallery__image":1000006659,"_v2024__product_hero__product_slider_gallery__video_link":""},{"_v2024__product_hero__product_slider_gallery__image":1000006660,"_v2024__product_hero__product_slider_gallery__video_link":""},{"_v2024__product_hero__product_slider_gallery__image":1000006661,"_v2024__product_hero__product_slider_gallery__video_link":""},{"_v2024__product_hero__product_slider_gallery__image":1000006662,"_v2024__product_hero__product_slider_gallery__video_link":"https:\/\/player.vimeo.com\/progressive_redirect\/playback\/1042663906\/rendition\/720p\/file.mp4?loc=external&amp;log_user=0&amp;signature=238d8a957ddf9f4279b519ffa65d3564d72b070ccb832dc58ea158b16d18c32d&amp;user_id=110095091"}],"_v2024__before_and_after_image":1000006537,"_v2024__before_and_after_image_mobile":1000006538,"_v2024__product_hero__quantity":"110 ML","_v2024__product_hero__product_disclamer":"","_v2024__why_use__should_show":"visible","_v2024__why_use__description_text":"Prirodno suho ulje s u\u010dinkom protiv starenja. Poma\u017ee u odr\u017eavanju visoke razine kolagena i pove\u0107ava elasti\u010dnost.","_v2024__why_use__text_content":"<ul>\r\n \t<li>Smanjuje pojavu finih linija i bora<\/li>\r\n \t<li>Izvrsno obnavlja, vla\u017ei i vitaminizira ko\u017eu<\/li>\r\n \t<li>Odr\u017eava ko\u017eu glatkom, mladom i \u010dvrstom<\/li>\r\n \t<li>Posebna mje\u0161avina 6 dragocjenih organskih ulja supervo\u0107a i patentiranog prirodnog aktivnog sastojka. Vegan<\/li>\r\n \t<li>Upija se brzo i duboko<\/li>\r\n \t<li>Pogodno za lice i tijelo, za nje\u017enu i osjetljivu ko\u017eu<\/li>\r\n \t<li>S opojnim mirisom egzoti\u010dnog vo\u0107a<\/li>\r\n<\/ul>","_v2024__why_use__product_notes_and_remarks":"","_v2024__why_use__background_color":"#FBF1EB","_v2024__why_use__heading_color":"#816c65","_v2024__why_use__text_color":"#816c65","_v2024__why_use__image_desktop":1000006698,"_v2024__why_use__image_mobile":1000006699,"_v2024__stats_show":false,"_v2024__stats_repeater":null,"_v2024__stats_repeater_disclaimer":null,"_v2024__benefits__icons_repeater":[{"_v2024__benefit__icons_repeater_icon":1000006731,"_v2024__benefit__icons_repeater_text":"U\u010cINAK PROTIV STARENJA"},{"_v2024__benefit__icons_repeater_icon":1000006742,"_v2024__benefit__icons_repeater_text":"PATENTIRANI PRIRODNI AKTIVNI SASTOJAK"},{"_v2024__benefit__icons_repeater_icon":1000006738,"_v2024__benefit__icons_repeater_text":"ZA LICE I TIJELO"},{"_v2024__benefit__icons_repeater_icon":1000006737,"_v2024__benefit__icons_repeater_text":"AROMA EGZOTI\u010cNOG VO\u0106A"}],"_v2024__image_ingreddients__intro_text":"Otkrijte prirodne sastojke u ovoj vrlo u\u010dinkovitoj formuli protiv starenja: patentirani aktivni sastojak i egzoti\u010dna ulja supervo\u0107a za svje\u017eu, blistavu i podatnu ko\u017eu.","_v2024__image_ingreddients__additional_description":"","_v2024__image_ingreddients__disclamer_inner":"","_v2024__image_ingredients__repeater":[{"_v2024__image_ingredients__ingredient_image":1000006704,"_v2024__image_ingredients__ingredient_title":"AKTIVNI SASTOJAK SA SLATKOM LUPINOM\u00ae","_v2024__image_ingredients__ingredient_description":"Poti\u010de proizvodnju visokokvalitetnog kolagena, \u010dini ko\u017eu zategnutijom i elasti\u010dnijom, remodelira opu\u0161tenu ko\u017eu."},{"_v2024__image_ingredients__ingredient_image":1000006726,"_v2024__image_ingredients__ingredient_title":"ULJE NARA","_v2024__image_ingredients__ingredient_description":"Pru\u017ea antioksidacijsku za\u0161titu od \u0161tetnih utjecaja okoli\u0161a. Smanjuje pore i bore."},{"_v2024__image_ingredients__ingredient_image":1000006725,"_v2024__image_ingredients__ingredient_title":"ULJE MARAKUJE:","_v2024__image_ingredients__ingredient_description":"Hidratizira i omek\u0161ava, revitalizira umornu ko\u017eu i vra\u0107a joj mladena\u010dki sjaj."},{"_v2024__image_ingredients__ingredient_image":1000006715,"_v2024__image_ingredients__ingredient_title":"ULJE GOJI BOBICA","_v2024__image_ingredients__ingredient_description":"Izuzetno bogato antioksidansima, sprje\u010dava prerano starenje. Poti\u010de proizvodnju kolagena i pru\u017ea blistavu ko\u017eu."},{"_v2024__image_ingredients__ingredient_image":1000006727,"_v2024__image_ingredients__ingredient_title":"ULJE \u0160IPKA","_v2024__image_ingredients__ingredient_description":"Posvjetljuje i ujedna\u010dava ton ko\u017ee, blijedi o\u017eiljke. \u010cini ko\u017eu glatkom i besprijekornom."},{"_v2024__image_ingredients__ingredient_image":1000006712,"_v2024__image_ingredients__ingredient_title":"KOKOSOVO ULJE","_v2024__image_ingredients__ingredient_description":"Lako se upija, dubinski hidrira i ostavlja ko\u017eu mekom i gipkom."},{"_v2024__image_ingredients__ingredient_image":1000006711,"_v2024__image_ingredients__ingredient_title":"KAKAO MASLAC","_v2024__image_ingredients__ingredient_description":"Odli\u010dna \"hrana\" za ko\u017eu. Regenerira je i sprje\u010dava nastanak strija i sitnih bora."},{"_v2024__image_ingredients__ingredient_image":1000006705,"_v2024__image_ingredients__ingredient_title":"AKTIVNI SASTOJAK","_v2024__image_ingredients__ingredient_description":"Ekstrahiran iz visokokvalitetnog maslinovog ulja, osigurava brzo upijanje ulja u ko\u017eu."},{"_v2024__image_ingredients__ingredient_image":1000006730,"_v2024__image_ingredients__ingredient_title":"PRIRODNI VITAMIN E","_v2024__image_ingredients__ingredient_description":"Sna\u017ean antioksidans koji se bori protiv znakova starenja i podupire prirodni proces ozdravljenja ko\u017ee."}],"_v2024__image_ingredients__all_ingredients":"CAPRYLIC\/CAPRIC TRIGLYCERIDE, COCOS NUCIFERA OIL*, OCTYLDODECYL OLIVATE, THEOBROMA CACAO SEED BUTTER*, PASSIFLORA EDULIS SEED OIL, HELIANTHUS ANNUUS SEED OIL*, LUPINUS ALBUS SEED EXTRACT, TOCOPHEROL, PUNICA GRANATUM SEED OIL*, ROSA CANINA SEED EXTRACT, LYCIUM BARBARUM SEED OIL*, PARFUM <strong>(NATURAL EMOLLIENT, COCONUT OIL*, OCTYLDODECYL OLIVATE (FROM OLIVE OIL), CACAO SEED BUTTER*, PASSION FRUIT SEED OIL*, SUNFLOWER SEED OIL*, WHITE LUPIN SEED EXTRACT, NATURAL VITAMIN E, POMEGRANATE SEED OIL*, ROSE HIP SEED OIL, GOJI BERRY SEED OIL*, PARFUM) <\/strong>\r\n\r\n<em>*Certificirani organski sastojci<\/em>\r\n\r\n<em>Molim zabilje\u017eite da se popis sastojaka mo\u017ee malo razlikovati zbog pobolj\u0161anja proizvoda tijekom vremena. Najnovije informacije potra\u017eite na pakiranju proizvoda.<\/em>","_v2024__usage_content__left_content":"Prikladno za lice i tijelo. Za najbolje rezultate nanesite ujutro i nave\u010der na \u017eeljena podru\u010dja ili na cijelo lice i tijelo.\r\n\r\nNanesite na suhu ili mokru ko\u017eu. Najlak\u0161e se upija odmah nakon tu\u0161iranja, na jo\u0161 vla\u017enoj ko\u017ei.","_v2024__usage_content__right_bottom_content":"","_v2024__usage_content__note":"","_v2024__usage_content__storage":"\u010cuvajte na suhom i hladnom mjestu. Ne dr\u017eite u fri\u017eideru. Kada se \u010duva na hladnom, proizvod se stvrdne i sadr\u017eaj bo\u010dice ne izlazi kroz pumpicu. Da bi pre\u0161ao u teku\u0107i oblik ostavite na sobnoj temperaturi iznad 25\u00b0C. Nemojte otvarati bo\u010dicu kada se proizvod stvrdne, jer to mo\u017ee o\u0161tetiti pumpu.\r\n\r\n&nbsp;\r\n\r\nSamo za vanjsku uporabu. Prekinite kori\u0161tenje ako se pojavi iritacija. Ne koristite na o\u0161te\u0107enoj ili ozlije\u0111enoj ko\u017ei. Izbjegavajte kontakt s o\u010dima. Dr\u017eati podalje od djece!"},"_links":{"self":[{"href":"https:\/\/cocosolis.com\/hr\/wp-json\/wp\/v2\/product\/390","targetHints":{"allow":["GET"]}}],"collection":[{"href":"https:\/\/cocosolis.com\/hr\/wp-json\/wp\/v2\/product"}],"about":[{"href":"https:\/\/cocosolis.com\/hr\/wp-json\/wp\/v2\/types\/product"}],"wp:featuredmedia":[{"embeddable":true,"href":"https:\/\/cocosolis.com\/hr\/wp-json\/"}],"wp:attachment":[{"href":"https:\/\/cocosolis.com\/hr\/wp-json\/wp\/v2\/media?parent=390"}],"wp:term":[{"taxonomy":"product_brand","embeddable":true,"href":"https:\/\/cocosolis.com\/hr\/wp-json\/wp\/v2\/product_brand?post=390"},{"taxonomy":"product_cat","embeddable":true,"href":"https:\/\/cocosolis.com\/hr\/wp-json\/wp\/v2\/product_cat?post=390"},{"taxonomy":"product_tag","embeddable":true,"href":"https:\/\/cocosolis.com\/hr\/wp-json\/wp\/v2\/product_tag?post=390"},{"taxonomy":"product_template","embeddable":true,"href":"https:\/\/cocosolis.com\/hr\/wp-json\/wp\/v2\/product_template?post=390"}],"curies":[{"name":"wp","href":"https:\/\/api.w.org\/{rel}","templated":true}]}}