{"id":386,"date":"2022-05-06T13:12:09","date_gmt":"2022-05-06T13:12:09","guid":{"rendered":"http:\/\/cocosolis.com\/en\/?post_type=product&#038;p=386"},"modified":"2026-04-06T15:22:51","modified_gmt":"2026-04-06T13:22:51","slug":"skin-anti-cellulite-dry-oil","status":"publish","type":"product","link":"https:\/\/cocosolis.com\/hr\/product\/skin-anti-cellulite-dry-oil\/","title":{"rendered":"SKIN Anti-cellulite Dry Oil"},"content":{"rendered":"","protected":false},"excerpt":{"rendered":"","protected":false},"featured_media":1000004573,"template":"","meta":{"_acf_changed":false},"product_brand":[],"product_cat":[19],"product_tag":[],"product_template":[66],"class_list":{"0":"post-386","1":"product","2":"type-product","3":"status-publish","4":"has-post-thumbnail","6":"product_cat-skin","7":"product_template-v-2024-clean","9":"first","10":"instock","11":"shipping-taxable","12":"purchasable","13":"product-type-variable","14":"has-default-attributes"},"acf":{"_v2024__listing_and_sharing_info__listing_category":"SKIN","_v2024__listing_and_sharing_info__product_type":"Anti-cellulite Dry Oil","_v2024__listing__and_sharing_info__listing_below_title_in_product_page":"Prirodno suho ulje protiv celulita. Modelira i oblikuje siluetu.","_v2024__listing_and_sharing_info__listing_description":"Suho ulje protiv celulita. Modelira i oblikuje siluetu.","_v2024__listing_and_sharing_info__image":1000000387,"_v2024__product_hero__hero_type":"carousel","_v2024__product_hero__product_slider_gallery":[{"_v2024__product_hero__product_slider_gallery__image":1000006640,"_v2024__product_hero__product_slider_gallery__video_link":""},{"_v2024__product_hero__product_slider_gallery__image":1000006642,"_v2024__product_hero__product_slider_gallery__video_link":""},{"_v2024__product_hero__product_slider_gallery__image":1000006644,"_v2024__product_hero__product_slider_gallery__video_link":""},{"_v2024__product_hero__product_slider_gallery__image":1000006648,"_v2024__product_hero__product_slider_gallery__video_link":""},{"_v2024__product_hero__product_slider_gallery__image":1000006650,"_v2024__product_hero__product_slider_gallery__video_link":""},{"_v2024__product_hero__product_slider_gallery__image":1000006652,"_v2024__product_hero__product_slider_gallery__video_link":""},{"_v2024__product_hero__product_slider_gallery__image":1000006654,"_v2024__product_hero__product_slider_gallery__video_link":"https:\/\/player.vimeo.com\/progressive_redirect\/playback\/1042663347\/rendition\/720p\/file.mp4?loc=external&amp;log_user=0&amp;signature=29fc6b4b2d0e8d5e65fdcdb9fd54acbe00beb382a0e54c015ca4f3f5f9c8c448&amp;user_id=110095091"}],"_v2024__before_and_after_image":1000006535,"_v2024__before_and_after_image_mobile":1000006536,"_v2024__product_hero__quantity":"","_v2024__product_hero__product_disclamer":"","_v2024__why_use__should_show":"visible","_v2024__why_use__description_text":"Prirodno suho ulje protiv celulita. Modelira i oblikuje siluetu.","_v2024__why_use__text_content":"<ul>\r\n \t<li>Vidno smanjuje \u201enaran\u010dinu koru\u201d na ko\u017ei<\/li>\r\n \t<li>Zate\u017ee, tonira i obnavlja ko\u017eu, pobolj\u0161avaju\u0107i njenu elasti\u010dnost i teksturu<\/li>\r\n \t<li>U\u010dinkovita formula s prirodnim sastojcima, veganska. S provjerenim patentiranim aktivnim sastojkom, uljima organske borovnice, gro\u017e\u0111a i kave oboga\u0107enim prirodnim vitaminom E<\/li>\r\n \t<li>Upija se brzo i dubinski<\/li>\r\n \t<li>Prikladno za nje\u017enu i osjetljivu ko\u017eu<\/li>\r\n \t<li>Aroma mafina od borovnice<\/li>\r\n<\/ul>","_v2024__why_use__product_notes_and_remarks":"","_v2024__why_use__background_color":"#FBF1EB","_v2024__why_use__heading_color":"#816c65","_v2024__why_use__text_color":"#816c65","_v2024__why_use__image_desktop":1000006696,"_v2024__why_use__image_mobile":1000006697,"_v2024__stats_show":false,"_v2024__stats_repeater":null,"_v2024__stats_repeater_disclaimer":null,"_v2024__benefits__icons_repeater":[{"_v2024__benefit__icons_repeater_icon":1000006750,"_v2024__benefit__icons_repeater_text":"MODELIRA I OBLIKUJE SILUETU"},{"_v2024__benefit__icons_repeater_icon":1000006740,"_v2024__benefit__icons_repeater_text":"UPIJA SE BRZO I DUBINSKI"},{"_v2024__benefit__icons_repeater_icon":1000006746,"_v2024__benefit__icons_repeater_text":"ORGANSKI I PRIRODNI SASTOJCI"},{"_v2024__benefit__icons_repeater_icon":1000006745,"_v2024__benefit__icons_repeater_text":"AROMA MAFINA OD BOROVNICE"}],"_v2024__image_ingreddients__intro_text":"Otkrijte mo\u0107ne prirodne sastojke koji oblikuju siluetu i bore se protiv celulita: organska ulja u kombinaciji s patentiranim aktivnim sastojkom dokazane u\u010dinkovitosti.","_v2024__image_ingreddients__additional_description":"","_v2024__image_ingreddients__disclamer_inner":"","_v2024__image_ingredients__repeater":[{"_v2024__image_ingredients__ingredient_image":1000006705,"_v2024__image_ingredients__ingredient_title":"PRIRODNI AKTIVNI SASTOJAK\u00ae","_v2024__image_ingredients__ingredient_description":"Patentirana formula dokazane u\u010dinkovitosti: redovitom uporabom korigira \u201enaran\u010dinu koru\u201d na ko\u017ei, poma\u017ee smanjenju masnih naslaga i sprje\u010dava njihovo stvaranje."},{"_v2024__image_ingredients__ingredient_image":1000006709,"_v2024__image_ingredients__ingredient_title":"ULJE BOROVNICE","_v2024__image_ingredients__ingredient_description":"Izuzetno bogato antioksidansima i omega-3 masnim kiselinama, usporava starenje, zate\u017ee konture lica i zagla\u0111uje sitne bore."},{"_v2024__image_ingredients__ingredient_image":1000006713,"_v2024__image_ingredients__ingredient_title":"MASLAC OD KAVE","_v2024__image_ingredients__ingredient_description":"Stimulira detoksikaciju i sintezu kolagena, poma\u017eu\u0107i smanjenju celulita. Ko\u017eu ostavlja svileno mekanom."},{"_v2024__image_ingredients__ingredient_image":1000006716,"_v2024__image_ingredients__ingredient_title":"ULJE OD SJEMENKI GRO\u017d\u0110A","_v2024__image_ingredients__ingredient_description":"Pripoma\u017ee zatezanju, regeneraciji i regulaciji vla\u017enosti ko\u017ee. Tonira i posvjetljuje ten."},{"_v2024__image_ingredients__ingredient_image":1000006717,"_v2024__image_ingredients__ingredient_title":"ULJE JOJOBE","_v2024__image_ingredients__ingredient_description":"Dubinski vla\u017ei, obnavlja i zate\u017ee ko\u017eu, stvaraju\u0107i za\u0161titni film svojim jedinstvenim sastavom sli\u010dnim ljudskom sebumu."},{"_v2024__image_ingredients__ingredient_image":1000006712,"_v2024__image_ingredients__ingredient_title":"KOKOSOVO ULJE","_v2024__image_ingredients__ingredient_description":"Lako se upija, dubinski hidrira i ostavlja ko\u017eu mekom i gipkom. \u0160titi od sunca i stara\u010dkih pjega te ten \u010dini zlatno preplanulim."},{"_v2024__image_ingredients__ingredient_image":1000006723,"_v2024__image_ingredients__ingredient_title":"AKTIVNI SASTOJAK","_v2024__image_ingredients__ingredient_description":"Ekstrahiran iz visokokvalitetnog maslinovog ulja, osigurava brzo upijanje ulja u ko\u017eu."},{"_v2024__image_ingredients__ingredient_image":1000006730,"_v2024__image_ingredients__ingredient_title":"PRIRODNI VITAMIN E","_v2024__image_ingredients__ingredient_description":"Sna\u017ean antioksidans koji se bori protiv znakova starenja i podupire prirodni proces ozdravljenja ko\u017ee."}],"_v2024__image_ingredients__all_ingredients":"CAPRYLIC\/CAPRIC TRIGLYCERIDE, COCOS NUCIFERA OIL*, SIMMONDSIA CHINENSIS SEED OIL*, OCTYLDODECYL OLIVATE, VITIS VINIFERA SEED OIL*, SORBITAN LAURATE, TOCOPHEROL, LAUROYL PROLINE, HELIANTHUS ANNUUS SEED OIL, VACCINIUM MYRTILLUS SEED OIL, COFFEA ARABICA SEED OIL*, PARFUM, LINALOOL, LINALYL ACETATE, ALPHA-ISOMETHYL IONONE, CITRONELLOL, BENZYL ALCOHOL, VANILLIN <strong>(NATURAL EMOLLIENT, COCONUT OIL*, JOJOBA OIL*, OCTYLDODECYL OLIVATE (FROM OLIVE OIL), GRAPE SEED OIL*, SORBITANE LAUREATE, NATURAL VITAMIN E, LAUROYL PROLINE, SUNFLOWER SEED OIL, BLUEBERRY SEED OIL, COFFEE SEED OIL*, PARFUM, LINALOOL, LINALYL ACETATE, ALPHA-ISOMETHYL IONONE, CITRONELLOL, BENZYL ALCOHOL, VANILLIN)<\/strong>\r\n\r\n<em>*Certificirani organski sastojci<\/em>\r\n\r\n<em>Molim zabilje\u017eite da se popis sastojaka mo\u017ee malo razlikovati zbog pobolj\u0161anja proizvoda tijekom vremena. Najnovije informacije potra\u017eite na pakiranju proizvoda.<\/em>","_v2024__usage_content__left_content":"<h4>INTENZIVNA DNEVNA NJEGA<\/h4>\r\nNanijeti ujutro i nave\u010der na \u017eeljena podru\u010dja ili po cijelom tijelu masiraju\u0107im pokretima. Upotrebljavajte odmah nakon tu\u0161iranja. Za optimalne rezultate preporu\u010dujemo primjenu alata za masa\u017eu ili vakuumske \u010da\u0161ice. Ulje mo\u017eete primjenjivati i tijekom terapije kod masa\u017eera.\r\n<h4>ZA BOLJE REZULTATE<\/h4>\r\nKombinirajte djelovanje ulja protiv celulita s dovoljnom hidratacijom i tjelesnu aktivnost.","_v2024__usage_content__right_bottom_content":"","_v2024__usage_content__note":"","_v2024__usage_content__storage":"\u010cuvajte na suhom i hladnom mjestu. Ne dr\u017eite u fri\u017eideru. Kada se \u010duva na hladnom, proizvod se stvrdne i sadr\u017eaj bo\u010dice ne izlazi kroz pumpicu. Da bi pre\u0161ao u teku\u0107i oblik ostavite na sobnoj temperaturi iznad 25\u00b0C. Nemojte otvarati bo\u010dicu kada se proizvod stvrdne, jer to mo\u017ee o\u0161tetiti pumpu.\r\n\r\n&nbsp;\r\n\r\nSamo za vanjsku uporabu. Prekinite kori\u0161tenje ako se pojavi iritacija. Ne koristite na o\u0161te\u0107enom ili ranjenom vlasi\u0161tu. Izbjegavajte kontakt s o\u010dima. Dr\u017eati podalje od djece! \u010cuvajte na suhom i hladnom mjestu."},"_links":{"self":[{"href":"https:\/\/cocosolis.com\/hr\/wp-json\/wp\/v2\/product\/386","targetHints":{"allow":["GET"]}}],"collection":[{"href":"https:\/\/cocosolis.com\/hr\/wp-json\/wp\/v2\/product"}],"about":[{"href":"https:\/\/cocosolis.com\/hr\/wp-json\/wp\/v2\/types\/product"}],"wp:featuredmedia":[{"embeddable":true,"href":"https:\/\/cocosolis.com\/hr\/wp-json\/"}],"wp:attachment":[{"href":"https:\/\/cocosolis.com\/hr\/wp-json\/wp\/v2\/media?parent=386"}],"wp:term":[{"taxonomy":"product_brand","embeddable":true,"href":"https:\/\/cocosolis.com\/hr\/wp-json\/wp\/v2\/product_brand?post=386"},{"taxonomy":"product_cat","embeddable":true,"href":"https:\/\/cocosolis.com\/hr\/wp-json\/wp\/v2\/product_cat?post=386"},{"taxonomy":"product_tag","embeddable":true,"href":"https:\/\/cocosolis.com\/hr\/wp-json\/wp\/v2\/product_tag?post=386"},{"taxonomy":"product_template","embeddable":true,"href":"https:\/\/cocosolis.com\/hr\/wp-json\/wp\/v2\/product_template?post=386"}],"curies":[{"name":"wp","href":"https:\/\/api.w.org\/{rel}","templated":true}]}}