{"id":385,"date":"2022-05-06T13:10:21","date_gmt":"2022-05-06T11:10:21","guid":{"rendered":"http:\/\/cocosolis.com\/en\/?post_type=product&#038;p=385"},"modified":"2026-04-06T15:22:50","modified_gmt":"2026-04-06T13:22:50","slug":"skin-stretch-mark-dry-oil","status":"publish","type":"product","link":"https:\/\/cocosolis.com\/hr\/product\/skin-stretch-mark-dry-oil\/","title":{"rendered":"SKIN Stretch Mark Dry Oil"},"content":{"rendered":"","protected":false},"excerpt":{"rendered":"","protected":false},"featured_media":1000004576,"template":"","meta":{"_acf_changed":false},"product_brand":[],"product_cat":[19],"product_tag":[],"product_template":[66],"class_list":{"0":"post-385","1":"product","2":"type-product","3":"status-publish","4":"has-post-thumbnail","6":"product_cat-skin","7":"product_template-v-2024-clean","9":"first","10":"instock","11":"shipping-taxable","12":"purchasable","13":"product-type-simple"},"acf":{"_v2024__listing_and_sharing_info__listing_category":"SKIN","_v2024__listing_and_sharing_info__product_type":"Stretch Mark Dry Oil","_v2024__listing__and_sharing_info__listing_below_title_in_product_page":"Suho ulje protiv strija. Pogodno i za dehidriranu i stariju ko\u017eu.","_v2024__listing_and_sharing_info__listing_description":"Prirodno suho ulje protiv strija. Pogodno i za dehidriranu i stariju ko\u017eu.","_v2024__listing_and_sharing_info__image":1000000389,"_v2024__product_hero__hero_type":"carousel","_v2024__product_hero__product_slider_gallery":[{"_v2024__product_hero__product_slider_gallery__image":1000006663,"_v2024__product_hero__product_slider_gallery__video_link":""},{"_v2024__product_hero__product_slider_gallery__image":1000006664,"_v2024__product_hero__product_slider_gallery__video_link":""},{"_v2024__product_hero__product_slider_gallery__image":1000006665,"_v2024__product_hero__product_slider_gallery__video_link":""},{"_v2024__product_hero__product_slider_gallery__image":1000006666,"_v2024__product_hero__product_slider_gallery__video_link":""},{"_v2024__product_hero__product_slider_gallery__image":1000006667,"_v2024__product_hero__product_slider_gallery__video_link":""},{"_v2024__product_hero__product_slider_gallery__image":1000006668,"_v2024__product_hero__product_slider_gallery__video_link":""},{"_v2024__product_hero__product_slider_gallery__image":1000006669,"_v2024__product_hero__product_slider_gallery__video_link":"https:\/\/player.vimeo.com\/progressive_redirect\/playback\/1042663930\/rendition\/540p\/file.mp4?loc=external&amp;log_user=0&amp;signature=78bb01a1fe3d2bf9676ed22a7bfa36db3f77502ecc6f889eb5d9c9c22c6d91f1"}],"_v2024__before_and_after_image":1000006539,"_v2024__before_and_after_image_mobile":1000006540,"_v2024__product_hero__quantity":"110 ML","_v2024__product_hero__product_disclamer":"","_v2024__why_use__should_show":"visible","_v2024__why_use__description_text":"Poma\u017ee smanjiti rizik od strija tijekom trudno\u0107e, nagle promjene te\u017eine ili brzog rasta. Pobolj\u0161ava izgled ko\u017ee i pove\u0107ava njenu elasti\u010dnost.","_v2024__why_use__text_content":"<ul>\r\n \t<li>Poma\u017ee u odr\u017eavanju visoke razine kolagena u ko\u017ei<\/li>\r\n \t<li>Blagotvorno djeluje na suhu ko\u017eu koja stari<\/li>\r\n \t<li>Sadr\u017ei patentirani prirodni aktivni sastojak protiv strija s ekstraktom sjemenki slatke bijele vu\u010dike<\/li>\r\n \t<li>Posebna prirodna, veganska formula visokokvalitetnih hladno pre\u0161anih organskih ulja: hrani i obnavlja<\/li>\r\n \t<li>Upija se brzo i duboko<\/li>\r\n \t<li>Pogodno za nje\u017enu i osjetljivu ko\u017eu<\/li>\r\n \t<li>Miris slatkih mandarina<\/li>\r\n<\/ul>","_v2024__why_use__product_notes_and_remarks":"","_v2024__why_use__background_color":"#FBF1EB","_v2024__why_use__heading_color":"#816c65","_v2024__why_use__text_color":"#816c65","_v2024__why_use__image_desktop":1000006700,"_v2024__why_use__image_mobile":1000006701,"_v2024__stats_show":false,"_v2024__stats_repeater":null,"_v2024__stats_repeater_disclaimer":null,"_v2024__benefits__icons_repeater":[{"_v2024__benefit__icons_repeater_icon":1000006750,"_v2024__benefit__icons_repeater_text":"SPRE\u010cAVA NASTANAK STRIJA"},{"_v2024__benefit__icons_repeater_icon":1000006742,"_v2024__benefit__icons_repeater_text":"PATENTIRANI PRIRODNI AKTIVNI SASTOJAK"},{"_v2024__benefit__icons_repeater_icon":1000006746,"_v2024__benefit__icons_repeater_text":"ORGANSKI I PRIRODNI SASTOJCI"},{"_v2024__benefit__icons_repeater_icon":1000006751,"_v2024__benefit__icons_repeater_text":"AROMA MANDARINE"}],"_v2024__image_ingreddients__intro_text":"Potpuno prirodni sastav. Djeluje obnavljaju\u0107e, zagla\u0111uje ko\u017eu, poti\u010de proizvodnju kolagena - uvjete koji sprje\u010davaju nastanak strija, a ko\u017ea ostaje elasti\u010dna, hidratizirana i glatka.","_v2024__image_ingreddients__additional_description":"","_v2024__image_ingreddients__disclamer_inner":"","_v2024__image_ingredients__repeater":[{"_v2024__image_ingredients__ingredient_image":1000006704,"_v2024__image_ingredients__ingredient_title":"AKTIVNI SASTOJAK SA SLATKOM LUPINOM\u00ae","_v2024__image_ingredients__ingredient_description":"Poti\u010de proizvodnju visokokvalitetnog kolagena, \u010dini ko\u017eu zategnutijom i elasti\u010dnijom, remodelira opu\u0161tenu ko\u017eu."},{"_v2024__image_ingredients__ingredient_image":1000006729,"_v2024__image_ingredients__ingredient_title":"ETERI\u010cNO ULJE MANDARINE","_v2024__image_ingredients__ingredient_description":"Regenerira i zagla\u0111uje ko\u017eu, vra\u0107a joj ravnote\u017eu i sprje\u010dava nastanak strija."},{"_v2024__image_ingredients__ingredient_image":1000006727,"_v2024__image_ingredients__ingredient_title":"ULJE \u0160IPKA","_v2024__image_ingredients__ingredient_description":"Posvjetljuje i ujedna\u010dava ton ko\u017ee, blijedi o\u017eiljke. \u010cini ko\u017eu glatkom i besprijekornom."},{"_v2024__image_ingredients__ingredient_image":1000006719,"_v2024__image_ingredients__ingredient_title":"EKSTRAKT NEVENA","_v2024__image_ingredients__ingredient_description":"Umiruje i regenerira ko\u017eu, \u010dine\u0107i postoje\u0107e strije i o\u017eiljke manje vidljivima."},{"_v2024__image_ingredients__ingredient_image":1000006708,"_v2024__image_ingredients__ingredient_title":"ULJE AVOKADA","_v2024__image_ingredients__ingredient_description":"Bogato antioksidansima i vitaminima, \u0161titi od utjecaja okoli\u0161a i poja\u010dava prirodni sjaj."},{"_v2024__image_ingredients__ingredient_image":1000006712,"_v2024__image_ingredients__ingredient_title":"KOKOSOVO ULJE","_v2024__image_ingredients__ingredient_description":"Lako se upija, dubinski hidrira i ostavlja ko\u017eu mekom i gipkom."},{"_v2024__image_ingredients__ingredient_image":1000006711,"_v2024__image_ingredients__ingredient_title":"KAKAO MASLAC","_v2024__image_ingredients__ingredient_description":"Odli\u010dna \"hrana\" za ko\u017eu. Regenerira je i sprje\u010dava nastanak strija i sitnih bora."},{"_v2024__image_ingredients__ingredient_image":1000006706,"_v2024__image_ingredients__ingredient_title":"ULJE SLATKOG BADEMA","_v2024__image_ingredients__ingredient_description":"Umiruje i pobolj\u0161ava teksturu i tonus ko\u017ee. Smanjuje crvenilo i upalu."},{"_v2024__image_ingredients__ingredient_image":1000006724,"_v2024__image_ingredients__ingredient_title":"MASLINOVO ULJE","_v2024__image_ingredients__ingredient_description":"Dubinski hidratizira ko\u017eu, umiruje i hrani nadra\u017eenu ko\u017eu."},{"_v2024__image_ingredients__ingredient_image":1000006705,"_v2024__image_ingredients__ingredient_title":"AKTIVNI SASTOJAK","_v2024__image_ingredients__ingredient_description":"Ekstrahiran iz visokokvalitetnog maslinovog ulja, osigurava brzo upijanje ulja u ko\u017eu."},{"_v2024__image_ingredients__ingredient_image":1000006730,"_v2024__image_ingredients__ingredient_title":"PRIRODNI VITAMIN E","_v2024__image_ingredients__ingredient_description":"Sna\u017ean antioksidans koji se bori protiv znakova starenja i podupire prirodni proces ozdravljenja ko\u017ee."}],"_v2024__image_ingredients__all_ingredients":"COCOS NUCIFERA OIL*, HELIANTHUS ANNUUS SEED OIL*, CALENDULA OFFICINALIS FLOWER EXTRACT*, SIMMONDSIA CHINENSIS SEED OIL*, PRUNUS AMYGDALUS DULCIS OIL*, THEOBROMA CACAO SEED BUTTER*, CUCUMIS SATIVUS SEED OIL*, ARGANIA SPINOSA KERNEL OIL*, OCTYLDODECYL OLIVATE, CAPRYLIC\/ CAPRIC TRIGLYCERIDE, TOCOPHEROL, MENTHA VIRIDIS LEAF OIL*, LIMONENE <strong>(COCONUT OIL*, SUNFLOWER SEED OIL*, CALENDULA FLOWER EXTRACT*, JOJOBA OIL*, SWEET ALMOND OIL*, CACAO SEED BUTTER*, CUCUMBER OIL*, ARGAN OIL*, OCTYLDODECYL OLIVATE FROM OLIVE OIL, CAPRYLIC CAPRIC TRIGLYCERIDE, NATURAL VITAMIN \u0415, SPEARMINT ESSENTIAL OIL*, LIMONENE)<\/strong>\r\n\r\n<em>*Certificirani organski sastojci<\/em>\r\n\r\n<em>Molim zabilje\u017eite da se popis sastojaka mo\u017ee malo razlikovati zbog pobolj\u0161anja proizvoda tijekom vremena. Najnovije informacije potra\u017eite na pakiranju proizvoda.<\/em>","_v2024__usage_content__left_content":"Nanesite ujutro i nave\u010der na \u017eeljena podru\u010dja ili po cijelom tijelu umasiraju\u0107im pokretima.\r\n\r\nZa optimalan u\u010dinak nanesite odmah nakon tu\u0161iranja, kada su pore otvorene i spremne upiti maksimalnu koli\u010dinu sastojaka \u010distih sirovih ulja.","_v2024__usage_content__right_bottom_content":"","_v2024__usage_content__note":"* <em>U slu\u010daju trudno\u0107e - va\u017eno je znati: Unato\u010d potpuno prirodnim sastojcima proizvoda, preporu\u010damo individualni test podno\u0161ljivosti ko\u017ee na malom dijelu tijela 24 sata prije uporabe.<\/em>","_v2024__usage_content__storage":"\u010cuvajte na suhom i hladnom mjestu. Ne dr\u017eite u fri\u017eideru. Kada se \u010duva na hladnom, proizvod se stvrdne i sadr\u017eaj bo\u010dice ne izlazi kroz pumpicu. Da bi pre\u0161ao u teku\u0107i oblik ostavite na sobnoj temperaturi iznad 25\u00b0C. Nemojte otvarati bo\u010dicu kada se proizvod stvrdne, jer to mo\u017ee o\u0161tetiti pumpu.\r\n\r\n&nbsp;\r\n\r\nSamo za vanjsku uporabu. Prekinite kori\u0161tenje ako se pojavi iritacija. Ne koristite na o\u0161te\u0107enoj ili ozlije\u0111enoj ko\u017ei. Izbjegavajte kontakt s o\u010dima. Dr\u017eati podalje od djece!"},"_links":{"self":[{"href":"https:\/\/cocosolis.com\/hr\/wp-json\/wp\/v2\/product\/385","targetHints":{"allow":["GET"]}}],"collection":[{"href":"https:\/\/cocosolis.com\/hr\/wp-json\/wp\/v2\/product"}],"about":[{"href":"https:\/\/cocosolis.com\/hr\/wp-json\/wp\/v2\/types\/product"}],"wp:featuredmedia":[{"embeddable":true,"href":"https:\/\/cocosolis.com\/hr\/wp-json\/"}],"wp:attachment":[{"href":"https:\/\/cocosolis.com\/hr\/wp-json\/wp\/v2\/media?parent=385"}],"wp:term":[{"taxonomy":"product_brand","embeddable":true,"href":"https:\/\/cocosolis.com\/hr\/wp-json\/wp\/v2\/product_brand?post=385"},{"taxonomy":"product_cat","embeddable":true,"href":"https:\/\/cocosolis.com\/hr\/wp-json\/wp\/v2\/product_cat?post=385"},{"taxonomy":"product_tag","embeddable":true,"href":"https:\/\/cocosolis.com\/hr\/wp-json\/wp\/v2\/product_tag?post=385"},{"taxonomy":"product_template","embeddable":true,"href":"https:\/\/cocosolis.com\/hr\/wp-json\/wp\/v2\/product_template?post=385"}],"curies":[{"name":"wp","href":"https:\/\/api.w.org\/{rel}","templated":true}]}}