{"id":378,"date":"2022-05-06T10:01:23","date_gmt":"2022-05-06T10:01:23","guid":{"rendered":"http:\/\/cocosolis.com\/en\/?post_type=product&#038;p=378"},"modified":"2026-04-06T15:22:45","modified_gmt":"2026-04-06T13:22:45","slug":"cool-after-sun-oil","status":"publish","type":"product","link":"https:\/\/cocosolis.com\/hr\/product\/cool-after-sun-oil\/","title":{"rendered":"COOL After Sun Oil"},"content":{"rendered":"","protected":false},"excerpt":{"rendered":"","protected":false},"featured_media":1000004556,"template":"","meta":{"_acf_changed":false},"product_brand":[],"product_cat":[15],"product_tag":[],"product_template":[66],"class_list":{"0":"post-378","1":"product","2":"type-product","3":"status-publish","4":"has-post-thumbnail","6":"product_cat-suntan-body","7":"product_template-v-2024-clean","9":"first","10":"instock","11":"shipping-taxable","12":"purchasable","13":"product-type-variable","14":"has-default-attributes"},"acf":{"_v2024__listing_and_sharing_info__listing_category":"COOL","_v2024__listing_and_sharing_info__product_type":"After Sun Oil","_v2024__listing__and_sharing_info__listing_below_title_in_product_page":"Ulje za poslije sun\u010danja. Revitalizira i umiruje. S osvje\u017eavaju\u0107om mentom.","_v2024__listing_and_sharing_info__listing_description":"Ulje za poslije sun\u010danja. Revitalizira i umiruje. S osvje\u017eavaju\u0107om mentom.","_v2024__listing_and_sharing_info__image":1000000378,"_v2024__product_hero__hero_type":"carousel","_v2024__product_hero__product_slider_gallery":[{"_v2024__product_hero__product_slider_gallery__image":1000006581,"_v2024__product_hero__product_slider_gallery__video_link":""},{"_v2024__product_hero__product_slider_gallery__image":1000006582,"_v2024__product_hero__product_slider_gallery__video_link":""},{"_v2024__product_hero__product_slider_gallery__image":1000006583,"_v2024__product_hero__product_slider_gallery__video_link":""},{"_v2024__product_hero__product_slider_gallery__image":1000006584,"_v2024__product_hero__product_slider_gallery__video_link":""},{"_v2024__product_hero__product_slider_gallery__image":1000006585,"_v2024__product_hero__product_slider_gallery__video_link":""},{"_v2024__product_hero__product_slider_gallery__image":1000006586,"_v2024__product_hero__product_slider_gallery__video_link":""},{"_v2024__product_hero__product_slider_gallery__image":1000006587,"_v2024__product_hero__product_slider_gallery__video_link":""},{"_v2024__product_hero__product_slider_gallery__image":1000006588,"_v2024__product_hero__product_slider_gallery__video_link":"https:\/\/player.vimeo.com\/progressive_redirect\/playback\/1040390492\/rendition\/720p\/file.mp4?loc=external&amp;log_user=0&amp;signature=0f42e81c06d95987b1c9e3bdcba84d571579cbd174ca8cf161166ad5f2402e2a&amp;user_id=110095091"}],"_v2024__before_and_after_image":1000006527,"_v2024__before_and_after_image_mobile":1000006528,"_v2024__product_hero__quantity":"","_v2024__product_hero__product_disclamer":"","_v2024__why_use__should_show":"visible","_v2024__why_use__description_text":"Umiruje ko\u017eu nakon izlaganja suncu ili nakon solarija. Obnavlja, vla\u017ei i dubinski hrani.","_v2024__why_use__text_content":"<ul>\r\n \t<li>Svakodnevnom upotrebom \u010dini ko\u017eu mek\u0161om, glatkijom i podatnijom<\/li>\r\n \t<li>Potpuno prirodna formula s organskim sastojcima, vegan<\/li>\r\n \t<li>Pogodno za lice i tijelo, za nje\u017enu i osjetljivu ko\u017eu<\/li>\r\n \t<li>S ukusnom aromom mente<\/li>\r\n<\/ul>","_v2024__why_use__product_notes_and_remarks":"","_v2024__why_use__background_color":"#FBF1EB","_v2024__why_use__heading_color":"#816c65","_v2024__why_use__text_color":"#816c65","_v2024__why_use__image_desktop":1000006686,"_v2024__why_use__image_mobile":1000006687,"_v2024__stats_show":false,"_v2024__stats_repeater":null,"_v2024__stats_repeater_disclaimer":null,"_v2024__benefits__icons_repeater":[{"_v2024__benefit__icons_repeater_icon":1000006736,"_v2024__benefit__icons_repeater_text":"OSVJE\u017dAVA I UMIRUJE NAKON IZLAGANJA SUNCU"},{"_v2024__benefit__icons_repeater_icon":1000006740,"_v2024__benefit__icons_repeater_text":"NJEGUJE I VLA\u017dI"},{"_v2024__benefit__icons_repeater_icon":1000006746,"_v2024__benefit__icons_repeater_text":"ORGANSKI &amp; PRIRODNI SASTOJCI"},{"_v2024__benefit__icons_repeater_icon":1000006743,"_v2024__benefit__icons_repeater_text":"AROMA UKUSNE METVICE"}],"_v2024__image_ingreddients__intro_text":"Potpuno prirodan proizvod, izvor vitamina, minerala, bioaktivnih sastojaka i antioksidansa. Kombinacija 9 organskih ulja poznatih po svom umiruju\u0107em i osvje\u017eavaju\u0107em djelovanju. Oboga\u0107en prirodnim vitaminom E..","_v2024__image_ingreddients__additional_description":"","_v2024__image_ingreddients__disclamer_inner":"","_v2024__image_ingredients__repeater":[{"_v2024__image_ingredients__ingredient_image":1000006721,"_v2024__image_ingredients__ingredient_title":"ETERI\u010cNO ULJE METVICE","_v2024__image_ingredients__ingredient_description":"Umiruje i osvje\u017eava ko\u017eu, smanjuje upale. Njegova svje\u017ea aroma okrepljuje osjetila."},{"_v2024__image_ingredients__ingredient_image":1000006711,"_v2024__image_ingredients__ingredient_title":"KAKAO MASLAC","_v2024__image_ingredients__ingredient_description":"Odli\u010dna \"hrana\" za ko\u017eu. Regenerira je i sprje\u010dava nastanak strija. Poti\u010de stvaranje ujedna\u010dene, duboke i zasi\u0107ene preplanulosti."},{"_v2024__image_ingredients__ingredient_image":1000006719,"_v2024__image_ingredients__ingredient_title":"EKSTRAKT NEVENA","_v2024__image_ingredients__ingredient_description":"Ima sna\u017eno umiruju\u0107e i revitaliziraju\u0107e djelovanje na ko\u017eu nakon dugog izlaganja suncu."},{"_v2024__image_ingredients__ingredient_image":1000006714,"_v2024__image_ingredients__ingredient_title":"ULJE SJEMENKI KRASTAVCA","_v2024__image_ingredients__ingredient_description":"Intenzivno vla\u017ei: brzo se upija, osvje\u017eava i revitalizira. Smiruje suncem ope\u010denu ko\u017eu."},{"_v2024__image_ingredients__ingredient_image":1000006707,"_v2024__image_ingredients__ingredient_title":"ULJE ARGANA","_v2024__image_ingredients__ingredient_description":"\"Teku\u0107e zlato Maroka\" za svilenkasto glatku ko\u017eu. \u0160titi od \u0161tetnih utjecaja sunca i vjetra."},{"_v2024__image_ingredients__ingredient_image":1000006705,"_v2024__image_ingredients__ingredient_title":"AKTIVNI SASTOJAK","_v2024__image_ingredients__ingredient_description":"Ekstrahiran iz visokokvalitetnog maslinovog ulja, osigurava brzo upijanje ulja u ko\u017eu."},{"_v2024__image_ingredients__ingredient_image":1000006712,"_v2024__image_ingredients__ingredient_title":"KOKOSOVO ULJE","_v2024__image_ingredients__ingredient_description":"Lako se upija, dubinski hidrira i ostavlja ko\u017eu mekom i gipkom. \u0160titi od sunca i stara\u010dkih pjega te ten \u010dini zlatno preplanulim."},{"_v2024__image_ingredients__ingredient_image":1000006717,"_v2024__image_ingredients__ingredient_title":"ULJE JOJOBE","_v2024__image_ingredients__ingredient_description":"Uravnote\u017euje proizvodnju sebuma, umiruje ko\u017eu i odr\u017eava je glatkom i \u010distom."},{"_v2024__image_ingredients__ingredient_image":1000006730,"_v2024__image_ingredients__ingredient_title":"PRIRODNI VITAMIN E","_v2024__image_ingredients__ingredient_description":"Sna\u017ean antioksidans koji se bori protiv znakova starenja i podupire prirodni proces ozdravljenja ko\u017ee."}],"_v2024__image_ingredients__all_ingredients":"COCOS NUCIFERA OIL*, HELIANTHUS ANNUUS SEED OIL*, CALENDULA OFFICINALIS FLOWER EXTRACT*, SIMMONDSIA CHINENSIS SEED OIL*, PRUNUS AMYGDALUS DULCIS OIL*, THEOBROMA CACAO SEED BUTTER*, CUCUMIS SATIVUS SEED OIL*, ARGANIA SPINOSA KERNEL OIL*, OCTYLDODECYL OLIVATE, CAPRYLIC\/ CAPRIC TRIGLYCERIDE, TOCOPHEROL, MENTHA VIRIDIS LEAF OIL*, LIMONENE <strong>(COCONUT OIL*, SUNFLOWER SEED OIL*, CALENDULA FLOWER EXTRACT*, JOJOBA OIL*, SWEET ALMOND OIL*, CACAO SEED BUTTER*, CUCUMBER OIL*, ARGAN OIL*, OCTYLDODECYL OLIVATE FROM OLIVE OIL, CAPRYLIC CAPRIC TRIGLYCERIDE, NATURAL VITAMIN \u0415, SPEARMINT ESSENTIAL OIL*, LIMONENE)<\/strong>\r\n\r\n<em>*Certificirani organski sastojci<\/em>\r\n\r\n<em>Molim zabilje\u017eite da se popis sastojaka mo\u017ee malo razlikovati zbog pobolj\u0161anja proizvoda tijekom vremena. Najnovije informacije potra\u017eite na pakiranju proizvoda.<\/em>","_v2024__usage_content__left_content":"<h4>NAKON IZLAGANJA SUNCU I SOLARIJU<\/h4>\r\nZa optimalan u\u010dinak nanesite odmah nakon tu\u0161iranja na vla\u017enu ili suhu ko\u017eu, kada su pore otvorene i mogu maksimalno upiti \u010diste uljne sastojke.\r\n<h4>ZA SVAKI DAN<\/h4>\r\nKoristite svakodnevno nakon tu\u0161iranja za glatku i podatnu ko\u017eu.\r\n<h4>ZA MASA\u017dU<\/h4>\r\nSavr\u0161eno za kori\u0161tenje kao ulje za masa\u017eu.","_v2024__usage_content__right_bottom_content":"","_v2024__usage_content__note":"<strong>MOLIM, OBRATITE PA\u017dNJU<\/strong>: Ulje ne sadr\u017ei UV filter za za\u0161titu od sunca. Izbjegavajte kontakt s o\u010dima.","_v2024__usage_content__storage":"\u010cuvajte na suhom i hladnom mjestu. Ne dr\u017eite u fri\u017eideru. Kada se \u010duva na hladnom, proizvod se stvrdne i sadr\u017eaj bo\u010dice ne izlazi kroz pumpicu. Da bi pre\u0161ao u teku\u0107i oblik ostavite na sobnoj temperaturi iznad 25\u00b0C. Nemojte otvarati bo\u010dicu kada se proizvod stvrdne, jer to mo\u017ee o\u0161tetiti pumpu.\r\n\r\n&nbsp;\r\n\r\nSamo za vanjsku uporabu. Prekinite kori\u0161tenje ako se pojavi iritacija. Ne koristite na o\u0161te\u0107enoj ili ozlije\u0111enoj ko\u017ei. Izbjegavajte kontakt s o\u010dima. Dr\u017eati podalje od djece!"},"_links":{"self":[{"href":"https:\/\/cocosolis.com\/hr\/wp-json\/wp\/v2\/product\/378","targetHints":{"allow":["GET"]}}],"collection":[{"href":"https:\/\/cocosolis.com\/hr\/wp-json\/wp\/v2\/product"}],"about":[{"href":"https:\/\/cocosolis.com\/hr\/wp-json\/wp\/v2\/types\/product"}],"wp:featuredmedia":[{"embeddable":true,"href":"https:\/\/cocosolis.com\/hr\/wp-json\/"}],"wp:attachment":[{"href":"https:\/\/cocosolis.com\/hr\/wp-json\/wp\/v2\/media?parent=378"}],"wp:term":[{"taxonomy":"product_brand","embeddable":true,"href":"https:\/\/cocosolis.com\/hr\/wp-json\/wp\/v2\/product_brand?post=378"},{"taxonomy":"product_cat","embeddable":true,"href":"https:\/\/cocosolis.com\/hr\/wp-json\/wp\/v2\/product_cat?post=378"},{"taxonomy":"product_tag","embeddable":true,"href":"https:\/\/cocosolis.com\/hr\/wp-json\/wp\/v2\/product_tag?post=378"},{"taxonomy":"product_template","embeddable":true,"href":"https:\/\/cocosolis.com\/hr\/wp-json\/wp\/v2\/product_template?post=378"}],"curies":[{"name":"wp","href":"https:\/\/api.w.org\/{rel}","templated":true}]}}